{"id":8718,"date":"2015-09-29T07:32:41","date_gmt":"2015-09-29T07:32:41","guid":{"rendered":"http:\/\/gibert.uxiodigital.com\/metodes-anticonceptius\/efectivitat-quin-risc-dembaras-te-cada-metode\/"},"modified":"2023-07-06T22:10:29","modified_gmt":"2023-07-06T22:10:29","slug":"efectividad-anticonceptivos","status":"publish","type":"page","link":"https:\/\/www.doctoragibert.com\/es\/pacientes\/metodos-anticonceptivos\/efectividad-anticonceptivos\/","title":{"rendered":"EFECTIVIDAD DE LOS ANTICONCEPTIVOS: \u00bfqu\u00e9 riesgo de embarazo tiene cada m\u00e9todo?"},"content":{"rendered":"<p><em>Autora:<\/em>\u00a0Dra. MJ Gibert.<br \/>\n<em>Fecha de actualizaci\u00f3n:<\/em>\u00a06\/7\/23.<br \/>\n<em>Fechas de versiones previas:<\/em>\u00a015\/9\/13.<\/p>\n<p>&nbsp;<\/p>\n<h3><span style=\"color: #008080;\">\u00bfDE QU\u00c9 DEPENDE LA EFECTIVIDAD DE LOS ANTICONCEPTIVOS?<\/span><\/h3>\n<p>La efectividad de estos m\u00e9todos es la protecci\u00f3n contra el embarazo que obtenemos a ra\u00edz de su uso. Esta caracter\u00edstica var\u00eda seg\u00fan lo escrupulosos que seamos aplicando las normas de utilizaci\u00f3n. As\u00ed, <strong>el uso perfecto<\/strong> es seguir a pies juntillas las recomendaciones del fabricante o del inventor del m\u00e9todo. En cambio, <strong>el uso t\u00edpico<\/strong> es utilizar el m\u00e9todo como lo suelen hacer la mayor\u00eda de las personas, es decir, de forma m\u00e1s laxa. Llegados aqu\u00ed, no es dif\u00edcil adivinar que el uso perfecto causa menos embarazos no deseados que el uso t\u00edpico. Igualmente<strong>, aquellos m\u00e9todos en los que el usuario colabora poco en el seguimiento de las normas<\/strong>, tal es el caso de una ligadura de trompas, una vasectom\u00eda, un implante o un dispositivo intrauterino (DIU) <strong>son m\u00e1s eficaces que aquellos que necesitan una mayor implicaci\u00f3n de los usuarios<\/strong>, tal es el caso del preservativo o la p\u00edldora anticonceptiva.<\/p>\n<p>&nbsp;<\/p>\n<hr \/>\n<h1 style=\"text-align: center;\"><span style=\"color: #008080;\">Los m\u00e9todos que necesitan m\u00e1s intervenci\u00f3n por parte del usuario previenen peor el embarazo que los que apenas necesitan participaci\u00f3n de la persona<\/span><\/h1>\n<hr \/>\n<p>&nbsp;<\/p>\n<h3><span style=\"color: #008080;\"><strong>\u00bfCU\u00c1L ES LA EFECTIVIDAD DE CADA M\u00c9TODO?<\/strong><\/span><\/h3>\n<p>En la tabla adjunta, se representan los valores de efectividad de todos los m\u00e9todos y de forma resumida. Ver\u00e1s que, si no utilizas ning\u00fan m\u00e9todo y tienes relaciones con cierta regularidad, el 85% de las parejas quedar\u00e1n embarazadas en el primer a\u00f1o. Este porcentaje, sin embargo, tiene matices. En el gr\u00e1fico que presentamos <a href=\"https:\/\/www.doctoragibert.com\/es\/pacientes\/reproduccion\/fertilidad-humana-conseguir-un-embarazo-no-es-siempre-tan-rapido\/\" target=\"_blank\" rel=\"noopener\">en <u>otra secci\u00f3n de la web<\/u><\/a>, podr\u00e1s apreciar que las mujeres m\u00e1s j\u00f3venes son las m\u00e1s f\u00e9rtiles, as\u00ed, entre 20 y 24 a\u00f1os, se quedan embarazadas m\u00e1s del 95% frente al 72% de las mayores de 40, adem\u00e1s, las mayores abortan espont\u00e1neamente mucho m\u00e1s que las j\u00f3venes\u2026 Por otra parte, las parejas de menos edad son las que suelen tener menos inter\u00e9s en embarazarse. En definitiva, <strong>las m\u00e1s j\u00f3venes re\u00fanen el mayor riesgo de embarazo con la menor intenci\u00f3n de ser padres,<\/strong> por tanto, <strong>deber\u00edan utilizar los anticonceptivos m\u00e1s efectivos.<\/strong><\/p>\n<p>&nbsp;<\/p>\n<hr \/>\n<h1 style=\"text-align: center;\"><span style=\"color: #008080;\">Las parejas j\u00f3venes necesitan protegerse m\u00e1s que las m\u00e1s mayores, tanto porque son muy f\u00e9rtiles como porque la mayor\u00eda no desean un embarazo inmediato<\/span><\/h1>\n<hr \/>\n<p>&nbsp;<\/p>\n<p>Los m\u00e9todos se representan en cuatro colores, de forma similar a un sem\u00e1foro. As\u00ed, el color verde es para los mejores m\u00e9todos, el azul para los buenos, el naranja para los regulares y el rojo para los peores.<\/p>\n<p>&nbsp;<\/p>\n<blockquote style=\"margin: 0 70px 0 0; border: none; padding: 0px;\">\n<blockquote style=\"margin: 0px 0px 0px 40px; border: none; padding: 0px; text-align: center;\">\n<blockquote style=\"margin: 0 0 0 40px; border: none; padding: 0px;\">\n<table border=\"2\" width=\"65%\">\n<tbody>\n<tr>\n<td style=\"text-align: center;\" width=\"35%\"><b>M\u00e9todo anticonceptivo<\/b><\/td>\n<td style=\"text-align: center;\" width=\"15%\"><b>Uso t\u00edpico<\/b><\/td>\n<td style=\"text-align: center;\" width=\"15%\"><b>Uso perfecto<\/b><\/td>\n<\/tr>\n<tr>\n<td><span style=\"color: #ff0000;\">Ninguno<\/span><\/td>\n<td style=\"text-align: center;\" colspan=\"2\"><span style=\"color: #ff0000;\">85%<\/span><\/td>\n<\/tr>\n<tr>\n<td><span style=\"color: #ff0000;\">S\u00f3lo espermicida<\/span><\/td>\n<td><span style=\"color: #ff0000;\">30%<\/span><\/td>\n<td><span style=\"color: #ff0000;\">20%<\/span><\/td>\n<\/tr>\n<tr>\n<td><span style=\"color: #ff9900;\">M\u00e9todos naturales<\/span><\/td>\n<td><span style=\"color: #ff9900;\">25-50%<\/span><\/td>\n<td><span style=\"color: #ff9900;\">1-5%<\/span><\/td>\n<\/tr>\n<tr>\n<td><span style=\"color: #ff0000;\">Esponja (mujeres con alg\u00fan parto previo)<\/span><\/td>\n<td><span style=\"color: #ff0000;\">25%<\/span><\/td>\n<td><span style=\"color: #ff0000;\">20%<\/span><\/td>\n<\/tr>\n<tr>\n<td><span style=\"color: #ff9900;\">Esponja (mujeres que nunca han parido)<\/span><\/td>\n<td><span style=\"color: #ff9900;\">12%<\/span><\/td>\n<td><span style=\"color: #ff9900;\">10%<\/span><\/td>\n<\/tr>\n<tr>\n<td><span style=\"color: #ff0000;\">Marcha atr\u00e1s<\/span><\/td>\n<td><span style=\"color: #ff0000;\">25%<\/span><\/td>\n<td><span style=\"color: #ff0000;\">5%<\/span><\/td>\n<\/tr>\n<tr>\n<td><span style=\"color: #ff9900;\">Preservativo femenino<\/span><\/td>\n<td><span style=\"color: #ff9900;\">20%<\/span><\/td>\n<td><span style=\"color: #ff9900;\">5%<\/span><\/td>\n<\/tr>\n<tr>\n<td><span style=\"color: #ff9900;\">Preservativo masculino<\/span><\/td>\n<td><span style=\"color: #ff9900;\">20%<\/span><\/td>\n<td><span style=\"color: #ff9900;\">2%<\/span><\/td>\n<\/tr>\n<tr>\n<td><span style=\"color: #ff9900;\">Diafragma<\/span><\/td>\n<td><span style=\"color: #ff9900;\">10%<\/span><\/td>\n<td><span style=\"color: #ff9900;\">5%<\/span><\/td>\n<\/tr>\n<tr>\n<td><span style=\"color: #0000ff;\">Anticonceptivos hormonales: pastillas con estr\u00f3genos y progesterona o con progesterona sola, anillo (Nuvaring\u00ae, Ringo\u00ae, Ornibel\u00ae), parche (Evra\u00ae)<\/span><\/td>\n<td><span style=\"color: #0000ff;\">10%<\/span><\/td>\n<td><span style=\"color: #0000ff;\">Menys del 0,5%<\/span><\/td>\n<\/tr>\n<tr>\n<td><span style=\"color: #0000ff;\">Medroxiprogesterona (Depo-Progevera\u00ae 150 mg)<\/span><\/td>\n<td><span style=\"color: #0000ff;\">6%<\/span><\/td>\n<td><span style=\"color: #0000ff;\">0,2%<\/span><\/td>\n<\/tr>\n<tr>\n<td><span style=\"color: #008080;\">Dispositivo intrauterino (DIU) de cobre<\/span><\/td>\n<td><span style=\"color: #008080;\">0,8%<\/span><\/td>\n<td><span style=\"color: #008080;\">0,6%<\/span><\/td>\n<\/tr>\n<tr>\n<td><span style=\"color: #008080;\">Dispositivo intrauterino (DIU) de progesterona (Mirena\u00ae, Levosert\u00ae, Jaydess\u00ae, Kyleena\u00ae)<\/span><\/td>\n<td style=\"text-align: center;\" colspan=\"2\"><span style=\"color: #008080;\">0,2%<\/span><\/td>\n<\/tr>\n<tr>\n<td><span style=\"color: #008080;\">Ligadura de trompas<\/span><\/td>\n<td style=\"text-align: center;\" colspan=\"2\"><span style=\"color: #008080;\">0,5%<\/span><\/td>\n<\/tr>\n<tr>\n<td><span style=\"color: #008080;\">Vasectom\u00eda<\/span><\/td>\n<td style=\"text-align: center;\" colspan=\"2\"><span style=\"color: #008080;\">0,15%<\/span><\/td>\n<\/tr>\n<tr>\n<td style=\"text-align: center;\"><span style=\"color: #008080;\">Implante subcut\u00e1neo (Implan\u00f3n\u00ae NXT)<\/span><\/td>\n<td style=\"text-align: center;\" colspan=\"2\"><span style=\"color: #008080;\">0,05%<\/span><\/td>\n<\/tr>\n<\/tbody>\n<\/table>\n<\/blockquote>\n<\/blockquote>\n<\/blockquote>\n<p>&nbsp;<\/p>\n<p>Destacamos que <strong>el implante subcut\u00e1neo (Implan\u00f3n NXT\u00ae) es el m\u00e1s efectivo de todos<\/strong> y queda por delante de m\u00e9todos considerados tradicionalmente m\u00e1s seguros como la ligadura de trompas o la vasectom\u00eda.<\/p>\n<p><strong>El dispositivo intrauterino de progesterona (Mirena\u00ae) es tambi\u00e9n m\u00e1s efectivo que la ligadura de trompas, siendo el de cobre s\u00f3lo ligeramente inferior.<\/strong><\/p>\n<p>En cuanto a los <strong>m\u00e9todos s\u00f3lo con hormonas<\/strong> (p\u00edldoras, parche y anillo) existe una gran diferencia entre el uso t\u00edpico y el perfecto, ya que algunas mujeres olvidan tomar las pastillas, pegarse el parche o ponerse el anillo o lo hacen tarde.<\/p>\n<p>Otras opciones como <strong>el preservativo, el diafragma o la esponja<\/strong> pueden ser aceptables para espaciar a los embarazos, pero no son adecuados si no se quiere asumir un embarazo no deseado.<\/p>\n<p><strong>El preservativo, sea masculino o femenino, es indispensable para disminuir el riesgo de transmisi\u00f3n de enfermedades infecciosas.<\/strong> Dicho esto, la efectividad es insuficiente contra el embarazo, por lo que se le suele recomendar a\u00f1adido a otro m\u00e9todo que potencie su acci\u00f3n anticonceptiva. El uso de dos m\u00e9todos a la vez se llama <strong>\u201cdoble m\u00e9todo\u201d<\/strong>.<\/p>\n<p>Sin embargo, <strong>los espermicidas solos, la marcha atr\u00e1s o los m\u00e9todos naturales<\/strong> no son muy eficaces. A favor de los m\u00e9todos naturales, cabe destacar que un uso perfecto del m\u00e9todo sintot\u00e9rmico (abstinencia sexual seg\u00fan caracter\u00edsticas del moco del cuello del \u00fatero y temperatura corporal) puede ser tan efectivo como las pastillas anticonceptivas, pero se necesita motivaci\u00f3n y aprendizaje con un instructor calificado.<\/p>\n<p>&nbsp;<\/p>\n<h4><span style=\"color: #008080;\">FUENTES DE LA INFORMACI\u00d3N:<\/span><\/h4>\n<ul>\n<li>World Health Organization Department of Sexual and Reproductive Health and Research (WHO\/SRH) and Johns Hopkins Bloomberg School of Public Health\/Center for Communication Programs (CCP), Knowledge SUCCESS. Family Planning: A Global Handbook for Providers (2022 update). Baltimore and Geneva: CCP and WHO; 2022. [acceso 7-7-23]. Disponible en: <a href=\"https:\/\/fphandbook.org\/sites\/default\/files\/WHO-JHU-FPHandbook-2022Ed-v221114b.pdf\" target=\"_blank\" rel=\"noopener\"><u>https:\/\/fphandbook.org\/sites\/default\/files\/WHO-JHU-FPHandbook-2022Ed-v221114b.pdf<\/u><\/a><\/li>\n<li>Trussell J. Contraceptive failure in the United States. Contraception. 2011;83:397-404.<\/li>\n<li>Centers for Disease Control and Prevention. US Selected Practice Recommendations for Contraceptive Use (US SPR). [acceso 7-7-23]. Disponible en: <a href=\"https:\/\/www.cdc.gov\/reproductivehealth\/contraception\/mmwr\/spr\/summary.html\" target=\"_blank\" rel=\"noopener\">https:\/\/www.cdc.gov\/reproductivehealth\/contraception\/mmwr\/spr\/summary.html<\/a><\/li>\n<\/ul>\n","protected":false},"excerpt":{"rendered":"<p>Autora:\u00a0Dra. MJ Gibert. Fecha de actualizaci\u00f3n:\u00a06\/7\/23. Fechas de versiones previas:\u00a015\/9\/13. &nbsp; \u00bfDE QU\u00c9 DEPENDE LA EFECTIVIDAD DE LOS ANTICONCEPTIVOS? La efectividad de estos m\u00e9todos es la protecci\u00f3n contra el embarazo que obtenemos a ra\u00edz de su uso. Esta caracter\u00edstica var\u00eda seg\u00fan lo escrupulosos que seamos aplicando las normas de utilizaci\u00f3n. As\u00ed, el uso perfecto es [&hellip;]<\/p>\n","protected":false},"author":12,"featured_media":0,"parent":15289,"menu_order":0,"comment_status":"open","ping_status":"open","template":"page-limpia.php","meta":{"footnotes":""},"class_list":["post-8718","page","type-page","status-publish","hentry"],"yoast_head":"<!-- This site is optimized with the Yoast SEO plugin v25.0 - https:\/\/yoast.com\/wordpress\/plugins\/seo\/ -->\n<title>EFECTIVIDAD DE LOS ANTICONCEPTIVOS: \u00bfqu\u00e9 riesgo de embarazo tiene cada m\u00e9todo? - DRA. GIBERT<\/title>\n<meta name=\"robots\" content=\"index, follow, max-snippet:-1, max-image-preview:large, max-video-preview:-1\" \/>\n<link rel=\"canonical\" href=\"https:\/\/www.doctoragibert.com\/es\/pacientes\/metodos-anticonceptivos\/efectividad-anticonceptivos\/\" \/>\n<meta property=\"og:locale\" content=\"es_ES\" \/>\n<meta property=\"og:type\" content=\"article\" \/>\n<meta property=\"og:title\" content=\"EFECTIVIDAD DE LOS ANTICONCEPTIVOS: \u00bfqu\u00e9 riesgo de embarazo tiene cada m\u00e9todo? - DRA. GIBERT\" \/>\n<meta property=\"og:description\" content=\"Autora:\u00a0Dra. MJ Gibert. Fecha de actualizaci\u00f3n:\u00a06\/7\/23. Fechas de versiones previas:\u00a015\/9\/13. &nbsp; \u00bfDE QU\u00c9 DEPENDE LA EFECTIVIDAD DE LOS ANTICONCEPTIVOS? La efectividad de estos m\u00e9todos es la protecci\u00f3n contra el embarazo que obtenemos a ra\u00edz de su uso. Esta caracter\u00edstica var\u00eda seg\u00fan lo escrupulosos que seamos aplicando las normas de utilizaci\u00f3n. As\u00ed, el uso perfecto es [&hellip;]\" \/>\n<meta property=\"og:url\" content=\"https:\/\/www.doctoragibert.com\/es\/pacientes\/metodos-anticonceptivos\/efectividad-anticonceptivos\/\" \/>\n<meta property=\"og:site_name\" content=\"DRA. GIBERT\" \/>\n<meta property=\"article:publisher\" content=\"https:\/\/www.facebook.com\/doctoragibert\" \/>\n<meta property=\"article:modified_time\" content=\"2023-07-06T22:10:29+00:00\" \/>\n<meta name=\"twitter:label1\" content=\"Tiempo de lectura\" \/>\n\t<meta name=\"twitter:data1\" content=\"4 minutos\" \/>\n<script type=\"application\/ld+json\" class=\"yoast-schema-graph\">{\"@context\":\"https:\/\/schema.org\",\"@graph\":[{\"@type\":\"WebPage\",\"@id\":\"https:\/\/www.doctoragibert.com\/es\/pacientes\/metodos-anticonceptivos\/efectividad-anticonceptivos\/\",\"url\":\"https:\/\/www.doctoragibert.com\/es\/pacientes\/metodos-anticonceptivos\/efectividad-anticonceptivos\/\",\"name\":\"EFECTIVIDAD DE LOS ANTICONCEPTIVOS: \u00bfqu\u00e9 riesgo de embarazo tiene cada m\u00e9todo? - DRA. GIBERT\",\"isPartOf\":{\"@id\":\"https:\/\/www.doctoragibert.com\/es\/#website\"},\"datePublished\":\"2015-09-29T07:32:41+00:00\",\"dateModified\":\"2023-07-06T22:10:29+00:00\",\"breadcrumb\":{\"@id\":\"https:\/\/www.doctoragibert.com\/es\/pacientes\/metodos-anticonceptivos\/efectividad-anticonceptivos\/#breadcrumb\"},\"inLanguage\":\"es\",\"potentialAction\":[{\"@type\":\"ReadAction\",\"target\":[\"https:\/\/www.doctoragibert.com\/es\/pacientes\/metodos-anticonceptivos\/efectividad-anticonceptivos\/\"]}]},{\"@type\":\"BreadcrumbList\",\"@id\":\"https:\/\/www.doctoragibert.com\/es\/pacientes\/metodos-anticonceptivos\/efectividad-anticonceptivos\/#breadcrumb\",\"itemListElement\":[{\"@type\":\"ListItem\",\"position\":1,\"name\":\"PACIENTES\",\"item\":\"https:\/\/www.doctoragibert.com\/es\/pacientes\/\"},{\"@type\":\"ListItem\",\"position\":2,\"name\":\"M\u00c9TODOS ANTICONCEPTIVOS\",\"item\":\"https:\/\/www.doctoragibert.com\/es\/pacientes\/metodos-anticonceptivos\/\"},{\"@type\":\"ListItem\",\"position\":3,\"name\":\"EFECTIVIDAD DE LOS ANTICONCEPTIVOS: \u00bfqu\u00e9 riesgo de embarazo tiene cada m\u00e9todo?\"}]},{\"@type\":\"WebSite\",\"@id\":\"https:\/\/www.doctoragibert.com\/es\/#website\",\"url\":\"https:\/\/www.doctoragibert.com\/es\/\",\"name\":\"DRA. GIBERT\",\"description\":\"Ginecologia i obstetricia\",\"potentialAction\":[{\"@type\":\"SearchAction\",\"target\":{\"@type\":\"EntryPoint\",\"urlTemplate\":\"https:\/\/www.doctoragibert.com\/es\/?s={search_term_string}\"},\"query-input\":{\"@type\":\"PropertyValueSpecification\",\"valueRequired\":true,\"valueName\":\"search_term_string\"}}],\"inLanguage\":\"es\"}]}<\/script>\n<!-- \/ Yoast SEO plugin. -->","yoast_head_json":{"title":"EFECTIVIDAD DE LOS ANTICONCEPTIVOS: \u00bfqu\u00e9 riesgo de embarazo tiene cada m\u00e9todo? - DRA. GIBERT","robots":{"index":"index","follow":"follow","max-snippet":"max-snippet:-1","max-image-preview":"max-image-preview:large","max-video-preview":"max-video-preview:-1"},"canonical":"https:\/\/www.doctoragibert.com\/es\/pacientes\/metodos-anticonceptivos\/efectividad-anticonceptivos\/","og_locale":"es_ES","og_type":"article","og_title":"EFECTIVIDAD DE LOS ANTICONCEPTIVOS: \u00bfqu\u00e9 riesgo de embarazo tiene cada m\u00e9todo? - DRA. GIBERT","og_description":"Autora:\u00a0Dra. MJ Gibert. Fecha de actualizaci\u00f3n:\u00a06\/7\/23. Fechas de versiones previas:\u00a015\/9\/13. &nbsp; \u00bfDE QU\u00c9 DEPENDE LA EFECTIVIDAD DE LOS ANTICONCEPTIVOS? La efectividad de estos m\u00e9todos es la protecci\u00f3n contra el embarazo que obtenemos a ra\u00edz de su uso. Esta caracter\u00edstica var\u00eda seg\u00fan lo escrupulosos que seamos aplicando las normas de utilizaci\u00f3n. As\u00ed, el uso perfecto es [&hellip;]","og_url":"https:\/\/www.doctoragibert.com\/es\/pacientes\/metodos-anticonceptivos\/efectividad-anticonceptivos\/","og_site_name":"DRA. GIBERT","article_publisher":"https:\/\/www.facebook.com\/doctoragibert","article_modified_time":"2023-07-06T22:10:29+00:00","twitter_misc":{"Tiempo de lectura":"4 minutos"},"schema":{"@context":"https:\/\/schema.org","@graph":[{"@type":"WebPage","@id":"https:\/\/www.doctoragibert.com\/es\/pacientes\/metodos-anticonceptivos\/efectividad-anticonceptivos\/","url":"https:\/\/www.doctoragibert.com\/es\/pacientes\/metodos-anticonceptivos\/efectividad-anticonceptivos\/","name":"EFECTIVIDAD DE LOS ANTICONCEPTIVOS: \u00bfqu\u00e9 riesgo de embarazo tiene cada m\u00e9todo? - DRA. GIBERT","isPartOf":{"@id":"https:\/\/www.doctoragibert.com\/es\/#website"},"datePublished":"2015-09-29T07:32:41+00:00","dateModified":"2023-07-06T22:10:29+00:00","breadcrumb":{"@id":"https:\/\/www.doctoragibert.com\/es\/pacientes\/metodos-anticonceptivos\/efectividad-anticonceptivos\/#breadcrumb"},"inLanguage":"es","potentialAction":[{"@type":"ReadAction","target":["https:\/\/www.doctoragibert.com\/es\/pacientes\/metodos-anticonceptivos\/efectividad-anticonceptivos\/"]}]},{"@type":"BreadcrumbList","@id":"https:\/\/www.doctoragibert.com\/es\/pacientes\/metodos-anticonceptivos\/efectividad-anticonceptivos\/#breadcrumb","itemListElement":[{"@type":"ListItem","position":1,"name":"PACIENTES","item":"https:\/\/www.doctoragibert.com\/es\/pacientes\/"},{"@type":"ListItem","position":2,"name":"M\u00c9TODOS ANTICONCEPTIVOS","item":"https:\/\/www.doctoragibert.com\/es\/pacientes\/metodos-anticonceptivos\/"},{"@type":"ListItem","position":3,"name":"EFECTIVIDAD DE LOS ANTICONCEPTIVOS: \u00bfqu\u00e9 riesgo de embarazo tiene cada m\u00e9todo?"}]},{"@type":"WebSite","@id":"https:\/\/www.doctoragibert.com\/es\/#website","url":"https:\/\/www.doctoragibert.com\/es\/","name":"DRA. GIBERT","description":"Ginecologia i obstetricia","potentialAction":[{"@type":"SearchAction","target":{"@type":"EntryPoint","urlTemplate":"https:\/\/www.doctoragibert.com\/es\/?s={search_term_string}"},"query-input":{"@type":"PropertyValueSpecification","valueRequired":true,"valueName":"search_term_string"}}],"inLanguage":"es"}]}},"_links":{"self":[{"href":"https:\/\/www.doctoragibert.com\/es\/wp-json\/wp\/v2\/pages\/8718","targetHints":{"allow":["GET"]}}],"collection":[{"href":"https:\/\/www.doctoragibert.com\/es\/wp-json\/wp\/v2\/pages"}],"about":[{"href":"https:\/\/www.doctoragibert.com\/es\/wp-json\/wp\/v2\/types\/page"}],"author":[{"embeddable":true,"href":"https:\/\/www.doctoragibert.com\/es\/wp-json\/wp\/v2\/users\/12"}],"replies":[{"embeddable":true,"href":"https:\/\/www.doctoragibert.com\/es\/wp-json\/wp\/v2\/comments?post=8718"}],"version-history":[{"count":5,"href":"https:\/\/www.doctoragibert.com\/es\/wp-json\/wp\/v2\/pages\/8718\/revisions"}],"predecessor-version":[{"id":21744,"href":"https:\/\/www.doctoragibert.com\/es\/wp-json\/wp\/v2\/pages\/8718\/revisions\/21744"}],"up":[{"embeddable":true,"href":"https:\/\/www.doctoragibert.com\/es\/wp-json\/wp\/v2\/pages\/15289"}],"wp:attachment":[{"href":"https:\/\/www.doctoragibert.com\/es\/wp-json\/wp\/v2\/media?parent=8718"}],"curies":[{"name":"wp","href":"https:\/\/api.w.org\/{rel}","templated":true}]}}