{"id":8737,"date":"2015-09-29T07:58:42","date_gmt":"2015-09-29T07:58:42","guid":{"rendered":"http:\/\/gibert.uxiodigital.com\/metodes-anticonceptius\/eleccio-10-preguntes-que-ens-poden-ajudar\/"},"modified":"2023-07-27T22:25:57","modified_gmt":"2023-07-27T22:25:57","slug":"anticonceptius-10-preguntes","status":"publish","type":"page","link":"https:\/\/www.doctoragibert.com\/es\/pacientes\/metodos-anticonceptivos\/anticonceptius-10-preguntes\/","title":{"rendered":"ELECCI\u00d3N DEL M\u00c9TODO ANTICONCEPTIVO: 10 preguntas que nos pueden ayudar"},"content":{"rendered":"<p><em>Autora:<\/em>\u00a0Dra. MJ Gibert.<br \/>\n<em>Fecha de actualizaci\u00f3n:<\/em> 12\/7\/23.<br \/>\n<em>Fechas de versiones previas:<\/em>\u00a015\/9\/13.<\/p>\n<p>&nbsp;<\/p>\n<p><strong>La elecci\u00f3n de un m\u00e9todo anticonceptivo debe ajustarse<\/strong> a la forma de ser, el estilo de vida, a los antcedentes de enfermedades de cada miembro de la pareja y, sobre todo, <strong>a la efectividad real que se espera del m\u00e9todo.<\/strong><\/p>\n<p>Las 10 preguntas siguientes nos pueden ayudar:<\/p>\n<h3><span style=\"color: #008080;\">\u00bfTU PAREJA ES ESTABLE? \u00bfSUFR\u00cdS ALGUNO DE LOS DOS ALGUNA ENFERMEDAD QUE PUEDA CONTAGIARSE MEDIANTE LAS RELACIONES SEXUALES?<\/span><\/h3>\n<p>Si no tienes pareja estable o si hay riesgo de contagio, lo mejor es usar el preservativo masculino o femenino, junto a otro m\u00e9todo m\u00e1s efectivo, pues son los que m\u00e1s reducen el riesgo de contraer infecciones de transmisi\u00f3n sexual, al minimizar el contacto entre mucosas genitales, aunque no anulan el riesgo de contagio.<\/p>\n<p>La combinaci\u00f3n del preservativo conotro m\u00e9todo anticonceptivo, <strong>el doble m\u00e9todo<\/strong>, aumenta mucho la efectividad anticonceptiva del preservativo, pasando el riesgo de embarazo del 20% al 2% o menos.<\/p>\n<p>&nbsp;<\/p>\n<h3><span style=\"color: #008080;\">\u00bfQU\u00c9 HAR\u00cdAS SI TU M\u00c9TODO ANTICONCEPTIVO FALLARA Y TE QUEDARAS EMBARAZADA?<\/span><\/h3>\n<p>S\u00f3lo aquellas parejas que, si bien no desean una gestaci\u00f3n, est\u00e1n dispuestas a aceptarla si se produce podr\u00edan usar los m\u00e9todos menos efectivos (preservativo, diafragma, marcha atr\u00e1s, esponja, espermicida o m\u00e9todos naturales). <strong>Si una mujer utiliza un m\u00e9todo poco efectivo y piensa que va a someterse a una interrupci\u00f3n de embarazo si \u00e9ste falla, le recomiendo que escoja otro mejor.<\/strong> En Espa\u00f1a, disponemos de alternativas muy efectivas, al alcance de todos los bolsillos e incluso para mujeres que sufren enfermedades importantes.<\/p>\n<p>&nbsp;<\/p>\n<h3><span style=\"color: #008080;\">\u00bfERES UNA PERSONA MUY OCUPADA O CON HORARIOS LABORABLES VARIABLES (TRABAJOS CON TURNOS) O CON MUCHA RESPONSABILIDAD?, \u00bfERES DESPISTADA?<\/span><\/h3>\n<p>La soluci\u00f3n para tu caso son m\u00e9todos en los que tengas que pensar muy de vez en cuando (el dispositivo intrauterino o DIU, que se cambia cada 5 u 8 a\u00f1os y s\u00f3lo necesita una revisi\u00f3n de vez en cuando; el implante, que se cambia cada 3 a\u00f1os; la ligadura de trompas o la vasectom\u00eda). <strong>En ning\u00fan caso te convienen las pastillas, pues hay que tener la disciplina de tomarlas todos los d\u00edas a la misma hora.<\/strong> En algunos casos, los parches semanales y los anillos, que se cambian cada 3 semanas, pueden ir bien, pero, \u00a1hay que utilizar alarmas o agendas para acordarse de cambiarlos!!<\/p>\n<p>&nbsp;<\/p>\n<h3><span style=\"color: #008080;\">\u00bfTIENES V\u00d3MITOS Y\/O DIARREAS CON FRECUENCIA?, \u00bfTE CUESTA TRAGAR PASTILLAS?<\/span><\/h3>\n<p>No le convienen las pastillas, pues ser\u00e1 dif\u00edcil que tu tubo digestivo las pueda absorber de forma adecuada.<\/p>\n<p>&nbsp;<\/p>\n<hr \/>\n<h1 style=\"text-align: center;\"><span style=\"color: #008080;\">El preservativo, si hay riesgo de contagio de enfermedades, y los dispositivos intrauterinos de cobre y progesterona satisfacen las necesidades de gran parte de los usuarios<\/span><\/h1>\n<hr \/>\n<p>&nbsp;<\/p>\n<h3><span style=\"color: #008080;\">\u00bfTOMAS ALGUNA MEDICACI\u00d3N QUE PUEDA INTERFERIR CON ALGUNOS M\u00c9TODOS ANTICONCEPTIVOS?<\/span><\/h3>\n<p>La toma de algunos medicamentos puede disminuir la eficacia de los anticonceptivos con hormonas (salvo el dispositivo intrauterino con hormonas): algunos <strong>antibi\u00f3ticos<\/strong> (rifampicina y rifabutina), algunos t<strong>ratamientos de la infecci\u00f3n del virus del SIDA<\/strong>, la <strong>griseofulvina<\/strong> (tratamiento de hongos de la piel), <strong>modafinilo<\/strong> (usado para la somnolencia excesiva), medicamentos para la <strong>epilepsia<\/strong> y tambi\u00e9n la <strong>Hierba de San Juan (Hypericum perforatum)<\/strong> que se vende en herborister\u00edas.<\/p>\n<p>&nbsp;<\/p>\n<h3><span style=\"color: #008080;\">\u00bfPADECES O HAS PADECIDO ALGUNA ENFERMEDAD RELEVANTE?<\/span><\/h3>\n<p>Has de contarle a tu m\u00e9dico todas las enfermedades que hayas padecido. Es importante que le comuniques si tienes o has tenido: dolores de cabeza (migra\u00f1osos o no), hipertensi\u00f3n arterial, tumores hep\u00e1ticos, lupus eritematoso, c\u00e1ncer de mama, trombosis en piernas o embolias pulmonares, epilepsia, enfermedades infecciosas\u2026 pues \u00e9stas influyen en la elecci\u00f3n del m\u00e9todo.<\/p>\n<p>&nbsp;<\/p>\n<h3><span style=\"color: #008080;\">\u00bfTIENES REGLAS MUY ABUNDANTES Y\/O MUY FRECUENTES?<\/span><\/h3>\n<p>Lo mejor para tu caso es no utilizar el dispositivo intrauterino de cobre, pues tiende aumentar el sangrado menstrual al menos durante los primeros meses, en cambio los de progesterona (Mirena\u00ae, Levosert\u00ae y Kyleena\u00ae) tienen el efecto contrario. Si utilizas m\u00e9todos hormonales, tu regla disminuir\u00e1 en cuant\u00eda e incluso puede desaparecer, lo cual te har\u00e1 sentirse m\u00e1s fuerte y mejor, al no tener que usar tantas compresas o tampones higi\u00e9nicos.<\/p>\n<p>&nbsp;<\/p>\n<h3><span style=\"color: #008080;\">\u00bfCONSIDERAS QUE ES NECESARIO PARA TI TENER LA REGLA TODOS LOS MESES?<\/span><\/h3>\n<p>Los m\u00e9todos que contienen s\u00f3lo progesterona (el implante, el dispositivo intrauterino de progesterona, el inyectable y las minip\u00edldoras de progesterona) reducen o retiran la regla, por tanto, no debe elegir estos m\u00e9todos. Para otras mujeres, la ausencia o reducci\u00f3n de la menstruaci\u00f3n es una gran ventaja.<\/p>\n<p>Desde el punto de vista m\u00e9dico, la regla no tiene efecto depurativo alguno, ni es estrictamente necesaria. Lo que s\u00ed es recomandable es que nos circulen hormonas por la sangre y ello no tiene por qu\u00e9 estar siempre relacionado con la regla.<\/p>\n<p>&nbsp;<\/p>\n<h3><span style=\"color: #008080;\">\u00bfTE PLANTEAS TENER HIJOS EN EL FUTURO?<\/span><\/h3>\n<p>Si tu respuesta es afirmativa, jam\u00e1s debes elegir la vasectom\u00eda o la ligadura de trompas, pues son dif\u00edcilmente reversibles.<\/p>\n<p>&nbsp;<\/p>\n<h3><span style=\"color: #008080;\">\u00bfTIENES M\u00c1S DE 35 A\u00d1OS?<\/span><\/h3>\n<p><strong>Si eres fumadora, deber\u00edas evitar los m\u00e9todos con estr\u00f3genos<\/strong> (p\u00edldora combinada, anillo y parches) pues aumentan el riesgo de problemas cardiovasculares. Te puede ser muy \u00fatil el dispositivo intrauterino, pues si se te inserta con 40 a\u00f1os o m\u00e1s, lo podr\u00e1s mantener dentro del \u00fatero, sin tenerlo que cambiar, muchos a\u00f1os seguidos hasta que estemos seguros de que has entrado en la menopausia.<\/p>\n<p>Y si os interesa escucharme hablando de la prevenci\u00f3n de embarazos no deseados, <a href=\"https:\/\/www.instagram.com\/p\/CZRgbgbp2HT\/?utm_source=ig_web_copy_link&amp;igshid=MzRlODBiNWFlZA==\" target=\"_blank\" rel=\"noopener\">aqu\u00ed me ten\u00e9is participando en la televisi\u00f3n local IB3<\/a>.<\/p>\n<p>&nbsp;<\/p>\n<h4><span style=\"color: #008080;\">FUENTES DE LA INFORMACI\u00d3N:<\/span><i><\/i><\/h4>\n<ul>\n<li>World Health Organization Department of Sexual and Reproductive Health and Research (WHO\/SRH) and Johns Hopkins Bloomberg School of Public Health\/Center for Communication Programs (CCP), Knowledge SUCCESS. Family Planning: A Global Handbook for Providers (2022 update). Baltimore and Geneva: CCP and WHO; 2022. [acceso 7-7-23]. Disponible en: <a href=\"https:\/\/fphandbook.org\/sites\/default\/files\/WHO-JHU-FPHandbook-2022Ed-v221114b.pdf\" target=\"_blank\" rel=\"noopener\"><u>https:\/\/fphandbook.org\/sites\/default\/files\/WHO-JHU-FPHandbook-2022Ed-v221114b.pdf<\/u><\/a><\/li>\n<li>Trussell J. Contraceptive failure in the United States. Contraception. 2011;83:397-404.<\/li>\n<li>Centers for Disease Control and Prevention. US Selected Practice Recommendations for Contraceptive Use (US SPR). [acceso 7-7-23]. Disponible en: <a href=\"https:\/\/www.cdc.gov\/reproductivehealth\/contraception\/mmwr\/spr\/summary.html\" target=\"_blank\" rel=\"noopener\">https:\/\/www.cdc.gov\/reproductivehealth\/contraception\/mmwr\/spr\/summary.html<\/a><\/li>\n<\/ul>\n","protected":false},"excerpt":{"rendered":"<p>Autora:\u00a0Dra. MJ Gibert. Fecha de actualizaci\u00f3n: 12\/7\/23. Fechas de versiones previas:\u00a015\/9\/13. &nbsp; La elecci\u00f3n de un m\u00e9todo anticonceptivo debe ajustarse a la forma de ser, el estilo de vida, a los antcedentes de enfermedades de cada miembro de la pareja y, sobre todo, a la efectividad real que se espera del m\u00e9todo. Las 10 preguntas [&hellip;]<\/p>\n","protected":false},"author":12,"featured_media":0,"parent":15289,"menu_order":0,"comment_status":"open","ping_status":"open","template":"page-limpia.php","meta":{"footnotes":""},"class_list":["post-8737","page","type-page","status-publish","hentry"],"yoast_head":"<!-- This site is optimized with the Yoast SEO plugin v25.0 - https:\/\/yoast.com\/wordpress\/plugins\/seo\/ -->\n<title>ELECCI\u00d3N DEL M\u00c9TODO ANTICONCEPTIVO: 10 preguntas que nos pueden ayudar - DRA. GIBERT<\/title>\n<meta name=\"robots\" content=\"index, follow, max-snippet:-1, max-image-preview:large, max-video-preview:-1\" \/>\n<link rel=\"canonical\" href=\"https:\/\/www.doctoragibert.com\/es\/pacientes\/metodos-anticonceptivos\/anticonceptius-10-preguntes\/\" \/>\n<meta property=\"og:locale\" content=\"es_ES\" \/>\n<meta property=\"og:type\" content=\"article\" \/>\n<meta property=\"og:title\" content=\"ELECCI\u00d3N DEL M\u00c9TODO ANTICONCEPTIVO: 10 preguntas que nos pueden ayudar - DRA. GIBERT\" \/>\n<meta property=\"og:description\" content=\"Autora:\u00a0Dra. MJ Gibert. Fecha de actualizaci\u00f3n: 12\/7\/23. Fechas de versiones previas:\u00a015\/9\/13. &nbsp; La elecci\u00f3n de un m\u00e9todo anticonceptivo debe ajustarse a la forma de ser, el estilo de vida, a los antcedentes de enfermedades de cada miembro de la pareja y, sobre todo, a la efectividad real que se espera del m\u00e9todo. Las 10 preguntas [&hellip;]\" \/>\n<meta property=\"og:url\" content=\"https:\/\/www.doctoragibert.com\/es\/pacientes\/metodos-anticonceptivos\/anticonceptius-10-preguntes\/\" \/>\n<meta property=\"og:site_name\" content=\"DRA. GIBERT\" \/>\n<meta property=\"article:publisher\" content=\"https:\/\/www.facebook.com\/doctoragibert\" \/>\n<meta property=\"article:modified_time\" content=\"2023-07-27T22:25:57+00:00\" \/>\n<meta name=\"twitter:label1\" content=\"Tiempo de lectura\" \/>\n\t<meta name=\"twitter:data1\" content=\"5 minutos\" \/>\n<script type=\"application\/ld+json\" class=\"yoast-schema-graph\">{\"@context\":\"https:\/\/schema.org\",\"@graph\":[{\"@type\":\"WebPage\",\"@id\":\"https:\/\/www.doctoragibert.com\/es\/pacientes\/metodos-anticonceptivos\/anticonceptius-10-preguntes\/\",\"url\":\"https:\/\/www.doctoragibert.com\/es\/pacientes\/metodos-anticonceptivos\/anticonceptius-10-preguntes\/\",\"name\":\"ELECCI\u00d3N DEL M\u00c9TODO ANTICONCEPTIVO: 10 preguntas que nos pueden ayudar - DRA. GIBERT\",\"isPartOf\":{\"@id\":\"https:\/\/www.doctoragibert.com\/es\/#website\"},\"datePublished\":\"2015-09-29T07:58:42+00:00\",\"dateModified\":\"2023-07-27T22:25:57+00:00\",\"breadcrumb\":{\"@id\":\"https:\/\/www.doctoragibert.com\/es\/pacientes\/metodos-anticonceptivos\/anticonceptius-10-preguntes\/#breadcrumb\"},\"inLanguage\":\"es\",\"potentialAction\":[{\"@type\":\"ReadAction\",\"target\":[\"https:\/\/www.doctoragibert.com\/es\/pacientes\/metodos-anticonceptivos\/anticonceptius-10-preguntes\/\"]}]},{\"@type\":\"BreadcrumbList\",\"@id\":\"https:\/\/www.doctoragibert.com\/es\/pacientes\/metodos-anticonceptivos\/anticonceptius-10-preguntes\/#breadcrumb\",\"itemListElement\":[{\"@type\":\"ListItem\",\"position\":1,\"name\":\"PACIENTES\",\"item\":\"https:\/\/www.doctoragibert.com\/es\/pacientes\/\"},{\"@type\":\"ListItem\",\"position\":2,\"name\":\"M\u00c9TODOS ANTICONCEPTIVOS\",\"item\":\"https:\/\/www.doctoragibert.com\/es\/pacientes\/metodos-anticonceptivos\/\"},{\"@type\":\"ListItem\",\"position\":3,\"name\":\"ELECCI\u00d3N DEL M\u00c9TODO ANTICONCEPTIVO: 10 preguntas que nos pueden ayudar\"}]},{\"@type\":\"WebSite\",\"@id\":\"https:\/\/www.doctoragibert.com\/es\/#website\",\"url\":\"https:\/\/www.doctoragibert.com\/es\/\",\"name\":\"DRA. GIBERT\",\"description\":\"Ginecologia i obstetricia\",\"potentialAction\":[{\"@type\":\"SearchAction\",\"target\":{\"@type\":\"EntryPoint\",\"urlTemplate\":\"https:\/\/www.doctoragibert.com\/es\/?s={search_term_string}\"},\"query-input\":{\"@type\":\"PropertyValueSpecification\",\"valueRequired\":true,\"valueName\":\"search_term_string\"}}],\"inLanguage\":\"es\"}]}<\/script>\n<!-- \/ Yoast SEO plugin. -->","yoast_head_json":{"title":"ELECCI\u00d3N DEL M\u00c9TODO ANTICONCEPTIVO: 10 preguntas que nos pueden ayudar - DRA. GIBERT","robots":{"index":"index","follow":"follow","max-snippet":"max-snippet:-1","max-image-preview":"max-image-preview:large","max-video-preview":"max-video-preview:-1"},"canonical":"https:\/\/www.doctoragibert.com\/es\/pacientes\/metodos-anticonceptivos\/anticonceptius-10-preguntes\/","og_locale":"es_ES","og_type":"article","og_title":"ELECCI\u00d3N DEL M\u00c9TODO ANTICONCEPTIVO: 10 preguntas que nos pueden ayudar - DRA. GIBERT","og_description":"Autora:\u00a0Dra. MJ Gibert. Fecha de actualizaci\u00f3n: 12\/7\/23. Fechas de versiones previas:\u00a015\/9\/13. &nbsp; La elecci\u00f3n de un m\u00e9todo anticonceptivo debe ajustarse a la forma de ser, el estilo de vida, a los antcedentes de enfermedades de cada miembro de la pareja y, sobre todo, a la efectividad real que se espera del m\u00e9todo. Las 10 preguntas [&hellip;]","og_url":"https:\/\/www.doctoragibert.com\/es\/pacientes\/metodos-anticonceptivos\/anticonceptius-10-preguntes\/","og_site_name":"DRA. GIBERT","article_publisher":"https:\/\/www.facebook.com\/doctoragibert","article_modified_time":"2023-07-27T22:25:57+00:00","twitter_misc":{"Tiempo de lectura":"5 minutos"},"schema":{"@context":"https:\/\/schema.org","@graph":[{"@type":"WebPage","@id":"https:\/\/www.doctoragibert.com\/es\/pacientes\/metodos-anticonceptivos\/anticonceptius-10-preguntes\/","url":"https:\/\/www.doctoragibert.com\/es\/pacientes\/metodos-anticonceptivos\/anticonceptius-10-preguntes\/","name":"ELECCI\u00d3N DEL M\u00c9TODO ANTICONCEPTIVO: 10 preguntas que nos pueden ayudar - DRA. GIBERT","isPartOf":{"@id":"https:\/\/www.doctoragibert.com\/es\/#website"},"datePublished":"2015-09-29T07:58:42+00:00","dateModified":"2023-07-27T22:25:57+00:00","breadcrumb":{"@id":"https:\/\/www.doctoragibert.com\/es\/pacientes\/metodos-anticonceptivos\/anticonceptius-10-preguntes\/#breadcrumb"},"inLanguage":"es","potentialAction":[{"@type":"ReadAction","target":["https:\/\/www.doctoragibert.com\/es\/pacientes\/metodos-anticonceptivos\/anticonceptius-10-preguntes\/"]}]},{"@type":"BreadcrumbList","@id":"https:\/\/www.doctoragibert.com\/es\/pacientes\/metodos-anticonceptivos\/anticonceptius-10-preguntes\/#breadcrumb","itemListElement":[{"@type":"ListItem","position":1,"name":"PACIENTES","item":"https:\/\/www.doctoragibert.com\/es\/pacientes\/"},{"@type":"ListItem","position":2,"name":"M\u00c9TODOS ANTICONCEPTIVOS","item":"https:\/\/www.doctoragibert.com\/es\/pacientes\/metodos-anticonceptivos\/"},{"@type":"ListItem","position":3,"name":"ELECCI\u00d3N DEL M\u00c9TODO ANTICONCEPTIVO: 10 preguntas que nos pueden ayudar"}]},{"@type":"WebSite","@id":"https:\/\/www.doctoragibert.com\/es\/#website","url":"https:\/\/www.doctoragibert.com\/es\/","name":"DRA. GIBERT","description":"Ginecologia i obstetricia","potentialAction":[{"@type":"SearchAction","target":{"@type":"EntryPoint","urlTemplate":"https:\/\/www.doctoragibert.com\/es\/?s={search_term_string}"},"query-input":{"@type":"PropertyValueSpecification","valueRequired":true,"valueName":"search_term_string"}}],"inLanguage":"es"}]}},"_links":{"self":[{"href":"https:\/\/www.doctoragibert.com\/es\/wp-json\/wp\/v2\/pages\/8737","targetHints":{"allow":["GET"]}}],"collection":[{"href":"https:\/\/www.doctoragibert.com\/es\/wp-json\/wp\/v2\/pages"}],"about":[{"href":"https:\/\/www.doctoragibert.com\/es\/wp-json\/wp\/v2\/types\/page"}],"author":[{"embeddable":true,"href":"https:\/\/www.doctoragibert.com\/es\/wp-json\/wp\/v2\/users\/12"}],"replies":[{"embeddable":true,"href":"https:\/\/www.doctoragibert.com\/es\/wp-json\/wp\/v2\/comments?post=8737"}],"version-history":[{"count":5,"href":"https:\/\/www.doctoragibert.com\/es\/wp-json\/wp\/v2\/pages\/8737\/revisions"}],"predecessor-version":[{"id":21943,"href":"https:\/\/www.doctoragibert.com\/es\/wp-json\/wp\/v2\/pages\/8737\/revisions\/21943"}],"up":[{"embeddable":true,"href":"https:\/\/www.doctoragibert.com\/es\/wp-json\/wp\/v2\/pages\/15289"}],"wp:attachment":[{"href":"https:\/\/www.doctoragibert.com\/es\/wp-json\/wp\/v2\/media?parent=8737"}],"curies":[{"name":"wp","href":"https:\/\/api.w.org\/{rel}","templated":true}]}}