{"id":8756,"date":"2015-09-29T08:08:03","date_gmt":"2015-09-29T08:08:03","guid":{"rendered":"http:\/\/gibert.uxiodigital.com\/metodes-anticonceptius\/planificacio-familiar-despres-dun-part-o-un-avortament\/"},"modified":"2021-08-30T06:18:34","modified_gmt":"2021-08-30T06:18:34","slug":"planificacion-familiar-despues-de-un-parto-o-un-aborto","status":"publish","type":"page","link":"https:\/\/www.doctoragibert.com\/es\/pacientes\/metodos-anticonceptivos\/planificacion-familiar-despues-de-un-parto-o-un-aborto\/","title":{"rendered":"PLANIFICACI\u00d3N FAMILIAR DESPU\u00c9S DE UN PARTO O UN ABORTO"},"content":{"rendered":"\t\t<div data-elementor-type=\"wp-page\" data-elementor-id=\"8756\" class=\"elementor elementor-8756 elementor-8751\">\n\t\t\t\t\t\t<section class=\"elementor-section elementor-top-section elementor-element elementor-element-23a0c27 elementor-section-boxed elementor-section-height-default elementor-section-height-default\" data-id=\"23a0c27\" data-element_type=\"section\" data-settings=\"{&quot;background_background&quot;:&quot;classic&quot;}\">\n\t\t\t\t\t\t<div class=\"elementor-container elementor-column-gap-default\">\n\t\t\t\t\t<div class=\"elementor-column elementor-col-100 elementor-top-column elementor-element elementor-element-abe6a3a\" data-id=\"abe6a3a\" data-element_type=\"column\">\n\t\t\t<div class=\"elementor-widget-wrap elementor-element-populated\">\n\t\t\t\t\t\t<div class=\"elementor-element elementor-element-593c27a elementor-widget elementor-widget-spacer\" data-id=\"593c27a\" data-element_type=\"widget\" data-widget_type=\"spacer.default\">\n\t\t\t\t<div class=\"elementor-widget-container\">\n\t\t\t\t\t\t\t<div class=\"elementor-spacer\">\n\t\t\t<div class=\"elementor-spacer-inner\"><\/div>\n\t\t<\/div>\n\t\t\t\t\t\t<\/div>\n\t\t\t\t<\/div>\n\t\t\t\t<div class=\"elementor-element elementor-element-12a845c elementor-widget elementor-widget-heading\" data-id=\"12a845c\" data-element_type=\"widget\" data-widget_type=\"heading.default\">\n\t\t\t\t<div class=\"elementor-widget-container\">\n\t\t\t\t\t<h2 class=\"elementor-heading-title elementor-size-default\">PLANIFICACI\u00d3N FAMILIAR DESPU\u00c9S DE UN PARTO O UN ABORTO<\/h2>\t\t\t\t<\/div>\n\t\t\t\t<\/div>\n\t\t\t\t<div class=\"elementor-element elementor-element-36ea5ef elementor-widget-divider--view-line elementor-widget elementor-widget-divider\" data-id=\"36ea5ef\" data-element_type=\"widget\" data-widget_type=\"divider.default\">\n\t\t\t\t<div class=\"elementor-widget-container\">\n\t\t\t\t\t\t\t<div class=\"elementor-divider\">\n\t\t\t<span class=\"elementor-divider-separator\">\n\t\t\t\t\t\t<\/span>\n\t\t<\/div>\n\t\t\t\t\t\t<\/div>\n\t\t\t\t<\/div>\n\t\t\t\t<div class=\"elementor-element elementor-element-61f5a68 migasdepan elementor-widget elementor-widget-wp-widget-bcn_widget\" data-id=\"61f5a68\" data-element_type=\"widget\" data-widget_type=\"wp-widget-bcn_widget.default\">\n\t\t\t\t<div class=\"elementor-widget-container\">\n\t\t\t\t\t<div class=\"breadcrumbs\" vocab=\"https:\/\/schema.org\/\" typeof=\"BreadcrumbList\"><!-- Breadcrumb NavXT 7.4.1 -->\n<span property=\"itemListElement\" typeof=\"ListItem\"><a property=\"item\" typeof=\"WebPage\" title=\"Ir a DRA. GIBERT.\" href=\"https:\/\/www.doctoragibert.com\/es\/\" class=\"home\" aria-current=\"page\"><span property=\"name\">DRA. GIBERT<\/span><\/a><meta property=\"position\" content=\"1\"><\/span><\/div>\t\t\t\t<\/div>\n\t\t\t\t<\/div>\n\t\t\t\t<div class=\"elementor-element elementor-element-6982687 elementor-widget elementor-widget-spacer\" data-id=\"6982687\" data-element_type=\"widget\" data-widget_type=\"spacer.default\">\n\t\t\t\t<div class=\"elementor-widget-container\">\n\t\t\t\t\t\t\t<div class=\"elementor-spacer\">\n\t\t\t<div class=\"elementor-spacer-inner\"><\/div>\n\t\t<\/div>\n\t\t\t\t\t\t<\/div>\n\t\t\t\t<\/div>\n\t\t\t\t\t<\/div>\n\t\t<\/div>\n\t\t\t\t\t<\/div>\n\t\t<\/section>\n\t\t\t\t<section class=\"elementor-section elementor-top-section elementor-element elementor-element-5c863063 elementor-section-boxed elementor-section-height-default elementor-section-height-default\" data-id=\"5c863063\" data-element_type=\"section\">\n\t\t\t\t\t\t<div class=\"elementor-container elementor-column-gap-default\">\n\t\t\t\t\t<div class=\"elementor-column elementor-col-100 elementor-top-column elementor-element elementor-element-7fe331d5\" data-id=\"7fe331d5\" data-element_type=\"column\">\n\t\t\t<div class=\"elementor-widget-wrap elementor-element-populated\">\n\t\t\t\t\t\t<div class=\"elementor-element elementor-element-58dad7dd elementor-widget elementor-widget-text-editor\" data-id=\"58dad7dd\" data-element_type=\"widget\" data-widget_type=\"text-editor.default\">\n\t\t\t\t<div class=\"elementor-widget-container\">\n\t\t\t\t\t\t\t\t\t<p><img decoding=\"async\" class=\"alignleft size-full wp-image-8753\" src=\"https:\/\/www.doctoragibert.com\/wp-content\/uploads\/2015\/09\/22ab35ab885b573c48affb277a0bcae5.jpg\" alt=\"22ab35ab885b573c48affb277a0bcae5\" width=\"250\" height=\"187\" \/><\/p><p>Para saber cu\u00e1ndo hay que empezar con la anticoncepci\u00f3n, es preciso conocer a partir de qu\u00e9 momento se puede producir la primera ovulaci\u00f3n. Si hemos sufrido un aborto (embarazo que ha durado 22 semanas o menos), las primeras ovulaciones se pueden producir <b>a partir de los 7 d\u00edas<\/b>. Si hemos parido (embarazo de m\u00e1s de 22 semanas), la ovulaci\u00f3n depende de si damos o no el pecho. Consideraremos, a efectos de la anticoncepci\u00f3n, que somos <b>madres lactantes<\/b> si: el 85% o m\u00e1s de las veces que nuestro beb\u00e9 se alimenta lo hace de nuestro pecho <u>y<\/u> no nos ha bajado a\u00fan la primera regla postparto <u>y<\/u> el parto fue hace 6 meses o menos. Solemos utilizar <b>\u201cla regla de los 3\u201d<\/b>, esto es, la primera ovulaci\u00f3n se puede producir a partir de las 3 semanas del parto si no hay lactancia y a partir de los 3 meses si la hay.<\/p><p>Adem\u00e1s, s\u00f3lo el 1-2% de las que practican la lactancia materna exclusiva ovulan durante los 6 primeros meses, y excepcionalmente lo hacen antes del tercer mes, entonces, la utilizaci\u00f3n de la <b>lactancia materna<\/b> como m\u00e9todo anticonceptivo exclusivo depende de que la madre asuma un m\u00ednimo riesgo de embarazo, que ser\u00e1 menor a mayor frecuencia y duraci\u00f3n de las tomas. En la pr\u00e1ctica, informamos a la paciente de los bajos porcentajes comentados, perfectamente asumibles y comparables a la efectividad de cualquier m\u00e9todo hormonal habitual (pastillas anticonceptivas, anillo, parches). Sin embargo, es frecuente que los nuevos padres se decanten por un m\u00e9todo anticonceptivo adicional. Una decisi\u00f3n intermedia es demorar el uso de m\u00e9todos de planificaci\u00f3n complementarios hasta el cuarto mes de vida de nuestro beb\u00e9, pues los tres primeros meses son los de menos riesgo de embarazo.<\/p><p>Los <b>m\u00e9todos hormonales<\/b> de elecci\u00f3n al principio de la lactancia son los que \u00fanicamente contienen progesterona y sus derivados (esto es, que <u>no<\/u> contienen estr\u00f3genos), ya que no disminuyen la producci\u00f3n l\u00e1ctea e incluso la pueden aumentar tanto en cantidad como en calidad. Al contrario, los preparados con estr\u00f3genos pueden disminuirla, entonces, siempre que la paciente no desee otra alternativa, recomendamos iniciarlos cuando la lactancia est\u00e9 bien establecida y el ni\u00f1o bien nutrido. El inicio de la alimentaci\u00f3n complementaria (papillas, generalmente entre los 4 y 6 meses de vida) podr\u00eda ser el momento adecuado.<\/p><p>En cuanto a los <b>m\u00e9todos s\u00f3lo con progesterona<\/b>, se pueden iniciar en <u>inmediatamente<\/u> despu\u00e9s del parto. Si ejercemos la lactancia materna exclusiva, basta que empecemos con ellos a los 3-6 meses del parto, y si la lactancia es artificial mejor empezar antes de los 21 d\u00edas postparto o el primer d\u00eda de la regla. Si nos demoramos m\u00e1s, mejor utilizar preservativo los 7 primeros d\u00edas para evitar sorpresas. La Organizaci\u00f3n Mundial de la Salud, recomienda que, si es posible, las madres lactantes no inicien anticonceptivos con hormonas hasta transcurridas 6 semanas despu\u00e9s del parto. Podemos elegir entre:<\/p><ul><li>El implante subcut\u00e1neo de etonorgestrel (Implan\u00f3n\u00ae): es el m\u00e9todo m\u00e1s efectivo de todos los comercializados, se deja en la parte alta del brazo mediante un procedimiento pr\u00e1cticamente indoloro. La posibilidad de insertarlo en el postparto precoz junto con su duraci\u00f3n de 3 a\u00f1os lo hace muy c\u00f3modo y adecuado para espaciar los embarazos.<\/li><li>Inyecci\u00f3n de medroxiprogesterona (DepoProgevera\u00ae): se inyecta cada 3 meses, por lo que tambi\u00e9n es muy c\u00f3modo, aparte de muy econ\u00f3mico.<\/li><li>Pastillas de desogestrel (Cerazet\u00ae, Desopop\u00ae, gen\u00e9rico): su principal inconveniente para una madre reciente reside, a nuestro modo de ver, en la necesidad de su tomarla todos los d\u00edas a la misma hora. Un retraso de 12 horas o m\u00e1s en su toma hace necesaria la utilizaci\u00f3n de preservativo durante los 7 d\u00edas siguientes.<\/li><li>Dispositivo intrauterino de levonorgestrel (Mirena\u00ae): hablaremos de \u00e9l m\u00e1s abajo.<\/li><\/ul><p>Con relaci\u00f3n a los <b>m\u00e9todos con estr\u00f3genos y progesterona<\/b> (pastillas, anillos o parches), su inicio viene ligado al riesgo de trombosis propio del postparto reciente, por tanto, no hay que usarlos en ning\u00fan caso si:<\/p><ul><li>La mujer ha sufrido una trombosis, tiene predisposici\u00f3n gen\u00e9tica a la misma o si tiene m\u00e1s de 34 a\u00f1os y adem\u00e1s fuma m\u00e1s de 14 cigarrillos al d\u00eda.<\/li><li>Si est\u00e1 en los <b>primeros 21 d\u00edas despu\u00e9s del parto<\/b> (a causa del elevado riesgo de trombosis al poco tiempo del parto).<\/li><li>Si est\u00e1 <b>entre los 21 y 42 d\u00edas despu\u00e9s del parto<\/b> y hay alguno de los siguientes factores: m\u00e1s de 34 a\u00f1os, fumadora, preeclampsia en el \u00faltimo embarazo, transfusi\u00f3n en el parto, ces\u00e1rea reciente y obesidad.<\/li><\/ul><p>De lo anterior, se deduce que se pueden empezar los anticonceptivos con estr\u00f3genos y progesterona a partir de los 42 d\u00edas postparto en casi todos los casos, e incluso a partir de los 21 d\u00edas postparto en los de menos riesgo de trombosis. Si no damos pecho y empezamos m\u00e1s tarde de los 21 d\u00edas, es conveniente el uso de preservativo los 7 d\u00edas siguientes.<\/p><p>En cuanto a los <b>dispositivos intrauterinos (DIUs)<\/b>, se pueden poner las primeras 48 horas despu\u00e9s del parto o despu\u00e9s de las 4 semanas, dado que dichos periodos son los de menos riesgo de expulsi\u00f3n. Hay dos tipos de DIUs: los de cobre y de progesterona. Aunque con este \u00faltimo DIU la exposici\u00f3n del cuerpo de la madre y del lactante a las hormonas es muy inferior al resto de m\u00e9todos hormonales, la Organizaci\u00f3n Mundial de la Salud, de momento, recomienda evitarlo las primeras 4 semanas despu\u00e9s del parto si damos pecho a nuestro hijo.<\/p><p>Con respecto a los <b>m\u00e9todos de barrera<\/b>, tenemos el preservativo y el diafragma. Es obvio que el preservativo se puede utilizar a partir del momento en que la pareja lo estime oportuno, aunque no est\u00e1 de m\u00e1s a\u00f1adir un lubricante para las primeras relaciones. En cuanto al diafragma, hay que tomar la medida de la vagina a partir de las 6 semanas postparto, con el fin de que a se haya estabilizado en sus dimensiones.<\/p><p>Por \u00faltimo, est\u00e1n los <b>m\u00e9todos irreversibles<\/b>, la ligadura de trompas y la vasectom\u00eda. La ligadura tiene un riesgo de embarazo de 5 entre 1.000 mujeres el primer a\u00f1o, mientras que el de la vasectom\u00eda s\u00f3lo es de 1 \u00f3 2 cada 1.000 mujeres, adem\u00e1s \u00e9sta es un procedimiento m\u00e1s sencillo y menos doloroso que la ligadura de trompas si se hace por laparoscopia. La ligadura tambi\u00e9n puede hacerse durante la intervenci\u00f3n ces\u00e1rea y mediante una peque\u00f1a incisi\u00f3n periumbilical durante la primera semana postparto. Una alternativa a la laparoscopia es la inserci\u00f3n del dispositivo Essure\u00ae que son unas peque\u00f1as espirales de titanio y dacr\u00f3n que se insertan mediante histeroscopia y sin necesidad de anestesia. Tarda tres meses en ser efectivo y se ha de realizar una prueba de imagen para asegurarnos de que el dispositivos no se ha movido durante este tiempo.<\/p><p><b>Despu\u00e9s de un aborto<\/b>, se puede empezar con el dispositivo intrauterino o con los m\u00e9todos hormonales incluso el mismo d\u00eda del procedimiento. Sin embargo, si los iniciamos a partir de la semana del mismo, hay que usar preservativo durante 7 d\u00edas m\u00e1s.<\/p><p><b>Fuentes de la informaci\u00f3n:<\/b> <i><\/i><\/p><ul><li>Gray RH, Campbell OM, Zacur HA, Labbok MH, MacRae SL. Postpartum return of ovarian activity in nonbreastfeeding women monitored by urinary assays. Clin Endocrinol Metab. 1987;64:645-50.<\/li><li>Gray RH, Campbell OM, Apelo R, Eslami SS, Zacur H, Ramos RM, Gehret JC, Labbok MH. Risk of ovulation during lactation. Lancet 1990;335:25-9.<\/li><li>Organizaci\u00f3n Mundial de la Salud. Criterios m\u00e9dicos de elegibilidad para el uso de anticonceptivos. 4\u00aa ed. Luxemburgo; 2009. [acceso 14-6-14]. Disponible en: <a href=\"http:\/\/whqlibdoc.who.int\/publications\/2012\/9789243563886_spa.pdf\" target=\"_blank\" rel=\"noopener\">http:\/\/whqlibdoc.who.int\/publications\/2012\/9789243563886_spa.pdf<\/a><\/li><li>Speroff L, Glass RH, Kase NG. Endocrinolog\u00eda ginecol\u00f3gica e infertilidad. 1\u00aa ed. Argentina: Waverly Hisp\u00e1nica, S.A; 2000.<\/li><li>Kjos SL, Peters RK, Xiang A, Thomas D, Schaefer U, Buchanan TA. Contraception and the risk of type 2 diabetes mellitus in Latina women with prior gestational diabetes mellitus. JAMA. 1998;280:533-8.<\/li><li>McCann MF, Moggia AV, Higgins JE, Potts M, Becker C. The effects of a progestin-only oral contraceptive (levonorgestrel 0.03 mg) on breast-feeding. Contraception. 1989;40:635-48.<\/li><li>Speroff L, Glass RH, Kase NG, editores. Endocrinolog\u00eda ginecol\u00f3gica e infertilidad. 1\u00aa ed. Argentina: Waverly Hisp\u00e1nica, S.A; 2000.<\/li><li>Update to CDC\u2019s U.S. Medical Eligibility Criteria for Contraceptive Use, 2010: Revised Recommendations for the Use of Contraceptive Methods During the Postpartum Period. MMWR Morb Mortal Wkly Rep. 2011;60:878-883.<\/li><\/ul><div class=\"clear\">\u00a0<\/div>\t\t\t\t\t\t\t\t<\/div>\n\t\t\t\t<\/div>\n\t\t\t\t\t<\/div>\n\t\t<\/div>\n\t\t\t\t\t<\/div>\n\t\t<\/section>\n\t\t\t\t<section class=\"elementor-section elementor-top-section elementor-element elementor-element-93e1500 elementor-section-boxed elementor-section-height-default elementor-section-height-default\" data-id=\"93e1500\" data-element_type=\"section\">\n\t\t\t\t\t\t<div class=\"elementor-container elementor-column-gap-default\">\n\t\t\t\t\t<div class=\"elementor-column elementor-col-100 elementor-top-column elementor-element elementor-element-1d1d68a\" data-id=\"1d1d68a\" data-element_type=\"column\">\n\t\t\t<div class=\"elementor-widget-wrap elementor-element-populated\">\n\t\t\t\t\t\t<div class=\"elementor-element elementor-element-dfbde6a elementor-widget elementor-widget-shortcode\" data-id=\"dfbde6a\" data-element_type=\"widget\" data-widget_type=\"shortcode.default\">\n\t\t\t\t<div class=\"elementor-widget-container\">\n\t\t\t\t\t\t\t<div class=\"elementor-shortcode\">[ssba-buttons]<\/div>\n\t\t\t\t\t\t<\/div>\n\t\t\t\t<\/div>\n\t\t\t\t\t<\/div>\n\t\t<\/div>\n\t\t\t\t\t<\/div>\n\t\t<\/section>\n\t\t\t\t<\/div>\n\t\t","protected":false},"excerpt":{"rendered":"<p>PLANIFICACI\u00d3N FAMILIAR DESPU\u00c9S DE UN PARTO O UN ABORTO Para saber cu\u00e1ndo hay que empezar con la anticoncepci\u00f3n, es preciso conocer a partir de qu\u00e9 momento se puede producir la primera ovulaci\u00f3n. Si hemos sufrido un aborto (embarazo que ha durado 22 semanas o menos), las primeras ovulaciones se pueden producir a partir de los [&hellip;]<\/p>\n","protected":false},"author":12,"featured_media":0,"parent":15289,"menu_order":0,"comment_status":"open","ping_status":"open","template":"elementor_header_footer","meta":{"footnotes":""},"class_list":["post-8756","page","type-page","status-publish","hentry"],"yoast_head":"<!-- This site is optimized with the Yoast SEO plugin v25.0 - https:\/\/yoast.com\/wordpress\/plugins\/seo\/ -->\n<title>PLANIFICACI\u00d3N FAMILIAR DESPU\u00c9S DE UN PARTO O UN ABORTO - DRA. GIBERT<\/title>\n<meta name=\"robots\" content=\"index, follow, max-snippet:-1, max-image-preview:large, max-video-preview:-1\" \/>\n<link rel=\"canonical\" href=\"https:\/\/www.doctoragibert.com\/es\/pacientes\/metodos-anticonceptivos\/planificacion-familiar-despues-de-un-parto-o-un-aborto\/\" \/>\n<meta property=\"og:locale\" content=\"es_ES\" \/>\n<meta property=\"og:type\" content=\"article\" \/>\n<meta property=\"og:title\" content=\"PLANIFICACI\u00d3N FAMILIAR DESPU\u00c9S DE UN PARTO O UN ABORTO - DRA. GIBERT\" \/>\n<meta property=\"og:description\" content=\"PLANIFICACI\u00d3N FAMILIAR DESPU\u00c9S DE UN PARTO O UN ABORTO Para saber cu\u00e1ndo hay que empezar con la anticoncepci\u00f3n, es preciso conocer a partir de qu\u00e9 momento se puede producir la primera ovulaci\u00f3n. Si hemos sufrido un aborto (embarazo que ha durado 22 semanas o menos), las primeras ovulaciones se pueden producir a partir de los [&hellip;]\" \/>\n<meta property=\"og:url\" content=\"https:\/\/www.doctoragibert.com\/es\/pacientes\/metodos-anticonceptivos\/planificacion-familiar-despues-de-un-parto-o-un-aborto\/\" \/>\n<meta property=\"og:site_name\" content=\"DRA. GIBERT\" \/>\n<meta property=\"article:publisher\" content=\"https:\/\/www.facebook.com\/doctoragibert\" \/>\n<meta property=\"article:modified_time\" content=\"2021-08-30T06:18:34+00:00\" \/>\n<meta property=\"og:image\" content=\"https:\/\/www.doctoragibert.com\/wp-content\/uploads\/2015\/09\/22ab35ab885b573c48affb277a0bcae5.jpg\" \/>\n<meta name=\"twitter:label1\" content=\"Tiempo de lectura\" \/>\n\t<meta name=\"twitter:data1\" content=\"8 minutos\" \/>\n<script type=\"application\/ld+json\" class=\"yoast-schema-graph\">{\"@context\":\"https:\/\/schema.org\",\"@graph\":[{\"@type\":\"WebPage\",\"@id\":\"https:\/\/www.doctoragibert.com\/es\/pacientes\/metodos-anticonceptivos\/planificacion-familiar-despues-de-un-parto-o-un-aborto\/\",\"url\":\"https:\/\/www.doctoragibert.com\/es\/pacientes\/metodos-anticonceptivos\/planificacion-familiar-despues-de-un-parto-o-un-aborto\/\",\"name\":\"PLANIFICACI\u00d3N FAMILIAR DESPU\u00c9S DE UN PARTO O UN ABORTO - DRA. GIBERT\",\"isPartOf\":{\"@id\":\"https:\/\/www.doctoragibert.com\/es\/#website\"},\"primaryImageOfPage\":{\"@id\":\"https:\/\/www.doctoragibert.com\/es\/pacientes\/metodos-anticonceptivos\/planificacion-familiar-despues-de-un-parto-o-un-aborto\/#primaryimage\"},\"image\":{\"@id\":\"https:\/\/www.doctoragibert.com\/es\/pacientes\/metodos-anticonceptivos\/planificacion-familiar-despues-de-un-parto-o-un-aborto\/#primaryimage\"},\"thumbnailUrl\":\"https:\/\/www.doctoragibert.com\/wp-content\/uploads\/2015\/09\/22ab35ab885b573c48affb277a0bcae5.jpg\",\"datePublished\":\"2015-09-29T08:08:03+00:00\",\"dateModified\":\"2021-08-30T06:18:34+00:00\",\"breadcrumb\":{\"@id\":\"https:\/\/www.doctoragibert.com\/es\/pacientes\/metodos-anticonceptivos\/planificacion-familiar-despues-de-un-parto-o-un-aborto\/#breadcrumb\"},\"inLanguage\":\"es\",\"potentialAction\":[{\"@type\":\"ReadAction\",\"target\":[\"https:\/\/www.doctoragibert.com\/es\/pacientes\/metodos-anticonceptivos\/planificacion-familiar-despues-de-un-parto-o-un-aborto\/\"]}]},{\"@type\":\"ImageObject\",\"inLanguage\":\"es\",\"@id\":\"https:\/\/www.doctoragibert.com\/es\/pacientes\/metodos-anticonceptivos\/planificacion-familiar-despues-de-un-parto-o-un-aborto\/#primaryimage\",\"url\":\"https:\/\/www.doctoragibert.com\/wp-content\/uploads\/2015\/09\/22ab35ab885b573c48affb277a0bcae5.jpg\",\"contentUrl\":\"https:\/\/www.doctoragibert.com\/wp-content\/uploads\/2015\/09\/22ab35ab885b573c48affb277a0bcae5.jpg\"},{\"@type\":\"BreadcrumbList\",\"@id\":\"https:\/\/www.doctoragibert.com\/es\/pacientes\/metodos-anticonceptivos\/planificacion-familiar-despues-de-un-parto-o-un-aborto\/#breadcrumb\",\"itemListElement\":[{\"@type\":\"ListItem\",\"position\":1,\"name\":\"PACIENTES\",\"item\":\"https:\/\/www.doctoragibert.com\/es\/pacientes\/\"},{\"@type\":\"ListItem\",\"position\":2,\"name\":\"M\u00c9TODOS ANTICONCEPTIVOS\",\"item\":\"https:\/\/www.doctoragibert.com\/es\/pacientes\/metodos-anticonceptivos\/\"},{\"@type\":\"ListItem\",\"position\":3,\"name\":\"PLANIFICACI\u00d3N FAMILIAR DESPU\u00c9S DE UN PARTO O UN ABORTO\"}]},{\"@type\":\"WebSite\",\"@id\":\"https:\/\/www.doctoragibert.com\/es\/#website\",\"url\":\"https:\/\/www.doctoragibert.com\/es\/\",\"name\":\"DRA. GIBERT\",\"description\":\"Ginecologia i obstetricia\",\"potentialAction\":[{\"@type\":\"SearchAction\",\"target\":{\"@type\":\"EntryPoint\",\"urlTemplate\":\"https:\/\/www.doctoragibert.com\/es\/?s={search_term_string}\"},\"query-input\":{\"@type\":\"PropertyValueSpecification\",\"valueRequired\":true,\"valueName\":\"search_term_string\"}}],\"inLanguage\":\"es\"}]}<\/script>\n<!-- \/ Yoast SEO plugin. -->","yoast_head_json":{"title":"PLANIFICACI\u00d3N FAMILIAR DESPU\u00c9S DE UN PARTO O UN ABORTO - DRA. GIBERT","robots":{"index":"index","follow":"follow","max-snippet":"max-snippet:-1","max-image-preview":"max-image-preview:large","max-video-preview":"max-video-preview:-1"},"canonical":"https:\/\/www.doctoragibert.com\/es\/pacientes\/metodos-anticonceptivos\/planificacion-familiar-despues-de-un-parto-o-un-aborto\/","og_locale":"es_ES","og_type":"article","og_title":"PLANIFICACI\u00d3N FAMILIAR DESPU\u00c9S DE UN PARTO O UN ABORTO - DRA. GIBERT","og_description":"PLANIFICACI\u00d3N FAMILIAR DESPU\u00c9S DE UN PARTO O UN ABORTO Para saber cu\u00e1ndo hay que empezar con la anticoncepci\u00f3n, es preciso conocer a partir de qu\u00e9 momento se puede producir la primera ovulaci\u00f3n. Si hemos sufrido un aborto (embarazo que ha durado 22 semanas o menos), las primeras ovulaciones se pueden producir a partir de los [&hellip;]","og_url":"https:\/\/www.doctoragibert.com\/es\/pacientes\/metodos-anticonceptivos\/planificacion-familiar-despues-de-un-parto-o-un-aborto\/","og_site_name":"DRA. GIBERT","article_publisher":"https:\/\/www.facebook.com\/doctoragibert","article_modified_time":"2021-08-30T06:18:34+00:00","og_image":[{"url":"https:\/\/www.doctoragibert.com\/wp-content\/uploads\/2015\/09\/22ab35ab885b573c48affb277a0bcae5.jpg","type":"","width":"","height":""}],"twitter_misc":{"Tiempo de lectura":"8 minutos"},"schema":{"@context":"https:\/\/schema.org","@graph":[{"@type":"WebPage","@id":"https:\/\/www.doctoragibert.com\/es\/pacientes\/metodos-anticonceptivos\/planificacion-familiar-despues-de-un-parto-o-un-aborto\/","url":"https:\/\/www.doctoragibert.com\/es\/pacientes\/metodos-anticonceptivos\/planificacion-familiar-despues-de-un-parto-o-un-aborto\/","name":"PLANIFICACI\u00d3N FAMILIAR DESPU\u00c9S DE UN PARTO O UN ABORTO - DRA. GIBERT","isPartOf":{"@id":"https:\/\/www.doctoragibert.com\/es\/#website"},"primaryImageOfPage":{"@id":"https:\/\/www.doctoragibert.com\/es\/pacientes\/metodos-anticonceptivos\/planificacion-familiar-despues-de-un-parto-o-un-aborto\/#primaryimage"},"image":{"@id":"https:\/\/www.doctoragibert.com\/es\/pacientes\/metodos-anticonceptivos\/planificacion-familiar-despues-de-un-parto-o-un-aborto\/#primaryimage"},"thumbnailUrl":"https:\/\/www.doctoragibert.com\/wp-content\/uploads\/2015\/09\/22ab35ab885b573c48affb277a0bcae5.jpg","datePublished":"2015-09-29T08:08:03+00:00","dateModified":"2021-08-30T06:18:34+00:00","breadcrumb":{"@id":"https:\/\/www.doctoragibert.com\/es\/pacientes\/metodos-anticonceptivos\/planificacion-familiar-despues-de-un-parto-o-un-aborto\/#breadcrumb"},"inLanguage":"es","potentialAction":[{"@type":"ReadAction","target":["https:\/\/www.doctoragibert.com\/es\/pacientes\/metodos-anticonceptivos\/planificacion-familiar-despues-de-un-parto-o-un-aborto\/"]}]},{"@type":"ImageObject","inLanguage":"es","@id":"https:\/\/www.doctoragibert.com\/es\/pacientes\/metodos-anticonceptivos\/planificacion-familiar-despues-de-un-parto-o-un-aborto\/#primaryimage","url":"https:\/\/www.doctoragibert.com\/wp-content\/uploads\/2015\/09\/22ab35ab885b573c48affb277a0bcae5.jpg","contentUrl":"https:\/\/www.doctoragibert.com\/wp-content\/uploads\/2015\/09\/22ab35ab885b573c48affb277a0bcae5.jpg"},{"@type":"BreadcrumbList","@id":"https:\/\/www.doctoragibert.com\/es\/pacientes\/metodos-anticonceptivos\/planificacion-familiar-despues-de-un-parto-o-un-aborto\/#breadcrumb","itemListElement":[{"@type":"ListItem","position":1,"name":"PACIENTES","item":"https:\/\/www.doctoragibert.com\/es\/pacientes\/"},{"@type":"ListItem","position":2,"name":"M\u00c9TODOS ANTICONCEPTIVOS","item":"https:\/\/www.doctoragibert.com\/es\/pacientes\/metodos-anticonceptivos\/"},{"@type":"ListItem","position":3,"name":"PLANIFICACI\u00d3N FAMILIAR DESPU\u00c9S DE UN PARTO O UN ABORTO"}]},{"@type":"WebSite","@id":"https:\/\/www.doctoragibert.com\/es\/#website","url":"https:\/\/www.doctoragibert.com\/es\/","name":"DRA. GIBERT","description":"Ginecologia i obstetricia","potentialAction":[{"@type":"SearchAction","target":{"@type":"EntryPoint","urlTemplate":"https:\/\/www.doctoragibert.com\/es\/?s={search_term_string}"},"query-input":{"@type":"PropertyValueSpecification","valueRequired":true,"valueName":"search_term_string"}}],"inLanguage":"es"}]}},"_links":{"self":[{"href":"https:\/\/www.doctoragibert.com\/es\/wp-json\/wp\/v2\/pages\/8756","targetHints":{"allow":["GET"]}}],"collection":[{"href":"https:\/\/www.doctoragibert.com\/es\/wp-json\/wp\/v2\/pages"}],"about":[{"href":"https:\/\/www.doctoragibert.com\/es\/wp-json\/wp\/v2\/types\/page"}],"author":[{"embeddable":true,"href":"https:\/\/www.doctoragibert.com\/es\/wp-json\/wp\/v2\/users\/12"}],"replies":[{"embeddable":true,"href":"https:\/\/www.doctoragibert.com\/es\/wp-json\/wp\/v2\/comments?post=8756"}],"version-history":[{"count":5,"href":"https:\/\/www.doctoragibert.com\/es\/wp-json\/wp\/v2\/pages\/8756\/revisions"}],"predecessor-version":[{"id":17149,"href":"https:\/\/www.doctoragibert.com\/es\/wp-json\/wp\/v2\/pages\/8756\/revisions\/17149"}],"up":[{"embeddable":true,"href":"https:\/\/www.doctoragibert.com\/es\/wp-json\/wp\/v2\/pages\/15289"}],"wp:attachment":[{"href":"https:\/\/www.doctoragibert.com\/es\/wp-json\/wp\/v2\/media?parent=8756"}],"curies":[{"name":"wp","href":"https:\/\/api.w.org\/{rel}","templated":true}]}}