{"id":8764,"date":"2015-09-29T08:20:36","date_gmt":"2015-09-29T08:20:36","guid":{"rendered":"http:\/\/gibert.uxiodigital.com\/metodes-anticonceptius\/requisits-per-comencar-un-nou-metode-anticonceptiu\/"},"modified":"2021-08-10T12:07:29","modified_gmt":"2021-08-10T12:07:29","slug":"requisitos-para-comenzar-un-nuevo-metodo-anticonceptivo","status":"publish","type":"page","link":"https:\/\/www.doctoragibert.com\/es\/pacientes\/metodos-anticonceptivos\/requisitos-para-comenzar-un-nuevo-metodo-anticonceptivo\/","title":{"rendered":"REQUISITOS PARA EMPEZAR UN NUEVO M\u00c9TODO ANTICONCEPTIVO"},"content":{"rendered":"\t\t<div data-elementor-type=\"wp-page\" data-elementor-id=\"8764\" class=\"elementor elementor-8764 elementor-8760\">\n\t\t\t\t\t\t<section class=\"elementor-section elementor-top-section elementor-element elementor-element-540b95c elementor-section-boxed elementor-section-height-default elementor-section-height-default\" data-id=\"540b95c\" data-element_type=\"section\" data-settings=\"{&quot;background_background&quot;:&quot;classic&quot;}\">\n\t\t\t\t\t\t<div class=\"elementor-container elementor-column-gap-default\">\n\t\t\t\t\t<div class=\"elementor-column elementor-col-100 elementor-top-column elementor-element elementor-element-416aee1\" data-id=\"416aee1\" data-element_type=\"column\">\n\t\t\t<div class=\"elementor-widget-wrap elementor-element-populated\">\n\t\t\t\t\t\t<div class=\"elementor-element elementor-element-4290fca elementor-widget elementor-widget-spacer\" data-id=\"4290fca\" data-element_type=\"widget\" data-widget_type=\"spacer.default\">\n\t\t\t\t<div class=\"elementor-widget-container\">\n\t\t\t\t\t\t\t<div class=\"elementor-spacer\">\n\t\t\t<div class=\"elementor-spacer-inner\"><\/div>\n\t\t<\/div>\n\t\t\t\t\t\t<\/div>\n\t\t\t\t<\/div>\n\t\t\t\t<div class=\"elementor-element elementor-element-1b79f83 elementor-widget elementor-widget-heading\" data-id=\"1b79f83\" data-element_type=\"widget\" data-widget_type=\"heading.default\">\n\t\t\t\t<div class=\"elementor-widget-container\">\n\t\t\t\t\t<h2 class=\"elementor-heading-title elementor-size-default\">REQUISITOS PARA EMPEZAR UN NUEVO M\u00c9TODO ANTICONCEPTIVO<\/h2>\t\t\t\t<\/div>\n\t\t\t\t<\/div>\n\t\t\t\t<div class=\"elementor-element elementor-element-2673eaf elementor-widget-divider--view-line elementor-widget elementor-widget-divider\" data-id=\"2673eaf\" data-element_type=\"widget\" data-widget_type=\"divider.default\">\n\t\t\t\t<div class=\"elementor-widget-container\">\n\t\t\t\t\t\t\t<div class=\"elementor-divider\">\n\t\t\t<span class=\"elementor-divider-separator\">\n\t\t\t\t\t\t<\/span>\n\t\t<\/div>\n\t\t\t\t\t\t<\/div>\n\t\t\t\t<\/div>\n\t\t\t\t<div class=\"elementor-element elementor-element-1d25484 migasdepan elementor-widget elementor-widget-wp-widget-bcn_widget\" data-id=\"1d25484\" data-element_type=\"widget\" data-widget_type=\"wp-widget-bcn_widget.default\">\n\t\t\t\t<div class=\"elementor-widget-container\">\n\t\t\t\t\t<div class=\"breadcrumbs\" vocab=\"https:\/\/schema.org\/\" typeof=\"BreadcrumbList\"><!-- Breadcrumb NavXT 7.4.1 -->\n<span property=\"itemListElement\" typeof=\"ListItem\"><a property=\"item\" typeof=\"WebPage\" title=\"Ir a DRA. GIBERT.\" href=\"https:\/\/www.doctoragibert.com\/es\/\" class=\"home\" aria-current=\"page\"><span property=\"name\">DRA. GIBERT<\/span><\/a><meta property=\"position\" content=\"1\"><\/span><\/div>\t\t\t\t<\/div>\n\t\t\t\t<\/div>\n\t\t\t\t<div class=\"elementor-element elementor-element-11e1d45 elementor-widget elementor-widget-spacer\" data-id=\"11e1d45\" data-element_type=\"widget\" data-widget_type=\"spacer.default\">\n\t\t\t\t<div class=\"elementor-widget-container\">\n\t\t\t\t\t\t\t<div class=\"elementor-spacer\">\n\t\t\t<div class=\"elementor-spacer-inner\"><\/div>\n\t\t<\/div>\n\t\t\t\t\t\t<\/div>\n\t\t\t\t<\/div>\n\t\t\t\t\t<\/div>\n\t\t<\/div>\n\t\t\t\t\t<\/div>\n\t\t<\/section>\n\t\t\t\t<section class=\"elementor-section elementor-top-section elementor-element elementor-element-202e7ca1 elementor-section-boxed elementor-section-height-default elementor-section-height-default\" data-id=\"202e7ca1\" data-element_type=\"section\">\n\t\t\t\t\t\t<div class=\"elementor-container elementor-column-gap-default\">\n\t\t\t\t\t<div class=\"elementor-column elementor-col-100 elementor-top-column elementor-element elementor-element-5a8174e0\" data-id=\"5a8174e0\" data-element_type=\"column\">\n\t\t\t<div class=\"elementor-widget-wrap elementor-element-populated\">\n\t\t\t\t\t\t<div class=\"elementor-element elementor-element-2946ae47 elementor-widget elementor-widget-text-editor\" data-id=\"2946ae47\" data-element_type=\"widget\" data-widget_type=\"text-editor.default\">\n\t\t\t\t<div class=\"elementor-widget-container\">\n\t\t\t\t\t\t\t\t\t<p><img decoding=\"async\" class=\"alignleft size-full wp-image-8761\" src=\"https:\/\/www.doctoragibert.com\/wp-content\/uploads\/2015\/09\/a845235b14c47b378e91b32d0d7e20f1.jpg\" alt=\"a845235b14c47b378e91b32d0d7e20f1\" width=\"192\" height=\"166\" \/><\/p><p>Al iniciar el uso de un nuevo m\u00e9todo anticonceptivo hay que estar\u00a0<b>razonablemente seguros de que usted no est\u00e1 embarazada<\/b>, ello ocurre\u00a0<b>si usted puede responder afirmativamente al menos a una de las siguientes preguntas<\/b>:<\/p><ul><li>\u00bfSe ha abstenido de tener relaciones sexuales desde su \u00faltima regla?<\/li><li>\u00bfSu regla ha comenzado en el transcurso de los \u00faltimos 7 d\u00edas y ha tenido las caracter\u00edsticas habituales?<\/li><li>\u00bfHa estado usando alg\u00fan m\u00e9todo anticonceptivo fiable de forma correcta?<\/li><li>\u00bfHa tenido un aborto en el transcurso de los 7 \u00faltimos d\u00edas?<\/li><li>\u00bfHa sido madre o ha tenido un aborto despu\u00e9s de un embarazo de m\u00e1s de 3 meses en el transcurso de las 3 \u00faltimas semanas?<\/li><li>\u00bfHa sido madre hace menos de 6 meses, no ha reanudado sus reglas y su hijo se alimenta s\u00f3lo de leche materna?<\/li><\/ul><p>Si no puede contestar s\u00ed a una o m\u00e1s de las cuestiones previas, puede ocurrir que\u00a0<b>sus \u00faltimas relaciones sexuales tuvieran lugar hace dos semanas o m\u00e1s<\/b>, en cuyo caso puede realizarse un test de embarazo en orina y si \u00e9ste es negativo, tambi\u00e9n puede iniciar el m\u00e9todo anticonceptivo.<\/p><p>Si es <b>portadora de un dispositivo intrauterino (DIU)<\/b>, debe tener en cuenta que si ha tenido una relaci\u00f3n sexual durante la semana previa a su extracci\u00f3n, \u00e9sta podr\u00eda embarazarla. En estos casos, conviene usar el preservativo durante la semana previa al cambio de DIU o bien retir\u00e1rselo tras una semana de uso de su nuevo m\u00e9todo anticonceptivo.<\/p><div class=\"clear\">\u00a0<\/div><p><b>Fuentes de la informaci\u00f3n:<\/b> <i><br \/>Tepper NK, Marchbanks PA, Curtis KM. Use of a checklist to rule out pregnancy: a systematic review. Contraception. 2013; 87:661. <\/i><\/p>\t\t\t\t\t\t\t\t<\/div>\n\t\t\t\t<\/div>\n\t\t\t\t\t<\/div>\n\t\t<\/div>\n\t\t\t\t\t<\/div>\n\t\t<\/section>\n\t\t\t\t<section class=\"elementor-section elementor-top-section elementor-element elementor-element-75e3daf elementor-section-boxed elementor-section-height-default elementor-section-height-default\" data-id=\"75e3daf\" data-element_type=\"section\">\n\t\t\t\t\t\t<div class=\"elementor-container elementor-column-gap-default\">\n\t\t\t\t\t<div class=\"elementor-column elementor-col-100 elementor-top-column elementor-element elementor-element-e11bf7f\" data-id=\"e11bf7f\" data-element_type=\"column\">\n\t\t\t<div class=\"elementor-widget-wrap elementor-element-populated\">\n\t\t\t\t\t\t<div class=\"elementor-element elementor-element-a906367 elementor-widget elementor-widget-shortcode\" data-id=\"a906367\" data-element_type=\"widget\" data-widget_type=\"shortcode.default\">\n\t\t\t\t<div class=\"elementor-widget-container\">\n\t\t\t\t\t\t\t<div class=\"elementor-shortcode\">[ssba-buttons]<\/div>\n\t\t\t\t\t\t<\/div>\n\t\t\t\t<\/div>\n\t\t\t\t\t<\/div>\n\t\t<\/div>\n\t\t\t\t\t<\/div>\n\t\t<\/section>\n\t\t\t\t<\/div>\n\t\t","protected":false},"excerpt":{"rendered":"<p>REQUISITOS PARA EMPEZAR UN NUEVO M\u00c9TODO ANTICONCEPTIVO Al iniciar el uso de un nuevo m\u00e9todo anticonceptivo hay que estar\u00a0razonablemente seguros de que usted no est\u00e1 embarazada, ello ocurre\u00a0si usted puede responder afirmativamente al menos a una de las siguientes preguntas: \u00bfSe ha abstenido de tener relaciones sexuales desde su \u00faltima regla? \u00bfSu regla ha comenzado [&hellip;]<\/p>\n","protected":false},"author":12,"featured_media":0,"parent":15289,"menu_order":0,"comment_status":"open","ping_status":"open","template":"elementor_header_footer","meta":{"footnotes":""},"class_list":["post-8764","page","type-page","status-publish","hentry"],"yoast_head":"<!-- This site is optimized with the Yoast SEO plugin v25.0 - https:\/\/yoast.com\/wordpress\/plugins\/seo\/ -->\n<title>REQUISITOS PARA EMPEZAR UN NUEVO M\u00c9TODO ANTICONCEPTIVO - DRA. GIBERT<\/title>\n<meta name=\"robots\" content=\"index, follow, max-snippet:-1, max-image-preview:large, max-video-preview:-1\" \/>\n<link rel=\"canonical\" href=\"https:\/\/www.doctoragibert.com\/es\/pacientes\/metodos-anticonceptivos\/requisitos-para-comenzar-un-nuevo-metodo-anticonceptivo\/\" \/>\n<meta property=\"og:locale\" content=\"es_ES\" \/>\n<meta property=\"og:type\" content=\"article\" \/>\n<meta property=\"og:title\" content=\"REQUISITOS PARA EMPEZAR UN NUEVO M\u00c9TODO ANTICONCEPTIVO - DRA. GIBERT\" \/>\n<meta property=\"og:description\" content=\"REQUISITOS PARA EMPEZAR UN NUEVO M\u00c9TODO ANTICONCEPTIVO Al iniciar el uso de un nuevo m\u00e9todo anticonceptivo hay que estar\u00a0razonablemente seguros de que usted no est\u00e1 embarazada, ello ocurre\u00a0si usted puede responder afirmativamente al menos a una de las siguientes preguntas: \u00bfSe ha abstenido de tener relaciones sexuales desde su \u00faltima regla? \u00bfSu regla ha comenzado [&hellip;]\" \/>\n<meta property=\"og:url\" content=\"https:\/\/www.doctoragibert.com\/es\/pacientes\/metodos-anticonceptivos\/requisitos-para-comenzar-un-nuevo-metodo-anticonceptivo\/\" \/>\n<meta property=\"og:site_name\" content=\"DRA. GIBERT\" \/>\n<meta property=\"article:publisher\" content=\"https:\/\/www.facebook.com\/doctoragibert\" \/>\n<meta property=\"article:modified_time\" content=\"2021-08-10T12:07:29+00:00\" \/>\n<meta property=\"og:image\" content=\"https:\/\/www.doctoragibert.com\/wp-content\/uploads\/2015\/09\/a845235b14c47b378e91b32d0d7e20f1.jpg\" \/>\n<meta name=\"twitter:label1\" content=\"Tiempo de lectura\" \/>\n\t<meta name=\"twitter:data1\" content=\"3 minutos\" \/>\n<script type=\"application\/ld+json\" class=\"yoast-schema-graph\">{\"@context\":\"https:\/\/schema.org\",\"@graph\":[{\"@type\":\"WebPage\",\"@id\":\"https:\/\/www.doctoragibert.com\/es\/pacientes\/metodos-anticonceptivos\/requisitos-para-comenzar-un-nuevo-metodo-anticonceptivo\/\",\"url\":\"https:\/\/www.doctoragibert.com\/es\/pacientes\/metodos-anticonceptivos\/requisitos-para-comenzar-un-nuevo-metodo-anticonceptivo\/\",\"name\":\"REQUISITOS PARA EMPEZAR UN NUEVO M\u00c9TODO ANTICONCEPTIVO - DRA. GIBERT\",\"isPartOf\":{\"@id\":\"https:\/\/www.doctoragibert.com\/es\/#website\"},\"primaryImageOfPage\":{\"@id\":\"https:\/\/www.doctoragibert.com\/es\/pacientes\/metodos-anticonceptivos\/requisitos-para-comenzar-un-nuevo-metodo-anticonceptivo\/#primaryimage\"},\"image\":{\"@id\":\"https:\/\/www.doctoragibert.com\/es\/pacientes\/metodos-anticonceptivos\/requisitos-para-comenzar-un-nuevo-metodo-anticonceptivo\/#primaryimage\"},\"thumbnailUrl\":\"https:\/\/www.doctoragibert.com\/wp-content\/uploads\/2015\/09\/a845235b14c47b378e91b32d0d7e20f1.jpg\",\"datePublished\":\"2015-09-29T08:20:36+00:00\",\"dateModified\":\"2021-08-10T12:07:29+00:00\",\"breadcrumb\":{\"@id\":\"https:\/\/www.doctoragibert.com\/es\/pacientes\/metodos-anticonceptivos\/requisitos-para-comenzar-un-nuevo-metodo-anticonceptivo\/#breadcrumb\"},\"inLanguage\":\"es\",\"potentialAction\":[{\"@type\":\"ReadAction\",\"target\":[\"https:\/\/www.doctoragibert.com\/es\/pacientes\/metodos-anticonceptivos\/requisitos-para-comenzar-un-nuevo-metodo-anticonceptivo\/\"]}]},{\"@type\":\"ImageObject\",\"inLanguage\":\"es\",\"@id\":\"https:\/\/www.doctoragibert.com\/es\/pacientes\/metodos-anticonceptivos\/requisitos-para-comenzar-un-nuevo-metodo-anticonceptivo\/#primaryimage\",\"url\":\"https:\/\/www.doctoragibert.com\/wp-content\/uploads\/2015\/09\/a845235b14c47b378e91b32d0d7e20f1.jpg\",\"contentUrl\":\"https:\/\/www.doctoragibert.com\/wp-content\/uploads\/2015\/09\/a845235b14c47b378e91b32d0d7e20f1.jpg\"},{\"@type\":\"BreadcrumbList\",\"@id\":\"https:\/\/www.doctoragibert.com\/es\/pacientes\/metodos-anticonceptivos\/requisitos-para-comenzar-un-nuevo-metodo-anticonceptivo\/#breadcrumb\",\"itemListElement\":[{\"@type\":\"ListItem\",\"position\":1,\"name\":\"PACIENTES\",\"item\":\"https:\/\/www.doctoragibert.com\/es\/pacientes\/\"},{\"@type\":\"ListItem\",\"position\":2,\"name\":\"M\u00c9TODOS ANTICONCEPTIVOS\",\"item\":\"https:\/\/www.doctoragibert.com\/es\/pacientes\/metodos-anticonceptivos\/\"},{\"@type\":\"ListItem\",\"position\":3,\"name\":\"REQUISITOS PARA EMPEZAR UN NUEVO M\u00c9TODO ANTICONCEPTIVO\"}]},{\"@type\":\"WebSite\",\"@id\":\"https:\/\/www.doctoragibert.com\/es\/#website\",\"url\":\"https:\/\/www.doctoragibert.com\/es\/\",\"name\":\"DRA. GIBERT\",\"description\":\"Ginecologia i obstetricia\",\"potentialAction\":[{\"@type\":\"SearchAction\",\"target\":{\"@type\":\"EntryPoint\",\"urlTemplate\":\"https:\/\/www.doctoragibert.com\/es\/?s={search_term_string}\"},\"query-input\":{\"@type\":\"PropertyValueSpecification\",\"valueRequired\":true,\"valueName\":\"search_term_string\"}}],\"inLanguage\":\"es\"}]}<\/script>\n<!-- \/ Yoast SEO plugin. -->","yoast_head_json":{"title":"REQUISITOS PARA EMPEZAR UN NUEVO M\u00c9TODO ANTICONCEPTIVO - DRA. GIBERT","robots":{"index":"index","follow":"follow","max-snippet":"max-snippet:-1","max-image-preview":"max-image-preview:large","max-video-preview":"max-video-preview:-1"},"canonical":"https:\/\/www.doctoragibert.com\/es\/pacientes\/metodos-anticonceptivos\/requisitos-para-comenzar-un-nuevo-metodo-anticonceptivo\/","og_locale":"es_ES","og_type":"article","og_title":"REQUISITOS PARA EMPEZAR UN NUEVO M\u00c9TODO ANTICONCEPTIVO - DRA. GIBERT","og_description":"REQUISITOS PARA EMPEZAR UN NUEVO M\u00c9TODO ANTICONCEPTIVO Al iniciar el uso de un nuevo m\u00e9todo anticonceptivo hay que estar\u00a0razonablemente seguros de que usted no est\u00e1 embarazada, ello ocurre\u00a0si usted puede responder afirmativamente al menos a una de las siguientes preguntas: \u00bfSe ha abstenido de tener relaciones sexuales desde su \u00faltima regla? \u00bfSu regla ha comenzado [&hellip;]","og_url":"https:\/\/www.doctoragibert.com\/es\/pacientes\/metodos-anticonceptivos\/requisitos-para-comenzar-un-nuevo-metodo-anticonceptivo\/","og_site_name":"DRA. GIBERT","article_publisher":"https:\/\/www.facebook.com\/doctoragibert","article_modified_time":"2021-08-10T12:07:29+00:00","og_image":[{"url":"https:\/\/www.doctoragibert.com\/wp-content\/uploads\/2015\/09\/a845235b14c47b378e91b32d0d7e20f1.jpg","type":"","width":"","height":""}],"twitter_misc":{"Tiempo de lectura":"3 minutos"},"schema":{"@context":"https:\/\/schema.org","@graph":[{"@type":"WebPage","@id":"https:\/\/www.doctoragibert.com\/es\/pacientes\/metodos-anticonceptivos\/requisitos-para-comenzar-un-nuevo-metodo-anticonceptivo\/","url":"https:\/\/www.doctoragibert.com\/es\/pacientes\/metodos-anticonceptivos\/requisitos-para-comenzar-un-nuevo-metodo-anticonceptivo\/","name":"REQUISITOS PARA EMPEZAR UN NUEVO M\u00c9TODO ANTICONCEPTIVO - DRA. GIBERT","isPartOf":{"@id":"https:\/\/www.doctoragibert.com\/es\/#website"},"primaryImageOfPage":{"@id":"https:\/\/www.doctoragibert.com\/es\/pacientes\/metodos-anticonceptivos\/requisitos-para-comenzar-un-nuevo-metodo-anticonceptivo\/#primaryimage"},"image":{"@id":"https:\/\/www.doctoragibert.com\/es\/pacientes\/metodos-anticonceptivos\/requisitos-para-comenzar-un-nuevo-metodo-anticonceptivo\/#primaryimage"},"thumbnailUrl":"https:\/\/www.doctoragibert.com\/wp-content\/uploads\/2015\/09\/a845235b14c47b378e91b32d0d7e20f1.jpg","datePublished":"2015-09-29T08:20:36+00:00","dateModified":"2021-08-10T12:07:29+00:00","breadcrumb":{"@id":"https:\/\/www.doctoragibert.com\/es\/pacientes\/metodos-anticonceptivos\/requisitos-para-comenzar-un-nuevo-metodo-anticonceptivo\/#breadcrumb"},"inLanguage":"es","potentialAction":[{"@type":"ReadAction","target":["https:\/\/www.doctoragibert.com\/es\/pacientes\/metodos-anticonceptivos\/requisitos-para-comenzar-un-nuevo-metodo-anticonceptivo\/"]}]},{"@type":"ImageObject","inLanguage":"es","@id":"https:\/\/www.doctoragibert.com\/es\/pacientes\/metodos-anticonceptivos\/requisitos-para-comenzar-un-nuevo-metodo-anticonceptivo\/#primaryimage","url":"https:\/\/www.doctoragibert.com\/wp-content\/uploads\/2015\/09\/a845235b14c47b378e91b32d0d7e20f1.jpg","contentUrl":"https:\/\/www.doctoragibert.com\/wp-content\/uploads\/2015\/09\/a845235b14c47b378e91b32d0d7e20f1.jpg"},{"@type":"BreadcrumbList","@id":"https:\/\/www.doctoragibert.com\/es\/pacientes\/metodos-anticonceptivos\/requisitos-para-comenzar-un-nuevo-metodo-anticonceptivo\/#breadcrumb","itemListElement":[{"@type":"ListItem","position":1,"name":"PACIENTES","item":"https:\/\/www.doctoragibert.com\/es\/pacientes\/"},{"@type":"ListItem","position":2,"name":"M\u00c9TODOS ANTICONCEPTIVOS","item":"https:\/\/www.doctoragibert.com\/es\/pacientes\/metodos-anticonceptivos\/"},{"@type":"ListItem","position":3,"name":"REQUISITOS PARA EMPEZAR UN NUEVO M\u00c9TODO ANTICONCEPTIVO"}]},{"@type":"WebSite","@id":"https:\/\/www.doctoragibert.com\/es\/#website","url":"https:\/\/www.doctoragibert.com\/es\/","name":"DRA. GIBERT","description":"Ginecologia i obstetricia","potentialAction":[{"@type":"SearchAction","target":{"@type":"EntryPoint","urlTemplate":"https:\/\/www.doctoragibert.com\/es\/?s={search_term_string}"},"query-input":{"@type":"PropertyValueSpecification","valueRequired":true,"valueName":"search_term_string"}}],"inLanguage":"es"}]}},"_links":{"self":[{"href":"https:\/\/www.doctoragibert.com\/es\/wp-json\/wp\/v2\/pages\/8764","targetHints":{"allow":["GET"]}}],"collection":[{"href":"https:\/\/www.doctoragibert.com\/es\/wp-json\/wp\/v2\/pages"}],"about":[{"href":"https:\/\/www.doctoragibert.com\/es\/wp-json\/wp\/v2\/types\/page"}],"author":[{"embeddable":true,"href":"https:\/\/www.doctoragibert.com\/es\/wp-json\/wp\/v2\/users\/12"}],"replies":[{"embeddable":true,"href":"https:\/\/www.doctoragibert.com\/es\/wp-json\/wp\/v2\/comments?post=8764"}],"version-history":[{"count":5,"href":"https:\/\/www.doctoragibert.com\/es\/wp-json\/wp\/v2\/pages\/8764\/revisions"}],"predecessor-version":[{"id":15914,"href":"https:\/\/www.doctoragibert.com\/es\/wp-json\/wp\/v2\/pages\/8764\/revisions\/15914"}],"up":[{"embeddable":true,"href":"https:\/\/www.doctoragibert.com\/es\/wp-json\/wp\/v2\/pages\/15289"}],"wp:attachment":[{"href":"https:\/\/www.doctoragibert.com\/es\/wp-json\/wp\/v2\/media?parent=8764"}],"curies":[{"name":"wp","href":"https:\/\/api.w.org\/{rel}","templated":true}]}}