{"id":8785,"date":"2015-09-29T08:30:04","date_gmt":"2015-09-29T08:30:04","guid":{"rendered":"http:\/\/gibert.uxiodigital.com\/prevencio-en-ginecologia\/cancer-colorectal-la-seva-deteccio-precoc-es-simple\/"},"modified":"2021-09-13T07:15:21","modified_gmt":"2021-09-13T07:15:21","slug":"cancer-colorectal-su-deteccion-precoz-es-sencilla","status":"publish","type":"page","link":"https:\/\/www.doctoragibert.com\/es\/pacientes\/prevencion-en-ginecologia\/cancer-colorectal-su-deteccion-precoz-es-sencilla\/","title":{"rendered":"C\u00c1NCER COLORRECTAL: su detecci\u00f3n precoz es sencilla"},"content":{"rendered":"\t\t<div data-elementor-type=\"wp-page\" data-elementor-id=\"8785\" class=\"elementor elementor-8785 elementor-8781\">\n\t\t\t\t\t\t<section class=\"elementor-section elementor-top-section elementor-element elementor-element-0b72c1b elementor-section-boxed elementor-section-height-default elementor-section-height-default\" data-id=\"0b72c1b\" data-element_type=\"section\" data-settings=\"{&quot;background_background&quot;:&quot;classic&quot;}\">\n\t\t\t\t\t\t<div class=\"elementor-container elementor-column-gap-default\">\n\t\t\t\t\t<div class=\"elementor-column elementor-col-100 elementor-top-column elementor-element elementor-element-1f424ec\" data-id=\"1f424ec\" data-element_type=\"column\">\n\t\t\t<div class=\"elementor-widget-wrap elementor-element-populated\">\n\t\t\t\t\t\t<div class=\"elementor-element elementor-element-e18ce7e elementor-widget elementor-widget-spacer\" data-id=\"e18ce7e\" data-element_type=\"widget\" data-widget_type=\"spacer.default\">\n\t\t\t\t<div class=\"elementor-widget-container\">\n\t\t\t\t\t\t\t<div class=\"elementor-spacer\">\n\t\t\t<div class=\"elementor-spacer-inner\"><\/div>\n\t\t<\/div>\n\t\t\t\t\t\t<\/div>\n\t\t\t\t<\/div>\n\t\t\t\t<div class=\"elementor-element elementor-element-420a8d7 elementor-widget elementor-widget-heading\" data-id=\"420a8d7\" data-element_type=\"widget\" data-widget_type=\"heading.default\">\n\t\t\t\t<div class=\"elementor-widget-container\">\n\t\t\t\t\t<h2 class=\"elementor-heading-title elementor-size-default\">C\u00c1NCER COLORRECTAL: su detecci\u00f3n precoz es sencilla<\/h2>\t\t\t\t<\/div>\n\t\t\t\t<\/div>\n\t\t\t\t<div class=\"elementor-element elementor-element-3c0bc33 elementor-widget-divider--view-line elementor-widget elementor-widget-divider\" data-id=\"3c0bc33\" data-element_type=\"widget\" data-widget_type=\"divider.default\">\n\t\t\t\t<div class=\"elementor-widget-container\">\n\t\t\t\t\t\t\t<div class=\"elementor-divider\">\n\t\t\t<span class=\"elementor-divider-separator\">\n\t\t\t\t\t\t<\/span>\n\t\t<\/div>\n\t\t\t\t\t\t<\/div>\n\t\t\t\t<\/div>\n\t\t\t\t<div class=\"elementor-element elementor-element-76f8381 migasdepan elementor-widget elementor-widget-wp-widget-bcn_widget\" data-id=\"76f8381\" data-element_type=\"widget\" data-widget_type=\"wp-widget-bcn_widget.default\">\n\t\t\t\t<div class=\"elementor-widget-container\">\n\t\t\t\t\t<div class=\"breadcrumbs\" vocab=\"https:\/\/schema.org\/\" typeof=\"BreadcrumbList\"><!-- Breadcrumb NavXT 7.4.1 -->\n<span property=\"itemListElement\" typeof=\"ListItem\"><a property=\"item\" typeof=\"WebPage\" title=\"Ir a DRA. GIBERT.\" href=\"https:\/\/www.doctoragibert.com\/es\/\" class=\"home\" aria-current=\"page\"><span property=\"name\">DRA. GIBERT<\/span><\/a><meta property=\"position\" content=\"1\"><\/span><\/div>\t\t\t\t<\/div>\n\t\t\t\t<\/div>\n\t\t\t\t<div class=\"elementor-element elementor-element-2aee7ac elementor-widget elementor-widget-spacer\" data-id=\"2aee7ac\" data-element_type=\"widget\" data-widget_type=\"spacer.default\">\n\t\t\t\t<div class=\"elementor-widget-container\">\n\t\t\t\t\t\t\t<div class=\"elementor-spacer\">\n\t\t\t<div class=\"elementor-spacer-inner\"><\/div>\n\t\t<\/div>\n\t\t\t\t\t\t<\/div>\n\t\t\t\t<\/div>\n\t\t\t\t\t<\/div>\n\t\t<\/div>\n\t\t\t\t\t<\/div>\n\t\t<\/section>\n\t\t\t\t<section class=\"elementor-section elementor-top-section elementor-element elementor-element-1c822e15 elementor-section-boxed elementor-section-height-default elementor-section-height-default\" data-id=\"1c822e15\" data-element_type=\"section\">\n\t\t\t\t\t\t<div class=\"elementor-container elementor-column-gap-default\">\n\t\t\t\t\t<div class=\"elementor-column elementor-col-100 elementor-top-column elementor-element elementor-element-6920e809\" data-id=\"6920e809\" data-element_type=\"column\">\n\t\t\t<div class=\"elementor-widget-wrap elementor-element-populated\">\n\t\t\t\t\t\t<div class=\"elementor-element elementor-element-7c23e799 elementor-widget elementor-widget-text-editor\" data-id=\"7c23e799\" data-element_type=\"widget\" data-widget_type=\"text-editor.default\">\n\t\t\t\t<div class=\"elementor-widget-container\">\n\t\t\t\t\t\t\t\t\t<p><img decoding=\"async\" class=\"alignleft size-full wp-image-8782\" src=\"https:\/\/www.doctoragibert.com\/wp-content\/uploads\/2015\/09\/b3089311cc5894448cb91eb90bcd1340.jpg\" alt=\"b3089311cc5894448cb91eb90bcd1340\" width=\"160\" height=\"160\" srcset=\"https:\/\/www.doctoragibert.com\/wp-content\/uploads\/2015\/09\/b3089311cc5894448cb91eb90bcd1340.jpg 160w, https:\/\/www.doctoragibert.com\/wp-content\/uploads\/2015\/09\/b3089311cc5894448cb91eb90bcd1340-150x150.jpg 150w\" sizes=\"(max-width: 160px) 100vw, 160px\" \/><\/p><p>Seg\u00fan datos de Globocan de 2008, el c\u00e1ncer colorrectal en Espa\u00f1a es el segundo m\u00e1s diagnosticado en las mujeres tras el c\u00e1ncer de mama, mientras que la proporci\u00f3n de enfermas que mueren por c\u00e1ncer colorrectal duplica al de mama.<\/p><p><b>De cada 10 casos de c\u00e1ncer colorrectal<\/b>:<br \/><b>7<\/b> son <b>espor\u00e1dicos<\/b>, esto es, los afectados tienen m\u00e1s de 50 a\u00f1os y no tienen antecedentes personales ni familIares de la enfermedad.<br \/><b>2<\/b> son <b>familiares<\/b>, es decir, tienen alg\u00fan familiar enfermo.<br \/><b>1<\/b> se da en el contexto de familias con alto riesgo de presentar la enfermedad. Hay varios familiares que han enfermado siendo muy j\u00f3venes. El cribado o screening del c\u00e1ncer colorrectal pretende disminuir las muertes causadas por esta enfermedad y as\u00ed aumentar la cantidad y calidad de vida de la poblaci\u00f3n. Hay estudios cient\u00edficos de alta calidad que avalan la reducci\u00f3n de la mortalidad por c\u00e1ncer colorrectal, aunque este <b>beneficio<\/b> es <b>modesto<\/b>, pues s\u00f3lo <b>evitar\u00eda 1 de cada 6 muertes por este c\u00e1ncer<\/b>. La prueba m\u00e1s utilizada es la detecci\u00f3n de sangre oculta en heces, mientras que las colonoscopias se reservan para casos de alto riesgo o bien si la prueba de sangre en heces es positiva. Como es una forma de prevenci\u00f3n secundaria participa de las caracter\u00edsticas <b>comunes<\/b> de las mismas, que se explican <a href=\"https:\/\/www.doctoragibert.com\/es\/pacientes\/prevencion-en-ginecologia\/prevencion-con-bases-cientificas-solides-que-es-lo-que-realmente-sirve\/\" target=\"_blank\" rel=\"noopener\">en otra secci\u00f3n de la web<\/a> y otras <b>espec\u00edficas<\/b>, que se detallan a continuaci\u00f3n:<br \/><b>VENTAJAS DEL CRIBADO:<\/b><\/p><ul><li>El cribado detecta el c\u00e1ncer colorrectal en etapas muy precoces, cuando es posible que 9 de cada 10 casos se curen.<\/li><li>En poblaciones en las que se realiza el cribado, se ha visto que se evitan 1 de entre 6 muertes por c\u00e1ncer colorrectal.<\/li><li>A veces se hallan p\u00f3lipos, no c\u00e1ncer, durante los cribados, y su extirpaci\u00f3n reduce las posibilidades de que estos malignicen.<\/li><\/ul><p><b>INCONVENIENTES:<\/b><\/p><ul><li>La espera de los resultados puede generar ansiedad.<\/li><li>Usted puede desarrollar c\u00e1ncer colorrectal en los per\u00edodos de tiempo entre las pruebas de cribado.<\/li><li>La prueba de sangre oculta en heces: la recogida de la muestra puede resultar molesta para algunas personas y puede tener falsos negativos (no todos los tumores sangran).<\/li><li>La colonoscopia tiene una preparaci\u00f3n intestinal previa que es molesta, pues hay que tomar laxantes potentes y hacer una dieta sin residuos; adem\u00e1s tiene falsos negativos (1 de cada 20 c\u00e1nceres no se diagnosticar\u00e1n) y riesgos.<\/li><\/ul><p><b>\u00bfQui\u00e9n ha de cribarse?<\/b><br \/>Como todos los c\u00e1nceres son m\u00e1s frecuentes en personas m\u00e1s mayores, el cribado se inicia a partir de los 50-60 a\u00f1os en la mayor\u00eda de pa\u00edses donde se ha implantado. En Espa\u00f1a, se ha estimado que el intervalo m\u00e1s apropiado es <b>entre 50 y 69 a\u00f1os<\/b>. Aunque la Estrategia en C\u00e1ncer del Sistema Nacional de Salud (2009) tiene como objetivo la puesta en marcha del programa de cribado colorrectal, con el objetivo de alcanzar el 50% de la poblaci\u00f3n diana en 2015, la realidad es que, en 2014, s\u00f3lo 11 de las 17 Comunidades Aut\u00f3nomas tienen un programa establecido y la cobertura de estos programas en Espa\u00f1a es inferior al 20%. En cuanto a la Comunitat Aut\u00f2noma Illes Balears ni disponemos de noticias de cu\u00e1ndo se puede llegar a poner en marcha, por tanto, aquellas personas con aseguramiento privado tienen la ventaja de poderse incorporar al cribado ya, sin tener que esperar a la concurrencia de circunstancias sociopol\u00edticas favorables.<\/p><p><b>\u00bfQui\u00e9n NO ha de cribarse?<\/b><br \/>Los que se han realizado una colonoscopia o un enema con bario en los \u00faltimos dos a\u00f1os, se est\u00e1n tratando por un c\u00e1ncer colorrectal, se les ha extirpado el intestino grueso o est\u00e1n citados para realizarse una colonoscopia.<\/p><p><b>\u00bfQu\u00e9 modalidad de cribado le conviene m\u00e1s?<\/b><br \/>Depende de los antecedentes familiares y de la edad:<\/p><ul><li>Si tiene 50 a\u00f1os o m\u00e1s y no tiene familiares enfermos: sangre oculta en heces cada dos a\u00f1os.<\/li><li>Si tiene un progenitor o hermano con c\u00e1ncer colorrectal no polipoide: colonoscopia completa 10 a\u00f1os antes del diagn\u00f3stico del c\u00e1ncer colorrectal en el familiar que enferm\u00f3 m\u00e1s joven. La colonoscopia ser\u00e1 cada 5 a\u00f1os, pero si se encontraran p\u00f3lipos, la frecuencia de la colonoscopia puede ser mayor seg\u00fan el estudio anatomopatol\u00f3gico de los mismos.<\/li><\/ul><p><b>\u00bfEn qu\u00e9 consiste la prueba de sangre oculta en heces?<\/b><br \/>Es un procedimiento que detecta cantidades de sangre m\u00ednimas en sus heces que no son asequibles al ojo humano. La sangre puede proceder del c\u00e1ncer, pero tambi\u00e9n de otras lesiones no cancerosas como p\u00f3lipos, colitis o \u00falceras. Si sospecha que sus heces llevan sangre (roja o heces muy negras que se adhieren a la taza del WC) no hace falta que se haga esta prueba y es mejor que solicite cita preferente con su m\u00e9dico. <a href=\"https:\/\/www.doctoragibert.com\/es\/pacientes\/otros\/prueba-sangre-oculta-heces\/\" target=\"_blank\" rel=\"noopener\">En otra secci\u00f3n de esta web<\/a> le indicamos c\u00f3mo debe proceder para realizarse esta prueba en la Cl\u00ednica Quir\u00f3n Palmaplanas.<\/p><p><b>\u00bfPor qu\u00e9 la colonoscopia no es de primera elecci\u00f3n para el cribado?<\/b><br \/>La colonoscopia es una t\u00e9cnica invasiva que se realiza en quir\u00f3fano y que tiene riesgos que no se pueden subestimar:<\/p><ul><li>Posibilidad de diarreas profusas durante la preparaci\u00f3n intestinal que causen deshidrataci\u00f3n.<\/li><li>Problemas anest\u00e9sicos (se hace una sedaci\u00f3n profunda con anest\u00e9sicos endovenosos).<\/li><li>Sangrado abundante en <b>menos del 1%<\/b> de los casos.<\/li><li>Perforaci\u00f3n intestinal en <b>1 de cada 1.000 casos<\/b> que suele necesitar una operaci\u00f3n.<\/li><li>Muerte en <b>1 de cada 10.000 colonoscopias<\/b>.<\/li><\/ul><p>Disponemos de estudios en los que se muestra que la detecci\u00f3n de c\u00e1ncer colorrectal es similar tanto en el grupo de pacientes que se cribaron por sangre oculta en heces que mediante colonoscopia, adem\u00e1s y como es l\u00f3gico, a los pacientes les cuesta menos participar en programas de sangre oculta en heces que en programas en los que se hace colonoscopia directamente.<\/p><p><b>\u00bfC\u00f3mo se interpretan los resultados de la sangre oculta en heces?<\/b><br \/>Si son <b>NEGATIVOS<\/b>, usted deber\u00e1 hacerse la misma prueba a los 2 a\u00f1os, siempre que se encuentre bien y sin <a href=\"http:\/\/www.alianzaprevencioncolon.es\/que-es.php?p=3\" target=\"_blank\" rel=\"noopener\">s\u00edntomas<\/a>.<br \/>Si son <b>POSITIVOS<\/b>, la derivaremos al digest\u00f3logo que probablemente le indicar\u00e1 una colonoscopia. De cualquier modo, no se inquiete, pues <b>s\u00f3lo en 1 de cada 10 casos positivos se encuentra un c\u00e1ncer<\/b> y si usted tuviera c\u00e1ncer, se lo habremos diagnosticado en un estadio tan precoz que tendr\u00e1 el <b>90% de posibilidades de curarse<\/b>.<\/p><div class=\"clear\">\u00a0<\/div><p><b>Fuentes de la informaci\u00f3n:\u00a0<\/b><i><\/i><\/p><ul><li>Alianza para la prevenci\u00f3n del cancer de colon. La cobertura del cribado colorrectal lejos del 50% con el que se comprometi\u00f3 el Ministerio en 2009. [acceso 23-3-14]. Disponible en: <a href=\"http:\/\/www.alianzaprevencioncolon.es\/files\/Nota_de_Prensa_13-03-014.1.pdf\" target=\"_blank\" rel=\"noopener\">http:\/\/www.alianzaprevencioncolon.es\/files\/Nota_de_Prensa_13-03-014.1.pdf<\/a><\/li><li>Hewitson P, Glasziou P, Irwig L, Towler B, Watson E. Screening for colorectal cancer using the faecal occult blood test, Hemoccult. Cochrane Database Syst Rev. 2007 Jan 24;(1):CD001216.<\/li><li>Morillas JD, Castells A, Oriol I, Pastor A, P\u00e9rez-Segura P, Echevarr\u00eda JM, et al. Alianza para la Prevenci\u00f3n del C\u00e1ncer de Colon en Espa\u00f1a: \u00abun compromiso c\u00edvico con la sociedad\u00bb. Gastroenterol Hepatol. 2012;35:109-128.<\/li><li>Quintero E, Castells A, Bujanda L, Cubiella J, Salas D, Lanas \u00c1 et al. Colonoscopy versus fecal immunochemical testing in colorectal-cancer screening. N Engl J Med. 2012;366:697-706. [acceso 23-3-14]. Disponible en: <a href=\"http:\/\/www.nejm.org\/doi\/pdf\/10.1056\/NEJMoa1108895\" target=\"_blank\" rel=\"noopener\">http:\/\/www.nejm.org\/doi\/pdf\/10.1056\/NEJMoa1108895<\/a><\/li><li>Shaukat A, Mongin SJ, Geisser MS, Lederle FA, Bond JH, Mandel JS, Church TR. Long-term mortality after screening for colorectal cancer. N Engl J Med. 2013;369:1106-14.[acceso 23-3-14]. Disponible en: <a href=\"http:\/\/www.nejm.org\/doi\/pdf\/10.1056\/NEJMoa1300720\" target=\"_blank\" rel=\"noopener\">http:\/\/www.nejm.org\/doi\/pdf\/10.1056\/NEJMoa1300720<\/a><\/li><li>Sociedad Espa\u00f1ola de Oncolog\u00eda M\u00e9dica. El c\u00e1ncer en cifras \u2013 Espa\u00f1a 2013. [acceso 23-3-14]. Disponible en: <a href=\"http:\/\/www.seom.org\/seomcms\/images\/stories\/recursos\/CIFRAS_DE_CANCER_2013.doc.\" target=\"_blank\" rel=\"noopener\">http:\/\/www.seom.org\/seomcms\/images\/stories\/recursos\/CIFRAS_DE_CANCER_2013.doc.<\/a><\/li><li>We are MacMillan. Cancer Support. The faecal occult blood (FOB) test. [acceso 23-3-14]. Disponible en: <a href=\"http:\/\/www.macmillan.org.uk\/Cancerinformation\/Testsscreening\/Bowelscreening\/TheFOBtest.aspx\" target=\"_blank\" rel=\"noopener\">http:\/\/www.macmillan.org.uk\/Cancerinformation\/Testsscreening\/Bowelscreening\/TheFOBtest.aspx<\/a><\/li><li>We are MacMillan. Cancer Support. Colonoscopy tests for bowel cancer. [acceso 23-3-14]. Disponible en: <a href=\"http:\/\/www.macmillan.org.uk\/Cancerinformation\/Testsscreening\/Bowelscreening\/Colonoscopy.aspx\" target=\"_blank\" rel=\"noopener\">http:\/\/www.macmillan.org.uk\/Cancerinformation\/Testsscreening\/Bowelscreening\/Colonoscopy.aspx<\/a><\/li><\/ul><div class=\"clear\">\u00a0<\/div>\t\t\t\t\t\t\t\t<\/div>\n\t\t\t\t<\/div>\n\t\t\t\t\t<\/div>\n\t\t<\/div>\n\t\t\t\t\t<\/div>\n\t\t<\/section>\n\t\t\t\t<section class=\"elementor-section elementor-top-section elementor-element elementor-element-090b0a8 elementor-section-boxed elementor-section-height-default elementor-section-height-default\" data-id=\"090b0a8\" data-element_type=\"section\">\n\t\t\t\t\t\t<div class=\"elementor-container elementor-column-gap-default\">\n\t\t\t\t\t<div class=\"elementor-column elementor-col-100 elementor-top-column elementor-element elementor-element-c09c57b\" data-id=\"c09c57b\" data-element_type=\"column\">\n\t\t\t<div class=\"elementor-widget-wrap elementor-element-populated\">\n\t\t\t\t\t\t<div class=\"elementor-element elementor-element-4ea2f70 elementor-widget elementor-widget-shortcode\" data-id=\"4ea2f70\" data-element_type=\"widget\" data-widget_type=\"shortcode.default\">\n\t\t\t\t<div class=\"elementor-widget-container\">\n\t\t\t\t\t\t\t<div class=\"elementor-shortcode\">[ssba-buttons]<\/div>\n\t\t\t\t\t\t<\/div>\n\t\t\t\t<\/div>\n\t\t\t\t\t<\/div>\n\t\t<\/div>\n\t\t\t\t\t<\/div>\n\t\t<\/section>\n\t\t\t\t<\/div>\n\t\t","protected":false},"excerpt":{"rendered":"<p>C\u00c1NCER COLORRECTAL: su detecci\u00f3n precoz es sencilla Seg\u00fan datos de Globocan de 2008, el c\u00e1ncer colorrectal en Espa\u00f1a es el segundo m\u00e1s diagnosticado en las mujeres tras el c\u00e1ncer de mama, mientras que la proporci\u00f3n de enfermas que mueren por c\u00e1ncer colorrectal duplica al de mama. De cada 10 casos de c\u00e1ncer colorrectal:7 son espor\u00e1dicos, [&hellip;]<\/p>\n","protected":false},"author":12,"featured_media":0,"parent":15303,"menu_order":0,"comment_status":"open","ping_status":"open","template":"elementor_header_footer","meta":{"footnotes":""},"class_list":["post-8785","page","type-page","status-publish","hentry"],"yoast_head":"<!-- This site is optimized with the Yoast SEO plugin v25.0 - https:\/\/yoast.com\/wordpress\/plugins\/seo\/ -->\n<title>C\u00c1NCER COLORRECTAL: su detecci\u00f3n precoz es sencilla - DRA. GIBERT<\/title>\n<meta name=\"robots\" content=\"index, follow, max-snippet:-1, max-image-preview:large, max-video-preview:-1\" \/>\n<link rel=\"canonical\" href=\"https:\/\/www.doctoragibert.com\/es\/pacientes\/prevencion-en-ginecologia\/cancer-colorectal-su-deteccion-precoz-es-sencilla\/\" \/>\n<meta property=\"og:locale\" content=\"es_ES\" \/>\n<meta property=\"og:type\" content=\"article\" \/>\n<meta property=\"og:title\" content=\"C\u00c1NCER COLORRECTAL: su detecci\u00f3n precoz es sencilla - DRA. GIBERT\" \/>\n<meta property=\"og:description\" content=\"C\u00c1NCER COLORRECTAL: su detecci\u00f3n precoz es sencilla Seg\u00fan datos de Globocan de 2008, el c\u00e1ncer colorrectal en Espa\u00f1a es el segundo m\u00e1s diagnosticado en las mujeres tras el c\u00e1ncer de mama, mientras que la proporci\u00f3n de enfermas que mueren por c\u00e1ncer colorrectal duplica al de mama. De cada 10 casos de c\u00e1ncer colorrectal:7 son espor\u00e1dicos, [&hellip;]\" \/>\n<meta property=\"og:url\" content=\"https:\/\/www.doctoragibert.com\/es\/pacientes\/prevencion-en-ginecologia\/cancer-colorectal-su-deteccion-precoz-es-sencilla\/\" \/>\n<meta property=\"og:site_name\" content=\"DRA. GIBERT\" \/>\n<meta property=\"article:publisher\" content=\"https:\/\/www.facebook.com\/doctoragibert\" \/>\n<meta property=\"article:modified_time\" content=\"2021-09-13T07:15:21+00:00\" \/>\n<meta property=\"og:image\" content=\"https:\/\/www.doctoragibert.com\/wp-content\/uploads\/2015\/09\/b3089311cc5894448cb91eb90bcd1340.jpg\" \/>\n<meta name=\"twitter:label1\" content=\"Tiempo de lectura\" \/>\n\t<meta name=\"twitter:data1\" content=\"7 minutos\" \/>\n<script type=\"application\/ld+json\" class=\"yoast-schema-graph\">{\"@context\":\"https:\/\/schema.org\",\"@graph\":[{\"@type\":\"WebPage\",\"@id\":\"https:\/\/www.doctoragibert.com\/es\/pacientes\/prevencion-en-ginecologia\/cancer-colorectal-su-deteccion-precoz-es-sencilla\/\",\"url\":\"https:\/\/www.doctoragibert.com\/es\/pacientes\/prevencion-en-ginecologia\/cancer-colorectal-su-deteccion-precoz-es-sencilla\/\",\"name\":\"C\u00c1NCER COLORRECTAL: su detecci\u00f3n precoz es sencilla - DRA. GIBERT\",\"isPartOf\":{\"@id\":\"https:\/\/www.doctoragibert.com\/es\/#website\"},\"primaryImageOfPage\":{\"@id\":\"https:\/\/www.doctoragibert.com\/es\/pacientes\/prevencion-en-ginecologia\/cancer-colorectal-su-deteccion-precoz-es-sencilla\/#primaryimage\"},\"image\":{\"@id\":\"https:\/\/www.doctoragibert.com\/es\/pacientes\/prevencion-en-ginecologia\/cancer-colorectal-su-deteccion-precoz-es-sencilla\/#primaryimage\"},\"thumbnailUrl\":\"https:\/\/www.doctoragibert.com\/wp-content\/uploads\/2015\/09\/b3089311cc5894448cb91eb90bcd1340.jpg\",\"datePublished\":\"2015-09-29T08:30:04+00:00\",\"dateModified\":\"2021-09-13T07:15:21+00:00\",\"breadcrumb\":{\"@id\":\"https:\/\/www.doctoragibert.com\/es\/pacientes\/prevencion-en-ginecologia\/cancer-colorectal-su-deteccion-precoz-es-sencilla\/#breadcrumb\"},\"inLanguage\":\"es\",\"potentialAction\":[{\"@type\":\"ReadAction\",\"target\":[\"https:\/\/www.doctoragibert.com\/es\/pacientes\/prevencion-en-ginecologia\/cancer-colorectal-su-deteccion-precoz-es-sencilla\/\"]}]},{\"@type\":\"ImageObject\",\"inLanguage\":\"es\",\"@id\":\"https:\/\/www.doctoragibert.com\/es\/pacientes\/prevencion-en-ginecologia\/cancer-colorectal-su-deteccion-precoz-es-sencilla\/#primaryimage\",\"url\":\"https:\/\/www.doctoragibert.com\/wp-content\/uploads\/2015\/09\/b3089311cc5894448cb91eb90bcd1340.jpg\",\"contentUrl\":\"https:\/\/www.doctoragibert.com\/wp-content\/uploads\/2015\/09\/b3089311cc5894448cb91eb90bcd1340.jpg\"},{\"@type\":\"BreadcrumbList\",\"@id\":\"https:\/\/www.doctoragibert.com\/es\/pacientes\/prevencion-en-ginecologia\/cancer-colorectal-su-deteccion-precoz-es-sencilla\/#breadcrumb\",\"itemListElement\":[{\"@type\":\"ListItem\",\"position\":1,\"name\":\"PACIENTES\",\"item\":\"https:\/\/www.doctoragibert.com\/es\/pacientes\/\"},{\"@type\":\"ListItem\",\"position\":2,\"name\":\"PREVENCI\u00d3N EN GINECOLOG\u00cdA\",\"item\":\"https:\/\/www.doctoragibert.com\/es\/pacientes\/prevencion-en-ginecologia\/\"},{\"@type\":\"ListItem\",\"position\":3,\"name\":\"C\u00c1NCER COLORRECTAL: su detecci\u00f3n precoz es sencilla\"}]},{\"@type\":\"WebSite\",\"@id\":\"https:\/\/www.doctoragibert.com\/es\/#website\",\"url\":\"https:\/\/www.doctoragibert.com\/es\/\",\"name\":\"DRA. GIBERT\",\"description\":\"Ginecologia i obstetricia\",\"potentialAction\":[{\"@type\":\"SearchAction\",\"target\":{\"@type\":\"EntryPoint\",\"urlTemplate\":\"https:\/\/www.doctoragibert.com\/es\/?s={search_term_string}\"},\"query-input\":{\"@type\":\"PropertyValueSpecification\",\"valueRequired\":true,\"valueName\":\"search_term_string\"}}],\"inLanguage\":\"es\"}]}<\/script>\n<!-- \/ Yoast SEO plugin. -->","yoast_head_json":{"title":"C\u00c1NCER COLORRECTAL: su detecci\u00f3n precoz es sencilla - DRA. GIBERT","robots":{"index":"index","follow":"follow","max-snippet":"max-snippet:-1","max-image-preview":"max-image-preview:large","max-video-preview":"max-video-preview:-1"},"canonical":"https:\/\/www.doctoragibert.com\/es\/pacientes\/prevencion-en-ginecologia\/cancer-colorectal-su-deteccion-precoz-es-sencilla\/","og_locale":"es_ES","og_type":"article","og_title":"C\u00c1NCER COLORRECTAL: su detecci\u00f3n precoz es sencilla - DRA. GIBERT","og_description":"C\u00c1NCER COLORRECTAL: su detecci\u00f3n precoz es sencilla Seg\u00fan datos de Globocan de 2008, el c\u00e1ncer colorrectal en Espa\u00f1a es el segundo m\u00e1s diagnosticado en las mujeres tras el c\u00e1ncer de mama, mientras que la proporci\u00f3n de enfermas que mueren por c\u00e1ncer colorrectal duplica al de mama. De cada 10 casos de c\u00e1ncer colorrectal:7 son espor\u00e1dicos, [&hellip;]","og_url":"https:\/\/www.doctoragibert.com\/es\/pacientes\/prevencion-en-ginecologia\/cancer-colorectal-su-deteccion-precoz-es-sencilla\/","og_site_name":"DRA. GIBERT","article_publisher":"https:\/\/www.facebook.com\/doctoragibert","article_modified_time":"2021-09-13T07:15:21+00:00","og_image":[{"url":"https:\/\/www.doctoragibert.com\/wp-content\/uploads\/2015\/09\/b3089311cc5894448cb91eb90bcd1340.jpg","type":"","width":"","height":""}],"twitter_misc":{"Tiempo de lectura":"7 minutos"},"schema":{"@context":"https:\/\/schema.org","@graph":[{"@type":"WebPage","@id":"https:\/\/www.doctoragibert.com\/es\/pacientes\/prevencion-en-ginecologia\/cancer-colorectal-su-deteccion-precoz-es-sencilla\/","url":"https:\/\/www.doctoragibert.com\/es\/pacientes\/prevencion-en-ginecologia\/cancer-colorectal-su-deteccion-precoz-es-sencilla\/","name":"C\u00c1NCER COLORRECTAL: su detecci\u00f3n precoz es sencilla - DRA. GIBERT","isPartOf":{"@id":"https:\/\/www.doctoragibert.com\/es\/#website"},"primaryImageOfPage":{"@id":"https:\/\/www.doctoragibert.com\/es\/pacientes\/prevencion-en-ginecologia\/cancer-colorectal-su-deteccion-precoz-es-sencilla\/#primaryimage"},"image":{"@id":"https:\/\/www.doctoragibert.com\/es\/pacientes\/prevencion-en-ginecologia\/cancer-colorectal-su-deteccion-precoz-es-sencilla\/#primaryimage"},"thumbnailUrl":"https:\/\/www.doctoragibert.com\/wp-content\/uploads\/2015\/09\/b3089311cc5894448cb91eb90bcd1340.jpg","datePublished":"2015-09-29T08:30:04+00:00","dateModified":"2021-09-13T07:15:21+00:00","breadcrumb":{"@id":"https:\/\/www.doctoragibert.com\/es\/pacientes\/prevencion-en-ginecologia\/cancer-colorectal-su-deteccion-precoz-es-sencilla\/#breadcrumb"},"inLanguage":"es","potentialAction":[{"@type":"ReadAction","target":["https:\/\/www.doctoragibert.com\/es\/pacientes\/prevencion-en-ginecologia\/cancer-colorectal-su-deteccion-precoz-es-sencilla\/"]}]},{"@type":"ImageObject","inLanguage":"es","@id":"https:\/\/www.doctoragibert.com\/es\/pacientes\/prevencion-en-ginecologia\/cancer-colorectal-su-deteccion-precoz-es-sencilla\/#primaryimage","url":"https:\/\/www.doctoragibert.com\/wp-content\/uploads\/2015\/09\/b3089311cc5894448cb91eb90bcd1340.jpg","contentUrl":"https:\/\/www.doctoragibert.com\/wp-content\/uploads\/2015\/09\/b3089311cc5894448cb91eb90bcd1340.jpg"},{"@type":"BreadcrumbList","@id":"https:\/\/www.doctoragibert.com\/es\/pacientes\/prevencion-en-ginecologia\/cancer-colorectal-su-deteccion-precoz-es-sencilla\/#breadcrumb","itemListElement":[{"@type":"ListItem","position":1,"name":"PACIENTES","item":"https:\/\/www.doctoragibert.com\/es\/pacientes\/"},{"@type":"ListItem","position":2,"name":"PREVENCI\u00d3N EN GINECOLOG\u00cdA","item":"https:\/\/www.doctoragibert.com\/es\/pacientes\/prevencion-en-ginecologia\/"},{"@type":"ListItem","position":3,"name":"C\u00c1NCER COLORRECTAL: su detecci\u00f3n precoz es sencilla"}]},{"@type":"WebSite","@id":"https:\/\/www.doctoragibert.com\/es\/#website","url":"https:\/\/www.doctoragibert.com\/es\/","name":"DRA. GIBERT","description":"Ginecologia i obstetricia","potentialAction":[{"@type":"SearchAction","target":{"@type":"EntryPoint","urlTemplate":"https:\/\/www.doctoragibert.com\/es\/?s={search_term_string}"},"query-input":{"@type":"PropertyValueSpecification","valueRequired":true,"valueName":"search_term_string"}}],"inLanguage":"es"}]}},"_links":{"self":[{"href":"https:\/\/www.doctoragibert.com\/es\/wp-json\/wp\/v2\/pages\/8785","targetHints":{"allow":["GET"]}}],"collection":[{"href":"https:\/\/www.doctoragibert.com\/es\/wp-json\/wp\/v2\/pages"}],"about":[{"href":"https:\/\/www.doctoragibert.com\/es\/wp-json\/wp\/v2\/types\/page"}],"author":[{"embeddable":true,"href":"https:\/\/www.doctoragibert.com\/es\/wp-json\/wp\/v2\/users\/12"}],"replies":[{"embeddable":true,"href":"https:\/\/www.doctoragibert.com\/es\/wp-json\/wp\/v2\/comments?post=8785"}],"version-history":[{"count":5,"href":"https:\/\/www.doctoragibert.com\/es\/wp-json\/wp\/v2\/pages\/8785\/revisions"}],"predecessor-version":[{"id":18078,"href":"https:\/\/www.doctoragibert.com\/es\/wp-json\/wp\/v2\/pages\/8785\/revisions\/18078"}],"up":[{"embeddable":true,"href":"https:\/\/www.doctoragibert.com\/es\/wp-json\/wp\/v2\/pages\/15303"}],"wp:attachment":[{"href":"https:\/\/www.doctoragibert.com\/es\/wp-json\/wp\/v2\/media?parent=8785"}],"curies":[{"name":"wp","href":"https:\/\/api.w.org\/{rel}","templated":true}]}}