{"id":8802,"date":"2015-09-29T08:47:11","date_gmt":"2015-09-29T08:47:11","guid":{"rendered":"http:\/\/gibert.uxiodigital.com\/prevencio-en-ginecologia\/cancer-de-mama-quan-shan-de-fer-mamografies\/"},"modified":"2021-09-12T15:31:22","modified_gmt":"2021-09-12T15:31:22","slug":"cancer-de-mama-cuando-hay-que-hacer-mamografias","status":"publish","type":"page","link":"https:\/\/www.doctoragibert.com\/es\/pacientes\/prevencion-en-ginecologia\/cancer-de-mama-cuando-hay-que-hacer-mamografias\/","title":{"rendered":"C\u00c1NCER DE MAMA: \u00bfcu\u00e1ndo hay que hacer mamograf\u00edas?"},"content":{"rendered":"\t\t<div data-elementor-type=\"wp-page\" data-elementor-id=\"8802\" class=\"elementor elementor-8802 elementor-8798\">\n\t\t\t\t\t\t<section class=\"elementor-section elementor-top-section elementor-element elementor-element-01bbe8f elementor-section-boxed elementor-section-height-default elementor-section-height-default\" data-id=\"01bbe8f\" data-element_type=\"section\" data-settings=\"{&quot;background_background&quot;:&quot;classic&quot;}\">\n\t\t\t\t\t\t<div class=\"elementor-container elementor-column-gap-default\">\n\t\t\t\t\t<div class=\"elementor-column elementor-col-100 elementor-top-column elementor-element elementor-element-8a5a92b\" data-id=\"8a5a92b\" data-element_type=\"column\">\n\t\t\t<div class=\"elementor-widget-wrap elementor-element-populated\">\n\t\t\t\t\t\t<div class=\"elementor-element elementor-element-9eac6c2 elementor-widget elementor-widget-spacer\" data-id=\"9eac6c2\" data-element_type=\"widget\" data-widget_type=\"spacer.default\">\n\t\t\t\t<div class=\"elementor-widget-container\">\n\t\t\t\t\t\t\t<div class=\"elementor-spacer\">\n\t\t\t<div class=\"elementor-spacer-inner\"><\/div>\n\t\t<\/div>\n\t\t\t\t\t\t<\/div>\n\t\t\t\t<\/div>\n\t\t\t\t<div class=\"elementor-element elementor-element-953e390 elementor-widget elementor-widget-heading\" data-id=\"953e390\" data-element_type=\"widget\" data-widget_type=\"heading.default\">\n\t\t\t\t<div class=\"elementor-widget-container\">\n\t\t\t\t\t<h2 class=\"elementor-heading-title elementor-size-default\">C\u00c1NCER DE MAMA: \u00bfcu\u00e1ndo hay que hacer mamograf\u00edas?<\/h2>\t\t\t\t<\/div>\n\t\t\t\t<\/div>\n\t\t\t\t<div class=\"elementor-element elementor-element-6a6a78c elementor-widget-divider--view-line elementor-widget elementor-widget-divider\" data-id=\"6a6a78c\" data-element_type=\"widget\" data-widget_type=\"divider.default\">\n\t\t\t\t<div class=\"elementor-widget-container\">\n\t\t\t\t\t\t\t<div class=\"elementor-divider\">\n\t\t\t<span class=\"elementor-divider-separator\">\n\t\t\t\t\t\t<\/span>\n\t\t<\/div>\n\t\t\t\t\t\t<\/div>\n\t\t\t\t<\/div>\n\t\t\t\t<div class=\"elementor-element elementor-element-b5af889 migasdepan elementor-widget elementor-widget-wp-widget-bcn_widget\" data-id=\"b5af889\" data-element_type=\"widget\" data-widget_type=\"wp-widget-bcn_widget.default\">\n\t\t\t\t<div class=\"elementor-widget-container\">\n\t\t\t\t\t<div class=\"breadcrumbs\" vocab=\"https:\/\/schema.org\/\" typeof=\"BreadcrumbList\"><!-- Breadcrumb NavXT 7.4.1 -->\n<span property=\"itemListElement\" typeof=\"ListItem\"><a property=\"item\" typeof=\"WebPage\" title=\"Ir a DRA. GIBERT.\" href=\"https:\/\/www.doctoragibert.com\/es\/\" class=\"home\" aria-current=\"page\"><span property=\"name\">DRA. GIBERT<\/span><\/a><meta property=\"position\" content=\"1\"><\/span><\/div>\t\t\t\t<\/div>\n\t\t\t\t<\/div>\n\t\t\t\t<div class=\"elementor-element elementor-element-dfeed60 elementor-widget elementor-widget-spacer\" data-id=\"dfeed60\" data-element_type=\"widget\" data-widget_type=\"spacer.default\">\n\t\t\t\t<div class=\"elementor-widget-container\">\n\t\t\t\t\t\t\t<div class=\"elementor-spacer\">\n\t\t\t<div class=\"elementor-spacer-inner\"><\/div>\n\t\t<\/div>\n\t\t\t\t\t\t<\/div>\n\t\t\t\t<\/div>\n\t\t\t\t\t<\/div>\n\t\t<\/div>\n\t\t\t\t\t<\/div>\n\t\t<\/section>\n\t\t\t\t<section class=\"elementor-section elementor-top-section elementor-element elementor-element-3a2cb5dd elementor-section-boxed elementor-section-height-default elementor-section-height-default\" data-id=\"3a2cb5dd\" data-element_type=\"section\">\n\t\t\t\t\t\t<div class=\"elementor-container elementor-column-gap-default\">\n\t\t\t\t\t<div class=\"elementor-column elementor-col-100 elementor-top-column elementor-element elementor-element-27b5bb2b\" data-id=\"27b5bb2b\" data-element_type=\"column\">\n\t\t\t<div class=\"elementor-widget-wrap elementor-element-populated\">\n\t\t\t\t\t\t<div class=\"elementor-element elementor-element-16cbcf34 elementor-widget elementor-widget-text-editor\" data-id=\"16cbcf34\" data-element_type=\"widget\" data-widget_type=\"text-editor.default\">\n\t\t\t\t<div class=\"elementor-widget-container\">\n\t\t\t\t\t\t\t\t\t<p><img fetchpriority=\"high\" decoding=\"async\" class=\"alignleft size-full wp-image-8799\" src=\"https:\/\/www.doctoragibert.com\/wp-content\/uploads\/2015\/09\/ecd56e15cab921b9257e66371acff24e.png\" alt=\"ecd56e15cab921b9257e66371acff24e\" width=\"200\" height=\"287\" \/><\/p><p><em>Autora:\u00a0<\/em>Dra. MJ Gibert.<br \/><em>Fecha de actualizaci\u00f3n:\u00a02<\/em>0-10-19.<\/p><p>El c\u00e1ncer de mama <b>es el m\u00e1s frecuente entre las mujeres<\/b> (de cada 100 c\u00e1nceres diagnosticados en mujeres, 30 son de mama). Que este c\u00e1ncer se cure o tenga una supervivencia alta depende de un diagn\u00f3stico precoz y <b>sobre todo de la aplicaci\u00f3n de los tratamientos adecuados <\/b>(cirug\u00eda, quimioterapia, radioterapia u hormonoterapia seg\u00fan los casos). El mencionado diagn\u00f3stico precoz se realiza en mujeres asintom\u00e1ticas, esto es, en aquellas pacientes en las que la exploraci\u00f3n mamaria no es sospechosa de c\u00e1ncer.<\/p><p>La <b>mamograf\u00eda<\/b> es la prueba m\u00e1s ampliamente utilizada para la detecci\u00f3n o cribado del c\u00e1ncer de mama y aunque <b>detecta 9 de cada 10 c\u00e1nceres<\/b>, est\u00e1 claro que no los detecta todos. Adem\u00e1s, si una no tiene un c\u00e1ncer de mama, puede salir <b>alguna mamograf\u00eda anormal en 1 de cada 10 casos<\/b>, con el consiguiente estr\u00e9s que ello conlleva: mamograf\u00edas para ampliar la zona de la mama que ofrece dudas, ecograf\u00edas, resonancias, punciones y biopsias tanto en consulta como en quir\u00f3fano.<\/p><p>La mama normal est\u00e1 constituida por dos componentes: la gl\u00e1ndula mamaria (que es el tejido que produce leche para amamantar a nuestros hijos) y el tejido graso que act\u00faa como relleno de la mama. Cuando tenemos reglas, la gl\u00e1ndula est\u00e1 muy desarrollada y aparece <b>en la mamograf\u00eda<\/b> en forma de unas ramificaciones blancas sobre un fondo negro (grasa). Al contrario, cuando ya no tenemos reglas, y por tanto ya no tendremos que amamantar a nuestros hijos, la gl\u00e1ndula se hace muy fina y las mencionadas ramificaciones son mucho menos prominentes. Como el <b>c\u00e1ncer de mama aparece en forma de mancha blanca<\/b>, si una <b>tiene<\/b> <b>reglas<\/b> y la mancha blanca es peque\u00f1a, \u00e9sta puede quedar oculta tras la gl\u00e1ndula normal. En cambio, <b>cuando ya no tenemos reglas<\/b>, los tumores destacan mucho, pues la mama radiol\u00f3gicamente es muy negra. Lo antedicho explica <b>la mayor capacidad de detecci\u00f3n de la mamograf\u00eda despu\u00e9s de la menopausia<\/b> que antes de la misma. Es frecuente que el radi\u00f3logo recomiende una ecograf\u00eda adicional a aquellas mujeres con la gl\u00e1ndula mamaria muy marcada en las mamograf\u00edas, pues es una forma de suplir los defectos de detecci\u00f3n de las mamograf\u00edas en estas pacientes.<\/p><p>Otro aspecto que merece consideraci\u00f3n es que la probabilidad de padecer un c\u00e1ncer de mama aumenta con la edad y con los antecedentes de c\u00e1ncer (en familiares muy pr\u00f3ximos, sobre todo si los que padecieron el c\u00e1ncer son hombres de cualquier edad o mujeres muy j\u00f3venes). Las recomendaciones de cribado tienen en cuenta las circunstancias antedichas. Se ha calculado que <b>entre 2.000 mujeres sin antecedentes familiares pr\u00f3ximos, de 40 a 49 a\u00f1os, sometidas a mamograf\u00edas, una prolongar\u00e1 su vida gracias al cribado, pero 10 ser\u00e1n diagnosticadas de c\u00e1ncer de mama muy precoces y de evoluci\u00f3n muy lenta que, si no hubieran sido ni diagnosticados, no hubieran disminuido los a\u00f1os de vida de la paciente. <\/b>Adem\u00e1s, estas 10 mujeres sufrir\u00e1n el estr\u00e9s del tratamiento y de los controles peri\u00f3dicos del c\u00e1ncer de mama.<\/p><p>Un estudio cient\u00edfico\u00a0de alt\u00edsima calidad de 2014, sobre casi 90.000 mujeres\u00a0<strong>entre 40\u00a0y 59 a\u00f1os,<\/strong>\u00a0y muy citado en los foros m\u00e9dicos m\u00e1s reputados, no consigui\u00f3 demostrar una disminuci\u00f3n de la mortalidad asociada a la realizaci\u00f3n de las mamograf\u00edas de cribado en este grupo de edad. Nos hicimos eco de esta investigaci\u00f3n en una noticia publicada en <a href=\"https:\/\/www.doctoragibert.com\/es\/demasiadas-mamografias\/\" target=\"_blank\" rel=\"noopener\">nuestra\u00a0web<\/a>.<\/p><p><a href=\"https:\/\/www.doctoragibert.com\/wp-content\/uploads\/2021\/08\/prevencio_mama.jpg\"><img decoding=\"async\" class=\"alignleft size-full wp-image-15942\" src=\"https:\/\/www.doctoragibert.com\/wp-content\/uploads\/2021\/08\/prevencio_mama.jpg\" alt=\"\" width=\"2128\" height=\"1216\" srcset=\"https:\/\/www.doctoragibert.com\/wp-content\/uploads\/2021\/08\/prevencio_mama.jpg 2128w, https:\/\/www.doctoragibert.com\/wp-content\/uploads\/2021\/08\/prevencio_mama-1536x878.jpg 1536w, https:\/\/www.doctoragibert.com\/wp-content\/uploads\/2021\/08\/prevencio_mama-2048x1170.jpg 2048w\" sizes=\"(max-width: 2128px) 100vw, 2128px\" \/><\/a><\/p><p>En el tramo de edad <strong>entre los 50 y 69 a\u00f1os<\/strong>, el c\u00e1ncer de mama se diagnostica mejor por mamograf\u00eda y adem\u00e1s es m\u00e1s frecuente, de forma que entre 2.000 mujeres de esta edad que se hacen mamograf\u00edas se conseguir\u00e1, cuando hayan alcanzado los 80 a\u00f1os, seg\u00fan la infograf\u00eda adjunta, que 11 alarguen su vida, por lo tanto,\u00a0<b>la mayor\u00eda de programas de cribado se aplican\u00a0<u>a mujeres entre 50 y 69 a\u00f1os<\/u>, pues son las edades de mayor rendimiento de la mamograf\u00eda.<\/b>\u00a0Aun con todo,\u00a0<b>el beneficio del cribado mamogr\u00e1fico en este grupo de edad es s\u00f3lo moderado<\/b>, pues el peor pron\u00f3stico es para aquellos c\u00e1nceres que miden m\u00e1s de 2 cm de di\u00e1metro al diagn\u00f3stico y, por tanto, son potencialmente diagnosticables mediante la palpaci\u00f3n.<\/p><p><img decoding=\"async\" class=\" wp-image-11026 alignleft\" src=\"https:\/\/www.doctoragibert.com\/wp-content\/uploads\/2015\/09\/Time_Breast_do_nothing.png\" alt=\"Time_Breast_do_nothing\" width=\"193\" height=\"258\" srcset=\"https:\/\/www.doctoragibert.com\/wp-content\/uploads\/2015\/09\/Time_Breast_do_nothing.png 493w, https:\/\/www.doctoragibert.com\/wp-content\/uploads\/2015\/09\/Time_Breast_do_nothing-224x300.png 224w\" sizes=\"(max-width: 193px) 100vw, 193px\" \/><\/p><p>Adem\u00e1s, para conseguir la mencionada prolongaci\u00f3n vital en 11 mujeres, 400 necesitar\u00e1n pruebas adicionales que posteriormente descartar\u00e1n el c\u00e1ncer, 20 ser\u00e1n diagnosticadas de un c\u00e1ncer de mama de evoluci\u00f3n tan lenta que, de no haberse diagnosticado, jam\u00e1s hubiera supuesto una amenaza para su vida. Ochenta\u00a0mujeres ser\u00e1n diagnosticadas de c\u00e1ncer de mama y sobrevivir\u00e1n, tanto se hubieran realizado como si no mamograf\u00edas preventivas, mientras que 40 morir\u00e1n de c\u00e1ncer de mama, incluso, habi\u00e9ndose hecho las mamograf\u00edas preventivas que les hubieran correspondido.<\/p><p>La realizaci\u00f3n de mamograf\u00edas de cribado a mujeres de 40-49 a\u00f1os y 70-75 a\u00f1os es motivo de controversia entre diferentes organismos cient\u00edficos. As\u00ed, la U.S. Preventive Services Task Force (USPSTF) recomienda las mamograf\u00edas entre los 50 y\u00a074 a\u00f1os, mientras que la American Cancer Society las recomienda a partir de los 40 a\u00f1os.<\/p><p>Lo que est\u00e1 claro, es que la decisi\u00f3n de empezar el cribado a los 40 o a los 50 a\u00f1os, o incluso de no someterse al cribado, depende de que la mujer entienda lo que aqu\u00ed explicamos. La decisi\u00f3n muchas veces est\u00e1 influenciada por el miedo al c\u00e1ncer de las mujeres o por experiencias negativas que hayan podido vivir con familiares o amigas.\u00a0<\/p><div class=\"clear\">\u00a0<\/div><p><b>Fuentes de la informaci\u00f3n:<\/b> <i><\/i><\/p><ul><li><i>Fletcher SW, Elmore JG. Mammographic screening for breast cancer. N Engl J Med. 2003;348:1672-80.<\/i><\/li><li><i>Mandelblatt, JS, Cronin, KA, Bailey, S, et al. Effects of Mammography Screening Under Different Screening Schedules: Model Estimates of Potential Benefits and Harms. Ann Intern Med. 2009;151:738.<\/i><\/li><li><i>G\u00f8tzsche PC, J\u00f8rgensen KJ. Screening for breast cancer with mammography. Cochrane Database Syst Rev. 2013 Jun 4;6:CD001877.<\/i><\/li><li><em>Toledo-Ch\u00e1varri A, Ru\u00e9 M, Codern-Bov\u00e9 N, Carles-Lavila M, Perestelo-P\u00e9rez L, P\u00e9rez-Lacasta MJ, Feijoo-Cid M; InforMa Study Group. A qualitative study on a decision aid for breast cancer screening: Views from women and health professionals. Eur J Cancer Care (Engl). 2017;26(3).<\/em><\/li><li><i>U.S. Preventive Services Task Force, Screening for Breast Cancer Recommendation Statement [acceso\u00a020 de octubre de 2019]. Disponible en: <a href=\"https:\/\/annals.org\/aim\/fullarticle\/2480757\/screening-breast-cancer-u-s-preventive-services-task-force-recommendation\" target=\"_blank\" rel=\"noopener\">https:\/\/annals.org\/aim\/fullarticle\/2480757\/screening-breast-cancer-u-s-preventive-services-task-force-recommendation<\/a><\/i><\/li><li><i>American Cancer Society Guidelines for the Early Detection of Cancer [acceso\u00a020 de octubre de 2019]. Disponible en: <a href=\"https:\/\/www.cancer.org\/healthy\/find-cancer-early\/cancer-screening-guidelines\/american-cancer-society-guidelines-for-the-early-detection-of-cancer.html\" target=\"_blank\" rel=\"noopener\">https:\/\/www.cancer.org\/healthy\/find-cancer-early\/cancer-screening-guidelines\/american-cancer-society-guidelines-for-the-early-detection-of-cancer.html<\/a><\/i><\/li><\/ul><div class=\"clear\">\u00a0<\/div>\t\t\t\t\t\t\t\t<\/div>\n\t\t\t\t<\/div>\n\t\t\t\t\t<\/div>\n\t\t<\/div>\n\t\t\t\t\t<\/div>\n\t\t<\/section>\n\t\t\t\t<section class=\"elementor-section elementor-top-section elementor-element elementor-element-5156ff8 elementor-section-boxed elementor-section-height-default elementor-section-height-default\" data-id=\"5156ff8\" data-element_type=\"section\">\n\t\t\t\t\t\t<div class=\"elementor-container elementor-column-gap-default\">\n\t\t\t\t\t<div class=\"elementor-column elementor-col-100 elementor-top-column elementor-element elementor-element-8a9ccdf\" data-id=\"8a9ccdf\" data-element_type=\"column\">\n\t\t\t<div class=\"elementor-widget-wrap elementor-element-populated\">\n\t\t\t\t\t\t<div class=\"elementor-element elementor-element-674d0f7 elementor-widget elementor-widget-shortcode\" data-id=\"674d0f7\" data-element_type=\"widget\" data-widget_type=\"shortcode.default\">\n\t\t\t\t<div class=\"elementor-widget-container\">\n\t\t\t\t\t\t\t<div class=\"elementor-shortcode\">[ssba-buttons]<\/div>\n\t\t\t\t\t\t<\/div>\n\t\t\t\t<\/div>\n\t\t\t\t\t<\/div>\n\t\t<\/div>\n\t\t\t\t\t<\/div>\n\t\t<\/section>\n\t\t\t\t<\/div>\n\t\t","protected":false},"excerpt":{"rendered":"<p>C\u00c1NCER DE MAMA: \u00bfcu\u00e1ndo hay que hacer mamograf\u00edas? Autora:\u00a0Dra. MJ Gibert.Fecha de actualizaci\u00f3n:\u00a020-10-19. El c\u00e1ncer de mama es el m\u00e1s frecuente entre las mujeres (de cada 100 c\u00e1nceres diagnosticados en mujeres, 30 son de mama). Que este c\u00e1ncer se cure o tenga una supervivencia alta depende de un diagn\u00f3stico precoz y sobre todo de la [&hellip;]<\/p>\n","protected":false},"author":12,"featured_media":0,"parent":15303,"menu_order":0,"comment_status":"open","ping_status":"open","template":"elementor_header_footer","meta":{"footnotes":""},"class_list":["post-8802","page","type-page","status-publish","hentry"],"yoast_head":"<!-- This site is optimized with the Yoast SEO plugin v25.0 - https:\/\/yoast.com\/wordpress\/plugins\/seo\/ -->\n<title>C\u00c1NCER DE MAMA: \u00bfcu\u00e1ndo hay que hacer mamograf\u00edas? - DRA. GIBERT<\/title>\n<meta name=\"robots\" content=\"index, follow, max-snippet:-1, max-image-preview:large, max-video-preview:-1\" \/>\n<link rel=\"canonical\" href=\"https:\/\/www.doctoragibert.com\/es\/pacientes\/prevencion-en-ginecologia\/cancer-de-mama-cuando-hay-que-hacer-mamografias\/\" \/>\n<meta property=\"og:locale\" content=\"es_ES\" \/>\n<meta property=\"og:type\" content=\"article\" \/>\n<meta property=\"og:title\" content=\"C\u00c1NCER DE MAMA: \u00bfcu\u00e1ndo hay que hacer mamograf\u00edas? - DRA. GIBERT\" \/>\n<meta property=\"og:description\" content=\"C\u00c1NCER DE MAMA: \u00bfcu\u00e1ndo hay que hacer mamograf\u00edas? Autora:\u00a0Dra. MJ Gibert.Fecha de actualizaci\u00f3n:\u00a020-10-19. El c\u00e1ncer de mama es el m\u00e1s frecuente entre las mujeres (de cada 100 c\u00e1nceres diagnosticados en mujeres, 30 son de mama). Que este c\u00e1ncer se cure o tenga una supervivencia alta depende de un diagn\u00f3stico precoz y sobre todo de la [&hellip;]\" \/>\n<meta property=\"og:url\" content=\"https:\/\/www.doctoragibert.com\/es\/pacientes\/prevencion-en-ginecologia\/cancer-de-mama-cuando-hay-que-hacer-mamografias\/\" \/>\n<meta property=\"og:site_name\" content=\"DRA. GIBERT\" \/>\n<meta property=\"article:publisher\" content=\"https:\/\/www.facebook.com\/doctoragibert\" \/>\n<meta property=\"article:modified_time\" content=\"2021-09-12T15:31:22+00:00\" \/>\n<meta property=\"og:image\" content=\"https:\/\/www.doctoragibert.com\/wp-content\/uploads\/2015\/09\/ecd56e15cab921b9257e66371acff24e.png\" \/>\n<meta name=\"twitter:label1\" content=\"Tiempo de lectura\" \/>\n\t<meta name=\"twitter:data1\" content=\"6 minutos\" \/>\n<script type=\"application\/ld+json\" class=\"yoast-schema-graph\">{\"@context\":\"https:\/\/schema.org\",\"@graph\":[{\"@type\":\"WebPage\",\"@id\":\"https:\/\/www.doctoragibert.com\/es\/pacientes\/prevencion-en-ginecologia\/cancer-de-mama-cuando-hay-que-hacer-mamografias\/\",\"url\":\"https:\/\/www.doctoragibert.com\/es\/pacientes\/prevencion-en-ginecologia\/cancer-de-mama-cuando-hay-que-hacer-mamografias\/\",\"name\":\"C\u00c1NCER DE MAMA: \u00bfcu\u00e1ndo hay que hacer mamograf\u00edas? - DRA. GIBERT\",\"isPartOf\":{\"@id\":\"https:\/\/www.doctoragibert.com\/es\/#website\"},\"primaryImageOfPage\":{\"@id\":\"https:\/\/www.doctoragibert.com\/es\/pacientes\/prevencion-en-ginecologia\/cancer-de-mama-cuando-hay-que-hacer-mamografias\/#primaryimage\"},\"image\":{\"@id\":\"https:\/\/www.doctoragibert.com\/es\/pacientes\/prevencion-en-ginecologia\/cancer-de-mama-cuando-hay-que-hacer-mamografias\/#primaryimage\"},\"thumbnailUrl\":\"https:\/\/www.doctoragibert.com\/wp-content\/uploads\/2015\/09\/ecd56e15cab921b9257e66371acff24e.png\",\"datePublished\":\"2015-09-29T08:47:11+00:00\",\"dateModified\":\"2021-09-12T15:31:22+00:00\",\"breadcrumb\":{\"@id\":\"https:\/\/www.doctoragibert.com\/es\/pacientes\/prevencion-en-ginecologia\/cancer-de-mama-cuando-hay-que-hacer-mamografias\/#breadcrumb\"},\"inLanguage\":\"es\",\"potentialAction\":[{\"@type\":\"ReadAction\",\"target\":[\"https:\/\/www.doctoragibert.com\/es\/pacientes\/prevencion-en-ginecologia\/cancer-de-mama-cuando-hay-que-hacer-mamografias\/\"]}]},{\"@type\":\"ImageObject\",\"inLanguage\":\"es\",\"@id\":\"https:\/\/www.doctoragibert.com\/es\/pacientes\/prevencion-en-ginecologia\/cancer-de-mama-cuando-hay-que-hacer-mamografias\/#primaryimage\",\"url\":\"https:\/\/www.doctoragibert.com\/wp-content\/uploads\/2015\/09\/ecd56e15cab921b9257e66371acff24e.png\",\"contentUrl\":\"https:\/\/www.doctoragibert.com\/wp-content\/uploads\/2015\/09\/ecd56e15cab921b9257e66371acff24e.png\"},{\"@type\":\"BreadcrumbList\",\"@id\":\"https:\/\/www.doctoragibert.com\/es\/pacientes\/prevencion-en-ginecologia\/cancer-de-mama-cuando-hay-que-hacer-mamografias\/#breadcrumb\",\"itemListElement\":[{\"@type\":\"ListItem\",\"position\":1,\"name\":\"PACIENTES\",\"item\":\"https:\/\/www.doctoragibert.com\/es\/pacientes\/\"},{\"@type\":\"ListItem\",\"position\":2,\"name\":\"PREVENCI\u00d3N EN GINECOLOG\u00cdA\",\"item\":\"https:\/\/www.doctoragibert.com\/es\/pacientes\/prevencion-en-ginecologia\/\"},{\"@type\":\"ListItem\",\"position\":3,\"name\":\"C\u00c1NCER DE MAMA: \u00bfcu\u00e1ndo hay que hacer mamograf\u00edas?\"}]},{\"@type\":\"WebSite\",\"@id\":\"https:\/\/www.doctoragibert.com\/es\/#website\",\"url\":\"https:\/\/www.doctoragibert.com\/es\/\",\"name\":\"DRA. GIBERT\",\"description\":\"Ginecologia i obstetricia\",\"potentialAction\":[{\"@type\":\"SearchAction\",\"target\":{\"@type\":\"EntryPoint\",\"urlTemplate\":\"https:\/\/www.doctoragibert.com\/es\/?s={search_term_string}\"},\"query-input\":{\"@type\":\"PropertyValueSpecification\",\"valueRequired\":true,\"valueName\":\"search_term_string\"}}],\"inLanguage\":\"es\"}]}<\/script>\n<!-- \/ Yoast SEO plugin. -->","yoast_head_json":{"title":"C\u00c1NCER DE MAMA: \u00bfcu\u00e1ndo hay que hacer mamograf\u00edas? - DRA. GIBERT","robots":{"index":"index","follow":"follow","max-snippet":"max-snippet:-1","max-image-preview":"max-image-preview:large","max-video-preview":"max-video-preview:-1"},"canonical":"https:\/\/www.doctoragibert.com\/es\/pacientes\/prevencion-en-ginecologia\/cancer-de-mama-cuando-hay-que-hacer-mamografias\/","og_locale":"es_ES","og_type":"article","og_title":"C\u00c1NCER DE MAMA: \u00bfcu\u00e1ndo hay que hacer mamograf\u00edas? - DRA. GIBERT","og_description":"C\u00c1NCER DE MAMA: \u00bfcu\u00e1ndo hay que hacer mamograf\u00edas? Autora:\u00a0Dra. MJ Gibert.Fecha de actualizaci\u00f3n:\u00a020-10-19. El c\u00e1ncer de mama es el m\u00e1s frecuente entre las mujeres (de cada 100 c\u00e1nceres diagnosticados en mujeres, 30 son de mama). Que este c\u00e1ncer se cure o tenga una supervivencia alta depende de un diagn\u00f3stico precoz y sobre todo de la [&hellip;]","og_url":"https:\/\/www.doctoragibert.com\/es\/pacientes\/prevencion-en-ginecologia\/cancer-de-mama-cuando-hay-que-hacer-mamografias\/","og_site_name":"DRA. GIBERT","article_publisher":"https:\/\/www.facebook.com\/doctoragibert","article_modified_time":"2021-09-12T15:31:22+00:00","og_image":[{"url":"https:\/\/www.doctoragibert.com\/wp-content\/uploads\/2015\/09\/ecd56e15cab921b9257e66371acff24e.png","type":"","width":"","height":""}],"twitter_misc":{"Tiempo de lectura":"6 minutos"},"schema":{"@context":"https:\/\/schema.org","@graph":[{"@type":"WebPage","@id":"https:\/\/www.doctoragibert.com\/es\/pacientes\/prevencion-en-ginecologia\/cancer-de-mama-cuando-hay-que-hacer-mamografias\/","url":"https:\/\/www.doctoragibert.com\/es\/pacientes\/prevencion-en-ginecologia\/cancer-de-mama-cuando-hay-que-hacer-mamografias\/","name":"C\u00c1NCER DE MAMA: \u00bfcu\u00e1ndo hay que hacer mamograf\u00edas? - DRA. GIBERT","isPartOf":{"@id":"https:\/\/www.doctoragibert.com\/es\/#website"},"primaryImageOfPage":{"@id":"https:\/\/www.doctoragibert.com\/es\/pacientes\/prevencion-en-ginecologia\/cancer-de-mama-cuando-hay-que-hacer-mamografias\/#primaryimage"},"image":{"@id":"https:\/\/www.doctoragibert.com\/es\/pacientes\/prevencion-en-ginecologia\/cancer-de-mama-cuando-hay-que-hacer-mamografias\/#primaryimage"},"thumbnailUrl":"https:\/\/www.doctoragibert.com\/wp-content\/uploads\/2015\/09\/ecd56e15cab921b9257e66371acff24e.png","datePublished":"2015-09-29T08:47:11+00:00","dateModified":"2021-09-12T15:31:22+00:00","breadcrumb":{"@id":"https:\/\/www.doctoragibert.com\/es\/pacientes\/prevencion-en-ginecologia\/cancer-de-mama-cuando-hay-que-hacer-mamografias\/#breadcrumb"},"inLanguage":"es","potentialAction":[{"@type":"ReadAction","target":["https:\/\/www.doctoragibert.com\/es\/pacientes\/prevencion-en-ginecologia\/cancer-de-mama-cuando-hay-que-hacer-mamografias\/"]}]},{"@type":"ImageObject","inLanguage":"es","@id":"https:\/\/www.doctoragibert.com\/es\/pacientes\/prevencion-en-ginecologia\/cancer-de-mama-cuando-hay-que-hacer-mamografias\/#primaryimage","url":"https:\/\/www.doctoragibert.com\/wp-content\/uploads\/2015\/09\/ecd56e15cab921b9257e66371acff24e.png","contentUrl":"https:\/\/www.doctoragibert.com\/wp-content\/uploads\/2015\/09\/ecd56e15cab921b9257e66371acff24e.png"},{"@type":"BreadcrumbList","@id":"https:\/\/www.doctoragibert.com\/es\/pacientes\/prevencion-en-ginecologia\/cancer-de-mama-cuando-hay-que-hacer-mamografias\/#breadcrumb","itemListElement":[{"@type":"ListItem","position":1,"name":"PACIENTES","item":"https:\/\/www.doctoragibert.com\/es\/pacientes\/"},{"@type":"ListItem","position":2,"name":"PREVENCI\u00d3N EN GINECOLOG\u00cdA","item":"https:\/\/www.doctoragibert.com\/es\/pacientes\/prevencion-en-ginecologia\/"},{"@type":"ListItem","position":3,"name":"C\u00c1NCER DE MAMA: \u00bfcu\u00e1ndo hay que hacer mamograf\u00edas?"}]},{"@type":"WebSite","@id":"https:\/\/www.doctoragibert.com\/es\/#website","url":"https:\/\/www.doctoragibert.com\/es\/","name":"DRA. GIBERT","description":"Ginecologia i obstetricia","potentialAction":[{"@type":"SearchAction","target":{"@type":"EntryPoint","urlTemplate":"https:\/\/www.doctoragibert.com\/es\/?s={search_term_string}"},"query-input":{"@type":"PropertyValueSpecification","valueRequired":true,"valueName":"search_term_string"}}],"inLanguage":"es"}]}},"_links":{"self":[{"href":"https:\/\/www.doctoragibert.com\/es\/wp-json\/wp\/v2\/pages\/8802","targetHints":{"allow":["GET"]}}],"collection":[{"href":"https:\/\/www.doctoragibert.com\/es\/wp-json\/wp\/v2\/pages"}],"about":[{"href":"https:\/\/www.doctoragibert.com\/es\/wp-json\/wp\/v2\/types\/page"}],"author":[{"embeddable":true,"href":"https:\/\/www.doctoragibert.com\/es\/wp-json\/wp\/v2\/users\/12"}],"replies":[{"embeddable":true,"href":"https:\/\/www.doctoragibert.com\/es\/wp-json\/wp\/v2\/comments?post=8802"}],"version-history":[{"count":5,"href":"https:\/\/www.doctoragibert.com\/es\/wp-json\/wp\/v2\/pages\/8802\/revisions"}],"predecessor-version":[{"id":17934,"href":"https:\/\/www.doctoragibert.com\/es\/wp-json\/wp\/v2\/pages\/8802\/revisions\/17934"}],"up":[{"embeddable":true,"href":"https:\/\/www.doctoragibert.com\/es\/wp-json\/wp\/v2\/pages\/15303"}],"wp:attachment":[{"href":"https:\/\/www.doctoragibert.com\/es\/wp-json\/wp\/v2\/media?parent=8802"}],"curies":[{"name":"wp","href":"https:\/\/api.w.org\/{rel}","templated":true}]}}