{"id":8810,"date":"2015-09-29T08:54:07","date_gmt":"2015-09-29T08:54:07","guid":{"rendered":"http:\/\/gibert.uxiodigital.com\/prevencio-en-ginecologia\/les-mamografies-i-les-tomografies-computeritzades-irradien-molt\/"},"modified":"2021-08-27T12:38:56","modified_gmt":"2021-08-27T12:38:56","slug":"las-mamografias-y-las-tomografias-computerizadas-irradian-mucho","status":"publish","type":"page","link":"https:\/\/www.doctoragibert.com\/es\/pacientes\/prevencion-en-ginecologia\/las-mamografias-y-las-tomografias-computerizadas-irradian-mucho\/","title":{"rendered":"LAS MAMOGRAF\u00cdAS Y LAS TOMOGRAF\u00cdAS COMPUTERIZADAS: \u00bfirradian mucho?"},"content":{"rendered":"\t\t<div data-elementor-type=\"wp-page\" data-elementor-id=\"8810\" class=\"elementor elementor-8810 elementor-8806\">\n\t\t\t\t\t\t<section class=\"elementor-section elementor-top-section elementor-element elementor-element-4f5856c elementor-section-boxed elementor-section-height-default elementor-section-height-default\" data-id=\"4f5856c\" data-element_type=\"section\" data-settings=\"{&quot;background_background&quot;:&quot;classic&quot;}\">\n\t\t\t\t\t\t<div class=\"elementor-container elementor-column-gap-default\">\n\t\t\t\t\t<div class=\"elementor-column elementor-col-100 elementor-top-column elementor-element elementor-element-89e94a9\" data-id=\"89e94a9\" data-element_type=\"column\">\n\t\t\t<div class=\"elementor-widget-wrap elementor-element-populated\">\n\t\t\t\t\t\t<div class=\"elementor-element elementor-element-3d3471f elementor-widget elementor-widget-spacer\" data-id=\"3d3471f\" data-element_type=\"widget\" data-widget_type=\"spacer.default\">\n\t\t\t\t<div class=\"elementor-widget-container\">\n\t\t\t\t\t\t\t<div class=\"elementor-spacer\">\n\t\t\t<div class=\"elementor-spacer-inner\"><\/div>\n\t\t<\/div>\n\t\t\t\t\t\t<\/div>\n\t\t\t\t<\/div>\n\t\t\t\t<div class=\"elementor-element elementor-element-f03b2e8 elementor-widget elementor-widget-heading\" data-id=\"f03b2e8\" data-element_type=\"widget\" data-widget_type=\"heading.default\">\n\t\t\t\t<div class=\"elementor-widget-container\">\n\t\t\t\t\t<h2 class=\"elementor-heading-title elementor-size-default\">LAS MAMOGRAF\u00cdAS Y LAS TOMOGRAF\u00cdAS COMPUTERIZADAS: \u00bfirradian mucho?<\/h2>\t\t\t\t<\/div>\n\t\t\t\t<\/div>\n\t\t\t\t<div class=\"elementor-element elementor-element-c407ec1 elementor-widget-divider--view-line elementor-widget elementor-widget-divider\" data-id=\"c407ec1\" data-element_type=\"widget\" data-widget_type=\"divider.default\">\n\t\t\t\t<div class=\"elementor-widget-container\">\n\t\t\t\t\t\t\t<div class=\"elementor-divider\">\n\t\t\t<span class=\"elementor-divider-separator\">\n\t\t\t\t\t\t<\/span>\n\t\t<\/div>\n\t\t\t\t\t\t<\/div>\n\t\t\t\t<\/div>\n\t\t\t\t<div class=\"elementor-element elementor-element-10a9524 migasdepan elementor-widget elementor-widget-wp-widget-bcn_widget\" data-id=\"10a9524\" data-element_type=\"widget\" data-widget_type=\"wp-widget-bcn_widget.default\">\n\t\t\t\t<div class=\"elementor-widget-container\">\n\t\t\t\t\t<div class=\"breadcrumbs\" vocab=\"https:\/\/schema.org\/\" typeof=\"BreadcrumbList\"><!-- Breadcrumb NavXT 7.4.1 -->\n<span property=\"itemListElement\" typeof=\"ListItem\"><a property=\"item\" typeof=\"WebPage\" title=\"Ir a DRA. GIBERT.\" href=\"https:\/\/www.doctoragibert.com\/es\/\" class=\"home\" aria-current=\"page\"><span property=\"name\">DRA. GIBERT<\/span><\/a><meta property=\"position\" content=\"1\"><\/span><\/div>\t\t\t\t<\/div>\n\t\t\t\t<\/div>\n\t\t\t\t<div class=\"elementor-element elementor-element-6e33a37 elementor-widget elementor-widget-spacer\" data-id=\"6e33a37\" data-element_type=\"widget\" data-widget_type=\"spacer.default\">\n\t\t\t\t<div class=\"elementor-widget-container\">\n\t\t\t\t\t\t\t<div class=\"elementor-spacer\">\n\t\t\t<div class=\"elementor-spacer-inner\"><\/div>\n\t\t<\/div>\n\t\t\t\t\t\t<\/div>\n\t\t\t\t<\/div>\n\t\t\t\t\t<\/div>\n\t\t<\/div>\n\t\t\t\t\t<\/div>\n\t\t<\/section>\n\t\t\t\t<section class=\"elementor-section elementor-top-section elementor-element elementor-element-2ce026e4 elementor-section-boxed elementor-section-height-default elementor-section-height-default\" data-id=\"2ce026e4\" data-element_type=\"section\">\n\t\t\t\t\t\t<div class=\"elementor-container elementor-column-gap-default\">\n\t\t\t\t\t<div class=\"elementor-column elementor-col-100 elementor-top-column elementor-element elementor-element-2d014b11\" data-id=\"2d014b11\" data-element_type=\"column\">\n\t\t\t<div class=\"elementor-widget-wrap elementor-element-populated\">\n\t\t\t\t\t\t<div class=\"elementor-element elementor-element-3f83ef6f elementor-widget elementor-widget-text-editor\" data-id=\"3f83ef6f\" data-element_type=\"widget\" data-widget_type=\"text-editor.default\">\n\t\t\t\t<div class=\"elementor-widget-container\">\n\t\t\t\t\t\t\t\t\t<p>Es frecuente que las pacientes nos pregunten si las mamograf\u00edas irradian mucho, en cambio, no nos suelen preguntar si esto ocurre con las tomograf\u00edas computerizadas. Suponemos que esto se debe a que la mayor\u00eda de mamograf\u00edas se realizan en mujeres sin s\u00edntomas, dentro programas de diagn\u00f3stico precoz, mientras que las tomograf\u00edas se indican si hay molestias. Ya os adelantamos que las mamograf\u00edas irradian muy poco, y las tomograf\u00edas mucho, por lo tanto, es importante que tanto m\u00e9dico como enfermo valoren los pros y los contras de una u otra prueba de imagen y que se decanten por aqu\u00e9llas que pueden tener un rendimiento similar sin generar riesgo.<\/p><p>Las radiaciones que se utilizan en Medicina son\u00a0<b>ionizantes<\/b>. Se llaman as\u00ed porque generan iones (part\u00edculas con carga el\u00e9ctrica) en los tejidos que atraviesan. Estas radiaciones pueden ser ondas electromagn\u00e9ticas (las que se utilizan sobre todo en las radiograf\u00edas, tomograf\u00edas computerizadas y gammagraf\u00edas) o part\u00edculas (se usan para radioterapia).<\/p><p>Las radiaciones est\u00e1n presentes de forma natural en el suelo, el agua o el aire. La principal fuente de radiaci\u00f3n natural es el rad\u00f3n o gas que emana de la tierra y de las rocas. Adem\u00e1s, respiramos cada d\u00eda e ingerimos part\u00edculas radiactivas ocultas en el aire, el agua o los alimentos. De hecho,\u00a0<b>la gran parte de la radiaci\u00f3n que recibe una persona es de origen natural<\/b>.<\/p><p>Si recibimos una dosis demasiado alta de radiaci\u00f3n en poco tiempo pueden aparecer quemaduras y enrojecimiento de la piel, ca\u00edda de cabello o s\u00edntomas m\u00e1s graves. En cambio, si nos exponemos a dosis bajas pero repetidas aumenta nuestro riesgo de c\u00e1ncer, sobre todo si somos ni\u00f1os o adolescentes.<\/p><p><b>La estimaci\u00f3n del riesgo de lesiones producidas por radiaciones se calcula a partir de la dosis efectiva (se mide en sieverts (Sv)).<\/b>\u00a0El sievert caracteriza la radiaci\u00f3n en cuanto a su capacidad para hacer da\u00f1o y tiene en cuenta tanto el tipo de radiaci\u00f3n como la sensibilidad de los diferentes \u00f3rganos del cuerpo. Como es una unidad muy grande, es m\u00e1s pr\u00e1ctico utilizar el milisievert (mSV) o la mil\u00e9sima parte del sievert.<\/p><p><b>Las fuentes de irradiaci\u00f3n natural nos procuran unos 3 mSv anuales<\/b>, dosis que es perfectamente tolerada, por el contrario\u00a0<b>si la dosis efectiva supera el 100 mSv hay un riesgo significativo de c\u00e1ncer<\/b>. Esta \u00faltima cantidad es propia de accidentes at\u00f3micos, radioterapia o de si se realizan repetidamente pruebas de imagen que procuren una dosis efectiva elevada.<\/p><p>En la siguiente\u00a0<b>tabla<\/b> puede ver las dosis efectivas medianas de diferentes pruebas de imagen. La dosis efectiva de la radiograf\u00eda de t\u00f3rax es muy baja, como 30 veces i<\/p><p>nferior a la recibida de la naturaleza durante un a\u00f1o. En cuanto a la mamograf\u00eda, la dosis es 8 veces inferior. Por tanto, no se puede decir que la placa de t\u00f3rax y la mamograf\u00eda pongan en riesgo nuestra salud. En cambio, los estudios del tubo digestivo mediante enemas o tomograf\u00edas computerizadas nos aportan dosis al menos 3 veces superiores a las recibidas de la naturaleza durante un a\u00f1o.<\/p><p><a href=\"https:\/\/www.doctoragibert.com\/wp-content\/uploads\/2021\/08\/tabla-mamografias-tomografias.png\"><img fetchpriority=\"high\" decoding=\"async\" class=\"alignleft size-full wp-image-15956\" src=\"https:\/\/www.doctoragibert.com\/wp-content\/uploads\/2021\/08\/tabla-mamografias-tomografias.png\" alt=\"\" width=\"600\" height=\"190\" \/><\/a><\/p><p>\u00a0<\/p><p>La direcci\u00f3n <a href=\"http:\/\/www.xrayrisk.com\/calculator\/calculator.php\" target=\"_blank\" rel=\"noopener\"><b>xrayrisk<\/b><\/a>\u00a0nos ayuda a medir el riesgo de c\u00e1ncer asumido con las diferentes pruebas de imagen que nos puedan indicar. Por ejemplo, si entre los 50 y 70 a\u00f1os nos hacemos una mamograf\u00eda cada 2 a\u00f1os, la calculadora mencionada nos da un riesgo adicional de c\u00e1ncer de uno entre 2.423. Esta cifra se ha de confrontar con el riesgo de c\u00e1ncer de mama invasivo que asume cualquier mujer si llega a vivir \u00a090 a\u00f1os, que es superior al 11%, cifra muy superior a 1\/2.423. Otro ejemplo podr\u00eda ser una mujer operada de c\u00e1ncer de ovario a los 45 a\u00f1os a la que se le solicitan tomograf\u00edas de abdomen y pelvis anuales durante 10 a\u00f1os, lo cual supone un aumento de riesgo de c\u00e1ncer de algo m\u00e1s que un 1%, riesgo no despreciable y que debe ser ponderado junto con el beneficio en supervivencia o en calidad de vida que pueda, o no, obtenerse de la prueba.<\/p><p>Por \u00faltimo, destacamos que <b>ni las ecograf\u00edas ni las resonancias nos exponen a ninguno de los riesgos mencionados, dado que no utilizan radiaciones ionizantes<\/b>.<\/p><div class=\"clear\">\u00a0<\/div><p><b>Fuentes de la informaci\u00f3n:<\/b> <i><\/i><\/p><ul><li>Brenner, DJ, Elliston, CD. Estimated radiation risks potentially associated with full-body CT screening. Radiology 2004;232:735-8.<\/li><li>Mettler, FA, Huda, W, Yoshizumi, TT, Mahesh, M. Effective doses in radiology and diagnostic nuclear medicine: a catalog. Radiology 2008; 248:254-63.<\/li><li>Smith-Bindman R, Lipson J, Marcus R, Kim KP, Mahesh M, Gould R, Berrington de Gonz\u00e1lez A, Miglioretti DL. Radiation dose associated with common computed tomography examinations and the associated lifetime attributable risk of cancer. Arch\u00a0 \u00a0Intern Med 2009;169:2078-86.<\/li><li>Shrimpton PC, Hillier MC, Lewis MA, Dunn M. National survey of doses from CT in the UK: 2003. Br J Radiol 2006;79:968-80.<\/li><li>The 2007 Recommendations of the International Commission on Radiological Protection. ICRP publication 103. Ann ICRP. 2007;37:1-332.<\/li><li>World Health Organisation. Radiaciones ionizantes: efectos en la salud y medidas de protecci\u00f3n. Nota descriptiva N\u00b0371. Noviembre de 2012. [acceso 23-2-15]. Disponible en:\u00a0<a href=\"http:\/\/www.who.int\/mediacentre\/factsheets\/fs371\/es\/\">http:\/\/www.who.int\/mediacentre\/factsheets\/fs371\/es\/<\/a>.<\/li><li>www.XrayRisk.com. Radiation and Medical Imaging. [acceso 23-2-15]. Disponible en:\u00a0<a href=\"http:\/\/www.xrayrisk.com\/handouts\/X-rayRisk.com-Radiation-Information-Handout-1.0.pdf\">http:\/\/www.xrayrisk.com\/handouts\/X-rayRisk.com-Radiation-Information-Handout-1.0.pdf<\/a>.<\/li><\/ul><div class=\"clear\">\u00a0<\/div>\t\t\t\t\t\t\t\t<\/div>\n\t\t\t\t<\/div>\n\t\t\t\t\t<\/div>\n\t\t<\/div>\n\t\t\t\t\t<\/div>\n\t\t<\/section>\n\t\t\t\t<section class=\"elementor-section elementor-top-section elementor-element elementor-element-312d54f elementor-section-boxed elementor-section-height-default elementor-section-height-default\" data-id=\"312d54f\" data-element_type=\"section\">\n\t\t\t\t\t\t<div class=\"elementor-container elementor-column-gap-default\">\n\t\t\t\t\t<div class=\"elementor-column elementor-col-100 elementor-top-column elementor-element elementor-element-d36a6da\" data-id=\"d36a6da\" data-element_type=\"column\">\n\t\t\t<div class=\"elementor-widget-wrap elementor-element-populated\">\n\t\t\t\t\t\t<div class=\"elementor-element elementor-element-668fd10 elementor-widget elementor-widget-shortcode\" data-id=\"668fd10\" data-element_type=\"widget\" data-widget_type=\"shortcode.default\">\n\t\t\t\t<div class=\"elementor-widget-container\">\n\t\t\t\t\t\t\t<div class=\"elementor-shortcode\">[ssba-buttons]<\/div>\n\t\t\t\t\t\t<\/div>\n\t\t\t\t<\/div>\n\t\t\t\t\t<\/div>\n\t\t<\/div>\n\t\t\t\t\t<\/div>\n\t\t<\/section>\n\t\t\t\t<\/div>\n\t\t","protected":false},"excerpt":{"rendered":"<p>LAS MAMOGRAF\u00cdAS Y LAS TOMOGRAF\u00cdAS COMPUTERIZADAS: \u00bfirradian mucho? Es frecuente que las pacientes nos pregunten si las mamograf\u00edas irradian mucho, en cambio, no nos suelen preguntar si esto ocurre con las tomograf\u00edas computerizadas. Suponemos que esto se debe a que la mayor\u00eda de mamograf\u00edas se realizan en mujeres sin s\u00edntomas, dentro programas de diagn\u00f3stico precoz, [&hellip;]<\/p>\n","protected":false},"author":12,"featured_media":0,"parent":15303,"menu_order":0,"comment_status":"open","ping_status":"open","template":"elementor_header_footer","meta":{"footnotes":""},"class_list":["post-8810","page","type-page","status-publish","hentry"],"yoast_head":"<!-- This site is optimized with the Yoast SEO plugin v25.0 - https:\/\/yoast.com\/wordpress\/plugins\/seo\/ -->\n<title>LAS MAMOGRAF\u00cdAS Y LAS TOMOGRAF\u00cdAS COMPUTERIZADAS: \u00bfirradian mucho? - DRA. GIBERT<\/title>\n<meta name=\"robots\" content=\"index, follow, max-snippet:-1, max-image-preview:large, max-video-preview:-1\" \/>\n<link rel=\"canonical\" href=\"https:\/\/www.doctoragibert.com\/es\/pacientes\/prevencion-en-ginecologia\/las-mamografias-y-las-tomografias-computerizadas-irradian-mucho\/\" \/>\n<meta property=\"og:locale\" content=\"es_ES\" \/>\n<meta property=\"og:type\" content=\"article\" \/>\n<meta property=\"og:title\" content=\"LAS MAMOGRAF\u00cdAS Y LAS TOMOGRAF\u00cdAS COMPUTERIZADAS: \u00bfirradian mucho? - DRA. GIBERT\" \/>\n<meta property=\"og:description\" content=\"LAS MAMOGRAF\u00cdAS Y LAS TOMOGRAF\u00cdAS COMPUTERIZADAS: \u00bfirradian mucho? Es frecuente que las pacientes nos pregunten si las mamograf\u00edas irradian mucho, en cambio, no nos suelen preguntar si esto ocurre con las tomograf\u00edas computerizadas. Suponemos que esto se debe a que la mayor\u00eda de mamograf\u00edas se realizan en mujeres sin s\u00edntomas, dentro programas de diagn\u00f3stico precoz, [&hellip;]\" \/>\n<meta property=\"og:url\" content=\"https:\/\/www.doctoragibert.com\/es\/pacientes\/prevencion-en-ginecologia\/las-mamografias-y-las-tomografias-computerizadas-irradian-mucho\/\" \/>\n<meta property=\"og:site_name\" content=\"DRA. GIBERT\" \/>\n<meta property=\"article:publisher\" content=\"https:\/\/www.facebook.com\/doctoragibert\" \/>\n<meta property=\"article:modified_time\" content=\"2021-08-27T12:38:56+00:00\" \/>\n<meta property=\"og:image\" content=\"https:\/\/www.doctoragibert.com\/wp-content\/uploads\/2021\/08\/tabla-mamografias-tomografias.png\" \/>\n<meta name=\"twitter:label1\" content=\"Tiempo de lectura\" \/>\n\t<meta name=\"twitter:data1\" content=\"5 minutos\" \/>\n<script type=\"application\/ld+json\" class=\"yoast-schema-graph\">{\"@context\":\"https:\/\/schema.org\",\"@graph\":[{\"@type\":\"WebPage\",\"@id\":\"https:\/\/www.doctoragibert.com\/es\/pacientes\/prevencion-en-ginecologia\/las-mamografias-y-las-tomografias-computerizadas-irradian-mucho\/\",\"url\":\"https:\/\/www.doctoragibert.com\/es\/pacientes\/prevencion-en-ginecologia\/las-mamografias-y-las-tomografias-computerizadas-irradian-mucho\/\",\"name\":\"LAS MAMOGRAF\u00cdAS Y LAS TOMOGRAF\u00cdAS COMPUTERIZADAS: \u00bfirradian mucho? - DRA. GIBERT\",\"isPartOf\":{\"@id\":\"https:\/\/www.doctoragibert.com\/es\/#website\"},\"primaryImageOfPage\":{\"@id\":\"https:\/\/www.doctoragibert.com\/es\/pacientes\/prevencion-en-ginecologia\/las-mamografias-y-las-tomografias-computerizadas-irradian-mucho\/#primaryimage\"},\"image\":{\"@id\":\"https:\/\/www.doctoragibert.com\/es\/pacientes\/prevencion-en-ginecologia\/las-mamografias-y-las-tomografias-computerizadas-irradian-mucho\/#primaryimage\"},\"thumbnailUrl\":\"https:\/\/www.doctoragibert.com\/wp-content\/uploads\/2021\/08\/tabla-mamografias-tomografias.png\",\"datePublished\":\"2015-09-29T08:54:07+00:00\",\"dateModified\":\"2021-08-27T12:38:56+00:00\",\"breadcrumb\":{\"@id\":\"https:\/\/www.doctoragibert.com\/es\/pacientes\/prevencion-en-ginecologia\/las-mamografias-y-las-tomografias-computerizadas-irradian-mucho\/#breadcrumb\"},\"inLanguage\":\"es\",\"potentialAction\":[{\"@type\":\"ReadAction\",\"target\":[\"https:\/\/www.doctoragibert.com\/es\/pacientes\/prevencion-en-ginecologia\/las-mamografias-y-las-tomografias-computerizadas-irradian-mucho\/\"]}]},{\"@type\":\"ImageObject\",\"inLanguage\":\"es\",\"@id\":\"https:\/\/www.doctoragibert.com\/es\/pacientes\/prevencion-en-ginecologia\/las-mamografias-y-las-tomografias-computerizadas-irradian-mucho\/#primaryimage\",\"url\":\"https:\/\/www.doctoragibert.com\/wp-content\/uploads\/2021\/08\/tabla-mamografias-tomografias.png\",\"contentUrl\":\"https:\/\/www.doctoragibert.com\/wp-content\/uploads\/2021\/08\/tabla-mamografias-tomografias.png\"},{\"@type\":\"BreadcrumbList\",\"@id\":\"https:\/\/www.doctoragibert.com\/es\/pacientes\/prevencion-en-ginecologia\/las-mamografias-y-las-tomografias-computerizadas-irradian-mucho\/#breadcrumb\",\"itemListElement\":[{\"@type\":\"ListItem\",\"position\":1,\"name\":\"PACIENTES\",\"item\":\"https:\/\/www.doctoragibert.com\/es\/pacientes\/\"},{\"@type\":\"ListItem\",\"position\":2,\"name\":\"PREVENCI\u00d3N EN GINECOLOG\u00cdA\",\"item\":\"https:\/\/www.doctoragibert.com\/es\/pacientes\/prevencion-en-ginecologia\/\"},{\"@type\":\"ListItem\",\"position\":3,\"name\":\"LAS MAMOGRAF\u00cdAS Y LAS TOMOGRAF\u00cdAS COMPUTERIZADAS: \u00bfirradian mucho?\"}]},{\"@type\":\"WebSite\",\"@id\":\"https:\/\/www.doctoragibert.com\/es\/#website\",\"url\":\"https:\/\/www.doctoragibert.com\/es\/\",\"name\":\"DRA. GIBERT\",\"description\":\"Ginecologia i obstetricia\",\"potentialAction\":[{\"@type\":\"SearchAction\",\"target\":{\"@type\":\"EntryPoint\",\"urlTemplate\":\"https:\/\/www.doctoragibert.com\/es\/?s={search_term_string}\"},\"query-input\":{\"@type\":\"PropertyValueSpecification\",\"valueRequired\":true,\"valueName\":\"search_term_string\"}}],\"inLanguage\":\"es\"}]}<\/script>\n<!-- \/ Yoast SEO plugin. -->","yoast_head_json":{"title":"LAS MAMOGRAF\u00cdAS Y LAS TOMOGRAF\u00cdAS COMPUTERIZADAS: \u00bfirradian mucho? - DRA. GIBERT","robots":{"index":"index","follow":"follow","max-snippet":"max-snippet:-1","max-image-preview":"max-image-preview:large","max-video-preview":"max-video-preview:-1"},"canonical":"https:\/\/www.doctoragibert.com\/es\/pacientes\/prevencion-en-ginecologia\/las-mamografias-y-las-tomografias-computerizadas-irradian-mucho\/","og_locale":"es_ES","og_type":"article","og_title":"LAS MAMOGRAF\u00cdAS Y LAS TOMOGRAF\u00cdAS COMPUTERIZADAS: \u00bfirradian mucho? - DRA. GIBERT","og_description":"LAS MAMOGRAF\u00cdAS Y LAS TOMOGRAF\u00cdAS COMPUTERIZADAS: \u00bfirradian mucho? Es frecuente que las pacientes nos pregunten si las mamograf\u00edas irradian mucho, en cambio, no nos suelen preguntar si esto ocurre con las tomograf\u00edas computerizadas. Suponemos que esto se debe a que la mayor\u00eda de mamograf\u00edas se realizan en mujeres sin s\u00edntomas, dentro programas de diagn\u00f3stico precoz, [&hellip;]","og_url":"https:\/\/www.doctoragibert.com\/es\/pacientes\/prevencion-en-ginecologia\/las-mamografias-y-las-tomografias-computerizadas-irradian-mucho\/","og_site_name":"DRA. GIBERT","article_publisher":"https:\/\/www.facebook.com\/doctoragibert","article_modified_time":"2021-08-27T12:38:56+00:00","og_image":[{"url":"https:\/\/www.doctoragibert.com\/wp-content\/uploads\/2021\/08\/tabla-mamografias-tomografias.png","type":"","width":"","height":""}],"twitter_misc":{"Tiempo de lectura":"5 minutos"},"schema":{"@context":"https:\/\/schema.org","@graph":[{"@type":"WebPage","@id":"https:\/\/www.doctoragibert.com\/es\/pacientes\/prevencion-en-ginecologia\/las-mamografias-y-las-tomografias-computerizadas-irradian-mucho\/","url":"https:\/\/www.doctoragibert.com\/es\/pacientes\/prevencion-en-ginecologia\/las-mamografias-y-las-tomografias-computerizadas-irradian-mucho\/","name":"LAS MAMOGRAF\u00cdAS Y LAS TOMOGRAF\u00cdAS COMPUTERIZADAS: \u00bfirradian mucho? - DRA. GIBERT","isPartOf":{"@id":"https:\/\/www.doctoragibert.com\/es\/#website"},"primaryImageOfPage":{"@id":"https:\/\/www.doctoragibert.com\/es\/pacientes\/prevencion-en-ginecologia\/las-mamografias-y-las-tomografias-computerizadas-irradian-mucho\/#primaryimage"},"image":{"@id":"https:\/\/www.doctoragibert.com\/es\/pacientes\/prevencion-en-ginecologia\/las-mamografias-y-las-tomografias-computerizadas-irradian-mucho\/#primaryimage"},"thumbnailUrl":"https:\/\/www.doctoragibert.com\/wp-content\/uploads\/2021\/08\/tabla-mamografias-tomografias.png","datePublished":"2015-09-29T08:54:07+00:00","dateModified":"2021-08-27T12:38:56+00:00","breadcrumb":{"@id":"https:\/\/www.doctoragibert.com\/es\/pacientes\/prevencion-en-ginecologia\/las-mamografias-y-las-tomografias-computerizadas-irradian-mucho\/#breadcrumb"},"inLanguage":"es","potentialAction":[{"@type":"ReadAction","target":["https:\/\/www.doctoragibert.com\/es\/pacientes\/prevencion-en-ginecologia\/las-mamografias-y-las-tomografias-computerizadas-irradian-mucho\/"]}]},{"@type":"ImageObject","inLanguage":"es","@id":"https:\/\/www.doctoragibert.com\/es\/pacientes\/prevencion-en-ginecologia\/las-mamografias-y-las-tomografias-computerizadas-irradian-mucho\/#primaryimage","url":"https:\/\/www.doctoragibert.com\/wp-content\/uploads\/2021\/08\/tabla-mamografias-tomografias.png","contentUrl":"https:\/\/www.doctoragibert.com\/wp-content\/uploads\/2021\/08\/tabla-mamografias-tomografias.png"},{"@type":"BreadcrumbList","@id":"https:\/\/www.doctoragibert.com\/es\/pacientes\/prevencion-en-ginecologia\/las-mamografias-y-las-tomografias-computerizadas-irradian-mucho\/#breadcrumb","itemListElement":[{"@type":"ListItem","position":1,"name":"PACIENTES","item":"https:\/\/www.doctoragibert.com\/es\/pacientes\/"},{"@type":"ListItem","position":2,"name":"PREVENCI\u00d3N EN GINECOLOG\u00cdA","item":"https:\/\/www.doctoragibert.com\/es\/pacientes\/prevencion-en-ginecologia\/"},{"@type":"ListItem","position":3,"name":"LAS MAMOGRAF\u00cdAS Y LAS TOMOGRAF\u00cdAS COMPUTERIZADAS: \u00bfirradian mucho?"}]},{"@type":"WebSite","@id":"https:\/\/www.doctoragibert.com\/es\/#website","url":"https:\/\/www.doctoragibert.com\/es\/","name":"DRA. GIBERT","description":"Ginecologia i obstetricia","potentialAction":[{"@type":"SearchAction","target":{"@type":"EntryPoint","urlTemplate":"https:\/\/www.doctoragibert.com\/es\/?s={search_term_string}"},"query-input":{"@type":"PropertyValueSpecification","valueRequired":true,"valueName":"search_term_string"}}],"inLanguage":"es"}]}},"_links":{"self":[{"href":"https:\/\/www.doctoragibert.com\/es\/wp-json\/wp\/v2\/pages\/8810","targetHints":{"allow":["GET"]}}],"collection":[{"href":"https:\/\/www.doctoragibert.com\/es\/wp-json\/wp\/v2\/pages"}],"about":[{"href":"https:\/\/www.doctoragibert.com\/es\/wp-json\/wp\/v2\/types\/page"}],"author":[{"embeddable":true,"href":"https:\/\/www.doctoragibert.com\/es\/wp-json\/wp\/v2\/users\/12"}],"replies":[{"embeddable":true,"href":"https:\/\/www.doctoragibert.com\/es\/wp-json\/wp\/v2\/comments?post=8810"}],"version-history":[{"count":5,"href":"https:\/\/www.doctoragibert.com\/es\/wp-json\/wp\/v2\/pages\/8810\/revisions"}],"predecessor-version":[{"id":17040,"href":"https:\/\/www.doctoragibert.com\/es\/wp-json\/wp\/v2\/pages\/8810\/revisions\/17040"}],"up":[{"embeddable":true,"href":"https:\/\/www.doctoragibert.com\/es\/wp-json\/wp\/v2\/pages\/15303"}],"wp:attachment":[{"href":"https:\/\/www.doctoragibert.com\/es\/wp-json\/wp\/v2\/media?parent=8810"}],"curies":[{"name":"wp","href":"https:\/\/api.w.org\/{rel}","templated":true}]}}