{"id":8821,"date":"2015-09-29T08:58:21","date_gmt":"2015-09-29T08:58:21","guid":{"rendered":"http:\/\/gibert.uxiodigital.com\/metodes-anticonceptius\/prevencio-amb-bases-cientifiques-solides-que-es-el-que-realment-serveix\/"},"modified":"2021-09-13T07:24:05","modified_gmt":"2021-09-13T07:24:05","slug":"prevencion-con-bases-cientificas-solides-que-es-lo-que-realmente-sirve","status":"publish","type":"page","link":"https:\/\/www.doctoragibert.com\/es\/pacientes\/prevencion-en-ginecologia\/prevencion-con-bases-cientificas-solides-que-es-lo-que-realmente-sirve\/","title":{"rendered":"PREVENIR CON BASES CIENT\u00cdFICAS S\u00d3LIDAS: \u00bfqu\u00e9 es lo que realmente sirve?"},"content":{"rendered":"\t\t<div data-elementor-type=\"wp-page\" data-elementor-id=\"8821\" class=\"elementor elementor-8821 elementor-8817\">\n\t\t\t\t\t\t<section class=\"elementor-section elementor-top-section elementor-element elementor-element-b7737d1 elementor-section-boxed elementor-section-height-default elementor-section-height-default\" data-id=\"b7737d1\" data-element_type=\"section\" data-settings=\"{&quot;background_background&quot;:&quot;classic&quot;}\">\n\t\t\t\t\t\t<div class=\"elementor-container elementor-column-gap-default\">\n\t\t\t\t\t<div class=\"elementor-column elementor-col-100 elementor-top-column elementor-element elementor-element-9cf6bbf\" data-id=\"9cf6bbf\" data-element_type=\"column\">\n\t\t\t<div class=\"elementor-widget-wrap elementor-element-populated\">\n\t\t\t\t\t\t<div class=\"elementor-element elementor-element-67b7989 elementor-widget elementor-widget-spacer\" data-id=\"67b7989\" data-element_type=\"widget\" data-widget_type=\"spacer.default\">\n\t\t\t\t<div class=\"elementor-widget-container\">\n\t\t\t\t\t\t\t<div class=\"elementor-spacer\">\n\t\t\t<div class=\"elementor-spacer-inner\"><\/div>\n\t\t<\/div>\n\t\t\t\t\t\t<\/div>\n\t\t\t\t<\/div>\n\t\t\t\t<div class=\"elementor-element elementor-element-900514d elementor-widget elementor-widget-heading\" data-id=\"900514d\" data-element_type=\"widget\" data-widget_type=\"heading.default\">\n\t\t\t\t<div class=\"elementor-widget-container\">\n\t\t\t\t\t<h2 class=\"elementor-heading-title elementor-size-default\">PREVENIR CON BASES CIENT\u00cdFICAS S\u00d3LIDAS: \u00bfqu\u00e9 es lo que realmente sirve?<\/h2>\t\t\t\t<\/div>\n\t\t\t\t<\/div>\n\t\t\t\t<div class=\"elementor-element elementor-element-dd32785 elementor-widget-divider--view-line elementor-widget elementor-widget-divider\" data-id=\"dd32785\" data-element_type=\"widget\" data-widget_type=\"divider.default\">\n\t\t\t\t<div class=\"elementor-widget-container\">\n\t\t\t\t\t\t\t<div class=\"elementor-divider\">\n\t\t\t<span class=\"elementor-divider-separator\">\n\t\t\t\t\t\t<\/span>\n\t\t<\/div>\n\t\t\t\t\t\t<\/div>\n\t\t\t\t<\/div>\n\t\t\t\t<div class=\"elementor-element elementor-element-c4b08b1 migasdepan elementor-widget elementor-widget-wp-widget-bcn_widget\" data-id=\"c4b08b1\" data-element_type=\"widget\" data-widget_type=\"wp-widget-bcn_widget.default\">\n\t\t\t\t<div class=\"elementor-widget-container\">\n\t\t\t\t\t<div class=\"breadcrumbs\" vocab=\"https:\/\/schema.org\/\" typeof=\"BreadcrumbList\"><!-- Breadcrumb NavXT 7.4.1 -->\n<span property=\"itemListElement\" typeof=\"ListItem\"><a property=\"item\" typeof=\"WebPage\" title=\"Ir a DRA. GIBERT.\" href=\"https:\/\/www.doctoragibert.com\/es\/\" class=\"home\" aria-current=\"page\"><span property=\"name\">DRA. GIBERT<\/span><\/a><meta property=\"position\" content=\"1\"><\/span><\/div>\t\t\t\t<\/div>\n\t\t\t\t<\/div>\n\t\t\t\t<div class=\"elementor-element elementor-element-d54c0d9 elementor-widget elementor-widget-spacer\" data-id=\"d54c0d9\" data-element_type=\"widget\" data-widget_type=\"spacer.default\">\n\t\t\t\t<div class=\"elementor-widget-container\">\n\t\t\t\t\t\t\t<div class=\"elementor-spacer\">\n\t\t\t<div class=\"elementor-spacer-inner\"><\/div>\n\t\t<\/div>\n\t\t\t\t\t\t<\/div>\n\t\t\t\t<\/div>\n\t\t\t\t\t<\/div>\n\t\t<\/div>\n\t\t\t\t\t<\/div>\n\t\t<\/section>\n\t\t\t\t<section class=\"elementor-section elementor-top-section elementor-element elementor-element-e76b456 elementor-section-boxed elementor-section-height-default elementor-section-height-default\" data-id=\"e76b456\" data-element_type=\"section\">\n\t\t\t\t\t\t<div class=\"elementor-container elementor-column-gap-default\">\n\t\t\t\t\t<div class=\"elementor-column elementor-col-100 elementor-top-column elementor-element elementor-element-9e8d1b7\" data-id=\"9e8d1b7\" data-element_type=\"column\">\n\t\t\t<div class=\"elementor-widget-wrap elementor-element-populated\">\n\t\t\t\t\t\t<div class=\"elementor-element elementor-element-25a85eb7 elementor-widget elementor-widget-text-editor\" data-id=\"25a85eb7\" data-element_type=\"widget\" data-widget_type=\"text-editor.default\">\n\t\t\t\t<div class=\"elementor-widget-container\">\n\t\t\t\t\t\t\t\t\t<p><img fetchpriority=\"high\" decoding=\"async\" class=\"alignleft size-full wp-image-8818\" src=\"https:\/\/www.doctoragibert.com\/wp-content\/uploads\/2015\/09\/41eced412430cecfc678ed999d4d8cda.jpg\" alt=\"41eced412430cecfc678ed999d4d8cda\" width=\"200\" height=\"263\" \/><\/p><p>En las consultas son frecuentes las preguntas sobre las pruebas preventivas (<b>cribados o screenings<\/b>) m\u00e1s convenientes o por an\u00e1lisis generales. Destacamos que estas pruebas son <b>para personas sin s\u00edntomas<\/b>. Nos centraremos en los cribados o screnings respaldados por auditor\u00edas de organizaciones de reconocido prestigio, sin \u00e1nimo de lucro e integradas por profesionales independientes (tal y como se explica <a href=\"https:\/\/www.doctoragibert.com\/es\/pacientes\/prevencion-en-ginecologia\/prevencion-de-enfermedades-que-es-pros-y-contras\/\" target=\"_blank\" rel=\"noopener\">en otro lugar de esta web<\/a>):<\/p><p><u>C\u00c1NCER DE MAMA:<\/u><br \/>La <b>mamograf\u00eda<\/b> de cribado no deber\u00eda recomendarse en mujeres entre 40 y 49 a\u00f1os y s\u00ed para las mujeres de <b>50-69 a\u00f1os<\/b> y entre 70 y 74 a\u00f1os (aunque la calidad de los estudios que lo respaldan es inferior). Han de realizarse <b>cada 2 a\u00f1os<\/b>. <b>No se recomienda ya la autoexploraci\u00f3n mamaria rutinaria<\/b>.<\/p><p><u>C\u00c1NCER DE C\u00c9RVIX:<\/u><br \/>Es important\u00edsimo el consejo sobre protecci\u00f3n con m\u00e9todos de barrera en los contactos sexuales (preservativo masculino o femenino). La prueba de elecci\u00f3n es la <b>citolog\u00eda<\/b>. \u00c9stas se realizar\u00e1n a partir de los 25 a\u00f1os, independientemente del debut sexual, y nunca se har\u00e1n antes de los 21 a\u00f1os. <b>Entre los 25 y los 65-69 a\u00f1os se practicar\u00e1n cada 3 a\u00f1os<\/b>. A partir de 66-70 a\u00f1os, s\u00f3lo si no han tenido 3 citolog\u00edas consecutivas negativas en los 10 \u00faltimos a\u00f1os ni tienen alto riesgo de c\u00e1ncer cervical. La detecci\u00f3n del <b>virus del papiloma humano (VPH)<\/b> combinada con la citolog\u00eda permite aumentar el intervalo entre pruebas de 3 a 5 a\u00f1os, pero <b>no est\u00e1 recomendada en mujeres menores de 30-35 a\u00f1os<\/b>.<\/p><p><u>C\u00c1NCER DE ENDOMETRIO:<\/u><br \/>Consiste en aconsejar a las mujeres <b>postmenop\u00e1usicas<\/b> que consulten ante cualquier <b>sangrado vaginal<\/b>.<\/p><p><u>C\u00c1NCER COLORRECTAL:<\/u><br \/>Se estudia la <b>sangre oculta en heces cada 2 a\u00f1os<\/b> a las personas <b>entre 50 y 75 a\u00f1os<\/b>. Puede a\u00f1adirse sigmoidoscopia cada 5 a\u00f1os o colonoscopia cada 10 a\u00f1os para personas de estas edades.<\/p><p><u>OSTEOPOROSIS POSTMENOP\u00c1USICA:<\/u><br \/>Ha de cuantificarse el riesgo mediante herramientas como el <b><a href=\"http:\/\/www.shef.ac.uk\/FRAX\/tool.jsp?lang=sp\" target=\"_blank\" rel=\"noopener\">FRAX<\/a><\/b>\u00a0a partir de los 60-65 a\u00f1os. El valor de la primera casilla (\u00abMajor osteoporotic\u00bb) se refiere al riesgo absoluto de fractura osteopor\u00f3tica en los pr\u00f3ximos 10 a\u00f1os y se considera que si es de 10% o superior se ha de hacer una densitometr\u00eda. <b>No conviene usar el FRAX en mujeres m\u00e1s j\u00f3venes<\/b>, sobre todo si tienen menos de 40 a\u00f1os, a no ser que tengan factores de riesgo mayores como fracturas previas por fragilidad, menopausia antes de los 45 a\u00f1os no tratada y uso prolongado de dosis altas de corticoides. No se dispone de datos consistentes sobre el intervalo entre cribados.<\/p><p><u>HIPERTENSI\u00d3N ARTERIAL:<\/u><br \/>En general, se recomienda empezar a medir la tensi\u00f3n <b>a partir de los 18 a\u00f1os<\/b>, pues no est\u00e1 demasiado claro que hacerlo antes disminuya la mortalidad cardiovascular. La frecuencia de los controles <b>ser\u00e1 cada 5 a\u00f1os<\/b> e incluso m\u00e1s frecuente si la tensi\u00f3n arterial est\u00e1 pr\u00f3xima a 140\/90 o se tienen 40 a\u00f1os o m\u00e1s.<\/p><p><u>HIPERCOLESTEROLEMIA:<\/u><br \/>El colesterol en las mujeres se escrutar\u00e1 <b>cada 5 \u00f3 6 a\u00f1os entre los 45 y los 75 a\u00f1os<\/b>. Se valorar\u00e1 solicitarlo en pacientes m\u00e1s j\u00f3venes s\u00f3lo si tienen riesgo alto de enfermedad coronaria.<\/p><p><u>DIABETES MELLITUS:<\/u><br \/>Se puede hacer screening midiendo la <b>glucemia<\/b> en ayunas o bien la <b>hemoglobina glicosilada (HbA1c)<\/b> que no necesita ayuno. No se recomienda cribarla en pacientes con riesgo bajo o moderado, mientras que s\u00ed <b>se debe hacer en los de riesgo alto (cada 3-5 a\u00f1os) o muy alto (cada a\u00f1o)<\/b>. Este <a href=\"http:\/\/www.fundaciondiabetes.org\/findrisk\/TestFindrisk.asp\" target=\"_blank\" rel=\"noopener\">formulario online<\/a> le indicar\u00e1 su riesgo y, por tanto, su necesidad de control de la glucosa en sangre.<\/p><p>Como habr\u00e1n podido apreciar, la mayor\u00eda de cribados paran a los 75 a\u00f1os y ello tiene que ver con que a esta edad la esperanza de vida en Espa\u00f1a es de s\u00f3lo unos 10 a\u00f1os para las mujeres.<\/p><div class=\"clear\">\u00a0<\/div><p><b>Fuentes de la informaci\u00f3n:<\/b> <br \/><i><\/i>Fisterra. Actividades preventivas. Fecha de la \u00faltima revisi\u00f3n: 12\/09\/2013 [acceso 8-1-14]. Disponible en: http:\/\/www.fisterra.com\u00a0<\/p><div class=\"clear\">\u00a0<\/div>\t\t\t\t\t\t\t\t<\/div>\n\t\t\t\t<\/div>\n\t\t\t\t\t<\/div>\n\t\t<\/div>\n\t\t\t\t\t<\/div>\n\t\t<\/section>\n\t\t\t\t<section class=\"elementor-section elementor-top-section elementor-element elementor-element-e0881af elementor-section-boxed elementor-section-height-default elementor-section-height-default\" data-id=\"e0881af\" data-element_type=\"section\">\n\t\t\t\t\t\t<div class=\"elementor-container elementor-column-gap-default\">\n\t\t\t\t\t<div class=\"elementor-column elementor-col-100 elementor-top-column elementor-element elementor-element-c752015\" data-id=\"c752015\" data-element_type=\"column\">\n\t\t\t<div class=\"elementor-widget-wrap elementor-element-populated\">\n\t\t\t\t\t\t<div class=\"elementor-element elementor-element-68173c9 elementor-widget elementor-widget-shortcode\" data-id=\"68173c9\" data-element_type=\"widget\" data-widget_type=\"shortcode.default\">\n\t\t\t\t<div class=\"elementor-widget-container\">\n\t\t\t\t\t\t\t<div class=\"elementor-shortcode\">[ssba-buttons]<\/div>\n\t\t\t\t\t\t<\/div>\n\t\t\t\t<\/div>\n\t\t\t\t\t<\/div>\n\t\t<\/div>\n\t\t\t\t\t<\/div>\n\t\t<\/section>\n\t\t\t\t<\/div>\n\t\t","protected":false},"excerpt":{"rendered":"<p>PREVENIR CON BASES CIENT\u00cdFICAS S\u00d3LIDAS: \u00bfqu\u00e9 es lo que realmente sirve? En las consultas son frecuentes las preguntas sobre las pruebas preventivas (cribados o screenings) m\u00e1s convenientes o por an\u00e1lisis generales. Destacamos que estas pruebas son para personas sin s\u00edntomas. Nos centraremos en los cribados o screnings respaldados por auditor\u00edas de organizaciones de reconocido prestigio, [&hellip;]<\/p>\n","protected":false},"author":12,"featured_media":0,"parent":15303,"menu_order":0,"comment_status":"open","ping_status":"open","template":"elementor_header_footer","meta":{"footnotes":""},"class_list":["post-8821","page","type-page","status-publish","hentry"],"yoast_head":"<!-- This site is optimized with the Yoast SEO plugin v25.0 - https:\/\/yoast.com\/wordpress\/plugins\/seo\/ -->\n<title>PREVENIR CON BASES CIENT\u00cdFICAS S\u00d3LIDAS: \u00bfqu\u00e9 es lo que realmente sirve? - DRA. GIBERT<\/title>\n<meta name=\"robots\" content=\"index, follow, max-snippet:-1, max-image-preview:large, max-video-preview:-1\" \/>\n<link rel=\"canonical\" href=\"https:\/\/www.doctoragibert.com\/es\/pacientes\/prevencion-en-ginecologia\/prevencion-con-bases-cientificas-solides-que-es-lo-que-realmente-sirve\/\" \/>\n<meta property=\"og:locale\" content=\"es_ES\" \/>\n<meta property=\"og:type\" content=\"article\" \/>\n<meta property=\"og:title\" content=\"PREVENIR CON BASES CIENT\u00cdFICAS S\u00d3LIDAS: \u00bfqu\u00e9 es lo que realmente sirve? - DRA. GIBERT\" \/>\n<meta property=\"og:description\" content=\"PREVENIR CON BASES CIENT\u00cdFICAS S\u00d3LIDAS: \u00bfqu\u00e9 es lo que realmente sirve? En las consultas son frecuentes las preguntas sobre las pruebas preventivas (cribados o screenings) m\u00e1s convenientes o por an\u00e1lisis generales. Destacamos que estas pruebas son para personas sin s\u00edntomas. Nos centraremos en los cribados o screnings respaldados por auditor\u00edas de organizaciones de reconocido prestigio, [&hellip;]\" \/>\n<meta property=\"og:url\" content=\"https:\/\/www.doctoragibert.com\/es\/pacientes\/prevencion-en-ginecologia\/prevencion-con-bases-cientificas-solides-que-es-lo-que-realmente-sirve\/\" \/>\n<meta property=\"og:site_name\" content=\"DRA. GIBERT\" \/>\n<meta property=\"article:publisher\" content=\"https:\/\/www.facebook.com\/doctoragibert\" \/>\n<meta property=\"article:modified_time\" content=\"2021-09-13T07:24:05+00:00\" \/>\n<meta property=\"og:image\" content=\"https:\/\/www.doctoragibert.com\/wp-content\/uploads\/2015\/09\/41eced412430cecfc678ed999d4d8cda.jpg\" \/>\n<meta name=\"twitter:label1\" content=\"Tiempo de lectura\" \/>\n\t<meta name=\"twitter:data1\" content=\"4 minutos\" \/>\n<script type=\"application\/ld+json\" class=\"yoast-schema-graph\">{\"@context\":\"https:\/\/schema.org\",\"@graph\":[{\"@type\":\"WebPage\",\"@id\":\"https:\/\/www.doctoragibert.com\/es\/pacientes\/prevencion-en-ginecologia\/prevencion-con-bases-cientificas-solides-que-es-lo-que-realmente-sirve\/\",\"url\":\"https:\/\/www.doctoragibert.com\/es\/pacientes\/prevencion-en-ginecologia\/prevencion-con-bases-cientificas-solides-que-es-lo-que-realmente-sirve\/\",\"name\":\"PREVENIR CON BASES CIENT\u00cdFICAS S\u00d3LIDAS: \u00bfqu\u00e9 es lo que realmente sirve? - DRA. GIBERT\",\"isPartOf\":{\"@id\":\"https:\/\/www.doctoragibert.com\/es\/#website\"},\"primaryImageOfPage\":{\"@id\":\"https:\/\/www.doctoragibert.com\/es\/pacientes\/prevencion-en-ginecologia\/prevencion-con-bases-cientificas-solides-que-es-lo-que-realmente-sirve\/#primaryimage\"},\"image\":{\"@id\":\"https:\/\/www.doctoragibert.com\/es\/pacientes\/prevencion-en-ginecologia\/prevencion-con-bases-cientificas-solides-que-es-lo-que-realmente-sirve\/#primaryimage\"},\"thumbnailUrl\":\"https:\/\/www.doctoragibert.com\/wp-content\/uploads\/2015\/09\/41eced412430cecfc678ed999d4d8cda.jpg\",\"datePublished\":\"2015-09-29T08:58:21+00:00\",\"dateModified\":\"2021-09-13T07:24:05+00:00\",\"breadcrumb\":{\"@id\":\"https:\/\/www.doctoragibert.com\/es\/pacientes\/prevencion-en-ginecologia\/prevencion-con-bases-cientificas-solides-que-es-lo-que-realmente-sirve\/#breadcrumb\"},\"inLanguage\":\"es\",\"potentialAction\":[{\"@type\":\"ReadAction\",\"target\":[\"https:\/\/www.doctoragibert.com\/es\/pacientes\/prevencion-en-ginecologia\/prevencion-con-bases-cientificas-solides-que-es-lo-que-realmente-sirve\/\"]}]},{\"@type\":\"ImageObject\",\"inLanguage\":\"es\",\"@id\":\"https:\/\/www.doctoragibert.com\/es\/pacientes\/prevencion-en-ginecologia\/prevencion-con-bases-cientificas-solides-que-es-lo-que-realmente-sirve\/#primaryimage\",\"url\":\"https:\/\/www.doctoragibert.com\/wp-content\/uploads\/2015\/09\/41eced412430cecfc678ed999d4d8cda.jpg\",\"contentUrl\":\"https:\/\/www.doctoragibert.com\/wp-content\/uploads\/2015\/09\/41eced412430cecfc678ed999d4d8cda.jpg\"},{\"@type\":\"BreadcrumbList\",\"@id\":\"https:\/\/www.doctoragibert.com\/es\/pacientes\/prevencion-en-ginecologia\/prevencion-con-bases-cientificas-solides-que-es-lo-que-realmente-sirve\/#breadcrumb\",\"itemListElement\":[{\"@type\":\"ListItem\",\"position\":1,\"name\":\"PACIENTES\",\"item\":\"https:\/\/www.doctoragibert.com\/es\/pacientes\/\"},{\"@type\":\"ListItem\",\"position\":2,\"name\":\"PREVENCI\u00d3N EN GINECOLOG\u00cdA\",\"item\":\"https:\/\/www.doctoragibert.com\/es\/pacientes\/prevencion-en-ginecologia\/\"},{\"@type\":\"ListItem\",\"position\":3,\"name\":\"PREVENIR CON BASES CIENT\u00cdFICAS S\u00d3LIDAS: \u00bfqu\u00e9 es lo que realmente sirve?\"}]},{\"@type\":\"WebSite\",\"@id\":\"https:\/\/www.doctoragibert.com\/es\/#website\",\"url\":\"https:\/\/www.doctoragibert.com\/es\/\",\"name\":\"DRA. GIBERT\",\"description\":\"Ginecologia i obstetricia\",\"potentialAction\":[{\"@type\":\"SearchAction\",\"target\":{\"@type\":\"EntryPoint\",\"urlTemplate\":\"https:\/\/www.doctoragibert.com\/es\/?s={search_term_string}\"},\"query-input\":{\"@type\":\"PropertyValueSpecification\",\"valueRequired\":true,\"valueName\":\"search_term_string\"}}],\"inLanguage\":\"es\"}]}<\/script>\n<!-- \/ Yoast SEO plugin. -->","yoast_head_json":{"title":"PREVENIR CON BASES CIENT\u00cdFICAS S\u00d3LIDAS: \u00bfqu\u00e9 es lo que realmente sirve? - DRA. GIBERT","robots":{"index":"index","follow":"follow","max-snippet":"max-snippet:-1","max-image-preview":"max-image-preview:large","max-video-preview":"max-video-preview:-1"},"canonical":"https:\/\/www.doctoragibert.com\/es\/pacientes\/prevencion-en-ginecologia\/prevencion-con-bases-cientificas-solides-que-es-lo-que-realmente-sirve\/","og_locale":"es_ES","og_type":"article","og_title":"PREVENIR CON BASES CIENT\u00cdFICAS S\u00d3LIDAS: \u00bfqu\u00e9 es lo que realmente sirve? - DRA. GIBERT","og_description":"PREVENIR CON BASES CIENT\u00cdFICAS S\u00d3LIDAS: \u00bfqu\u00e9 es lo que realmente sirve? En las consultas son frecuentes las preguntas sobre las pruebas preventivas (cribados o screenings) m\u00e1s convenientes o por an\u00e1lisis generales. Destacamos que estas pruebas son para personas sin s\u00edntomas. Nos centraremos en los cribados o screnings respaldados por auditor\u00edas de organizaciones de reconocido prestigio, [&hellip;]","og_url":"https:\/\/www.doctoragibert.com\/es\/pacientes\/prevencion-en-ginecologia\/prevencion-con-bases-cientificas-solides-que-es-lo-que-realmente-sirve\/","og_site_name":"DRA. GIBERT","article_publisher":"https:\/\/www.facebook.com\/doctoragibert","article_modified_time":"2021-09-13T07:24:05+00:00","og_image":[{"url":"https:\/\/www.doctoragibert.com\/wp-content\/uploads\/2015\/09\/41eced412430cecfc678ed999d4d8cda.jpg","type":"","width":"","height":""}],"twitter_misc":{"Tiempo de lectura":"4 minutos"},"schema":{"@context":"https:\/\/schema.org","@graph":[{"@type":"WebPage","@id":"https:\/\/www.doctoragibert.com\/es\/pacientes\/prevencion-en-ginecologia\/prevencion-con-bases-cientificas-solides-que-es-lo-que-realmente-sirve\/","url":"https:\/\/www.doctoragibert.com\/es\/pacientes\/prevencion-en-ginecologia\/prevencion-con-bases-cientificas-solides-que-es-lo-que-realmente-sirve\/","name":"PREVENIR CON BASES CIENT\u00cdFICAS S\u00d3LIDAS: \u00bfqu\u00e9 es lo que realmente sirve? - DRA. GIBERT","isPartOf":{"@id":"https:\/\/www.doctoragibert.com\/es\/#website"},"primaryImageOfPage":{"@id":"https:\/\/www.doctoragibert.com\/es\/pacientes\/prevencion-en-ginecologia\/prevencion-con-bases-cientificas-solides-que-es-lo-que-realmente-sirve\/#primaryimage"},"image":{"@id":"https:\/\/www.doctoragibert.com\/es\/pacientes\/prevencion-en-ginecologia\/prevencion-con-bases-cientificas-solides-que-es-lo-que-realmente-sirve\/#primaryimage"},"thumbnailUrl":"https:\/\/www.doctoragibert.com\/wp-content\/uploads\/2015\/09\/41eced412430cecfc678ed999d4d8cda.jpg","datePublished":"2015-09-29T08:58:21+00:00","dateModified":"2021-09-13T07:24:05+00:00","breadcrumb":{"@id":"https:\/\/www.doctoragibert.com\/es\/pacientes\/prevencion-en-ginecologia\/prevencion-con-bases-cientificas-solides-que-es-lo-que-realmente-sirve\/#breadcrumb"},"inLanguage":"es","potentialAction":[{"@type":"ReadAction","target":["https:\/\/www.doctoragibert.com\/es\/pacientes\/prevencion-en-ginecologia\/prevencion-con-bases-cientificas-solides-que-es-lo-que-realmente-sirve\/"]}]},{"@type":"ImageObject","inLanguage":"es","@id":"https:\/\/www.doctoragibert.com\/es\/pacientes\/prevencion-en-ginecologia\/prevencion-con-bases-cientificas-solides-que-es-lo-que-realmente-sirve\/#primaryimage","url":"https:\/\/www.doctoragibert.com\/wp-content\/uploads\/2015\/09\/41eced412430cecfc678ed999d4d8cda.jpg","contentUrl":"https:\/\/www.doctoragibert.com\/wp-content\/uploads\/2015\/09\/41eced412430cecfc678ed999d4d8cda.jpg"},{"@type":"BreadcrumbList","@id":"https:\/\/www.doctoragibert.com\/es\/pacientes\/prevencion-en-ginecologia\/prevencion-con-bases-cientificas-solides-que-es-lo-que-realmente-sirve\/#breadcrumb","itemListElement":[{"@type":"ListItem","position":1,"name":"PACIENTES","item":"https:\/\/www.doctoragibert.com\/es\/pacientes\/"},{"@type":"ListItem","position":2,"name":"PREVENCI\u00d3N EN GINECOLOG\u00cdA","item":"https:\/\/www.doctoragibert.com\/es\/pacientes\/prevencion-en-ginecologia\/"},{"@type":"ListItem","position":3,"name":"PREVENIR CON BASES CIENT\u00cdFICAS S\u00d3LIDAS: \u00bfqu\u00e9 es lo que realmente sirve?"}]},{"@type":"WebSite","@id":"https:\/\/www.doctoragibert.com\/es\/#website","url":"https:\/\/www.doctoragibert.com\/es\/","name":"DRA. GIBERT","description":"Ginecologia i obstetricia","potentialAction":[{"@type":"SearchAction","target":{"@type":"EntryPoint","urlTemplate":"https:\/\/www.doctoragibert.com\/es\/?s={search_term_string}"},"query-input":{"@type":"PropertyValueSpecification","valueRequired":true,"valueName":"search_term_string"}}],"inLanguage":"es"}]}},"_links":{"self":[{"href":"https:\/\/www.doctoragibert.com\/es\/wp-json\/wp\/v2\/pages\/8821","targetHints":{"allow":["GET"]}}],"collection":[{"href":"https:\/\/www.doctoragibert.com\/es\/wp-json\/wp\/v2\/pages"}],"about":[{"href":"https:\/\/www.doctoragibert.com\/es\/wp-json\/wp\/v2\/types\/page"}],"author":[{"embeddable":true,"href":"https:\/\/www.doctoragibert.com\/es\/wp-json\/wp\/v2\/users\/12"}],"replies":[{"embeddable":true,"href":"https:\/\/www.doctoragibert.com\/es\/wp-json\/wp\/v2\/comments?post=8821"}],"version-history":[{"count":5,"href":"https:\/\/www.doctoragibert.com\/es\/wp-json\/wp\/v2\/pages\/8821\/revisions"}],"predecessor-version":[{"id":18090,"href":"https:\/\/www.doctoragibert.com\/es\/wp-json\/wp\/v2\/pages\/8821\/revisions\/18090"}],"up":[{"embeddable":true,"href":"https:\/\/www.doctoragibert.com\/es\/wp-json\/wp\/v2\/pages\/15303"}],"wp:attachment":[{"href":"https:\/\/www.doctoragibert.com\/es\/wp-json\/wp\/v2\/media?parent=8821"}],"curies":[{"name":"wp","href":"https:\/\/api.w.org\/{rel}","templated":true}]}}