{"id":8829,"date":"2015-09-29T09:02:05","date_gmt":"2015-09-29T09:02:05","guid":{"rendered":"http:\/\/gibert.uxiodigital.com\/prevencio-en-ginecologia\/prevencio-de-malalties-que-es-pros-i-contres\/"},"modified":"2021-08-27T12:44:04","modified_gmt":"2021-08-27T12:44:04","slug":"prevencion-de-enfermedades-que-es-pros-y-contras","status":"publish","type":"page","link":"https:\/\/www.doctoragibert.com\/es\/pacientes\/prevencion-en-ginecologia\/prevencion-de-enfermedades-que-es-pros-y-contras\/","title":{"rendered":"PREVENCI\u00d3N DE ENFERMEDADES: lo que es, pros y contras"},"content":{"rendered":"\t\t<div data-elementor-type=\"wp-page\" data-elementor-id=\"8829\" class=\"elementor elementor-8829 elementor-8825\">\n\t\t\t\t\t\t<section class=\"elementor-section elementor-top-section elementor-element elementor-element-bf0552b elementor-section-boxed elementor-section-height-default elementor-section-height-default\" data-id=\"bf0552b\" data-element_type=\"section\" data-settings=\"{&quot;background_background&quot;:&quot;classic&quot;}\">\n\t\t\t\t\t\t<div class=\"elementor-container elementor-column-gap-default\">\n\t\t\t\t\t<div class=\"elementor-column elementor-col-100 elementor-top-column elementor-element elementor-element-10de848\" data-id=\"10de848\" data-element_type=\"column\">\n\t\t\t<div class=\"elementor-widget-wrap elementor-element-populated\">\n\t\t\t\t\t\t<div class=\"elementor-element elementor-element-45ae5fd elementor-widget elementor-widget-spacer\" data-id=\"45ae5fd\" data-element_type=\"widget\" data-widget_type=\"spacer.default\">\n\t\t\t\t<div class=\"elementor-widget-container\">\n\t\t\t\t\t\t\t<div class=\"elementor-spacer\">\n\t\t\t<div class=\"elementor-spacer-inner\"><\/div>\n\t\t<\/div>\n\t\t\t\t\t\t<\/div>\n\t\t\t\t<\/div>\n\t\t\t\t<div class=\"elementor-element elementor-element-c3e9ef2 elementor-widget elementor-widget-heading\" data-id=\"c3e9ef2\" data-element_type=\"widget\" data-widget_type=\"heading.default\">\n\t\t\t\t<div class=\"elementor-widget-container\">\n\t\t\t\t\t<h2 class=\"elementor-heading-title elementor-size-default\">PREVENCI\u00d3N DE ENFERMEDADES: lo que es, pros y contras<\/h2>\t\t\t\t<\/div>\n\t\t\t\t<\/div>\n\t\t\t\t<div class=\"elementor-element elementor-element-b3a1346 elementor-widget-divider--view-line elementor-widget elementor-widget-divider\" data-id=\"b3a1346\" data-element_type=\"widget\" data-widget_type=\"divider.default\">\n\t\t\t\t<div class=\"elementor-widget-container\">\n\t\t\t\t\t\t\t<div class=\"elementor-divider\">\n\t\t\t<span class=\"elementor-divider-separator\">\n\t\t\t\t\t\t<\/span>\n\t\t<\/div>\n\t\t\t\t\t\t<\/div>\n\t\t\t\t<\/div>\n\t\t\t\t<div class=\"elementor-element elementor-element-f2d80f0 migasdepan elementor-widget elementor-widget-wp-widget-bcn_widget\" data-id=\"f2d80f0\" data-element_type=\"widget\" data-widget_type=\"wp-widget-bcn_widget.default\">\n\t\t\t\t<div class=\"elementor-widget-container\">\n\t\t\t\t\t<div class=\"breadcrumbs\" vocab=\"https:\/\/schema.org\/\" typeof=\"BreadcrumbList\"><!-- Breadcrumb NavXT 7.4.1 -->\n<span property=\"itemListElement\" typeof=\"ListItem\"><a property=\"item\" typeof=\"WebPage\" title=\"Ir a DRA. GIBERT.\" href=\"https:\/\/www.doctoragibert.com\/es\/\" class=\"home\" aria-current=\"page\"><span property=\"name\">DRA. GIBERT<\/span><\/a><meta property=\"position\" content=\"1\"><\/span><\/div>\t\t\t\t<\/div>\n\t\t\t\t<\/div>\n\t\t\t\t<div class=\"elementor-element elementor-element-799c8a7 elementor-widget elementor-widget-spacer\" data-id=\"799c8a7\" data-element_type=\"widget\" data-widget_type=\"spacer.default\">\n\t\t\t\t<div class=\"elementor-widget-container\">\n\t\t\t\t\t\t\t<div class=\"elementor-spacer\">\n\t\t\t<div class=\"elementor-spacer-inner\"><\/div>\n\t\t<\/div>\n\t\t\t\t\t\t<\/div>\n\t\t\t\t<\/div>\n\t\t\t\t\t<\/div>\n\t\t<\/div>\n\t\t\t\t\t<\/div>\n\t\t<\/section>\n\t\t\t\t<section class=\"elementor-section elementor-top-section elementor-element elementor-element-59976801 elementor-section-boxed elementor-section-height-default elementor-section-height-default\" data-id=\"59976801\" data-element_type=\"section\">\n\t\t\t\t\t\t<div class=\"elementor-container elementor-column-gap-default\">\n\t\t\t\t\t<div class=\"elementor-column elementor-col-100 elementor-top-column elementor-element elementor-element-3b55450b\" data-id=\"3b55450b\" data-element_type=\"column\">\n\t\t\t<div class=\"elementor-widget-wrap elementor-element-populated\">\n\t\t\t\t\t\t<div class=\"elementor-element elementor-element-b480298 elementor-widget elementor-widget-text-editor\" data-id=\"b480298\" data-element_type=\"widget\" data-widget_type=\"text-editor.default\">\n\t\t\t\t<div class=\"elementor-widget-container\">\n\t\t\t\t\t\t\t\t\t<p><img decoding=\"async\" class=\"alignleft size-full wp-image-8826\" src=\"https:\/\/www.doctoragibert.com\/wp-content\/uploads\/2015\/09\/184c47c7e633200091879b3c4ef83bc3.jpg\" alt=\"184c47c7e633200091879b3c4ef83bc3\" width=\"200\" height=\"200\" srcset=\"https:\/\/www.doctoragibert.com\/wp-content\/uploads\/2015\/09\/184c47c7e633200091879b3c4ef83bc3.jpg 200w, https:\/\/www.doctoragibert.com\/wp-content\/uploads\/2015\/09\/184c47c7e633200091879b3c4ef83bc3-150x150.jpg 150w\" sizes=\"(max-width: 200px) 100vw, 200px\" \/><\/p><p>La prevenci\u00f3n, tal y como se plantea en Medicina, es anticiparse a una enfermedad frecuente y de consecuencias graves. Su finalidad es que la poblaci\u00f3n <b>viva m\u00e1s y con m\u00e1s salud<\/b>.<\/p><p>Fundamentalmente, se habla de prevenci\u00f3n primaria y de secundaria. La prevenci\u00f3n <b>primaria<\/b> consiste en modificar los h\u00e1bitos poco saludables, mientras que la <b>secundaria<\/b> se orienta a la detecci\u00f3n precoz (<b>programas de screening o cribado<\/b>). Nos referiremos a partir de ahora al screening o cribado de enfermedades, pues es lo que suscita m\u00e1s dudas entre las mujeres que acuden a la consulta.<\/p><p>Es evidente que no tiene ning\u00fan sentido cribar problemas de salud raros o excepcionales, pues mucha gente deber\u00eda someterse a pruebas preventivas para no encontrar a casi nadie enfermo. Adem\u00e1s, preocupar\u00edamos de forma injustificada a aquellas personas en las que el test preventivo fuera un<b> falso positivo<\/b>, dado que deber\u00edan someterse a pruebas m\u00e9dicas m\u00e1s complejas que las puramente preventivas para averiguar si definitivamente est\u00e1n o no enfermas. Tampoco tiene sentido diagnosticar precozmente enfermedades leves, pues gastar\u00edamos el dinero y el tiempo de los pacientes sin alargarles la vida.<\/p><p>Los programas preventivos se realizan en aquellas edades en los que el problema de salud es m\u00e1s frecuente, y se acaban cuando nuestra esperanza de vida es de una d\u00e9cada o inferior, puesto que se considera que la detecci\u00f3n precoz de la enfermedad no causar\u00e1 una gran supervivencia.<\/p><p>Lamentablemente, <b>en Medicina m\u00e1s prevenci\u00f3n no es siempre mejor<\/b>. Los medios de comunicaci\u00f3n han fomentado la creencia popular de que en sanidad p\u00fablica se vive en un entorno de ahorro permanente, de que no se gasta ni en lo necesario; al contrario, la percepci\u00f3n del usuario de la sanidad privada es que tiene una \u00abtarifa plana\u00bb que legitima su acceso a todo tipo de pruebas y que lo adecuado, visto que paga por ello, es utilizarlo. Como en muchas ocasiones, la virtud est\u00e1 en el t\u00e9rmino medio. \u00bfPor qu\u00e9? La respuesta es simple:\u00a0<b>las medidas preventivas tienen sus beneficios, pero tambi\u00e9n sus riesgos<\/b>.<\/p><p>Empecemos por los <b>riesgos<\/b>: el cribado del c\u00e1ncer detecta c\u00e1nceres \u00abde verdad\u00bb, esto es, aqu\u00e9llos que si no se hubieran encontrado, hubieran crecido hasta aniquilar al paciente, pero tambi\u00e9n es cierto que encuentra algunos \u00abc\u00e1nceres\u00bb que de haber pasado desapercibidos, ni hubieran crecido, ni hubieran afectado en modo alguno ni la cantidad ni la calidad de vida del paciente. El precio de un \u00abc\u00e1ncer\u00bb detectado innecesariamente (se llama tambi\u00e9n <b>sobrediagn\u00f3stico<\/b> o diagn\u00f3stico excesivo) es muy alto: cirug\u00eda a veces con radio y\/o quimioterapia, m\u00e1s el estigma de haber padecido un c\u00e1ncer de por vida. Otro inconveniente son los <b>falsos positivos<\/b>, tal es el caso de aquellas lesiones mamarias sospechosas detectadas por mamograf\u00eda y con diagn\u00f3stico de biopsia ambulatoria no concluyente que obliga a hacer una biopsia en quir\u00f3fano y con anestesia general. Las pacientes se sienten muy aliviadas cuando al final la lesi\u00f3n es benigna, pero lo mejor que les podr\u00eda haber pasado es que no les hubieran encontrado jam\u00e1s aquella \u00ablesi\u00f3n sospechosa\u00bb.<\/p><p>Evidentemente, algunas maniobras preventivas tienen <b>ventajas<\/b>, y \u00e9stas se valoran mediante la <b>disminuci\u00f3n de la mortalidad<\/b> causada por la enfermedad, y atribuida a la prevenci\u00f3n, en un conjunto grande de personas. Insisto en que las medidas preventivas buenas son las que disminuyen la mortalidad y no las que s\u00f3lo aumentan la supervivencia. Como es l\u00f3gico, todos los diagn\u00f3sticos precoces aumentan la supervivencia de enfermedades concretas, al menos el tiempo en que la enfermedad pasa de ser tan peque\u00f1a a tan grande, que ya no tiene sentido anticipaci\u00f3n ninguna, pues el mal est\u00e1 ah\u00ed, evidente, causando s\u00edntomas y entorpeciendo nuestra rutina cotidiana.<\/p><p>Seg\u00fan lo explicado anteriormente, se deduce que <b>las mejores maniobras preventivas son aqu\u00e9llas que disminuyen la mortalidad causada por enfermedades frecuentes y graves y, adem\u00e1s, causan un sobrediagn\u00f3stico escaso<\/b>. No todas las maniobras publicitadas cumplen estos requisitos, as\u00ed, <b>la Comisi\u00f3n Europea ha aceptado el cribado de c\u00e1ncer s\u00f3lo para tres localizaciones: mama, c\u00e9rvix y colorrectal<\/b>.<\/p><p>Varias organizaciones de financiaci\u00f3n p\u00fablica y, por tanto, sin \u00e1nimo de lucro, orientan a los gobernantes e informan a los profesionales y al p\u00fablico sobre aquellos m\u00e9todos preventivos mejores (PAPPS en Espa\u00f1a, <a href=\"http:\/\/www.nice.org.uk\/\" target=\"_blank\" rel=\"noopener\">NICE<\/a> en el Reino Unido, el <a href=\"http:\/\/www.uspreventiveservicestaskforce.org\/index.html\" target=\"_blank\" rel=\"noopener\">U.S. Preventive Services Taskforce<\/a> en los EE.UU. o el <a href=\"http:\/\/canadiantaskforce.ca\/\" target=\"_blank\" rel=\"noopener\">Canadian Taskforce on Preventive Healthcare<\/a> de Canad\u00e1). Es evidente que la opini\u00f3n fundamentada de estas organizaciones es mucho m\u00e1s de fiar que lo que puedan decir anuncios de cl\u00ednicas o \u00abconsejos preventivos\u00bb publicados bajo el patrocinio de fabricantes de aparataje m\u00e9dico.<\/p><p>\u00a0<\/p><div class=\"clear\">\u00a0<\/div><p><b>Fuentes de la informaci\u00f3n:<\/b> <i><\/i><\/p><ul><li><i>Alvarado M, Ozanne E, Esserman L. Overdiagnosis and Overtreatment of Breast Cancer. Am Soc Clin Oncol Educ Book. 2012;32:e40-e45.<\/i><\/li><li><i>Fisterra. Actividades preventivas. Fecha de la \u00faltima revisi\u00f3n: 12\/09\/2013 [acceso 8-1-14]. Disponible en: <a href=\"http:\/\/www.fisterra.com\" target=\"_blank\" rel=\"noopener\">http:\/\/www.fisterra.com<\/a>.<\/i><\/li><li><i>Gigerenzer G, Wegwarth O. Five year survival rates can mislead. BMJ. 2013;346:f548.<\/i><\/li><li><i>Uni\u00f3n Europea. Recomendaci\u00f3n del Consejo, de 2 de diciembre de 2003, sobre el cribado del c\u00e1ncer [Diario Oficial L 327 de 16.12.2003]. [acceso 8-1-14]. Disponible en: <a href=\"http:\/\/europa.eu\/legislation_summaries\/public_health\/health_determinants_environment\/c11505d_es.htm\" target=\"_blank\" rel=\"noopener\">http:\/\/europa.eu\/legislation_summaries\/public_health\/health_determinants_environment\/c11505d_es.htm<\/a>.<\/i><\/li><\/ul>\t\t\t\t\t\t\t\t<\/div>\n\t\t\t\t<\/div>\n\t\t\t\t\t<\/div>\n\t\t<\/div>\n\t\t\t\t\t<\/div>\n\t\t<\/section>\n\t\t\t\t<section class=\"elementor-section elementor-top-section elementor-element elementor-element-435fe6f elementor-section-boxed elementor-section-height-default elementor-section-height-default\" data-id=\"435fe6f\" data-element_type=\"section\">\n\t\t\t\t\t\t<div class=\"elementor-container elementor-column-gap-default\">\n\t\t\t\t\t<div class=\"elementor-column elementor-col-100 elementor-top-column elementor-element elementor-element-f70db80\" data-id=\"f70db80\" data-element_type=\"column\">\n\t\t\t<div class=\"elementor-widget-wrap elementor-element-populated\">\n\t\t\t\t\t\t<div class=\"elementor-element elementor-element-9626324 elementor-widget elementor-widget-shortcode\" data-id=\"9626324\" data-element_type=\"widget\" data-widget_type=\"shortcode.default\">\n\t\t\t\t<div class=\"elementor-widget-container\">\n\t\t\t\t\t\t\t<div class=\"elementor-shortcode\">[ssba-buttons]<\/div>\n\t\t\t\t\t\t<\/div>\n\t\t\t\t<\/div>\n\t\t\t\t\t<\/div>\n\t\t<\/div>\n\t\t\t\t\t<\/div>\n\t\t<\/section>\n\t\t\t\t<\/div>\n\t\t","protected":false},"excerpt":{"rendered":"<p>PREVENCI\u00d3N DE ENFERMEDADES: lo que es, pros y contras La prevenci\u00f3n, tal y como se plantea en Medicina, es anticiparse a una enfermedad frecuente y de consecuencias graves. Su finalidad es que la poblaci\u00f3n viva m\u00e1s y con m\u00e1s salud. Fundamentalmente, se habla de prevenci\u00f3n primaria y de secundaria. La prevenci\u00f3n primaria consiste en modificar [&hellip;]<\/p>\n","protected":false},"author":12,"featured_media":0,"parent":15303,"menu_order":0,"comment_status":"open","ping_status":"open","template":"elementor_header_footer","meta":{"footnotes":""},"class_list":["post-8829","page","type-page","status-publish","hentry"],"yoast_head":"<!-- This site is optimized with the Yoast SEO plugin v25.0 - https:\/\/yoast.com\/wordpress\/plugins\/seo\/ -->\n<title>PREVENCI\u00d3N DE ENFERMEDADES: lo que es, pros y contras - DRA. GIBERT<\/title>\n<meta name=\"robots\" content=\"index, follow, max-snippet:-1, max-image-preview:large, max-video-preview:-1\" \/>\n<link rel=\"canonical\" href=\"https:\/\/www.doctoragibert.com\/es\/pacientes\/prevencion-en-ginecologia\/prevencion-de-enfermedades-que-es-pros-y-contras\/\" \/>\n<meta property=\"og:locale\" content=\"es_ES\" \/>\n<meta property=\"og:type\" content=\"article\" \/>\n<meta property=\"og:title\" content=\"PREVENCI\u00d3N DE ENFERMEDADES: lo que es, pros y contras - DRA. GIBERT\" \/>\n<meta property=\"og:description\" content=\"PREVENCI\u00d3N DE ENFERMEDADES: lo que es, pros y contras La prevenci\u00f3n, tal y como se plantea en Medicina, es anticiparse a una enfermedad frecuente y de consecuencias graves. Su finalidad es que la poblaci\u00f3n viva m\u00e1s y con m\u00e1s salud. Fundamentalmente, se habla de prevenci\u00f3n primaria y de secundaria. La prevenci\u00f3n primaria consiste en modificar [&hellip;]\" \/>\n<meta property=\"og:url\" content=\"https:\/\/www.doctoragibert.com\/es\/pacientes\/prevencion-en-ginecologia\/prevencion-de-enfermedades-que-es-pros-y-contras\/\" \/>\n<meta property=\"og:site_name\" content=\"DRA. GIBERT\" \/>\n<meta property=\"article:publisher\" content=\"https:\/\/www.facebook.com\/doctoragibert\" \/>\n<meta property=\"article:modified_time\" content=\"2021-08-27T12:44:04+00:00\" \/>\n<meta property=\"og:image\" content=\"https:\/\/www.doctoragibert.com\/wp-content\/uploads\/2015\/09\/184c47c7e633200091879b3c4ef83bc3.jpg\" \/>\n<meta name=\"twitter:label1\" content=\"Tiempo de lectura\" \/>\n\t<meta name=\"twitter:data1\" content=\"5 minutos\" \/>\n<script type=\"application\/ld+json\" class=\"yoast-schema-graph\">{\"@context\":\"https:\/\/schema.org\",\"@graph\":[{\"@type\":\"WebPage\",\"@id\":\"https:\/\/www.doctoragibert.com\/es\/pacientes\/prevencion-en-ginecologia\/prevencion-de-enfermedades-que-es-pros-y-contras\/\",\"url\":\"https:\/\/www.doctoragibert.com\/es\/pacientes\/prevencion-en-ginecologia\/prevencion-de-enfermedades-que-es-pros-y-contras\/\",\"name\":\"PREVENCI\u00d3N DE ENFERMEDADES: lo que es, pros y contras - DRA. GIBERT\",\"isPartOf\":{\"@id\":\"https:\/\/www.doctoragibert.com\/es\/#website\"},\"primaryImageOfPage\":{\"@id\":\"https:\/\/www.doctoragibert.com\/es\/pacientes\/prevencion-en-ginecologia\/prevencion-de-enfermedades-que-es-pros-y-contras\/#primaryimage\"},\"image\":{\"@id\":\"https:\/\/www.doctoragibert.com\/es\/pacientes\/prevencion-en-ginecologia\/prevencion-de-enfermedades-que-es-pros-y-contras\/#primaryimage\"},\"thumbnailUrl\":\"https:\/\/www.doctoragibert.com\/wp-content\/uploads\/2015\/09\/184c47c7e633200091879b3c4ef83bc3.jpg\",\"datePublished\":\"2015-09-29T09:02:05+00:00\",\"dateModified\":\"2021-08-27T12:44:04+00:00\",\"breadcrumb\":{\"@id\":\"https:\/\/www.doctoragibert.com\/es\/pacientes\/prevencion-en-ginecologia\/prevencion-de-enfermedades-que-es-pros-y-contras\/#breadcrumb\"},\"inLanguage\":\"es\",\"potentialAction\":[{\"@type\":\"ReadAction\",\"target\":[\"https:\/\/www.doctoragibert.com\/es\/pacientes\/prevencion-en-ginecologia\/prevencion-de-enfermedades-que-es-pros-y-contras\/\"]}]},{\"@type\":\"ImageObject\",\"inLanguage\":\"es\",\"@id\":\"https:\/\/www.doctoragibert.com\/es\/pacientes\/prevencion-en-ginecologia\/prevencion-de-enfermedades-que-es-pros-y-contras\/#primaryimage\",\"url\":\"https:\/\/www.doctoragibert.com\/wp-content\/uploads\/2015\/09\/184c47c7e633200091879b3c4ef83bc3.jpg\",\"contentUrl\":\"https:\/\/www.doctoragibert.com\/wp-content\/uploads\/2015\/09\/184c47c7e633200091879b3c4ef83bc3.jpg\"},{\"@type\":\"BreadcrumbList\",\"@id\":\"https:\/\/www.doctoragibert.com\/es\/pacientes\/prevencion-en-ginecologia\/prevencion-de-enfermedades-que-es-pros-y-contras\/#breadcrumb\",\"itemListElement\":[{\"@type\":\"ListItem\",\"position\":1,\"name\":\"PACIENTES\",\"item\":\"https:\/\/www.doctoragibert.com\/es\/pacientes\/\"},{\"@type\":\"ListItem\",\"position\":2,\"name\":\"PREVENCI\u00d3N EN GINECOLOG\u00cdA\",\"item\":\"https:\/\/www.doctoragibert.com\/es\/pacientes\/prevencion-en-ginecologia\/\"},{\"@type\":\"ListItem\",\"position\":3,\"name\":\"PREVENCI\u00d3N DE ENFERMEDADES: lo que es, pros y contras\"}]},{\"@type\":\"WebSite\",\"@id\":\"https:\/\/www.doctoragibert.com\/es\/#website\",\"url\":\"https:\/\/www.doctoragibert.com\/es\/\",\"name\":\"DRA. GIBERT\",\"description\":\"Ginecologia i obstetricia\",\"potentialAction\":[{\"@type\":\"SearchAction\",\"target\":{\"@type\":\"EntryPoint\",\"urlTemplate\":\"https:\/\/www.doctoragibert.com\/es\/?s={search_term_string}\"},\"query-input\":{\"@type\":\"PropertyValueSpecification\",\"valueRequired\":true,\"valueName\":\"search_term_string\"}}],\"inLanguage\":\"es\"}]}<\/script>\n<!-- \/ Yoast SEO plugin. -->","yoast_head_json":{"title":"PREVENCI\u00d3N DE ENFERMEDADES: lo que es, pros y contras - DRA. GIBERT","robots":{"index":"index","follow":"follow","max-snippet":"max-snippet:-1","max-image-preview":"max-image-preview:large","max-video-preview":"max-video-preview:-1"},"canonical":"https:\/\/www.doctoragibert.com\/es\/pacientes\/prevencion-en-ginecologia\/prevencion-de-enfermedades-que-es-pros-y-contras\/","og_locale":"es_ES","og_type":"article","og_title":"PREVENCI\u00d3N DE ENFERMEDADES: lo que es, pros y contras - DRA. GIBERT","og_description":"PREVENCI\u00d3N DE ENFERMEDADES: lo que es, pros y contras La prevenci\u00f3n, tal y como se plantea en Medicina, es anticiparse a una enfermedad frecuente y de consecuencias graves. Su finalidad es que la poblaci\u00f3n viva m\u00e1s y con m\u00e1s salud. Fundamentalmente, se habla de prevenci\u00f3n primaria y de secundaria. La prevenci\u00f3n primaria consiste en modificar [&hellip;]","og_url":"https:\/\/www.doctoragibert.com\/es\/pacientes\/prevencion-en-ginecologia\/prevencion-de-enfermedades-que-es-pros-y-contras\/","og_site_name":"DRA. GIBERT","article_publisher":"https:\/\/www.facebook.com\/doctoragibert","article_modified_time":"2021-08-27T12:44:04+00:00","og_image":[{"url":"https:\/\/www.doctoragibert.com\/wp-content\/uploads\/2015\/09\/184c47c7e633200091879b3c4ef83bc3.jpg","type":"","width":"","height":""}],"twitter_misc":{"Tiempo de lectura":"5 minutos"},"schema":{"@context":"https:\/\/schema.org","@graph":[{"@type":"WebPage","@id":"https:\/\/www.doctoragibert.com\/es\/pacientes\/prevencion-en-ginecologia\/prevencion-de-enfermedades-que-es-pros-y-contras\/","url":"https:\/\/www.doctoragibert.com\/es\/pacientes\/prevencion-en-ginecologia\/prevencion-de-enfermedades-que-es-pros-y-contras\/","name":"PREVENCI\u00d3N DE ENFERMEDADES: lo que es, pros y contras - DRA. GIBERT","isPartOf":{"@id":"https:\/\/www.doctoragibert.com\/es\/#website"},"primaryImageOfPage":{"@id":"https:\/\/www.doctoragibert.com\/es\/pacientes\/prevencion-en-ginecologia\/prevencion-de-enfermedades-que-es-pros-y-contras\/#primaryimage"},"image":{"@id":"https:\/\/www.doctoragibert.com\/es\/pacientes\/prevencion-en-ginecologia\/prevencion-de-enfermedades-que-es-pros-y-contras\/#primaryimage"},"thumbnailUrl":"https:\/\/www.doctoragibert.com\/wp-content\/uploads\/2015\/09\/184c47c7e633200091879b3c4ef83bc3.jpg","datePublished":"2015-09-29T09:02:05+00:00","dateModified":"2021-08-27T12:44:04+00:00","breadcrumb":{"@id":"https:\/\/www.doctoragibert.com\/es\/pacientes\/prevencion-en-ginecologia\/prevencion-de-enfermedades-que-es-pros-y-contras\/#breadcrumb"},"inLanguage":"es","potentialAction":[{"@type":"ReadAction","target":["https:\/\/www.doctoragibert.com\/es\/pacientes\/prevencion-en-ginecologia\/prevencion-de-enfermedades-que-es-pros-y-contras\/"]}]},{"@type":"ImageObject","inLanguage":"es","@id":"https:\/\/www.doctoragibert.com\/es\/pacientes\/prevencion-en-ginecologia\/prevencion-de-enfermedades-que-es-pros-y-contras\/#primaryimage","url":"https:\/\/www.doctoragibert.com\/wp-content\/uploads\/2015\/09\/184c47c7e633200091879b3c4ef83bc3.jpg","contentUrl":"https:\/\/www.doctoragibert.com\/wp-content\/uploads\/2015\/09\/184c47c7e633200091879b3c4ef83bc3.jpg"},{"@type":"BreadcrumbList","@id":"https:\/\/www.doctoragibert.com\/es\/pacientes\/prevencion-en-ginecologia\/prevencion-de-enfermedades-que-es-pros-y-contras\/#breadcrumb","itemListElement":[{"@type":"ListItem","position":1,"name":"PACIENTES","item":"https:\/\/www.doctoragibert.com\/es\/pacientes\/"},{"@type":"ListItem","position":2,"name":"PREVENCI\u00d3N EN GINECOLOG\u00cdA","item":"https:\/\/www.doctoragibert.com\/es\/pacientes\/prevencion-en-ginecologia\/"},{"@type":"ListItem","position":3,"name":"PREVENCI\u00d3N DE ENFERMEDADES: lo que es, pros y contras"}]},{"@type":"WebSite","@id":"https:\/\/www.doctoragibert.com\/es\/#website","url":"https:\/\/www.doctoragibert.com\/es\/","name":"DRA. GIBERT","description":"Ginecologia i obstetricia","potentialAction":[{"@type":"SearchAction","target":{"@type":"EntryPoint","urlTemplate":"https:\/\/www.doctoragibert.com\/es\/?s={search_term_string}"},"query-input":{"@type":"PropertyValueSpecification","valueRequired":true,"valueName":"search_term_string"}}],"inLanguage":"es"}]}},"_links":{"self":[{"href":"https:\/\/www.doctoragibert.com\/es\/wp-json\/wp\/v2\/pages\/8829","targetHints":{"allow":["GET"]}}],"collection":[{"href":"https:\/\/www.doctoragibert.com\/es\/wp-json\/wp\/v2\/pages"}],"about":[{"href":"https:\/\/www.doctoragibert.com\/es\/wp-json\/wp\/v2\/types\/page"}],"author":[{"embeddable":true,"href":"https:\/\/www.doctoragibert.com\/es\/wp-json\/wp\/v2\/users\/12"}],"replies":[{"embeddable":true,"href":"https:\/\/www.doctoragibert.com\/es\/wp-json\/wp\/v2\/comments?post=8829"}],"version-history":[{"count":5,"href":"https:\/\/www.doctoragibert.com\/es\/wp-json\/wp\/v2\/pages\/8829\/revisions"}],"predecessor-version":[{"id":17052,"href":"https:\/\/www.doctoragibert.com\/es\/wp-json\/wp\/v2\/pages\/8829\/revisions\/17052"}],"up":[{"embeddable":true,"href":"https:\/\/www.doctoragibert.com\/es\/wp-json\/wp\/v2\/pages\/15303"}],"wp:attachment":[{"href":"https:\/\/www.doctoragibert.com\/es\/wp-json\/wp\/v2\/media?parent=8829"}],"curies":[{"name":"wp","href":"https:\/\/api.w.org\/{rel}","templated":true}]}}