{"id":8860,"date":"2015-09-29T09:27:11","date_gmt":"2015-09-29T09:27:11","guid":{"rendered":"http:\/\/gibert.uxiodigital.com\/reproduccio\/esterilitat-per-que-conve-tractar-la\/"},"modified":"2021-08-27T11:58:45","modified_gmt":"2021-08-27T11:58:45","slug":"esterilidad-por-que-conviene-tratarla","status":"publish","type":"page","link":"https:\/\/www.doctoragibert.com\/es\/pacientes\/reproduccion\/esterilidad-por-que-conviene-tratarla\/","title":{"rendered":"ESTERILIDAD: \u00bfpor qu\u00e9 conviene tratarla?"},"content":{"rendered":"\t\t<div data-elementor-type=\"wp-page\" data-elementor-id=\"8860\" class=\"elementor elementor-8860 elementor-8856\">\n\t\t\t\t\t\t<section class=\"elementor-section elementor-top-section elementor-element elementor-element-f41128e elementor-section-boxed elementor-section-height-default elementor-section-height-default\" data-id=\"f41128e\" data-element_type=\"section\" data-settings=\"{&quot;background_background&quot;:&quot;classic&quot;}\">\n\t\t\t\t\t\t<div class=\"elementor-container elementor-column-gap-default\">\n\t\t\t\t\t<div class=\"elementor-column elementor-col-100 elementor-top-column elementor-element elementor-element-30f73b1\" data-id=\"30f73b1\" data-element_type=\"column\">\n\t\t\t<div class=\"elementor-widget-wrap elementor-element-populated\">\n\t\t\t\t\t\t<div class=\"elementor-element elementor-element-ceb8281 elementor-widget elementor-widget-spacer\" data-id=\"ceb8281\" data-element_type=\"widget\" data-widget_type=\"spacer.default\">\n\t\t\t\t<div class=\"elementor-widget-container\">\n\t\t\t\t\t\t\t<div class=\"elementor-spacer\">\n\t\t\t<div class=\"elementor-spacer-inner\"><\/div>\n\t\t<\/div>\n\t\t\t\t\t\t<\/div>\n\t\t\t\t<\/div>\n\t\t\t\t<div class=\"elementor-element elementor-element-6618953 elementor-widget elementor-widget-heading\" data-id=\"6618953\" data-element_type=\"widget\" data-widget_type=\"heading.default\">\n\t\t\t\t<div class=\"elementor-widget-container\">\n\t\t\t\t\t<h2 class=\"elementor-heading-title elementor-size-default\">ESTERILIDAD: \u00bfpor qu\u00e9 conviene tratarla?<\/h2>\t\t\t\t<\/div>\n\t\t\t\t<\/div>\n\t\t\t\t<div class=\"elementor-element elementor-element-aa17800 elementor-widget-divider--view-line elementor-widget elementor-widget-divider\" data-id=\"aa17800\" data-element_type=\"widget\" data-widget_type=\"divider.default\">\n\t\t\t\t<div class=\"elementor-widget-container\">\n\t\t\t\t\t\t\t<div class=\"elementor-divider\">\n\t\t\t<span class=\"elementor-divider-separator\">\n\t\t\t\t\t\t<\/span>\n\t\t<\/div>\n\t\t\t\t\t\t<\/div>\n\t\t\t\t<\/div>\n\t\t\t\t<div class=\"elementor-element elementor-element-7f1fd56 migasdepan elementor-widget elementor-widget-wp-widget-bcn_widget\" data-id=\"7f1fd56\" data-element_type=\"widget\" data-widget_type=\"wp-widget-bcn_widget.default\">\n\t\t\t\t<div class=\"elementor-widget-container\">\n\t\t\t\t\t<div class=\"breadcrumbs\" vocab=\"https:\/\/schema.org\/\" typeof=\"BreadcrumbList\"><!-- Breadcrumb NavXT 7.4.1 -->\n<span property=\"itemListElement\" typeof=\"ListItem\"><a property=\"item\" typeof=\"WebPage\" title=\"Ir a DRA. GIBERT.\" href=\"https:\/\/www.doctoragibert.com\/es\/\" class=\"home\" aria-current=\"page\"><span property=\"name\">DRA. GIBERT<\/span><\/a><meta property=\"position\" content=\"1\"><\/span><\/div>\t\t\t\t<\/div>\n\t\t\t\t<\/div>\n\t\t\t\t<div class=\"elementor-element elementor-element-e6fab46 elementor-widget elementor-widget-spacer\" data-id=\"e6fab46\" data-element_type=\"widget\" data-widget_type=\"spacer.default\">\n\t\t\t\t<div class=\"elementor-widget-container\">\n\t\t\t\t\t\t\t<div class=\"elementor-spacer\">\n\t\t\t<div class=\"elementor-spacer-inner\"><\/div>\n\t\t<\/div>\n\t\t\t\t\t\t<\/div>\n\t\t\t\t<\/div>\n\t\t\t\t\t<\/div>\n\t\t<\/div>\n\t\t\t\t\t<\/div>\n\t\t<\/section>\n\t\t\t\t<section class=\"elementor-section elementor-top-section elementor-element elementor-element-2ae382d1 elementor-section-boxed elementor-section-height-default elementor-section-height-default\" data-id=\"2ae382d1\" data-element_type=\"section\">\n\t\t\t\t\t\t<div class=\"elementor-container elementor-column-gap-default\">\n\t\t\t\t\t<div class=\"elementor-column elementor-col-100 elementor-top-column elementor-element elementor-element-7fe7bed5\" data-id=\"7fe7bed5\" data-element_type=\"column\">\n\t\t\t<div class=\"elementor-widget-wrap elementor-element-populated\">\n\t\t\t\t\t\t<div class=\"elementor-element elementor-element-67bcb76 elementor-widget elementor-widget-text-editor\" data-id=\"67bcb76\" data-element_type=\"widget\" data-widget_type=\"text-editor.default\">\n\t\t\t\t<div class=\"elementor-widget-container\">\n\t\t\t\t\t\t\t\t\t<p><img decoding=\"async\" class=\"alignleft size-full wp-image-8857\" src=\"https:\/\/www.doctoragibert.com\/wp-content\/uploads\/2015\/09\/047a241cb72f41fb6cef2f72006cc182.jpg\" alt=\"047a241cb72f41fb6cef2f72006cc182\" width=\"200\" height=\"150\" \/><\/p><p>La <b>esterilidad<\/b> es la incapacidad de <b>uno o de ambos miembros de la pareja<\/b> para concebir despu\u00e9s de un plazo razonable de coitos normales sin protecci\u00f3n. Este plazo \u201crazonable\u201d es de <b>un a\u00f1o<\/b> seg\u00fan la <a href=\"http:\/\/nuevo.sefertilidad.com\/index.php\" target=\"_blank\" rel=\"noopener\">Sociedad Espa\u00f1ola de Fertilidad (SEF)<\/a> o la <a href=\"http:\/\/www.who.int\/es\/index.html\" target=\"_blank\" rel=\"noopener\">Organizaci\u00f3n Mundial de la Salud (OMS)<\/a>. Entonces, el estudio de esterilidad debe iniciarse a partir del a\u00f1o de relaciones sexuales no protegidas.<\/p><p>La mayor\u00eda de publicaciones apuntan a que <b>la esterilidad afecta al 10-15% de las parejas<\/b>. Los tratamientos de reproducci\u00f3n asistida aumentan espectacularmente las posibilidades de embarazo, as\u00ed un estudio dan\u00e9s ha objetivado que <b>el 70% de las parejas que se someten a tratamientos de reproducci\u00f3n asistida conciben en un plazo de 5 a\u00f1os mientras que s\u00f3lo el 7% de las parejas sin tratamiento lo logran<\/b>. Los mayores \u00e9xitos se concentran en <b>las mujeres m\u00e1s j\u00f3venes<\/b> y en aquellas parejas que se someten a <b>m\u00faltiples intentos<\/b>.<\/p><p>La edad de la mujer es tan importante que si una mujer de 30 a\u00f1os retrasa su deseo gestacional hasta los 35 a\u00f1os, sus probabilidades de concebir se reducir\u00e1n un 9% y los tratamientos s\u00f3lo compensar\u00e1n un 4% de esta disminuci\u00f3n, mientras que si una de 35 a\u00f1os pospone su maternidad hasta los 40 a\u00f1os, sus posibilidades de embarazo espont\u00e1neo bajar\u00e1n un 25% y la fecundaci\u00f3n in vitro s\u00f3lo compensar\u00e1 el 7% de esta p\u00e9rdida. Lo anterior tiene el siguiente mensaje: <b>las mujeres de 36 a\u00f1os o m\u00e1s que no han concebido deben adelantar el estudio de la esterilidad a los 6 meses<\/b> de coitos no protegidos, pues incluso lo mejores tratamientos no pueden compensar la p\u00e9rdida de la capacidad reproductiva natural asociada a la edad.<\/p><p>Un estudio retrospectivo afirma que <b>el 100% de las parejas que han sido padres despu\u00e9s de realizarse una fecundaci\u00f3n in vitro y el 90% de las que no lo han logrado est\u00e1n satisfechas de haberse tratado<\/b>. Aun con todo, el estr\u00e9s emocional inicial o durante el tratamiento hace que 8 de cada 10 parejas que buscan ayuda m\u00e9dica no inicien el tratamiento o no lo contin\u00faen.<\/p><div class=\"clear\">\u00a0<\/div><p><b>Fuentes de la informaci\u00f3n:\u00a0<\/b><i><\/i><\/p><ul><li><i>Bruna Catal\u00e1n I, Collado Ramos O, Prados Mondejar F, P\u00e9rez-Bermejo G. El estudio b\u00e1sico de esterilidad desde el punto de vista de la medicina basada en evidencia. Revista Iberoamericana de Fertilidad. 2007;24:145-50.<\/i><\/li><li><i>Hammarberg K, Astbury J, Baker H. Women\u2019s experience of IVF: a follow-up study. Hum Reprod. 2001;16:374-83.<\/i><\/li><li><i>Leridon H. Can assisted reproductive technology compensate for the natural decline in fertility with age? Hum Reprod. 2004;19:1548-53.<\/i><\/li><li><i>National Institute for Clinical Excellence. Fertility: assessment and treatment for people with fertility problems. February, 2013 [acceso 5-11-13]. Disponible en: <a href=\"http:\/\/guidance.nice.org.uk\/CG156\" target=\"_blank\" rel=\"noopener\">http:\/\/guidance.nice.org.uk\/CG156<\/a>.<\/i><\/li><\/ul>\t\t\t\t\t\t\t\t<\/div>\n\t\t\t\t<\/div>\n\t\t\t\t\t<\/div>\n\t\t<\/div>\n\t\t\t\t\t<\/div>\n\t\t<\/section>\n\t\t\t\t<section class=\"elementor-section elementor-top-section elementor-element elementor-element-dc23bf5 elementor-section-boxed elementor-section-height-default elementor-section-height-default\" data-id=\"dc23bf5\" data-element_type=\"section\">\n\t\t\t\t\t\t<div class=\"elementor-container elementor-column-gap-default\">\n\t\t\t\t\t<div class=\"elementor-column elementor-col-100 elementor-top-column elementor-element elementor-element-b37fccd\" data-id=\"b37fccd\" data-element_type=\"column\">\n\t\t\t<div class=\"elementor-widget-wrap elementor-element-populated\">\n\t\t\t\t\t\t<div class=\"elementor-element elementor-element-71532a3 elementor-widget elementor-widget-shortcode\" data-id=\"71532a3\" data-element_type=\"widget\" data-widget_type=\"shortcode.default\">\n\t\t\t\t<div class=\"elementor-widget-container\">\n\t\t\t\t\t\t\t<div class=\"elementor-shortcode\">[ssba-buttons]<\/div>\n\t\t\t\t\t\t<\/div>\n\t\t\t\t<\/div>\n\t\t\t\t\t<\/div>\n\t\t<\/div>\n\t\t\t\t\t<\/div>\n\t\t<\/section>\n\t\t\t\t<\/div>\n\t\t","protected":false},"excerpt":{"rendered":"<p>ESTERILIDAD: \u00bfpor qu\u00e9 conviene tratarla? La esterilidad es la incapacidad de uno o de ambos miembros de la pareja para concebir despu\u00e9s de un plazo razonable de coitos normales sin protecci\u00f3n. Este plazo \u201crazonable\u201d es de un a\u00f1o seg\u00fan la Sociedad Espa\u00f1ola de Fertilidad (SEF) o la Organizaci\u00f3n Mundial de la Salud (OMS). Entonces, el [&hellip;]<\/p>\n","protected":false},"author":12,"featured_media":0,"parent":15317,"menu_order":0,"comment_status":"open","ping_status":"open","template":"elementor_header_footer","meta":{"footnotes":""},"class_list":["post-8860","page","type-page","status-publish","hentry"],"yoast_head":"<!-- This site is optimized with the Yoast SEO plugin v25.0 - https:\/\/yoast.com\/wordpress\/plugins\/seo\/ -->\n<title>ESTERILIDAD: \u00bfpor qu\u00e9 conviene tratarla? - DRA. GIBERT<\/title>\n<meta name=\"robots\" content=\"index, follow, max-snippet:-1, max-image-preview:large, max-video-preview:-1\" \/>\n<link rel=\"canonical\" href=\"https:\/\/www.doctoragibert.com\/es\/pacientes\/reproduccion\/esterilidad-por-que-conviene-tratarla\/\" \/>\n<meta property=\"og:locale\" content=\"es_ES\" \/>\n<meta property=\"og:type\" content=\"article\" \/>\n<meta property=\"og:title\" content=\"ESTERILIDAD: \u00bfpor qu\u00e9 conviene tratarla? - DRA. GIBERT\" \/>\n<meta property=\"og:description\" content=\"ESTERILIDAD: \u00bfpor qu\u00e9 conviene tratarla? La esterilidad es la incapacidad de uno o de ambos miembros de la pareja para concebir despu\u00e9s de un plazo razonable de coitos normales sin protecci\u00f3n. Este plazo \u201crazonable\u201d es de un a\u00f1o seg\u00fan la Sociedad Espa\u00f1ola de Fertilidad (SEF) o la Organizaci\u00f3n Mundial de la Salud (OMS). Entonces, el [&hellip;]\" \/>\n<meta property=\"og:url\" content=\"https:\/\/www.doctoragibert.com\/es\/pacientes\/reproduccion\/esterilidad-por-que-conviene-tratarla\/\" \/>\n<meta property=\"og:site_name\" content=\"DRA. GIBERT\" \/>\n<meta property=\"article:publisher\" content=\"https:\/\/www.facebook.com\/doctoragibert\" \/>\n<meta property=\"article:modified_time\" content=\"2021-08-27T11:58:45+00:00\" \/>\n<meta property=\"og:image\" content=\"https:\/\/www.doctoragibert.com\/wp-content\/uploads\/2015\/09\/047a241cb72f41fb6cef2f72006cc182.jpg\" \/>\n<meta name=\"twitter:label1\" content=\"Tiempo de lectura\" \/>\n\t<meta name=\"twitter:data1\" content=\"3 minutos\" \/>\n<script type=\"application\/ld+json\" class=\"yoast-schema-graph\">{\"@context\":\"https:\/\/schema.org\",\"@graph\":[{\"@type\":\"WebPage\",\"@id\":\"https:\/\/www.doctoragibert.com\/es\/pacientes\/reproduccion\/esterilidad-por-que-conviene-tratarla\/\",\"url\":\"https:\/\/www.doctoragibert.com\/es\/pacientes\/reproduccion\/esterilidad-por-que-conviene-tratarla\/\",\"name\":\"ESTERILIDAD: \u00bfpor qu\u00e9 conviene tratarla? - DRA. GIBERT\",\"isPartOf\":{\"@id\":\"https:\/\/www.doctoragibert.com\/es\/#website\"},\"primaryImageOfPage\":{\"@id\":\"https:\/\/www.doctoragibert.com\/es\/pacientes\/reproduccion\/esterilidad-por-que-conviene-tratarla\/#primaryimage\"},\"image\":{\"@id\":\"https:\/\/www.doctoragibert.com\/es\/pacientes\/reproduccion\/esterilidad-por-que-conviene-tratarla\/#primaryimage\"},\"thumbnailUrl\":\"https:\/\/www.doctoragibert.com\/wp-content\/uploads\/2015\/09\/047a241cb72f41fb6cef2f72006cc182.jpg\",\"datePublished\":\"2015-09-29T09:27:11+00:00\",\"dateModified\":\"2021-08-27T11:58:45+00:00\",\"breadcrumb\":{\"@id\":\"https:\/\/www.doctoragibert.com\/es\/pacientes\/reproduccion\/esterilidad-por-que-conviene-tratarla\/#breadcrumb\"},\"inLanguage\":\"es\",\"potentialAction\":[{\"@type\":\"ReadAction\",\"target\":[\"https:\/\/www.doctoragibert.com\/es\/pacientes\/reproduccion\/esterilidad-por-que-conviene-tratarla\/\"]}]},{\"@type\":\"ImageObject\",\"inLanguage\":\"es\",\"@id\":\"https:\/\/www.doctoragibert.com\/es\/pacientes\/reproduccion\/esterilidad-por-que-conviene-tratarla\/#primaryimage\",\"url\":\"https:\/\/www.doctoragibert.com\/wp-content\/uploads\/2015\/09\/047a241cb72f41fb6cef2f72006cc182.jpg\",\"contentUrl\":\"https:\/\/www.doctoragibert.com\/wp-content\/uploads\/2015\/09\/047a241cb72f41fb6cef2f72006cc182.jpg\"},{\"@type\":\"BreadcrumbList\",\"@id\":\"https:\/\/www.doctoragibert.com\/es\/pacientes\/reproduccion\/esterilidad-por-que-conviene-tratarla\/#breadcrumb\",\"itemListElement\":[{\"@type\":\"ListItem\",\"position\":1,\"name\":\"PACIENTES\",\"item\":\"https:\/\/www.doctoragibert.com\/es\/pacientes\/\"},{\"@type\":\"ListItem\",\"position\":2,\"name\":\"REPRODUCCI\u00d3N\",\"item\":\"https:\/\/www.doctoragibert.com\/es\/pacientes\/reproduccion\/\"},{\"@type\":\"ListItem\",\"position\":3,\"name\":\"ESTERILIDAD: \u00bfpor qu\u00e9 conviene tratarla?\"}]},{\"@type\":\"WebSite\",\"@id\":\"https:\/\/www.doctoragibert.com\/es\/#website\",\"url\":\"https:\/\/www.doctoragibert.com\/es\/\",\"name\":\"DRA. GIBERT\",\"description\":\"Ginecologia i obstetricia\",\"potentialAction\":[{\"@type\":\"SearchAction\",\"target\":{\"@type\":\"EntryPoint\",\"urlTemplate\":\"https:\/\/www.doctoragibert.com\/es\/?s={search_term_string}\"},\"query-input\":{\"@type\":\"PropertyValueSpecification\",\"valueRequired\":true,\"valueName\":\"search_term_string\"}}],\"inLanguage\":\"es\"}]}<\/script>\n<!-- \/ Yoast SEO plugin. -->","yoast_head_json":{"title":"ESTERILIDAD: \u00bfpor qu\u00e9 conviene tratarla? - DRA. GIBERT","robots":{"index":"index","follow":"follow","max-snippet":"max-snippet:-1","max-image-preview":"max-image-preview:large","max-video-preview":"max-video-preview:-1"},"canonical":"https:\/\/www.doctoragibert.com\/es\/pacientes\/reproduccion\/esterilidad-por-que-conviene-tratarla\/","og_locale":"es_ES","og_type":"article","og_title":"ESTERILIDAD: \u00bfpor qu\u00e9 conviene tratarla? - DRA. GIBERT","og_description":"ESTERILIDAD: \u00bfpor qu\u00e9 conviene tratarla? La esterilidad es la incapacidad de uno o de ambos miembros de la pareja para concebir despu\u00e9s de un plazo razonable de coitos normales sin protecci\u00f3n. Este plazo \u201crazonable\u201d es de un a\u00f1o seg\u00fan la Sociedad Espa\u00f1ola de Fertilidad (SEF) o la Organizaci\u00f3n Mundial de la Salud (OMS). Entonces, el [&hellip;]","og_url":"https:\/\/www.doctoragibert.com\/es\/pacientes\/reproduccion\/esterilidad-por-que-conviene-tratarla\/","og_site_name":"DRA. GIBERT","article_publisher":"https:\/\/www.facebook.com\/doctoragibert","article_modified_time":"2021-08-27T11:58:45+00:00","og_image":[{"url":"https:\/\/www.doctoragibert.com\/wp-content\/uploads\/2015\/09\/047a241cb72f41fb6cef2f72006cc182.jpg","type":"","width":"","height":""}],"twitter_misc":{"Tiempo de lectura":"3 minutos"},"schema":{"@context":"https:\/\/schema.org","@graph":[{"@type":"WebPage","@id":"https:\/\/www.doctoragibert.com\/es\/pacientes\/reproduccion\/esterilidad-por-que-conviene-tratarla\/","url":"https:\/\/www.doctoragibert.com\/es\/pacientes\/reproduccion\/esterilidad-por-que-conviene-tratarla\/","name":"ESTERILIDAD: \u00bfpor qu\u00e9 conviene tratarla? - DRA. GIBERT","isPartOf":{"@id":"https:\/\/www.doctoragibert.com\/es\/#website"},"primaryImageOfPage":{"@id":"https:\/\/www.doctoragibert.com\/es\/pacientes\/reproduccion\/esterilidad-por-que-conviene-tratarla\/#primaryimage"},"image":{"@id":"https:\/\/www.doctoragibert.com\/es\/pacientes\/reproduccion\/esterilidad-por-que-conviene-tratarla\/#primaryimage"},"thumbnailUrl":"https:\/\/www.doctoragibert.com\/wp-content\/uploads\/2015\/09\/047a241cb72f41fb6cef2f72006cc182.jpg","datePublished":"2015-09-29T09:27:11+00:00","dateModified":"2021-08-27T11:58:45+00:00","breadcrumb":{"@id":"https:\/\/www.doctoragibert.com\/es\/pacientes\/reproduccion\/esterilidad-por-que-conviene-tratarla\/#breadcrumb"},"inLanguage":"es","potentialAction":[{"@type":"ReadAction","target":["https:\/\/www.doctoragibert.com\/es\/pacientes\/reproduccion\/esterilidad-por-que-conviene-tratarla\/"]}]},{"@type":"ImageObject","inLanguage":"es","@id":"https:\/\/www.doctoragibert.com\/es\/pacientes\/reproduccion\/esterilidad-por-que-conviene-tratarla\/#primaryimage","url":"https:\/\/www.doctoragibert.com\/wp-content\/uploads\/2015\/09\/047a241cb72f41fb6cef2f72006cc182.jpg","contentUrl":"https:\/\/www.doctoragibert.com\/wp-content\/uploads\/2015\/09\/047a241cb72f41fb6cef2f72006cc182.jpg"},{"@type":"BreadcrumbList","@id":"https:\/\/www.doctoragibert.com\/es\/pacientes\/reproduccion\/esterilidad-por-que-conviene-tratarla\/#breadcrumb","itemListElement":[{"@type":"ListItem","position":1,"name":"PACIENTES","item":"https:\/\/www.doctoragibert.com\/es\/pacientes\/"},{"@type":"ListItem","position":2,"name":"REPRODUCCI\u00d3N","item":"https:\/\/www.doctoragibert.com\/es\/pacientes\/reproduccion\/"},{"@type":"ListItem","position":3,"name":"ESTERILIDAD: \u00bfpor qu\u00e9 conviene tratarla?"}]},{"@type":"WebSite","@id":"https:\/\/www.doctoragibert.com\/es\/#website","url":"https:\/\/www.doctoragibert.com\/es\/","name":"DRA. GIBERT","description":"Ginecologia i obstetricia","potentialAction":[{"@type":"SearchAction","target":{"@type":"EntryPoint","urlTemplate":"https:\/\/www.doctoragibert.com\/es\/?s={search_term_string}"},"query-input":{"@type":"PropertyValueSpecification","valueRequired":true,"valueName":"search_term_string"}}],"inLanguage":"es"}]}},"_links":{"self":[{"href":"https:\/\/www.doctoragibert.com\/es\/wp-json\/wp\/v2\/pages\/8860","targetHints":{"allow":["GET"]}}],"collection":[{"href":"https:\/\/www.doctoragibert.com\/es\/wp-json\/wp\/v2\/pages"}],"about":[{"href":"https:\/\/www.doctoragibert.com\/es\/wp-json\/wp\/v2\/types\/page"}],"author":[{"embeddable":true,"href":"https:\/\/www.doctoragibert.com\/es\/wp-json\/wp\/v2\/users\/12"}],"replies":[{"embeddable":true,"href":"https:\/\/www.doctoragibert.com\/es\/wp-json\/wp\/v2\/comments?post=8860"}],"version-history":[{"count":5,"href":"https:\/\/www.doctoragibert.com\/es\/wp-json\/wp\/v2\/pages\/8860\/revisions"}],"predecessor-version":[{"id":16952,"href":"https:\/\/www.doctoragibert.com\/es\/wp-json\/wp\/v2\/pages\/8860\/revisions\/16952"}],"up":[{"embeddable":true,"href":"https:\/\/www.doctoragibert.com\/es\/wp-json\/wp\/v2\/pages\/15317"}],"wp:attachment":[{"href":"https:\/\/www.doctoragibert.com\/es\/wp-json\/wp\/v2\/media?parent=8860"}],"curies":[{"name":"wp","href":"https:\/\/api.w.org\/{rel}","templated":true}]}}