{"id":8877,"date":"2015-09-29T09:39:52","date_gmt":"2015-09-29T09:39:52","guid":{"rendered":"http:\/\/gibert.uxiodigital.com\/reproduccio\/fertilitat-humana-aconseguir-un-embaras-no-es-sempre-tan-rapid\/"},"modified":"2021-08-11T10:12:40","modified_gmt":"2021-08-11T10:12:40","slug":"fertilidad-humana-conseguir-un-embarazo-no-es-siempre-tan-rapido","status":"publish","type":"page","link":"https:\/\/www.doctoragibert.com\/es\/pacientes\/reproduccion\/fertilidad-humana-conseguir-un-embarazo-no-es-siempre-tan-rapido\/","title":{"rendered":"FERTILIDAD HUMANA: \u00a1conseguir un embarazo no es siempre tan r\u00e1pido!"},"content":{"rendered":"\t\t<div data-elementor-type=\"wp-page\" data-elementor-id=\"8877\" class=\"elementor elementor-8877 elementor-8873\">\n\t\t\t\t\t\t<section class=\"elementor-section elementor-top-section elementor-element elementor-element-2d97f77 elementor-section-boxed elementor-section-height-default elementor-section-height-default\" data-id=\"2d97f77\" data-element_type=\"section\" data-settings=\"{&quot;background_background&quot;:&quot;classic&quot;}\">\n\t\t\t\t\t\t<div class=\"elementor-container elementor-column-gap-default\">\n\t\t\t\t\t<div class=\"elementor-column elementor-col-100 elementor-top-column elementor-element elementor-element-13f805c\" data-id=\"13f805c\" data-element_type=\"column\">\n\t\t\t<div class=\"elementor-widget-wrap elementor-element-populated\">\n\t\t\t\t\t\t<div class=\"elementor-element elementor-element-2966582 elementor-widget elementor-widget-spacer\" data-id=\"2966582\" data-element_type=\"widget\" data-widget_type=\"spacer.default\">\n\t\t\t\t<div class=\"elementor-widget-container\">\n\t\t\t\t\t\t\t<div class=\"elementor-spacer\">\n\t\t\t<div class=\"elementor-spacer-inner\"><\/div>\n\t\t<\/div>\n\t\t\t\t\t\t<\/div>\n\t\t\t\t<\/div>\n\t\t\t\t<div class=\"elementor-element elementor-element-5d6bf8c elementor-widget elementor-widget-heading\" data-id=\"5d6bf8c\" data-element_type=\"widget\" data-widget_type=\"heading.default\">\n\t\t\t\t<div class=\"elementor-widget-container\">\n\t\t\t\t\t<h2 class=\"elementor-heading-title elementor-size-default\">FERTILIDAD HUMANA: \u00a1conseguir un embarazo no es siempre tan r\u00e1pido!<\/h2>\t\t\t\t<\/div>\n\t\t\t\t<\/div>\n\t\t\t\t<div class=\"elementor-element elementor-element-6d28d43 elementor-widget-divider--view-line elementor-widget elementor-widget-divider\" data-id=\"6d28d43\" data-element_type=\"widget\" data-widget_type=\"divider.default\">\n\t\t\t\t<div class=\"elementor-widget-container\">\n\t\t\t\t\t\t\t<div class=\"elementor-divider\">\n\t\t\t<span class=\"elementor-divider-separator\">\n\t\t\t\t\t\t<\/span>\n\t\t<\/div>\n\t\t\t\t\t\t<\/div>\n\t\t\t\t<\/div>\n\t\t\t\t<div class=\"elementor-element elementor-element-aad5a93 migasdepan elementor-widget elementor-widget-wp-widget-bcn_widget\" data-id=\"aad5a93\" data-element_type=\"widget\" data-widget_type=\"wp-widget-bcn_widget.default\">\n\t\t\t\t<div class=\"elementor-widget-container\">\n\t\t\t\t\t<div class=\"breadcrumbs\" vocab=\"https:\/\/schema.org\/\" typeof=\"BreadcrumbList\"><!-- Breadcrumb NavXT 7.4.1 -->\n<span property=\"itemListElement\" typeof=\"ListItem\"><a property=\"item\" typeof=\"WebPage\" title=\"Ir a DRA. GIBERT.\" href=\"https:\/\/www.doctoragibert.com\/es\/\" class=\"home\" aria-current=\"page\"><span property=\"name\">DRA. GIBERT<\/span><\/a><meta property=\"position\" content=\"1\"><\/span><\/div>\t\t\t\t<\/div>\n\t\t\t\t<\/div>\n\t\t\t\t<div class=\"elementor-element elementor-element-ce894c1 elementor-widget elementor-widget-spacer\" data-id=\"ce894c1\" data-element_type=\"widget\" data-widget_type=\"spacer.default\">\n\t\t\t\t<div class=\"elementor-widget-container\">\n\t\t\t\t\t\t\t<div class=\"elementor-spacer\">\n\t\t\t<div class=\"elementor-spacer-inner\"><\/div>\n\t\t<\/div>\n\t\t\t\t\t\t<\/div>\n\t\t\t\t<\/div>\n\t\t\t\t\t<\/div>\n\t\t<\/div>\n\t\t\t\t\t<\/div>\n\t\t<\/section>\n\t\t\t\t<section class=\"elementor-section elementor-top-section elementor-element elementor-element-697cf47f elementor-section-boxed elementor-section-height-default elementor-section-height-default\" data-id=\"697cf47f\" data-element_type=\"section\">\n\t\t\t\t\t\t<div class=\"elementor-container elementor-column-gap-default\">\n\t\t\t\t\t<div class=\"elementor-column elementor-col-100 elementor-top-column elementor-element elementor-element-43d85e8e\" data-id=\"43d85e8e\" data-element_type=\"column\">\n\t\t\t<div class=\"elementor-widget-wrap elementor-element-populated\">\n\t\t\t\t\t\t<div class=\"elementor-element elementor-element-5235f19b elementor-widget elementor-widget-text-editor\" data-id=\"5235f19b\" data-element_type=\"widget\" data-widget_type=\"text-editor.default\">\n\t\t\t\t<div class=\"elementor-widget-container\">\n\t\t\t\t\t\t\t\t\t<p><img fetchpriority=\"high\" decoding=\"async\" class=\"alignleft size-full wp-image-8874\" src=\"https:\/\/www.doctoragibert.com\/wp-content\/uploads\/2015\/09\/7a2157ac352fc052c39848de1ab2ec96.jpg\" alt=\"7a2157ac352fc052c39848de1ab2ec96\" width=\"400\" height=\"261\" srcset=\"https:\/\/www.doctoragibert.com\/wp-content\/uploads\/2015\/09\/7a2157ac352fc052c39848de1ab2ec96.jpg 400w, https:\/\/www.doctoragibert.com\/wp-content\/uploads\/2015\/09\/7a2157ac352fc052c39848de1ab2ec96-300x196.jpg 300w\" sizes=\"(max-width: 400px) 100vw, 400px\" \/><\/p><p>La incorporaci\u00f3n de la mujer al trabajo, el aumento de nuestra esperanza de vida y, lamentablemente, la crisis econ\u00f3mica han contribuido a posponer la edad en la que las parejas se plantean tener hijos. En nuestra sociedad, es raro que mujeres de veintitantos a\u00f1os piensen ser madres a corto plazo y a los treinta y pocos, muchas a\u00fan se sienten \u201cj\u00f3venes\u201d o con \u201cmuchos proyectos para realizar\u201d antes de decidirse por la maternidad.<\/p><p>Sin embargo, una vez que las parejas han madurado la decisi\u00f3n de ser padres, el tiempo parece correr a una velocidad mucho m\u00e1s r\u00e1pida, y se espera conseguir el ya deseado embarazo en unos pocos meses, y si ello no ocurre enseguida aparecen la impaciencia y la desaz\u00f3n. No est\u00e1 de m\u00e1s saber que la especie humana es de bajo potencial reproductivo, pues nada tenemos que ver con otros mam\u00edferos que se reproducen frecuentemente y, adem\u00e1s, alumbran varios hijos en un solo parto. De hecho, la <b>fecundidad mensual m\u00e1xima te\u00f3rica de pareja de menos de 30 a\u00f1os es de un 30%<\/b>. Ello no debe interpretarse como que en 3-4 meses las parejas m\u00e1s j\u00f3venes y f\u00e9rtiles quedar\u00e1n embarazadas, ni mucho menos. Si hacemos una <b>simulaci\u00f3n te\u00f3rica<\/b> con una hoja de c\u00e1lculo (recurriendo a la teor\u00eda de la probabilidad que algunos recordar\u00e1n de su ense\u00f1anza secundaria), a los 6 meses de relaciones sin protecci\u00f3n quedar\u00e1n embarazadas el 88% de las mujeres ((0,3) + (0,7*0,3) + (1-0,3-0,21) *0,3 + \u2026 = 88%), a los 18 meses el 99,8% y el 100% se alcanzar\u00eda, seg\u00fan las matem\u00e1ticas, a los 54 meses. Pero todos sabemos que una cosa es la teor\u00eda y otra la pr\u00e1ctica, y que los rendimientos en la realidad cotidiana suelen ser algo inferiores (un mes tenemos mucho trabajo y menos relaciones, otro mes tenemos fiebre, algunos fuman tabaco o marihuana y otros beben alcohol el fin de semana, todas ellas situaciones que disminuyen notablemente la calidad del semen y, adem\u00e1s, no todos somos ni tan j\u00f3venes, ni tan f\u00e9rtiles\u2026).<\/p><p>Las <b>cifras pr\u00e1cticas<\/b> que con m\u00e1s frecuencia se manejan apuntan a que el 84% de las parejas de la poblaci\u00f3n general consiguen la gestaci\u00f3n en el primer a\u00f1o y el 92% en los dos primeros. Estas proporciones disminuyen con el envejecimiento de las mujeres y viceversa. Ello no significa que la edad de los hombres no importe, pues la calidad del semen disminuye con la edad, aunque el cambio es mucho m\u00e1s paulatino que en las f\u00e9minas. Esta diferencia entre la capacidad reproductiva de los dos sexos es bien l\u00f3gica: el papel de la mujer en la reproducci\u00f3n es mucho m\u00e1s \u201cintenso\u201d que el del hombre, pues debemos estar preparadas para aguantar 9 meses de gestaci\u00f3n, lo cual es una sobrecarga para los \u00f3rganos de todo nuestro cuerpo: coraz\u00f3n, pulmones, p\u00e1ncreas, huesos, articulaciones, etc. Entonces, hay que estar fuerte y sana para soportar tal envite. Y ya sabemos todos que con la edad las posibilidades de enfermar aumentan y las fuerzas disminuyen\u2026<\/p><p>La fertilidad femenina comienza a bajar r\u00e1pidamente <b>despu\u00e9s de los 35 a\u00f1os<\/b>, y esto queda claramente demostrado en la figura que acompa\u00f1a esta p\u00e1gina. El porcentaje de embarazos se refiere a la proporci\u00f3n de mujeres que intentan quedar embarazadas y lo logran en el curso de un a\u00f1o. Es importante conocer estos datos al posponer la edad de nuestra primera o sucesivas maternidades, pues un primer embarazo puede costarnos relativamente poco tiempo y el siguiente (si hemos rebasado ampliamente la treintena) demorarse mucho o no llegar. Otro dato que tenemos que considerar es la edad de la menopausia de nuestras madres, abuelas y hermanas mayores, puesto que <b>si tuvieron la menopausia antes de los 40 a\u00f1os, nosotras tenemos hasta \u00bc de posibilidades de que tambi\u00e9n nos ocurra<\/b>. La menopausia va precedida de unos a\u00f1os de fuerte disminuci\u00f3n de la fertilidad, pero la buena noticia es que podemos predecir si estamos o no en este grupo de riesgo <b>con un an\u00e1lisis de sangre<\/b>.<\/p><p>Visto lo anterior, no hay que agobiarse, pero s\u00ed hay que ponerse \u201cmanos a la obra\u201d, con <b>relaciones cada 2-3 d\u00edas<\/b> (si son m\u00e1s frecuentes, la calidad del semen empeora) y no hace falta comprar los tests de ovulaci\u00f3n que se venden en farmacias, pues la ansiedad aumenta y no mejoran sustancialmente nuestras probabilidades de embarazo.<\/p><p>Si tras <b>un a\u00f1o<\/b> de relaciones regulares y sin protecci\u00f3n no se consigue la gestaci\u00f3n <b>hay que consultar<\/b>. En algunos casos puede adelantarse la consulta a los <b>6 meses<\/b> si:<\/p><ul><li><b>La mujer<\/b> tiene reglas irregulares, no tiene la regla, ha sufrido operaciones en sus genitales internos, ha tenido peritonitis, padece endometriosis o tiene <b>36 a\u00f1os o m\u00e1s<\/b>.<\/li><li><b>El hombre<\/b> ha tenido alguna enfermedad urol\u00f3gica o genital.<\/li><li><b>Alguno de los dos<\/b> ha tenido alguna enfermedad de transmisi\u00f3n sexual o cualquier enfermedad grave.<\/li><\/ul><p>\u00a0<\/p><div class=\"clear\">\u00a0<\/div><p><b>Fuentes de la informaci\u00f3n:<\/b> <i><\/i><\/p><ul><li>Akre O, Cnattingius S, Bergstr\u00f6m R, Kvist U, Trichopoulos D, Ekbom A. Human fertility does not decline: evidence from Sweden. Fertil Steril. 1999;71:1066-9.<\/li><li>Bruna Catal\u00e1n I, Collado Ramos O, Prados Mond\u00e9jar F, P\u00e9rez-Bermejo G. El estudio b\u00e1sico de esterilidad desde el punto de vista de la medicina basada en evidencia. Revista Iberoamericana de Fertilidad 2007;24:145-50.<\/li><li>National Institute for Clinical Excellence. Fertility: assessment and treatment for people with fertility problems. February, 2013. [acceso 5-11-13]. Disponible en: <a href=\"http:\/\/guidance.nice.org.uk\/CG156\" target=\"_blank\" rel=\"noopener\">http:\/\/guidance.nice.org.uk\/CG156<\/a>.<\/li><li>Remoh\u00ed J, Romero JL, Pellicer A, Sim\u00f3n C, Navarro J. Manual pr\u00e1ctico de esterilidad y reproducci\u00f3n humana. 2\u00aa ed. Madrid: McGraw-Hill Interamericana; 2002.<\/li><\/ul><div class=\"clear\">\u00a0<\/div>\t\t\t\t\t\t\t\t<\/div>\n\t\t\t\t<\/div>\n\t\t\t\t\t<\/div>\n\t\t<\/div>\n\t\t\t\t\t<\/div>\n\t\t<\/section>\n\t\t\t\t<section class=\"elementor-section elementor-top-section elementor-element elementor-element-caf4614 elementor-section-boxed elementor-section-height-default elementor-section-height-default\" data-id=\"caf4614\" data-element_type=\"section\">\n\t\t\t\t\t\t<div class=\"elementor-container elementor-column-gap-default\">\n\t\t\t\t\t<div class=\"elementor-column elementor-col-100 elementor-top-column elementor-element elementor-element-2278b52\" data-id=\"2278b52\" data-element_type=\"column\">\n\t\t\t<div class=\"elementor-widget-wrap elementor-element-populated\">\n\t\t\t\t\t\t<div class=\"elementor-element elementor-element-7c53892 elementor-widget elementor-widget-shortcode\" data-id=\"7c53892\" data-element_type=\"widget\" data-widget_type=\"shortcode.default\">\n\t\t\t\t<div class=\"elementor-widget-container\">\n\t\t\t\t\t\t\t<div class=\"elementor-shortcode\">[ssba-buttons]<\/div>\n\t\t\t\t\t\t<\/div>\n\t\t\t\t<\/div>\n\t\t\t\t\t<\/div>\n\t\t<\/div>\n\t\t\t\t\t<\/div>\n\t\t<\/section>\n\t\t\t\t<\/div>\n\t\t","protected":false},"excerpt":{"rendered":"<p>FERTILIDAD HUMANA: \u00a1conseguir un embarazo no es siempre tan r\u00e1pido! La incorporaci\u00f3n de la mujer al trabajo, el aumento de nuestra esperanza de vida y, lamentablemente, la crisis econ\u00f3mica han contribuido a posponer la edad en la que las parejas se plantean tener hijos. En nuestra sociedad, es raro que mujeres de veintitantos a\u00f1os piensen [&hellip;]<\/p>\n","protected":false},"author":12,"featured_media":0,"parent":15317,"menu_order":0,"comment_status":"open","ping_status":"open","template":"elementor_header_footer","meta":{"footnotes":""},"class_list":["post-8877","page","type-page","status-publish","hentry"],"yoast_head":"<!-- This site is optimized with the Yoast SEO plugin v25.0 - https:\/\/yoast.com\/wordpress\/plugins\/seo\/ -->\n<title>FERTILIDAD HUMANA: \u00a1conseguir un embarazo no es siempre tan r\u00e1pido! - DRA. GIBERT<\/title>\n<meta name=\"robots\" content=\"index, follow, max-snippet:-1, max-image-preview:large, max-video-preview:-1\" \/>\n<link rel=\"canonical\" href=\"https:\/\/www.doctoragibert.com\/es\/pacientes\/reproduccion\/fertilidad-humana-conseguir-un-embarazo-no-es-siempre-tan-rapido\/\" \/>\n<meta property=\"og:locale\" content=\"es_ES\" \/>\n<meta property=\"og:type\" content=\"article\" \/>\n<meta property=\"og:title\" content=\"FERTILIDAD HUMANA: \u00a1conseguir un embarazo no es siempre tan r\u00e1pido! - DRA. GIBERT\" \/>\n<meta property=\"og:description\" content=\"FERTILIDAD HUMANA: \u00a1conseguir un embarazo no es siempre tan r\u00e1pido! La incorporaci\u00f3n de la mujer al trabajo, el aumento de nuestra esperanza de vida y, lamentablemente, la crisis econ\u00f3mica han contribuido a posponer la edad en la que las parejas se plantean tener hijos. En nuestra sociedad, es raro que mujeres de veintitantos a\u00f1os piensen [&hellip;]\" \/>\n<meta property=\"og:url\" content=\"https:\/\/www.doctoragibert.com\/es\/pacientes\/reproduccion\/fertilidad-humana-conseguir-un-embarazo-no-es-siempre-tan-rapido\/\" \/>\n<meta property=\"og:site_name\" content=\"DRA. GIBERT\" \/>\n<meta property=\"article:publisher\" content=\"https:\/\/www.facebook.com\/doctoragibert\" \/>\n<meta property=\"article:modified_time\" content=\"2021-08-11T10:12:40+00:00\" \/>\n<meta property=\"og:image\" content=\"https:\/\/www.doctoragibert.com\/wp-content\/uploads\/2015\/09\/7a2157ac352fc052c39848de1ab2ec96.jpg\" \/>\n<meta name=\"twitter:label1\" content=\"Tiempo de lectura\" \/>\n\t<meta name=\"twitter:data1\" content=\"6 minutos\" \/>\n<script type=\"application\/ld+json\" class=\"yoast-schema-graph\">{\"@context\":\"https:\/\/schema.org\",\"@graph\":[{\"@type\":\"WebPage\",\"@id\":\"https:\/\/www.doctoragibert.com\/es\/pacientes\/reproduccion\/fertilidad-humana-conseguir-un-embarazo-no-es-siempre-tan-rapido\/\",\"url\":\"https:\/\/www.doctoragibert.com\/es\/pacientes\/reproduccion\/fertilidad-humana-conseguir-un-embarazo-no-es-siempre-tan-rapido\/\",\"name\":\"FERTILIDAD HUMANA: \u00a1conseguir un embarazo no es siempre tan r\u00e1pido! - DRA. GIBERT\",\"isPartOf\":{\"@id\":\"https:\/\/www.doctoragibert.com\/es\/#website\"},\"primaryImageOfPage\":{\"@id\":\"https:\/\/www.doctoragibert.com\/es\/pacientes\/reproduccion\/fertilidad-humana-conseguir-un-embarazo-no-es-siempre-tan-rapido\/#primaryimage\"},\"image\":{\"@id\":\"https:\/\/www.doctoragibert.com\/es\/pacientes\/reproduccion\/fertilidad-humana-conseguir-un-embarazo-no-es-siempre-tan-rapido\/#primaryimage\"},\"thumbnailUrl\":\"https:\/\/www.doctoragibert.com\/wp-content\/uploads\/2015\/09\/7a2157ac352fc052c39848de1ab2ec96.jpg\",\"datePublished\":\"2015-09-29T09:39:52+00:00\",\"dateModified\":\"2021-08-11T10:12:40+00:00\",\"breadcrumb\":{\"@id\":\"https:\/\/www.doctoragibert.com\/es\/pacientes\/reproduccion\/fertilidad-humana-conseguir-un-embarazo-no-es-siempre-tan-rapido\/#breadcrumb\"},\"inLanguage\":\"es\",\"potentialAction\":[{\"@type\":\"ReadAction\",\"target\":[\"https:\/\/www.doctoragibert.com\/es\/pacientes\/reproduccion\/fertilidad-humana-conseguir-un-embarazo-no-es-siempre-tan-rapido\/\"]}]},{\"@type\":\"ImageObject\",\"inLanguage\":\"es\",\"@id\":\"https:\/\/www.doctoragibert.com\/es\/pacientes\/reproduccion\/fertilidad-humana-conseguir-un-embarazo-no-es-siempre-tan-rapido\/#primaryimage\",\"url\":\"https:\/\/www.doctoragibert.com\/wp-content\/uploads\/2015\/09\/7a2157ac352fc052c39848de1ab2ec96.jpg\",\"contentUrl\":\"https:\/\/www.doctoragibert.com\/wp-content\/uploads\/2015\/09\/7a2157ac352fc052c39848de1ab2ec96.jpg\"},{\"@type\":\"BreadcrumbList\",\"@id\":\"https:\/\/www.doctoragibert.com\/es\/pacientes\/reproduccion\/fertilidad-humana-conseguir-un-embarazo-no-es-siempre-tan-rapido\/#breadcrumb\",\"itemListElement\":[{\"@type\":\"ListItem\",\"position\":1,\"name\":\"PACIENTES\",\"item\":\"https:\/\/www.doctoragibert.com\/es\/pacientes\/\"},{\"@type\":\"ListItem\",\"position\":2,\"name\":\"REPRODUCCI\u00d3N\",\"item\":\"https:\/\/www.doctoragibert.com\/es\/pacientes\/reproduccion\/\"},{\"@type\":\"ListItem\",\"position\":3,\"name\":\"FERTILIDAD HUMANA: \u00a1conseguir un embarazo no es siempre tan r\u00e1pido!\"}]},{\"@type\":\"WebSite\",\"@id\":\"https:\/\/www.doctoragibert.com\/es\/#website\",\"url\":\"https:\/\/www.doctoragibert.com\/es\/\",\"name\":\"DRA. GIBERT\",\"description\":\"Ginecologia i obstetricia\",\"potentialAction\":[{\"@type\":\"SearchAction\",\"target\":{\"@type\":\"EntryPoint\",\"urlTemplate\":\"https:\/\/www.doctoragibert.com\/es\/?s={search_term_string}\"},\"query-input\":{\"@type\":\"PropertyValueSpecification\",\"valueRequired\":true,\"valueName\":\"search_term_string\"}}],\"inLanguage\":\"es\"}]}<\/script>\n<!-- \/ Yoast SEO plugin. -->","yoast_head_json":{"title":"FERTILIDAD HUMANA: \u00a1conseguir un embarazo no es siempre tan r\u00e1pido! - DRA. GIBERT","robots":{"index":"index","follow":"follow","max-snippet":"max-snippet:-1","max-image-preview":"max-image-preview:large","max-video-preview":"max-video-preview:-1"},"canonical":"https:\/\/www.doctoragibert.com\/es\/pacientes\/reproduccion\/fertilidad-humana-conseguir-un-embarazo-no-es-siempre-tan-rapido\/","og_locale":"es_ES","og_type":"article","og_title":"FERTILIDAD HUMANA: \u00a1conseguir un embarazo no es siempre tan r\u00e1pido! - DRA. GIBERT","og_description":"FERTILIDAD HUMANA: \u00a1conseguir un embarazo no es siempre tan r\u00e1pido! La incorporaci\u00f3n de la mujer al trabajo, el aumento de nuestra esperanza de vida y, lamentablemente, la crisis econ\u00f3mica han contribuido a posponer la edad en la que las parejas se plantean tener hijos. En nuestra sociedad, es raro que mujeres de veintitantos a\u00f1os piensen [&hellip;]","og_url":"https:\/\/www.doctoragibert.com\/es\/pacientes\/reproduccion\/fertilidad-humana-conseguir-un-embarazo-no-es-siempre-tan-rapido\/","og_site_name":"DRA. GIBERT","article_publisher":"https:\/\/www.facebook.com\/doctoragibert","article_modified_time":"2021-08-11T10:12:40+00:00","og_image":[{"url":"https:\/\/www.doctoragibert.com\/wp-content\/uploads\/2015\/09\/7a2157ac352fc052c39848de1ab2ec96.jpg","type":"","width":"","height":""}],"twitter_misc":{"Tiempo de lectura":"6 minutos"},"schema":{"@context":"https:\/\/schema.org","@graph":[{"@type":"WebPage","@id":"https:\/\/www.doctoragibert.com\/es\/pacientes\/reproduccion\/fertilidad-humana-conseguir-un-embarazo-no-es-siempre-tan-rapido\/","url":"https:\/\/www.doctoragibert.com\/es\/pacientes\/reproduccion\/fertilidad-humana-conseguir-un-embarazo-no-es-siempre-tan-rapido\/","name":"FERTILIDAD HUMANA: \u00a1conseguir un embarazo no es siempre tan r\u00e1pido! - DRA. GIBERT","isPartOf":{"@id":"https:\/\/www.doctoragibert.com\/es\/#website"},"primaryImageOfPage":{"@id":"https:\/\/www.doctoragibert.com\/es\/pacientes\/reproduccion\/fertilidad-humana-conseguir-un-embarazo-no-es-siempre-tan-rapido\/#primaryimage"},"image":{"@id":"https:\/\/www.doctoragibert.com\/es\/pacientes\/reproduccion\/fertilidad-humana-conseguir-un-embarazo-no-es-siempre-tan-rapido\/#primaryimage"},"thumbnailUrl":"https:\/\/www.doctoragibert.com\/wp-content\/uploads\/2015\/09\/7a2157ac352fc052c39848de1ab2ec96.jpg","datePublished":"2015-09-29T09:39:52+00:00","dateModified":"2021-08-11T10:12:40+00:00","breadcrumb":{"@id":"https:\/\/www.doctoragibert.com\/es\/pacientes\/reproduccion\/fertilidad-humana-conseguir-un-embarazo-no-es-siempre-tan-rapido\/#breadcrumb"},"inLanguage":"es","potentialAction":[{"@type":"ReadAction","target":["https:\/\/www.doctoragibert.com\/es\/pacientes\/reproduccion\/fertilidad-humana-conseguir-un-embarazo-no-es-siempre-tan-rapido\/"]}]},{"@type":"ImageObject","inLanguage":"es","@id":"https:\/\/www.doctoragibert.com\/es\/pacientes\/reproduccion\/fertilidad-humana-conseguir-un-embarazo-no-es-siempre-tan-rapido\/#primaryimage","url":"https:\/\/www.doctoragibert.com\/wp-content\/uploads\/2015\/09\/7a2157ac352fc052c39848de1ab2ec96.jpg","contentUrl":"https:\/\/www.doctoragibert.com\/wp-content\/uploads\/2015\/09\/7a2157ac352fc052c39848de1ab2ec96.jpg"},{"@type":"BreadcrumbList","@id":"https:\/\/www.doctoragibert.com\/es\/pacientes\/reproduccion\/fertilidad-humana-conseguir-un-embarazo-no-es-siempre-tan-rapido\/#breadcrumb","itemListElement":[{"@type":"ListItem","position":1,"name":"PACIENTES","item":"https:\/\/www.doctoragibert.com\/es\/pacientes\/"},{"@type":"ListItem","position":2,"name":"REPRODUCCI\u00d3N","item":"https:\/\/www.doctoragibert.com\/es\/pacientes\/reproduccion\/"},{"@type":"ListItem","position":3,"name":"FERTILIDAD HUMANA: \u00a1conseguir un embarazo no es siempre tan r\u00e1pido!"}]},{"@type":"WebSite","@id":"https:\/\/www.doctoragibert.com\/es\/#website","url":"https:\/\/www.doctoragibert.com\/es\/","name":"DRA. GIBERT","description":"Ginecologia i obstetricia","potentialAction":[{"@type":"SearchAction","target":{"@type":"EntryPoint","urlTemplate":"https:\/\/www.doctoragibert.com\/es\/?s={search_term_string}"},"query-input":{"@type":"PropertyValueSpecification","valueRequired":true,"valueName":"search_term_string"}}],"inLanguage":"es"}]}},"_links":{"self":[{"href":"https:\/\/www.doctoragibert.com\/es\/wp-json\/wp\/v2\/pages\/8877","targetHints":{"allow":["GET"]}}],"collection":[{"href":"https:\/\/www.doctoragibert.com\/es\/wp-json\/wp\/v2\/pages"}],"about":[{"href":"https:\/\/www.doctoragibert.com\/es\/wp-json\/wp\/v2\/types\/page"}],"author":[{"embeddable":true,"href":"https:\/\/www.doctoragibert.com\/es\/wp-json\/wp\/v2\/users\/12"}],"replies":[{"embeddable":true,"href":"https:\/\/www.doctoragibert.com\/es\/wp-json\/wp\/v2\/comments?post=8877"}],"version-history":[{"count":5,"href":"https:\/\/www.doctoragibert.com\/es\/wp-json\/wp\/v2\/pages\/8877\/revisions"}],"predecessor-version":[{"id":16038,"href":"https:\/\/www.doctoragibert.com\/es\/wp-json\/wp\/v2\/pages\/8877\/revisions\/16038"}],"up":[{"embeddable":true,"href":"https:\/\/www.doctoragibert.com\/es\/wp-json\/wp\/v2\/pages\/15317"}],"wp:attachment":[{"href":"https:\/\/www.doctoragibert.com\/es\/wp-json\/wp\/v2\/media?parent=8877"}],"curies":[{"name":"wp","href":"https:\/\/api.w.org\/{rel}","templated":true}]}}