{"id":8885,"date":"2015-09-29T09:52:02","date_gmt":"2015-09-29T09:52:02","guid":{"rendered":"http:\/\/gibert.uxiodigital.com\/reproduccio\/medicaments-per-via-oral-per-induir-lovulacio-metodes-facils-i-economics-per-a-parelles-seleccionades\/"},"modified":"2021-09-13T06:58:45","modified_gmt":"2021-09-13T06:58:45","slug":"medicamentos-por-via-oral-para-inducir-la-ovulacion","status":"publish","type":"page","link":"https:\/\/www.doctoragibert.com\/es\/pacientes\/reproduccion\/medicamentos-por-via-oral-para-inducir-la-ovulacion\/","title":{"rendered":"MEDICAMENTOS POR V\u00cdA ORAL PARA INDUCIR LA OVULACI\u00d3N: m\u00e9todos f\u00e1ciles y econ\u00f3micos para parejas seleccionadas"},"content":{"rendered":"\t\t<div data-elementor-type=\"wp-page\" data-elementor-id=\"8885\" class=\"elementor elementor-8885 elementor-8881\">\n\t\t\t\t\t\t<section class=\"elementor-section elementor-top-section elementor-element elementor-element-5106aa4 elementor-section-boxed elementor-section-height-default elementor-section-height-default\" data-id=\"5106aa4\" data-element_type=\"section\" data-settings=\"{&quot;background_background&quot;:&quot;classic&quot;}\">\n\t\t\t\t\t\t<div class=\"elementor-container elementor-column-gap-default\">\n\t\t\t\t\t<div class=\"elementor-column elementor-col-100 elementor-top-column elementor-element elementor-element-acabad2\" data-id=\"acabad2\" data-element_type=\"column\">\n\t\t\t<div class=\"elementor-widget-wrap elementor-element-populated\">\n\t\t\t\t\t\t<div class=\"elementor-element elementor-element-cec0146 elementor-widget elementor-widget-spacer\" data-id=\"cec0146\" data-element_type=\"widget\" data-widget_type=\"spacer.default\">\n\t\t\t\t<div class=\"elementor-widget-container\">\n\t\t\t\t\t\t\t<div class=\"elementor-spacer\">\n\t\t\t<div class=\"elementor-spacer-inner\"><\/div>\n\t\t<\/div>\n\t\t\t\t\t\t<\/div>\n\t\t\t\t<\/div>\n\t\t\t\t<div class=\"elementor-element elementor-element-085ec2d elementor-widget elementor-widget-heading\" data-id=\"085ec2d\" data-element_type=\"widget\" data-widget_type=\"heading.default\">\n\t\t\t\t<div class=\"elementor-widget-container\">\n\t\t\t\t\t<h2 class=\"elementor-heading-title elementor-size-default\">MEDICAMENTOS POR V\u00cdA ORAL PARA INDUCIR LA OVULACI\u00d3N: m\u00e9todos f\u00e1ciles y econ\u00f3micos para parejas seleccionadas<\/h2>\t\t\t\t<\/div>\n\t\t\t\t<\/div>\n\t\t\t\t<div class=\"elementor-element elementor-element-5b9bf53 elementor-widget-divider--view-line elementor-widget elementor-widget-divider\" data-id=\"5b9bf53\" data-element_type=\"widget\" data-widget_type=\"divider.default\">\n\t\t\t\t<div class=\"elementor-widget-container\">\n\t\t\t\t\t\t\t<div class=\"elementor-divider\">\n\t\t\t<span class=\"elementor-divider-separator\">\n\t\t\t\t\t\t<\/span>\n\t\t<\/div>\n\t\t\t\t\t\t<\/div>\n\t\t\t\t<\/div>\n\t\t\t\t<div class=\"elementor-element elementor-element-677fac6 migasdepan elementor-widget elementor-widget-wp-widget-bcn_widget\" data-id=\"677fac6\" data-element_type=\"widget\" data-widget_type=\"wp-widget-bcn_widget.default\">\n\t\t\t\t<div class=\"elementor-widget-container\">\n\t\t\t\t\t<div class=\"breadcrumbs\" vocab=\"https:\/\/schema.org\/\" typeof=\"BreadcrumbList\"><!-- Breadcrumb NavXT 7.4.1 -->\n<span property=\"itemListElement\" typeof=\"ListItem\"><a property=\"item\" typeof=\"WebPage\" title=\"Ir a DRA. GIBERT.\" href=\"https:\/\/www.doctoragibert.com\/es\/\" class=\"home\" aria-current=\"page\"><span property=\"name\">DRA. GIBERT<\/span><\/a><meta property=\"position\" content=\"1\"><\/span><\/div>\t\t\t\t<\/div>\n\t\t\t\t<\/div>\n\t\t\t\t<div class=\"elementor-element elementor-element-2d050e2 elementor-widget elementor-widget-spacer\" data-id=\"2d050e2\" data-element_type=\"widget\" data-widget_type=\"spacer.default\">\n\t\t\t\t<div class=\"elementor-widget-container\">\n\t\t\t\t\t\t\t<div class=\"elementor-spacer\">\n\t\t\t<div class=\"elementor-spacer-inner\"><\/div>\n\t\t<\/div>\n\t\t\t\t\t\t<\/div>\n\t\t\t\t<\/div>\n\t\t\t\t\t<\/div>\n\t\t<\/div>\n\t\t\t\t\t<\/div>\n\t\t<\/section>\n\t\t\t\t<section class=\"elementor-section elementor-top-section elementor-element elementor-element-68ac3d98 elementor-section-boxed elementor-section-height-default elementor-section-height-default\" data-id=\"68ac3d98\" data-element_type=\"section\">\n\t\t\t\t\t\t<div class=\"elementor-container elementor-column-gap-default\">\n\t\t\t\t\t<div class=\"elementor-column elementor-col-100 elementor-top-column elementor-element elementor-element-7364c565\" data-id=\"7364c565\" data-element_type=\"column\">\n\t\t\t<div class=\"elementor-widget-wrap elementor-element-populated\">\n\t\t\t\t\t\t<div class=\"elementor-element elementor-element-67faf36 elementor-widget elementor-widget-text-editor\" data-id=\"67faf36\" data-element_type=\"widget\" data-widget_type=\"text-editor.default\">\n\t\t\t\t<div class=\"elementor-widget-container\">\n\t\t\t\t\t\t\t\t\t<p><img decoding=\"async\" class=\"alignleft size-full wp-image-8882\" src=\"https:\/\/www.doctoragibert.com\/wp-content\/uploads\/2015\/09\/96d6085b43e3c2c30ff3d5e9d9d71df1.jpg\" alt=\"96d6085b43e3c2c30ff3d5e9d9d71df1\" width=\"200\" height=\"164\" \/><\/p><p>Explicaremos dos tratamientos muy \u00fatiles para inducir (provocar) la ovulaci\u00f3n, que son f\u00e1ciles de utilizar y necesitan pocos controles en la consulta: el clomifeno y el letrozol. El <b>clomifeno (Omif\u00edn\u00ae)<\/b> es el m\u00e1s utilizado de los dos con diferencia, puesto que es <b>muy econ\u00f3mico<\/b> (un envase con 10 comprimidos de 50 mg cuesta unos 30 \u20ac) y <b>se ha utilizado mucho en todo el mundo<\/b>. Los candidatos son los casos con esterilidad de origen desconocido y con s\u00edndrome del ovario poliqu\u00edstico, siempre que las <b>mujeres sean j\u00f3venes y con deseo gestacional inferior a 2-3 a\u00f1os<\/b>.<\/p><p>La <b>esterilidad de origen desconocido<\/b> se diagnostica <a href=\"https:\/\/www.doctoragibert.com\/es\/pacientes\/reproduccion\/estudio-de-esterilidad-a-la-busqueda-del-tratamiento-mas-adecuado\/\" target=\"_blank\" rel=\"noopener\">si el estudio pertinente es normal<\/a>. En estos casos, la probabilidad mensual de embarazo espont\u00e1neo oscila entre el 1 y el 4% frente al 25-30% de las parejas f\u00e9rtiles. El clomifeno no consigue equiparar la fecundidad de las parejas poco f\u00e9rtiles con las m\u00e1s f\u00e9rtiles, pero aumenta su probabilidad de gestaci\u00f3n mensual unas 2,5 veces (esto es, pasar\u00edan de 1-4% de embarazos por mes a 3-10%). Este aumento es suficiente en algunos casos, pero hay que ser consciente de que es una opci\u00f3n de \u00e9xito limitado, sobre todo si las parejas tienen prisa o pueden acceder f\u00e1cilmente a otros tratamientos m\u00e1s efectivos. El mayor n\u00famero de embarazos se consigue en los tres primeros meses. <b>Si cuando se est\u00e1 a punto de ovular, se hace una inseminaci\u00f3n artificial, la efectividad del tratamiento aumenta, con un 10% de embarazos por ciclo<\/b>. De hecho, la Sociedad Americana de Medicina Reproductiva (ASRM), en su \u00faltimo documento del Comit\u00e9 de Pr\u00e1ctica Cl\u00ednica, de agosto de 2013, ha dejado de recomendar su uso en parejas con esterilidad de origen desconocido a no ser que vaya acompa\u00f1ado de inseminaci\u00f3n artificial. La inseminaci\u00f3n se realizar\u00eda al d\u00eda siguiente de un test de ovulaci\u00f3n positivo en orina o despu\u00e9s de desencadenar la ovulaci\u00f3n con un f\u00e1rmaco espec\u00edfico.<\/p><p>Si usted padece <b>el s\u00edndrome del ovario poliqu\u00edstico<\/b>, el clomifeno la har\u00e1 ovular en un 80% de los tratamientos. Este porcentaje disminuye a m\u00e1s edad, obesidad, insulinorresistencia y a m\u00e1s exceso de andr\u00f3genos. Lamentablemente, este 80% de ovulaciones se traduce s\u00f3lo en un 15-20% de embarazos por ciclo, lo cual se atribuye a que, si bien el clomifeno produce hormonas que hacen trabajar m\u00e1s los ovarios, act\u00faa negativamente sobre el moco cervical (los espermatozoides atraviesan peor el moco que hay en el cuello uterino) y sobre el endometrio (es el recubrimiento interior uterino, que cambiamos cada mes con la regla, y que ha de tener unas caracter\u00edsticas \u201camables\u201d para acoger al \u00f3vulo fecundado y permitir su crecimiento dentro del \u00fatero). Aun con todo, <b>el 70% de mujeres quedar\u00e1n embarazadas tras 6 meses de tratamiento<\/b>, cifra mucho mejor que si no las tratamos. Hay que tener en cuenta que <b>el 10% de los embarazos son m\u00faltiples<\/b>, valor que se puede reducir mediante controles ecogr\u00e1ficos y evitando las relaciones si hay 3 o m\u00e1s \u00f3vulos a punto de liberarse.<\/p><p>Las <b>contraindicaciones<\/b> al tratamiento son m\u00ednimas: problemas de tiroides o de gl\u00e1ndulas suprarrenales no tratados, enfermedades hep\u00e1ticas, lesiones cerebrales y quistes ov\u00e1ricos grandes.<\/p><p>El <b>tratamiento<\/b> se inicia entre el segundo y el quinto d\u00eda de la regla, y se empieza el primer ciclo con una pastilla al d\u00eda, cada d\u00eda, durante 5 d\u00edas. En los d\u00edas siguientes, sobre todo si est\u00e1 en su primer ciclo, es aconsejable que su ginec\u00f3logo le haga una ecograf\u00eda para valorar cu\u00e1ntos \u00f3vulos est\u00e1n a punto de liberarse. A los 5 d\u00edas de haber interrumpido el tratamiento, deber\u00e1 tener relaciones sexuales cada 2 d\u00edas durante una semana. Una vez concluida la semana de relaciones, deber\u00e1 hacerse un an\u00e1lisis de sangre para medir la progesterona (es la hormona de la ovulaci\u00f3n) y as\u00ed saber si la dosis de clomifeno ha sido suficiente o si necesita un aumento de dosis. Despu\u00e9s del an\u00e1lisis, es conveniente utilizar 200 mg diarios de progesterona natural por v\u00eda vaginal. Una vez se ha encontrado la dosis que produce la ovulaci\u00f3n, \u00e9sta se aplica durante 4-6 ciclos. Si tras 3 tratamientos con ovulaci\u00f3n no hay gestaci\u00f3n, se reeval\u00faa el caso y se realiza una prueba de permeabilidad de trompas (histerosalpingograf\u00eda) para descartar una obstrucci\u00f3n de las mismas que impida el embarazo.<\/p><p>Los <b>efectos secundarios<\/b> del tratamiento, que son leves y siempre cesan al suspender el tratamiento, pueden ser:<\/p><ul><li>Aumento del tama\u00f1o ov\u00e1rico: ocurre en el 15% de mujeres y puede provocar molestias. Si nota malestar p\u00e9lvico importante, avise a su ginec\u00f3logo, que le realizar\u00e1 una ecograf\u00eda, y si encuentra los ovarios muy aumentados le indicar\u00e1 suspender el tratamiento.<\/li><li>Sofocos: tambi\u00e9n los pueden sufrir el 15% de las tratadas.<\/li><li>Menos frecuentes: hinchaz\u00f3n abdominal, molestias mamarias, n\u00e1useas y v\u00f3mitos, cefaleas y tristeza.<\/li><li>Raros: visi\u00f3n borrosa, visi\u00f3n doble y manchas oscuras en el campo visual que suelen ser transitorias pero que obligan a suspender el tratamiento.<\/li><\/ul><p>Los <b>riesgos<\/b> son:<\/p><ul><li>Embarazo m\u00faltiple: en el 10% de las gestaciones de mujeres con ovarios poliqu\u00edsticos y en el 5% de mujeres con esterilidad de origen desconocido, mientras que s\u00f3lo ocurre en el 1% de los embarazos espont\u00e1neos.<\/li><li>C\u00e1ncer ov\u00e1rico: hay una asociaci\u00f3n controvertida entre el uso de clomifeno y el c\u00e1ncer ov\u00e1rico que ser\u00eda mayor a m\u00e1s ciclos, por tanto, el Colegio Americano de Obstetras y Ginec\u00f3logos (ACOG) aconseja no tratar durante m\u00e1s de 12 ciclos.<\/li><\/ul><p>Si padece el s\u00edndrome del ovario poliqu\u00edstico y <b>su \u00edndice de masa corporal supera los 30 kg\/m2<\/b> la mejor elecci\u00f3n es el <b>letrozol (Femara\u00ae)<\/b> junto con la dieta y el ejercicio para bajar de peso, pues el porcentaje de embarazos es superior que con el clomifeno y las gestaciones m\u00faltiples son inferiores. Como la inducci\u00f3n de la ovulaci\u00f3n no est\u00e1 contemplada en el prospecto del Femara\u00ae, la paciente debe conocer tal circunstancia antes de iniciar el tratamiento. Por otra parte, su precio es m\u00e1s alto: unos 170 \u20ac por cada envase de 30 pastillas, las cuales son suficientes para varios ciclos de tratamiento.<\/p><div class=\"clear\">\u00a0<\/div><p><b>Fuentes de la informaci\u00f3n:\u00a0<\/b><i><\/i><\/p><ul><li>American College of Obstetricians and Gynecologists. Management of infertility caused by ovulatory dysfunction. ACOG practice bulletin #34. American College of Obstetricians and Gynecologists, Washington, DC 2002.<\/li><li>Casper RF, Mitwally FM. Ovulation induction with letrozole. En: Uptodate. [acceso 2-11-14]. Disponible en: <a href=\"http:\/\/www.uptodate.com\/\" target=\"_blank\" rel=\"noopener\">http:\/\/www.uptodate.com<\/a>.<\/li><li>Deaton JL, Clark RR, Pittaway DE, Herbst P, Bauguess P. Clomiphene citrate ovulation induction in combination with a timed intrauterine insemination: the value of urinary luteinizing hormone versus human chorionic gonadotropin timing. Fertil Steril. 1997;68:43-7.<\/li><li>Micromedex\u00ae Healthcare Series. DRUGDEX\u00ae Evaluations. Clomiphene citrate.<\/li><li>Practice Committee of the American Society for Reproductive Medicine. Use of clomiphene citrate in women. Fertil Steril. 2013;100:341-8. [acceso 2-11-14]. Disponible en: <a href=\"http:\/\/www.fertstert.org\/article\/S0015-0282%2813%2900643-2\/pdf\">http:\/\/www.fertstert.org\/article\/S0015-0282(13)00643-2\/pdf<\/a>.<\/li><li>Schenker JG, Yarkoni S, Granat M. Multiple pregnancies following induction of ovulation. Fertil Steril. 1981;35:105-23.<\/li><li>Seli E, Anci A. Ovulation induction with clomiphene citrate. En: Uptodate. [acceso 2-11-14]. Disponible en: <a href=\"http:\/\/www.uptodate.com\/\" target=\"_blank\" rel=\"noopener\">http:\/\/www.uptodate.com<\/a>.<\/li><li>Wu CH, Winkel CA. The effect of therapy initiation day on clomiphene citrate therapy. Fertil Steril. 1989; 52:564-8.<\/li><\/ul>\t\t\t\t\t\t\t\t<\/div>\n\t\t\t\t<\/div>\n\t\t\t\t\t<\/div>\n\t\t<\/div>\n\t\t\t\t\t<\/div>\n\t\t<\/section>\n\t\t\t\t<section class=\"elementor-section elementor-top-section elementor-element elementor-element-fbbd852 elementor-section-boxed elementor-section-height-default elementor-section-height-default\" data-id=\"fbbd852\" data-element_type=\"section\">\n\t\t\t\t\t\t<div class=\"elementor-container elementor-column-gap-default\">\n\t\t\t\t\t<div class=\"elementor-column elementor-col-100 elementor-top-column elementor-element elementor-element-40eca86\" data-id=\"40eca86\" data-element_type=\"column\">\n\t\t\t<div class=\"elementor-widget-wrap elementor-element-populated\">\n\t\t\t\t\t\t<div class=\"elementor-element elementor-element-d5581cd elementor-widget elementor-widget-shortcode\" data-id=\"d5581cd\" data-element_type=\"widget\" data-widget_type=\"shortcode.default\">\n\t\t\t\t<div class=\"elementor-widget-container\">\n\t\t\t\t\t\t\t<div class=\"elementor-shortcode\">[ssba-buttons]<\/div>\n\t\t\t\t\t\t<\/div>\n\t\t\t\t<\/div>\n\t\t\t\t\t<\/div>\n\t\t<\/div>\n\t\t\t\t\t<\/div>\n\t\t<\/section>\n\t\t\t\t<\/div>\n\t\t","protected":false},"excerpt":{"rendered":"<p>MEDICAMENTOS POR V\u00cdA ORAL PARA INDUCIR LA OVULACI\u00d3N: m\u00e9todos f\u00e1ciles y econ\u00f3micos para parejas seleccionadas Explicaremos dos tratamientos muy \u00fatiles para inducir (provocar) la ovulaci\u00f3n, que son f\u00e1ciles de utilizar y necesitan pocos controles en la consulta: el clomifeno y el letrozol. El clomifeno (Omif\u00edn\u00ae) es el m\u00e1s utilizado de los dos con diferencia, puesto [&hellip;]<\/p>\n","protected":false},"author":12,"featured_media":0,"parent":15317,"menu_order":0,"comment_status":"open","ping_status":"open","template":"elementor_header_footer","meta":{"footnotes":""},"class_list":["post-8885","page","type-page","status-publish","hentry"],"yoast_head":"<!-- This site is optimized with the Yoast SEO plugin v25.0 - https:\/\/yoast.com\/wordpress\/plugins\/seo\/ -->\n<title>MEDICAMENTOS POR V\u00cdA ORAL PARA INDUCIR LA OVULACI\u00d3N: m\u00e9todos f\u00e1ciles y econ\u00f3micos para parejas seleccionadas - DRA. GIBERT<\/title>\n<meta name=\"robots\" content=\"index, follow, max-snippet:-1, max-image-preview:large, max-video-preview:-1\" \/>\n<link rel=\"canonical\" href=\"https:\/\/www.doctoragibert.com\/es\/pacientes\/reproduccion\/medicamentos-por-via-oral-para-inducir-la-ovulacion\/\" \/>\n<meta property=\"og:locale\" content=\"es_ES\" \/>\n<meta property=\"og:type\" content=\"article\" \/>\n<meta property=\"og:title\" content=\"MEDICAMENTOS POR V\u00cdA ORAL PARA INDUCIR LA OVULACI\u00d3N: m\u00e9todos f\u00e1ciles y econ\u00f3micos para parejas seleccionadas - DRA. GIBERT\" \/>\n<meta property=\"og:description\" content=\"MEDICAMENTOS POR V\u00cdA ORAL PARA INDUCIR LA OVULACI\u00d3N: m\u00e9todos f\u00e1ciles y econ\u00f3micos para parejas seleccionadas Explicaremos dos tratamientos muy \u00fatiles para inducir (provocar) la ovulaci\u00f3n, que son f\u00e1ciles de utilizar y necesitan pocos controles en la consulta: el clomifeno y el letrozol. El clomifeno (Omif\u00edn\u00ae) es el m\u00e1s utilizado de los dos con diferencia, puesto [&hellip;]\" \/>\n<meta property=\"og:url\" content=\"https:\/\/www.doctoragibert.com\/es\/pacientes\/reproduccion\/medicamentos-por-via-oral-para-inducir-la-ovulacion\/\" \/>\n<meta property=\"og:site_name\" content=\"DRA. GIBERT\" \/>\n<meta property=\"article:publisher\" content=\"https:\/\/www.facebook.com\/doctoragibert\" \/>\n<meta property=\"article:modified_time\" content=\"2021-09-13T06:58:45+00:00\" \/>\n<meta property=\"og:image\" content=\"https:\/\/www.doctoragibert.com\/wp-content\/uploads\/2015\/09\/96d6085b43e3c2c30ff3d5e9d9d71df1.jpg\" \/>\n<meta name=\"twitter:label1\" content=\"Tiempo de lectura\" \/>\n\t<meta name=\"twitter:data1\" content=\"7 minutos\" \/>\n<script type=\"application\/ld+json\" class=\"yoast-schema-graph\">{\"@context\":\"https:\/\/schema.org\",\"@graph\":[{\"@type\":\"WebPage\",\"@id\":\"https:\/\/www.doctoragibert.com\/es\/pacientes\/reproduccion\/medicamentos-por-via-oral-para-inducir-la-ovulacion\/\",\"url\":\"https:\/\/www.doctoragibert.com\/es\/pacientes\/reproduccion\/medicamentos-por-via-oral-para-inducir-la-ovulacion\/\",\"name\":\"MEDICAMENTOS POR V\u00cdA ORAL PARA INDUCIR LA OVULACI\u00d3N: m\u00e9todos f\u00e1ciles y econ\u00f3micos para parejas seleccionadas - DRA. GIBERT\",\"isPartOf\":{\"@id\":\"https:\/\/www.doctoragibert.com\/es\/#website\"},\"primaryImageOfPage\":{\"@id\":\"https:\/\/www.doctoragibert.com\/es\/pacientes\/reproduccion\/medicamentos-por-via-oral-para-inducir-la-ovulacion\/#primaryimage\"},\"image\":{\"@id\":\"https:\/\/www.doctoragibert.com\/es\/pacientes\/reproduccion\/medicamentos-por-via-oral-para-inducir-la-ovulacion\/#primaryimage\"},\"thumbnailUrl\":\"https:\/\/www.doctoragibert.com\/wp-content\/uploads\/2015\/09\/96d6085b43e3c2c30ff3d5e9d9d71df1.jpg\",\"datePublished\":\"2015-09-29T09:52:02+00:00\",\"dateModified\":\"2021-09-13T06:58:45+00:00\",\"breadcrumb\":{\"@id\":\"https:\/\/www.doctoragibert.com\/es\/pacientes\/reproduccion\/medicamentos-por-via-oral-para-inducir-la-ovulacion\/#breadcrumb\"},\"inLanguage\":\"es\",\"potentialAction\":[{\"@type\":\"ReadAction\",\"target\":[\"https:\/\/www.doctoragibert.com\/es\/pacientes\/reproduccion\/medicamentos-por-via-oral-para-inducir-la-ovulacion\/\"]}]},{\"@type\":\"ImageObject\",\"inLanguage\":\"es\",\"@id\":\"https:\/\/www.doctoragibert.com\/es\/pacientes\/reproduccion\/medicamentos-por-via-oral-para-inducir-la-ovulacion\/#primaryimage\",\"url\":\"https:\/\/www.doctoragibert.com\/wp-content\/uploads\/2015\/09\/96d6085b43e3c2c30ff3d5e9d9d71df1.jpg\",\"contentUrl\":\"https:\/\/www.doctoragibert.com\/wp-content\/uploads\/2015\/09\/96d6085b43e3c2c30ff3d5e9d9d71df1.jpg\"},{\"@type\":\"BreadcrumbList\",\"@id\":\"https:\/\/www.doctoragibert.com\/es\/pacientes\/reproduccion\/medicamentos-por-via-oral-para-inducir-la-ovulacion\/#breadcrumb\",\"itemListElement\":[{\"@type\":\"ListItem\",\"position\":1,\"name\":\"PACIENTES\",\"item\":\"https:\/\/www.doctoragibert.com\/es\/pacientes\/\"},{\"@type\":\"ListItem\",\"position\":2,\"name\":\"REPRODUCCI\u00d3N\",\"item\":\"https:\/\/www.doctoragibert.com\/es\/pacientes\/reproduccion\/\"},{\"@type\":\"ListItem\",\"position\":3,\"name\":\"MEDICAMENTOS POR V\u00cdA ORAL PARA INDUCIR LA OVULACI\u00d3N: m\u00e9todos f\u00e1ciles y econ\u00f3micos para parejas seleccionadas\"}]},{\"@type\":\"WebSite\",\"@id\":\"https:\/\/www.doctoragibert.com\/es\/#website\",\"url\":\"https:\/\/www.doctoragibert.com\/es\/\",\"name\":\"DRA. GIBERT\",\"description\":\"Ginecologia i obstetricia\",\"potentialAction\":[{\"@type\":\"SearchAction\",\"target\":{\"@type\":\"EntryPoint\",\"urlTemplate\":\"https:\/\/www.doctoragibert.com\/es\/?s={search_term_string}\"},\"query-input\":{\"@type\":\"PropertyValueSpecification\",\"valueRequired\":true,\"valueName\":\"search_term_string\"}}],\"inLanguage\":\"es\"}]}<\/script>\n<!-- \/ Yoast SEO plugin. -->","yoast_head_json":{"title":"MEDICAMENTOS POR V\u00cdA ORAL PARA INDUCIR LA OVULACI\u00d3N: m\u00e9todos f\u00e1ciles y econ\u00f3micos para parejas seleccionadas - DRA. GIBERT","robots":{"index":"index","follow":"follow","max-snippet":"max-snippet:-1","max-image-preview":"max-image-preview:large","max-video-preview":"max-video-preview:-1"},"canonical":"https:\/\/www.doctoragibert.com\/es\/pacientes\/reproduccion\/medicamentos-por-via-oral-para-inducir-la-ovulacion\/","og_locale":"es_ES","og_type":"article","og_title":"MEDICAMENTOS POR V\u00cdA ORAL PARA INDUCIR LA OVULACI\u00d3N: m\u00e9todos f\u00e1ciles y econ\u00f3micos para parejas seleccionadas - DRA. GIBERT","og_description":"MEDICAMENTOS POR V\u00cdA ORAL PARA INDUCIR LA OVULACI\u00d3N: m\u00e9todos f\u00e1ciles y econ\u00f3micos para parejas seleccionadas Explicaremos dos tratamientos muy \u00fatiles para inducir (provocar) la ovulaci\u00f3n, que son f\u00e1ciles de utilizar y necesitan pocos controles en la consulta: el clomifeno y el letrozol. El clomifeno (Omif\u00edn\u00ae) es el m\u00e1s utilizado de los dos con diferencia, puesto [&hellip;]","og_url":"https:\/\/www.doctoragibert.com\/es\/pacientes\/reproduccion\/medicamentos-por-via-oral-para-inducir-la-ovulacion\/","og_site_name":"DRA. GIBERT","article_publisher":"https:\/\/www.facebook.com\/doctoragibert","article_modified_time":"2021-09-13T06:58:45+00:00","og_image":[{"url":"https:\/\/www.doctoragibert.com\/wp-content\/uploads\/2015\/09\/96d6085b43e3c2c30ff3d5e9d9d71df1.jpg","type":"","width":"","height":""}],"twitter_misc":{"Tiempo de lectura":"7 minutos"},"schema":{"@context":"https:\/\/schema.org","@graph":[{"@type":"WebPage","@id":"https:\/\/www.doctoragibert.com\/es\/pacientes\/reproduccion\/medicamentos-por-via-oral-para-inducir-la-ovulacion\/","url":"https:\/\/www.doctoragibert.com\/es\/pacientes\/reproduccion\/medicamentos-por-via-oral-para-inducir-la-ovulacion\/","name":"MEDICAMENTOS POR V\u00cdA ORAL PARA INDUCIR LA OVULACI\u00d3N: m\u00e9todos f\u00e1ciles y econ\u00f3micos para parejas seleccionadas - DRA. GIBERT","isPartOf":{"@id":"https:\/\/www.doctoragibert.com\/es\/#website"},"primaryImageOfPage":{"@id":"https:\/\/www.doctoragibert.com\/es\/pacientes\/reproduccion\/medicamentos-por-via-oral-para-inducir-la-ovulacion\/#primaryimage"},"image":{"@id":"https:\/\/www.doctoragibert.com\/es\/pacientes\/reproduccion\/medicamentos-por-via-oral-para-inducir-la-ovulacion\/#primaryimage"},"thumbnailUrl":"https:\/\/www.doctoragibert.com\/wp-content\/uploads\/2015\/09\/96d6085b43e3c2c30ff3d5e9d9d71df1.jpg","datePublished":"2015-09-29T09:52:02+00:00","dateModified":"2021-09-13T06:58:45+00:00","breadcrumb":{"@id":"https:\/\/www.doctoragibert.com\/es\/pacientes\/reproduccion\/medicamentos-por-via-oral-para-inducir-la-ovulacion\/#breadcrumb"},"inLanguage":"es","potentialAction":[{"@type":"ReadAction","target":["https:\/\/www.doctoragibert.com\/es\/pacientes\/reproduccion\/medicamentos-por-via-oral-para-inducir-la-ovulacion\/"]}]},{"@type":"ImageObject","inLanguage":"es","@id":"https:\/\/www.doctoragibert.com\/es\/pacientes\/reproduccion\/medicamentos-por-via-oral-para-inducir-la-ovulacion\/#primaryimage","url":"https:\/\/www.doctoragibert.com\/wp-content\/uploads\/2015\/09\/96d6085b43e3c2c30ff3d5e9d9d71df1.jpg","contentUrl":"https:\/\/www.doctoragibert.com\/wp-content\/uploads\/2015\/09\/96d6085b43e3c2c30ff3d5e9d9d71df1.jpg"},{"@type":"BreadcrumbList","@id":"https:\/\/www.doctoragibert.com\/es\/pacientes\/reproduccion\/medicamentos-por-via-oral-para-inducir-la-ovulacion\/#breadcrumb","itemListElement":[{"@type":"ListItem","position":1,"name":"PACIENTES","item":"https:\/\/www.doctoragibert.com\/es\/pacientes\/"},{"@type":"ListItem","position":2,"name":"REPRODUCCI\u00d3N","item":"https:\/\/www.doctoragibert.com\/es\/pacientes\/reproduccion\/"},{"@type":"ListItem","position":3,"name":"MEDICAMENTOS POR V\u00cdA ORAL PARA INDUCIR LA OVULACI\u00d3N: m\u00e9todos f\u00e1ciles y econ\u00f3micos para parejas seleccionadas"}]},{"@type":"WebSite","@id":"https:\/\/www.doctoragibert.com\/es\/#website","url":"https:\/\/www.doctoragibert.com\/es\/","name":"DRA. GIBERT","description":"Ginecologia i obstetricia","potentialAction":[{"@type":"SearchAction","target":{"@type":"EntryPoint","urlTemplate":"https:\/\/www.doctoragibert.com\/es\/?s={search_term_string}"},"query-input":{"@type":"PropertyValueSpecification","valueRequired":true,"valueName":"search_term_string"}}],"inLanguage":"es"}]}},"_links":{"self":[{"href":"https:\/\/www.doctoragibert.com\/es\/wp-json\/wp\/v2\/pages\/8885","targetHints":{"allow":["GET"]}}],"collection":[{"href":"https:\/\/www.doctoragibert.com\/es\/wp-json\/wp\/v2\/pages"}],"about":[{"href":"https:\/\/www.doctoragibert.com\/es\/wp-json\/wp\/v2\/types\/page"}],"author":[{"embeddable":true,"href":"https:\/\/www.doctoragibert.com\/es\/wp-json\/wp\/v2\/users\/12"}],"replies":[{"embeddable":true,"href":"https:\/\/www.doctoragibert.com\/es\/wp-json\/wp\/v2\/comments?post=8885"}],"version-history":[{"count":5,"href":"https:\/\/www.doctoragibert.com\/es\/wp-json\/wp\/v2\/pages\/8885\/revisions"}],"predecessor-version":[{"id":18058,"href":"https:\/\/www.doctoragibert.com\/es\/wp-json\/wp\/v2\/pages\/8885\/revisions\/18058"}],"up":[{"embeddable":true,"href":"https:\/\/www.doctoragibert.com\/es\/wp-json\/wp\/v2\/pages\/15317"}],"wp:attachment":[{"href":"https:\/\/www.doctoragibert.com\/es\/wp-json\/wp\/v2\/media?parent=8885"}],"curies":[{"name":"wp","href":"https:\/\/api.w.org\/{rel}","templated":true}]}}