{"id":8892,"date":"2015-09-29T09:56:07","date_gmt":"2015-09-29T09:56:07","guid":{"rendered":"http:\/\/gibert.uxiodigital.com\/reproduccio\/tecniques-de-reproduccio-assistida-quina-efectivitat-tenen-que-ens-poden-costar\/"},"modified":"2021-08-11T10:32:43","modified_gmt":"2021-08-11T10:32:43","slug":"tecnicas-de-reproduccion-asistida","status":"publish","type":"page","link":"https:\/\/www.doctoragibert.com\/es\/pacientes\/reproduccion\/tecnicas-de-reproduccion-asistida\/","title":{"rendered":"T\u00c9CNICAS DE REPRODUCCI\u00d3N ASISTIDA: \u00bfqu\u00e9 efectividad tienen?, \u00bfqu\u00e9 nos puede costar?"},"content":{"rendered":"\t\t<div data-elementor-type=\"wp-page\" data-elementor-id=\"8892\" class=\"elementor elementor-8892 elementor-8889\">\n\t\t\t\t\t\t<section class=\"elementor-section elementor-top-section elementor-element elementor-element-eadbc46 elementor-section-boxed elementor-section-height-default elementor-section-height-default\" data-id=\"eadbc46\" data-element_type=\"section\" data-settings=\"{&quot;background_background&quot;:&quot;classic&quot;}\">\n\t\t\t\t\t\t<div class=\"elementor-container elementor-column-gap-default\">\n\t\t\t\t\t<div class=\"elementor-column elementor-col-100 elementor-top-column elementor-element elementor-element-c229ac1\" data-id=\"c229ac1\" data-element_type=\"column\">\n\t\t\t<div class=\"elementor-widget-wrap elementor-element-populated\">\n\t\t\t\t\t\t<div class=\"elementor-element elementor-element-0e03504 elementor-widget elementor-widget-spacer\" data-id=\"0e03504\" data-element_type=\"widget\" data-widget_type=\"spacer.default\">\n\t\t\t\t<div class=\"elementor-widget-container\">\n\t\t\t\t\t\t\t<div class=\"elementor-spacer\">\n\t\t\t<div class=\"elementor-spacer-inner\"><\/div>\n\t\t<\/div>\n\t\t\t\t\t\t<\/div>\n\t\t\t\t<\/div>\n\t\t\t\t<div class=\"elementor-element elementor-element-e5e42e5 elementor-widget elementor-widget-heading\" data-id=\"e5e42e5\" data-element_type=\"widget\" data-widget_type=\"heading.default\">\n\t\t\t\t<div class=\"elementor-widget-container\">\n\t\t\t\t\t<h2 class=\"elementor-heading-title elementor-size-default\">T\u00c9CNICAS DE REPRODUCCI\u00d3N ASISTIDA: \u00bfqu\u00e9 efectividad tienen?, \u00bfqu\u00e9 nos puede costar?<\/h2>\t\t\t\t<\/div>\n\t\t\t\t<\/div>\n\t\t\t\t<div class=\"elementor-element elementor-element-45cb635 elementor-widget-divider--view-line elementor-widget elementor-widget-divider\" data-id=\"45cb635\" data-element_type=\"widget\" data-widget_type=\"divider.default\">\n\t\t\t\t<div class=\"elementor-widget-container\">\n\t\t\t\t\t\t\t<div class=\"elementor-divider\">\n\t\t\t<span class=\"elementor-divider-separator\">\n\t\t\t\t\t\t<\/span>\n\t\t<\/div>\n\t\t\t\t\t\t<\/div>\n\t\t\t\t<\/div>\n\t\t\t\t<div class=\"elementor-element elementor-element-79082fb migasdepan elementor-widget elementor-widget-wp-widget-bcn_widget\" data-id=\"79082fb\" data-element_type=\"widget\" data-widget_type=\"wp-widget-bcn_widget.default\">\n\t\t\t\t<div class=\"elementor-widget-container\">\n\t\t\t\t\t<div class=\"breadcrumbs\" vocab=\"https:\/\/schema.org\/\" typeof=\"BreadcrumbList\"><!-- Breadcrumb NavXT 7.4.1 -->\n<span property=\"itemListElement\" typeof=\"ListItem\"><a property=\"item\" typeof=\"WebPage\" title=\"Ir a DRA. GIBERT.\" href=\"https:\/\/www.doctoragibert.com\/es\/\" class=\"home\" aria-current=\"page\"><span property=\"name\">DRA. GIBERT<\/span><\/a><meta property=\"position\" content=\"1\"><\/span><\/div>\t\t\t\t<\/div>\n\t\t\t\t<\/div>\n\t\t\t\t<div class=\"elementor-element elementor-element-a971e92 elementor-widget elementor-widget-spacer\" data-id=\"a971e92\" data-element_type=\"widget\" data-widget_type=\"spacer.default\">\n\t\t\t\t<div class=\"elementor-widget-container\">\n\t\t\t\t\t\t\t<div class=\"elementor-spacer\">\n\t\t\t<div class=\"elementor-spacer-inner\"><\/div>\n\t\t<\/div>\n\t\t\t\t\t\t<\/div>\n\t\t\t\t<\/div>\n\t\t\t\t\t<\/div>\n\t\t<\/div>\n\t\t\t\t\t<\/div>\n\t\t<\/section>\n\t\t\t\t<section class=\"elementor-section elementor-top-section elementor-element elementor-element-3c64dd74 elementor-section-boxed elementor-section-height-default elementor-section-height-default\" data-id=\"3c64dd74\" data-element_type=\"section\">\n\t\t\t\t\t\t<div class=\"elementor-container elementor-column-gap-default\">\n\t\t\t\t\t<div class=\"elementor-column elementor-col-100 elementor-top-column elementor-element elementor-element-1ce6b1ca\" data-id=\"1ce6b1ca\" data-element_type=\"column\">\n\t\t\t<div class=\"elementor-widget-wrap elementor-element-populated\">\n\t\t\t\t\t\t<div class=\"elementor-element elementor-element-58d63124 elementor-widget elementor-widget-text-editor\" data-id=\"58d63124\" data-element_type=\"widget\" data-widget_type=\"text-editor.default\">\n\t\t\t\t<div class=\"elementor-widget-container\">\n\t\t\t\t\t\t\t\t\t<p>El ginec\u00f3logo especialista en Reproducci\u00f3n os aconsejar\u00e1 la t\u00e9cnica que le parezca m\u00e1s adecuada para vuestro caso concreto, lo cual tiene mucho que ver con la calidad de los \u00f3vulos (empeora a m\u00e1s edad de la mujer), la del semen, de la duraci\u00f3n de la esterilidad y de los resultados de los procedimientos anteriores, si los hubo. En definitiva, las inseminaciones son s\u00f3lo para los casos m\u00e1s leves y para el resto se ha de recurrir a la fecundaci\u00f3n in vitro.<\/p><p>Es importante conocer los resultados de cada t\u00e9cnica que tienen en los centros donde os vais a tratar y si os pueden dar resultados para casos similares al vuestro, pues mucho mejor, ya que ello os ayudar\u00e1 a tomar las mejores decisiones. Os he resumido las \u00faltimas cifras publicadas del Registro de la Sociedad Espa\u00f1ola de Fertilidad (2011) que son un buen punto de partida:<\/p><blockquote style=\"margin: 0 0 0 40px; border: none; padding: 0px;\"><table border=\"2\" width=\"84%\"><tbody><tr><td style=\"text-align: center;\" rowspan=\"2\" bgcolor=\"#DDE0FC\" width=\"33%\"><b><span style=\"color: #000000;\">T\u00e9cnica<\/span><\/b><\/td><td style=\"text-align: center;\" rowspan=\"2 width=\" bgcolor=\"#DDE0FC\"><b>Edad de la mujer<\/b><\/td><td style=\"text-align: center;\" colspan=\"2\" bgcolor=\"#DDE0FC\" width=\"\u201d44%\u201d\"><b>Resultados por ciclo\/descongelaci\u00f3n\/recepci\u00f3n d\u2019ovocitos<\/b><\/td><\/tr><tr><td style=\"text-align: center;\" bgcolor=\"#DDE0FC\" width=\"\u201d25%\u201d\"><b>Embarazos<\/b><\/td><td style=\"text-align: center;\" bgcolor=\"#DDE0FC\" width=\"\u201d19%\u201d\"><b>Partos<\/b><\/td><\/tr><tr><td style=\"text-align: center;\" rowspan=\"2\"><i>Inseminaci\u00f3n artificial con semen de la pareja<\/i><\/td><td style=\"text-align: center;\">39 a\u00f1os o menos<\/td><td style=\"text-align: center;\">14%<\/td><td style=\"text-align: center;\"><span style=\"color: #f81b15;\">11%<\/span><\/td><\/tr><tr><td style=\"text-align: center;\">40 a\u00f1os o m\u00e1s<\/td><td style=\"text-align: center;\">11%<\/td><td style=\"text-align: center;\"><span style=\"color: #f81b15;\">6%<\/span><\/td><\/tr><tr><td style=\"text-align: center;\" rowspan=\"2\"><i>Inseminaci\u00f3n artificial con semen de donante<\/i><\/td><td style=\"text-align: center;\">39 a\u00f1os o menos<\/td><td style=\"text-align: center;\">20%<\/td><td style=\"text-align: center;\"><span style=\"color: #f81b15;\">15%<\/span><\/td><\/tr><tr><td style=\"text-align: center;\">40 a\u00f1os o m\u00e1s<\/td><td style=\"text-align: center;\">10%<\/td><td style=\"text-align: center;\"><span style=\"color: #f81b15;\">3%<\/span><\/td><\/tr><tr><td style=\"text-align: center;\" rowspan=\"3\"><i>Fecundaci\u00f3n in vitro con \u00f3vulos de la mujer<\/i><\/td><td style=\"text-align: center;\">Menos de 35 a\u00f1os<\/td><td style=\"text-align: center;\">35%<\/td><td style=\"text-align: center;\"><span style=\"color: #f81b15;\">22%<\/span><\/td><\/tr><tr><td style=\"text-align: center;\">35 a 39 a\u00f1os<\/td><td style=\"text-align: center;\">28%<\/td><td style=\"text-align: center;\"><span style=\"color: #f81b15;\">16%<\/span><\/td><\/tr><tr><td style=\"text-align: center;\">40 a\u00f1os o m\u00e1s<\/td><td style=\"text-align: center;\">16%<\/td><td style=\"text-align: center;\"><span style=\"color: #f81b15;\">7%<\/span><\/td><\/tr><tr><td style=\"text-align: center;\" rowspan=\"3\"><i>Embriones propios congelados<\/i><\/td><td style=\"text-align: center;\">Menos de 35 a\u00f1os<\/td><td style=\"text-align: center;\">33%<\/td><td style=\"text-align: center;\"><span style=\"color: #f81b15;\">19%<\/span><\/td><\/tr><tr><td style=\"text-align: center;\">35 a 39 a\u00f1os<\/td><td style=\"text-align: center;\">27%<\/td><td style=\"text-align: center;\"><span style=\"color: #f81b15;\">13%<\/span><\/td><\/tr><tr><td style=\"text-align: center;\">40 a\u00f1os o m\u00e1s<\/td><td style=\"text-align: center;\">20%<\/td><td style=\"text-align: center;\"><span style=\"color: #f81b15;\">18%<\/span><\/td><\/tr><tr><td style=\"text-align: center;\" rowspan=\"3\"><i>Embriones congelados de donante<\/i><\/td><td style=\"text-align: center;\">Menos de 35 a\u00f1os<\/td><td style=\"text-align: center;\">34%<\/td><td style=\"text-align: center;\"><span style=\"color: #f81b15;\">18%<\/span><\/td><\/tr><tr><td style=\"text-align: center;\">35 a 39 a\u00f1os<\/td><td style=\"text-align: center;\">33%<\/td><td style=\"text-align: center;\"><span style=\"color: #f81b15;\">18%<\/span><\/td><\/tr><tr><td style=\"text-align: center;\">40 a\u00f1os o m\u00e1s<\/td><td style=\"text-align: center;\">35%<\/td><td style=\"text-align: center;\"><span style=\"color: #f81b15;\">18%<\/span><\/td><\/tr><\/tbody><\/table><\/blockquote><p>Recordad que de las cifras expuestas, las m\u00e1s representativas son los partos (cifras destacadas en rojo), pues aunque se consiga embarazo (prueba en sangre positiva o embri\u00f3n en la ecograf\u00eda), hay como m\u00ednimo un 15-20% de abortos, cifra que se puede duplicar en las mujeres de mayor edad. Como pod\u00e9is apreciar, ning\u00fan intento de tratamiento supera un tercio de partos y estas cifras son particularmente pobres en la inseminaci\u00f3n artificial conyugal, sobre todo en las mujeres m\u00e1s mayores. La fecundaci\u00f3n in vitro consigue buenos resultados en las m\u00e1s j\u00f3venes y si se llegan a congelar embriones (son embriones sobrantes que se consiguen en la mitad de los ciclos y suelen ser de muy buena calidad). Los resultados de la fecundaci\u00f3n in vitro con \u00f3vulos de donante son uniformemente buenos independientemente de la edad de la mujer, lo cual es de particular relevancia para las mujeres m\u00e1s mayores y\/o con reserva ov\u00e1rica baja. En cuanto a los <b>precios<\/b>, os puedo dar unas cifras orientativas por ciclo de tratamiento:<\/p><ul><li>Inseminaci\u00f3n artificial con semen de la pareja: 900 \u20ac.<\/li><li>Inseminaci\u00f3n artificial con semen de donante: 1.400-1.500 \u20ac.<\/li><li>Fecundaci\u00f3n in vitro con gametos de la pareja: 5.000-6.000 \u20ac.<\/li><li>Fecundaci\u00f3n in vitro con semen de donante: 5.500-6.500 \u20ac.<\/li><li>Transferencia de embriones con \u00f3vulo de donante y semen de la pareja (incluye la medicaci\u00f3n para la mujer donante): 7.400-9.500 \u20ac.<\/li><li>Transferencia de embriones con \u00f3vulo y semen de donante: 7.900-10.400 \u20ac.<\/li><\/ul><p>Es importante que sep\u00e1is que las cifras previas se refieren al ciclo completo (culminando en inseminaci\u00f3n o en punci\u00f3n de \u00f3vulos y transferencia de embriones si es fecundaci\u00f3n in vitro). De no ser as\u00ed, se os devuelven una parte importante de los honorarios.<\/p><p>\u00bfA qu\u00e9 os parecen caros? Y m\u00e1s a\u00fan os lo parecer\u00e1n si ten\u00e9is en cuenta que pag\u00e1is por el intento y no por el resultado. En defensa de las cl\u00ednicas, os puedo confirmar que proveer a las consultas y al laboratorio de material, reactivos, personal cualificado (los resultados en Reproducci\u00f3n dependen mucho del buen hacer de los bi\u00f3logos), mantenimiento de embriones y gametos congelados, p\u00f3lizas por si se perdieran los embriones, etc. es una inversi\u00f3n enorme.<\/p><p>Otra partida presupuestaria hay que destinarla a la <b>medicaci\u00f3n<\/b>, que en el caso de ciclos realizados en el sector privado, no es cubierta por la Seguridad Social. La correspondiente a las inseminaciones est\u00e1 en torno a los 300 \u20ac y la propia de la fecundaci\u00f3n in vitro oscila entre los 700 y 1.300 \u20ac, lo que est\u00e1 en funci\u00f3n del tipo de medicaci\u00f3n utilizada (de origen urinario o recombinante) y de la dosis que necesita cada mujer (muy superior si la reserva ov\u00e1rica es baja).<\/p><div class=\"clear\">\u00a0<\/div><p><b>Fuentes de la informaci\u00f3n:<\/b> <i>Sociedad Espa\u00f1ola de Fertilidad. Registro de la Sociedad Espa\u00f1ola de Fertilidad: T\u00e9cnicas de reproducci\u00f3n asistida (IA y FIV\/ICSI). A\u00f1o 2011. Informe estad\u00edstico final.[acceso 14-6-14]. Disponible en: <a href=\"https:\/\/www.registrosef.com\/public\/Docs\/sef2011_IAFIV.pdf\" target=\"_blank\" rel=\"noopener\">https:\/\/www.registrosef.com\/public\/Docs\/sef2011_IAFIV.pdf<\/a>.<\/i><\/p>\t\t\t\t\t\t\t\t<\/div>\n\t\t\t\t<\/div>\n\t\t\t\t\t<\/div>\n\t\t<\/div>\n\t\t\t\t\t<\/div>\n\t\t<\/section>\n\t\t\t\t<section class=\"elementor-section elementor-top-section elementor-element elementor-element-0785ccb elementor-section-boxed elementor-section-height-default elementor-section-height-default\" data-id=\"0785ccb\" data-element_type=\"section\">\n\t\t\t\t\t\t<div class=\"elementor-container elementor-column-gap-default\">\n\t\t\t\t\t<div class=\"elementor-column elementor-col-100 elementor-top-column elementor-element elementor-element-3e12922\" data-id=\"3e12922\" data-element_type=\"column\">\n\t\t\t<div class=\"elementor-widget-wrap elementor-element-populated\">\n\t\t\t\t\t\t<div class=\"elementor-element elementor-element-ee8a3ba elementor-widget elementor-widget-shortcode\" data-id=\"ee8a3ba\" data-element_type=\"widget\" data-widget_type=\"shortcode.default\">\n\t\t\t\t<div class=\"elementor-widget-container\">\n\t\t\t\t\t\t\t<div class=\"elementor-shortcode\">[ssba-buttons]<\/div>\n\t\t\t\t\t\t<\/div>\n\t\t\t\t<\/div>\n\t\t\t\t\t<\/div>\n\t\t<\/div>\n\t\t\t\t\t<\/div>\n\t\t<\/section>\n\t\t\t\t<\/div>\n\t\t","protected":false},"excerpt":{"rendered":"<p>T\u00c9CNICAS DE REPRODUCCI\u00d3N ASISTIDA: \u00bfqu\u00e9 efectividad tienen?, \u00bfqu\u00e9 nos puede costar? El ginec\u00f3logo especialista en Reproducci\u00f3n os aconsejar\u00e1 la t\u00e9cnica que le parezca m\u00e1s adecuada para vuestro caso concreto, lo cual tiene mucho que ver con la calidad de los \u00f3vulos (empeora a m\u00e1s edad de la mujer), la del semen, de la duraci\u00f3n de [&hellip;]<\/p>\n","protected":false},"author":12,"featured_media":0,"parent":15317,"menu_order":0,"comment_status":"open","ping_status":"open","template":"elementor_header_footer","meta":{"footnotes":""},"class_list":["post-8892","page","type-page","status-publish","hentry"],"yoast_head":"<!-- This site is optimized with the Yoast SEO plugin v25.0 - https:\/\/yoast.com\/wordpress\/plugins\/seo\/ -->\n<title>T\u00c9CNICAS DE REPRODUCCI\u00d3N ASISTIDA: \u00bfqu\u00e9 efectividad tienen?, \u00bfqu\u00e9 nos puede costar? - DRA. GIBERT<\/title>\n<meta name=\"robots\" content=\"index, follow, max-snippet:-1, max-image-preview:large, max-video-preview:-1\" \/>\n<link rel=\"canonical\" href=\"https:\/\/www.doctoragibert.com\/es\/pacientes\/reproduccion\/tecnicas-de-reproduccion-asistida\/\" \/>\n<meta property=\"og:locale\" content=\"es_ES\" \/>\n<meta property=\"og:type\" content=\"article\" \/>\n<meta property=\"og:title\" content=\"T\u00c9CNICAS DE REPRODUCCI\u00d3N ASISTIDA: \u00bfqu\u00e9 efectividad tienen?, \u00bfqu\u00e9 nos puede costar? - DRA. GIBERT\" \/>\n<meta property=\"og:description\" content=\"T\u00c9CNICAS DE REPRODUCCI\u00d3N ASISTIDA: \u00bfqu\u00e9 efectividad tienen?, \u00bfqu\u00e9 nos puede costar? El ginec\u00f3logo especialista en Reproducci\u00f3n os aconsejar\u00e1 la t\u00e9cnica que le parezca m\u00e1s adecuada para vuestro caso concreto, lo cual tiene mucho que ver con la calidad de los \u00f3vulos (empeora a m\u00e1s edad de la mujer), la del semen, de la duraci\u00f3n de [&hellip;]\" \/>\n<meta property=\"og:url\" content=\"https:\/\/www.doctoragibert.com\/es\/pacientes\/reproduccion\/tecnicas-de-reproduccion-asistida\/\" \/>\n<meta property=\"og:site_name\" content=\"DRA. GIBERT\" \/>\n<meta property=\"article:publisher\" content=\"https:\/\/www.facebook.com\/doctoragibert\" \/>\n<meta property=\"article:modified_time\" content=\"2021-08-11T10:32:43+00:00\" \/>\n<meta name=\"twitter:label1\" content=\"Tiempo de lectura\" \/>\n\t<meta name=\"twitter:data1\" content=\"5 minutos\" \/>\n<script type=\"application\/ld+json\" class=\"yoast-schema-graph\">{\"@context\":\"https:\/\/schema.org\",\"@graph\":[{\"@type\":\"WebPage\",\"@id\":\"https:\/\/www.doctoragibert.com\/es\/pacientes\/reproduccion\/tecnicas-de-reproduccion-asistida\/\",\"url\":\"https:\/\/www.doctoragibert.com\/es\/pacientes\/reproduccion\/tecnicas-de-reproduccion-asistida\/\",\"name\":\"T\u00c9CNICAS DE REPRODUCCI\u00d3N ASISTIDA: \u00bfqu\u00e9 efectividad tienen?, \u00bfqu\u00e9 nos puede costar? - DRA. GIBERT\",\"isPartOf\":{\"@id\":\"https:\/\/www.doctoragibert.com\/es\/#website\"},\"datePublished\":\"2015-09-29T09:56:07+00:00\",\"dateModified\":\"2021-08-11T10:32:43+00:00\",\"breadcrumb\":{\"@id\":\"https:\/\/www.doctoragibert.com\/es\/pacientes\/reproduccion\/tecnicas-de-reproduccion-asistida\/#breadcrumb\"},\"inLanguage\":\"es\",\"potentialAction\":[{\"@type\":\"ReadAction\",\"target\":[\"https:\/\/www.doctoragibert.com\/es\/pacientes\/reproduccion\/tecnicas-de-reproduccion-asistida\/\"]}]},{\"@type\":\"BreadcrumbList\",\"@id\":\"https:\/\/www.doctoragibert.com\/es\/pacientes\/reproduccion\/tecnicas-de-reproduccion-asistida\/#breadcrumb\",\"itemListElement\":[{\"@type\":\"ListItem\",\"position\":1,\"name\":\"PACIENTES\",\"item\":\"https:\/\/www.doctoragibert.com\/es\/pacientes\/\"},{\"@type\":\"ListItem\",\"position\":2,\"name\":\"REPRODUCCI\u00d3N\",\"item\":\"https:\/\/www.doctoragibert.com\/es\/pacientes\/reproduccion\/\"},{\"@type\":\"ListItem\",\"position\":3,\"name\":\"T\u00c9CNICAS DE REPRODUCCI\u00d3N ASISTIDA: \u00bfqu\u00e9 efectividad tienen?, \u00bfqu\u00e9 nos puede costar?\"}]},{\"@type\":\"WebSite\",\"@id\":\"https:\/\/www.doctoragibert.com\/es\/#website\",\"url\":\"https:\/\/www.doctoragibert.com\/es\/\",\"name\":\"DRA. GIBERT\",\"description\":\"Ginecologia i obstetricia\",\"potentialAction\":[{\"@type\":\"SearchAction\",\"target\":{\"@type\":\"EntryPoint\",\"urlTemplate\":\"https:\/\/www.doctoragibert.com\/es\/?s={search_term_string}\"},\"query-input\":{\"@type\":\"PropertyValueSpecification\",\"valueRequired\":true,\"valueName\":\"search_term_string\"}}],\"inLanguage\":\"es\"}]}<\/script>\n<!-- \/ Yoast SEO plugin. -->","yoast_head_json":{"title":"T\u00c9CNICAS DE REPRODUCCI\u00d3N ASISTIDA: \u00bfqu\u00e9 efectividad tienen?, \u00bfqu\u00e9 nos puede costar? - DRA. GIBERT","robots":{"index":"index","follow":"follow","max-snippet":"max-snippet:-1","max-image-preview":"max-image-preview:large","max-video-preview":"max-video-preview:-1"},"canonical":"https:\/\/www.doctoragibert.com\/es\/pacientes\/reproduccion\/tecnicas-de-reproduccion-asistida\/","og_locale":"es_ES","og_type":"article","og_title":"T\u00c9CNICAS DE REPRODUCCI\u00d3N ASISTIDA: \u00bfqu\u00e9 efectividad tienen?, \u00bfqu\u00e9 nos puede costar? - DRA. GIBERT","og_description":"T\u00c9CNICAS DE REPRODUCCI\u00d3N ASISTIDA: \u00bfqu\u00e9 efectividad tienen?, \u00bfqu\u00e9 nos puede costar? El ginec\u00f3logo especialista en Reproducci\u00f3n os aconsejar\u00e1 la t\u00e9cnica que le parezca m\u00e1s adecuada para vuestro caso concreto, lo cual tiene mucho que ver con la calidad de los \u00f3vulos (empeora a m\u00e1s edad de la mujer), la del semen, de la duraci\u00f3n de [&hellip;]","og_url":"https:\/\/www.doctoragibert.com\/es\/pacientes\/reproduccion\/tecnicas-de-reproduccion-asistida\/","og_site_name":"DRA. GIBERT","article_publisher":"https:\/\/www.facebook.com\/doctoragibert","article_modified_time":"2021-08-11T10:32:43+00:00","twitter_misc":{"Tiempo de lectura":"5 minutos"},"schema":{"@context":"https:\/\/schema.org","@graph":[{"@type":"WebPage","@id":"https:\/\/www.doctoragibert.com\/es\/pacientes\/reproduccion\/tecnicas-de-reproduccion-asistida\/","url":"https:\/\/www.doctoragibert.com\/es\/pacientes\/reproduccion\/tecnicas-de-reproduccion-asistida\/","name":"T\u00c9CNICAS DE REPRODUCCI\u00d3N ASISTIDA: \u00bfqu\u00e9 efectividad tienen?, \u00bfqu\u00e9 nos puede costar? - DRA. GIBERT","isPartOf":{"@id":"https:\/\/www.doctoragibert.com\/es\/#website"},"datePublished":"2015-09-29T09:56:07+00:00","dateModified":"2021-08-11T10:32:43+00:00","breadcrumb":{"@id":"https:\/\/www.doctoragibert.com\/es\/pacientes\/reproduccion\/tecnicas-de-reproduccion-asistida\/#breadcrumb"},"inLanguage":"es","potentialAction":[{"@type":"ReadAction","target":["https:\/\/www.doctoragibert.com\/es\/pacientes\/reproduccion\/tecnicas-de-reproduccion-asistida\/"]}]},{"@type":"BreadcrumbList","@id":"https:\/\/www.doctoragibert.com\/es\/pacientes\/reproduccion\/tecnicas-de-reproduccion-asistida\/#breadcrumb","itemListElement":[{"@type":"ListItem","position":1,"name":"PACIENTES","item":"https:\/\/www.doctoragibert.com\/es\/pacientes\/"},{"@type":"ListItem","position":2,"name":"REPRODUCCI\u00d3N","item":"https:\/\/www.doctoragibert.com\/es\/pacientes\/reproduccion\/"},{"@type":"ListItem","position":3,"name":"T\u00c9CNICAS DE REPRODUCCI\u00d3N ASISTIDA: \u00bfqu\u00e9 efectividad tienen?, \u00bfqu\u00e9 nos puede costar?"}]},{"@type":"WebSite","@id":"https:\/\/www.doctoragibert.com\/es\/#website","url":"https:\/\/www.doctoragibert.com\/es\/","name":"DRA. GIBERT","description":"Ginecologia i obstetricia","potentialAction":[{"@type":"SearchAction","target":{"@type":"EntryPoint","urlTemplate":"https:\/\/www.doctoragibert.com\/es\/?s={search_term_string}"},"query-input":{"@type":"PropertyValueSpecification","valueRequired":true,"valueName":"search_term_string"}}],"inLanguage":"es"}]}},"_links":{"self":[{"href":"https:\/\/www.doctoragibert.com\/es\/wp-json\/wp\/v2\/pages\/8892","targetHints":{"allow":["GET"]}}],"collection":[{"href":"https:\/\/www.doctoragibert.com\/es\/wp-json\/wp\/v2\/pages"}],"about":[{"href":"https:\/\/www.doctoragibert.com\/es\/wp-json\/wp\/v2\/types\/page"}],"author":[{"embeddable":true,"href":"https:\/\/www.doctoragibert.com\/es\/wp-json\/wp\/v2\/users\/12"}],"replies":[{"embeddable":true,"href":"https:\/\/www.doctoragibert.com\/es\/wp-json\/wp\/v2\/comments?post=8892"}],"version-history":[{"count":5,"href":"https:\/\/www.doctoragibert.com\/es\/wp-json\/wp\/v2\/pages\/8892\/revisions"}],"predecessor-version":[{"id":16066,"href":"https:\/\/www.doctoragibert.com\/es\/wp-json\/wp\/v2\/pages\/8892\/revisions\/16066"}],"up":[{"embeddable":true,"href":"https:\/\/www.doctoragibert.com\/es\/wp-json\/wp\/v2\/pages\/15317"}],"wp:attachment":[{"href":"https:\/\/www.doctoragibert.com\/es\/wp-json\/wp\/v2\/media?parent=8892"}],"curies":[{"name":"wp","href":"https:\/\/api.w.org\/{rel}","templated":true}]}}