{"id":8901,"date":"2015-09-29T10:04:50","date_gmt":"2015-09-29T10:04:50","guid":{"rendered":"http:\/\/gibert.uxiodigital.com\/reproduccio\/tractaments-de-lesterilitat-una-visio-general\/"},"modified":"2021-08-11T10:53:13","modified_gmt":"2021-08-11T10:53:13","slug":"tratamientos-de-la-esterilidiad","status":"publish","type":"page","link":"https:\/\/www.doctoragibert.com\/es\/pacientes\/reproduccion\/tratamientos-de-la-esterilidiad\/","title":{"rendered":"TRATAMIENTOS DE LA ESTERILIDAD: una visi\u00f3n general"},"content":{"rendered":"\t\t<div data-elementor-type=\"wp-page\" data-elementor-id=\"8901\" class=\"elementor elementor-8901 elementor-8896\">\n\t\t\t\t\t\t<section class=\"elementor-section elementor-top-section elementor-element elementor-element-0f797aa elementor-section-boxed elementor-section-height-default elementor-section-height-default\" data-id=\"0f797aa\" data-element_type=\"section\" data-settings=\"{&quot;background_background&quot;:&quot;classic&quot;}\">\n\t\t\t\t\t\t<div class=\"elementor-container elementor-column-gap-default\">\n\t\t\t\t\t<div class=\"elementor-column elementor-col-100 elementor-top-column elementor-element elementor-element-e5b0465\" data-id=\"e5b0465\" data-element_type=\"column\">\n\t\t\t<div class=\"elementor-widget-wrap elementor-element-populated\">\n\t\t\t\t\t\t<div class=\"elementor-element elementor-element-1e741de elementor-widget elementor-widget-spacer\" data-id=\"1e741de\" data-element_type=\"widget\" data-widget_type=\"spacer.default\">\n\t\t\t\t<div class=\"elementor-widget-container\">\n\t\t\t\t\t\t\t<div class=\"elementor-spacer\">\n\t\t\t<div class=\"elementor-spacer-inner\"><\/div>\n\t\t<\/div>\n\t\t\t\t\t\t<\/div>\n\t\t\t\t<\/div>\n\t\t\t\t<div class=\"elementor-element elementor-element-2c8ec9a elementor-widget elementor-widget-heading\" data-id=\"2c8ec9a\" data-element_type=\"widget\" data-widget_type=\"heading.default\">\n\t\t\t\t<div class=\"elementor-widget-container\">\n\t\t\t\t\t<h2 class=\"elementor-heading-title elementor-size-default\">TRATAMIENTOS DE LA ESTERILIDAD: una visi\u00f3n general<\/h2>\t\t\t\t<\/div>\n\t\t\t\t<\/div>\n\t\t\t\t<div class=\"elementor-element elementor-element-d84263d elementor-widget-divider--view-line elementor-widget elementor-widget-divider\" data-id=\"d84263d\" data-element_type=\"widget\" data-widget_type=\"divider.default\">\n\t\t\t\t<div class=\"elementor-widget-container\">\n\t\t\t\t\t\t\t<div class=\"elementor-divider\">\n\t\t\t<span class=\"elementor-divider-separator\">\n\t\t\t\t\t\t<\/span>\n\t\t<\/div>\n\t\t\t\t\t\t<\/div>\n\t\t\t\t<\/div>\n\t\t\t\t<div class=\"elementor-element elementor-element-274e17a migasdepan elementor-widget elementor-widget-wp-widget-bcn_widget\" data-id=\"274e17a\" data-element_type=\"widget\" data-widget_type=\"wp-widget-bcn_widget.default\">\n\t\t\t\t<div class=\"elementor-widget-container\">\n\t\t\t\t\t<div class=\"breadcrumbs\" vocab=\"https:\/\/schema.org\/\" typeof=\"BreadcrumbList\"><!-- Breadcrumb NavXT 7.4.1 -->\n<span property=\"itemListElement\" typeof=\"ListItem\"><a property=\"item\" typeof=\"WebPage\" title=\"Ir a DRA. GIBERT.\" href=\"https:\/\/www.doctoragibert.com\/es\/\" class=\"home\" aria-current=\"page\"><span property=\"name\">DRA. GIBERT<\/span><\/a><meta property=\"position\" content=\"1\"><\/span><\/div>\t\t\t\t<\/div>\n\t\t\t\t<\/div>\n\t\t\t\t<div class=\"elementor-element elementor-element-7bd95f0 elementor-widget elementor-widget-spacer\" data-id=\"7bd95f0\" data-element_type=\"widget\" data-widget_type=\"spacer.default\">\n\t\t\t\t<div class=\"elementor-widget-container\">\n\t\t\t\t\t\t\t<div class=\"elementor-spacer\">\n\t\t\t<div class=\"elementor-spacer-inner\"><\/div>\n\t\t<\/div>\n\t\t\t\t\t\t<\/div>\n\t\t\t\t<\/div>\n\t\t\t\t\t<\/div>\n\t\t<\/div>\n\t\t\t\t\t<\/div>\n\t\t<\/section>\n\t\t\t\t<section class=\"elementor-section elementor-top-section elementor-element elementor-element-7fe97765 elementor-section-boxed elementor-section-height-default elementor-section-height-default\" data-id=\"7fe97765\" data-element_type=\"section\">\n\t\t\t\t\t\t<div class=\"elementor-container elementor-column-gap-default\">\n\t\t\t\t\t<div class=\"elementor-column elementor-col-100 elementor-top-column elementor-element elementor-element-109cb9b5\" data-id=\"109cb9b5\" data-element_type=\"column\">\n\t\t\t<div class=\"elementor-widget-wrap elementor-element-populated\">\n\t\t\t\t\t\t<div class=\"elementor-element elementor-element-3a7e7fb6 elementor-widget elementor-widget-text-editor\" data-id=\"3a7e7fb6\" data-element_type=\"widget\" data-widget_type=\"text-editor.default\">\n\t\t\t\t<div class=\"elementor-widget-container\">\n\t\t\t\t\t\t\t\t\t<p><img fetchpriority=\"high\" decoding=\"async\" class=\"alignleft size-full wp-image-8898\" src=\"https:\/\/www.doctoragibert.com\/wp-content\/uploads\/2015\/09\/c308c4947acb14ec0ddb26f8c477a2dc.jpg\" alt=\"c308c4947acb14ec0ddb26f8c477a2dc\" width=\"300\" height=\"225\" \/><\/p><p>El manejo de la esterilidad se hace de forma escalonada, empezando por los m\u00e9todos m\u00e1s sencillos y acabando con los m\u00e1s sofisticados. Si consideramos en conjunto las parejas est\u00e9riles o subf\u00e9rtiles sometidas a terapia, se las puede comparar con un embudo en el que hay muchas parejas al principio (las que se someten a procedimientos sencillos) y pocas al final (seg\u00fan vamos avanzando en complejidad y n\u00famero de procedimientos), ya que las gestaciones se van produciendo desde el principio y, por tanto, las parejas van dejando de ser candidatas a m\u00e1s tratamientos.<\/p><p>Hay que tener en cuenta que: en una tercera parte de los casos la esterilidad la causa es femenina, en otra tercera masculina y en el resto es mixta (disfunci\u00f3n reproductiva en el hombre y en la mujer). Adem\u00e1s, una mujer muy f\u00e9rtil puede compensar a un hombre poco f\u00e9rtil y viceversa.<\/p><p>En los dos sexos, se ha visto que <b>la vida sana y sin t\u00f3xicos mejora la fertilidad<\/b>, entonces, \u00e9sta es nuestra primera recomendaci\u00f3n.<\/p><p>En cuanto <b>al var\u00f3n<\/b>, todo depender\u00e1 de su seminograma y de su valoraci\u00f3n por parte del andr\u00f3logo, que es preceptiva por debajo de los 10 millones de espermatozoides por mililitro. Puede ocurrir que los espermatozoides:<\/p><ul><li>Est\u00e9n en menos cantidad de lo normal <b>(oligozoospermia)<\/b>: es la causa m\u00e1s frecuente de esterilidad masculina, suele ser de causa desconocida, pero el varicocele, algunos medicamentos, ciertos problemas hormonales, factores ambientales o infecciones pueden ser la causa.<\/li><li>Se muevan lentamente <b>(astenozoospermia)<\/b>: suele deberse a infecci\u00f3n o a anticuerpos. Los espermatozoides se agregan a otras part\u00edculas o a otros espermatozoides, lo que impide su progresi\u00f3n hasta el \u00f3vulo.<\/li><li>Tengan forma anormal <b>(teratozoospermia)<\/b>: si son muchos los anormales, la capacidad fecundante de los espermatozoides est\u00e1 seriamente comprometida.<\/li><li>Haya una combinaci\u00f3n de las tres anomal\u00edas mencionadas, esto es, oligoastenoteratozoospermia <b>(OAT)<\/b>.<\/li><\/ul><p>Si se encuentra la causa responsable, se proceder\u00e1 al tratamiento espec\u00edfico que puede ser: antibi\u00f3ticos, cambio de medicamentos que puedan causar infertilidad, evitaci\u00f3n de t\u00f3xicos, limitaci\u00f3n de calor escrotal o cirug\u00eda del varicocele. Como una tercera parte de OATs son de causa desconocida, se intenta un tratamiento emp\u00edrico con antioxidantes, antiestr\u00f3genos y cambio de h\u00e1bitos nocivos por otros m\u00e1s saludables. <b>Tras unos 3 meses de tratamiento, los espermatozoides se habr\u00e1n renovado<\/b> y es probable que haya una mejora tan importante de los valores del seminograma que la mujer m\u00e1s joven y con estudio de esterilidad normal se quede embarazada sin m\u00e1s tratamientos.<\/p><p>En cuanto a <b>la mujer<\/b>, su edad es muy determinante, ya que si <b>tiene 38-40 a\u00f1os recurriremos directamente a la fecundaci\u00f3n in vitro<\/b>, puesto que otros tratamientos m\u00e1s simples no suelen conseguir el ansiado embarazo y hacen perder el tiempo en pacientes con una reserva ov\u00e1rica que baja r\u00e1pidamente en el corto plazo. Sin embargo, si la mujer es m\u00e1s joven y tiene ovario poliqu\u00edstico, descensos del 5% del peso y\/o hasta alcanzar un \u00edndice de masa corporal inferior a 27 Kg\/m2 pueden lograr el embarazo sin m\u00e1s tratamientos. En cambio si su \u00edndice de masa corporal es inferior a 18, desistiremos de hacer terapia alguna y nos pondremos como objetivo un \u00edndice de 18-19 por lo menos, lo cual fomentar\u00e1 el retorno de las reglas y de la ovulaci\u00f3n.<\/p><p>El pr\u00f3ximo paso consiste en <b>el uso del clomifeno (Omif\u00edn\u00ae)<\/b>, combinado o no con alguna de las medidas ya mencionadas, en aquellas pacientes con s\u00edndrome del ovario poliqu\u00edstico o con esterilidad de origen desconocido. Se suelen hacer hasta 6 ciclos de tratamiento con ovulaci\u00f3n constatada antes de desistir y pasar a otro m\u00e9todo.<\/p><p>El siguiente procedimiento es <b>la inseminaci\u00f3n artificial<\/b>, realiz\u00e1ndose en la mayor\u00eda de los centros unos 4 ciclos, a causa de su efectividad limitada.<\/p><p>La <b>fecundaci\u00f3n in vitro<\/b> es el tratamiento que se indica cuando los anteriores han fallado, pero puede ser una indicaci\u00f3n directa en los casos de: edad materna avanzada, reserva ov\u00e1rica disminuida a causa de cirug\u00eda o de endometriosis, trompas de Falopio inservibles o factor masculino severo. Generalmente, se recomiendan 3 ciclos, pues es el n\u00famero que consigue el 80% de las gestaciones obtenibles mediante esta t\u00e9cnica. En algunas ocasiones, no se consiguen suficientes \u00f3vulos por ciclo (han de ser 3 o m\u00e1s), o la fecundaci\u00f3n no es correcta, o los embriones son de mala calidad, o no hay gestaci\u00f3n tras varias transferencias exitosas de embriones adequats. Si <b>sospechamos que la causa es masculina<\/b>, lo m\u00e1s recomendable ser\u00e1 probar la fecundaci\u00f3n in vitro con semen de donante, y <b>si la causa es ov\u00e1rica<\/b>, la fecundaci\u00f3n in vitro se har\u00e1 con el semen de la pareja y los \u00f3vulos de una donante. Como la donaci\u00f3n de gametos es muy dif\u00edcil de asumir por parte de muchas parejas, se dispone de refinamientos t\u00e9cnicos como el diagn\u00f3stico gen\u00e9tico preimplantacional, cuyo objetivo es seleccionar los mejores embriones para transferir entre los que sean cromos\u00f3micamente normales. Lamentablemente, esta t\u00e9cnica necesita la obtenci\u00f3n de muchos \u00f3vulos por ciclo y es cara. Una opci\u00f3n para mujeres con poca respuesta ov\u00e1rica consiste en acumular ovocitos de ciclos sucesivos de estimulaci\u00f3n y vitrificarlos (congelarlos), hasta tener el n\u00famero suficiente para poderlos fecundar y elegir los de m\u00e1s posibilidad de implantarse en el \u00fatero, pero todo el proceso es muy largo, caro y mucho menos efectivo que la donaci\u00f3n de gametos.<\/p><p>Lo que deben asumir las parejas antes de empezar es que <b>el tratamiento puede ser largo<\/b>, ya que entre ciclo y cicle de tratamiento pasa al menos un mes (el tiempo transcurrido entre dos reglas consecutivas) <b>y desalentador<\/b> (sobre todo en parejas con estudio de esterilidad normal que se van sometiendo a tratamientos sin resultados iniciales). La buena noticia es <b>que si las parejas se dejan guiar por los profesionales, la gran mayor\u00eda lograr\u00e1n un embarazo<\/b>. Es importante estar abierto a las opciones que mejores resultados nos puedan dar, aun a costa de tener que renunciar al uso de nuestros gametos, y <b>disponer de un presupuesto suficiente<\/b> que permita someternos a un n\u00famero m\u00ednimo de intentos de los tratamientos m\u00e1s indicados para cada pareja.<\/p><p>\u00a0<\/p><div class=\"clear\">\u00a0<\/div><p><b>Fuentes de la informaci\u00f3n:<\/b> <i><\/i><\/p><ul><li>Cahill DJ, Wardle PG. Management of infertility. Br Med J. 2002;325(7354): 28-32. [acceso 27-4-14]. Disponible en:\u00a0<a href=\"http:\/\/www.ncbi.nlm.nih.gov\/pmc\/articles\/PMC1123548\/\">http:\/\/www.ncbi.nlm.nih.gov\/pmc\/articles\/PMC1123548\/<\/a>.<\/li><li>ESHRE Capri Workshop Group. Optimal use of infertility diagnostic tests and treatments. Hum Reprod. 2000;15:723-732.<\/li><li>National Institute for Clinical Excellence. Fertility: assessment and treatment for people with fertility problems. February, 2013 [acceso 5-11-13]. Disponible en:\u00a0<a href=\"http:\/\/guidance.nice.org.uk\/CG156\">http:\/\/guidance.nice.org.uk\/CG156<\/a>.<\/li><li>Remoh\u00ed J, Romero JL, Pellicer A, Sim\u00f3n C, Navarro J. Manual pr\u00e1ctico de esterilidad y reproducci\u00f3n humana. 2\u00aa ed. Madrid: McGraw-Hill Interamericana; 2002.<\/li><li>Thessaloniki ESHRE\/ASRM-Sponsored PCOS Consensus Workshop Group. Consensus on infertility treatment related to polycystic ovary syndrome. Hum Reprod. 2008;23:462-77. Erratas en: Hum Reprod. 2008;23:1474. [acceso 27-4-14]. Disponible en: <a href=\"http:\/\/humrep.oxfordjournals.org\/content\/23\/3\/462.long\">http:\/\/humrep.oxfordjournals.org\/content\/23\/3\/462.long<\/a>.<\/li><\/ul><div class=\"clear\">\u00a0<\/div>\t\t\t\t\t\t\t\t<\/div>\n\t\t\t\t<\/div>\n\t\t\t\t\t<\/div>\n\t\t<\/div>\n\t\t\t\t\t<\/div>\n\t\t<\/section>\n\t\t\t\t<section class=\"elementor-section elementor-top-section elementor-element elementor-element-89eed5c elementor-section-boxed elementor-section-height-default elementor-section-height-default\" data-id=\"89eed5c\" data-element_type=\"section\">\n\t\t\t\t\t\t<div class=\"elementor-container elementor-column-gap-default\">\n\t\t\t\t\t<div class=\"elementor-column elementor-col-100 elementor-top-column elementor-element elementor-element-677ef5f\" data-id=\"677ef5f\" data-element_type=\"column\">\n\t\t\t<div class=\"elementor-widget-wrap elementor-element-populated\">\n\t\t\t\t\t\t<div class=\"elementor-element elementor-element-e56f1a1 elementor-widget elementor-widget-shortcode\" data-id=\"e56f1a1\" data-element_type=\"widget\" data-widget_type=\"shortcode.default\">\n\t\t\t\t<div class=\"elementor-widget-container\">\n\t\t\t\t\t\t\t<div class=\"elementor-shortcode\">[ssba-buttons]<\/div>\n\t\t\t\t\t\t<\/div>\n\t\t\t\t<\/div>\n\t\t\t\t\t<\/div>\n\t\t<\/div>\n\t\t\t\t\t<\/div>\n\t\t<\/section>\n\t\t\t\t<\/div>\n\t\t","protected":false},"excerpt":{"rendered":"<p>TRATAMIENTOS DE LA ESTERILIDAD: una visi\u00f3n general El manejo de la esterilidad se hace de forma escalonada, empezando por los m\u00e9todos m\u00e1s sencillos y acabando con los m\u00e1s sofisticados. Si consideramos en conjunto las parejas est\u00e9riles o subf\u00e9rtiles sometidas a terapia, se las puede comparar con un embudo en el que hay muchas parejas al [&hellip;]<\/p>\n","protected":false},"author":12,"featured_media":0,"parent":15317,"menu_order":0,"comment_status":"open","ping_status":"open","template":"elementor_header_footer","meta":{"footnotes":""},"class_list":["post-8901","page","type-page","status-publish","hentry"],"yoast_head":"<!-- This site is optimized with the Yoast SEO plugin v25.0 - https:\/\/yoast.com\/wordpress\/plugins\/seo\/ -->\n<title>TRATAMIENTOS DE LA ESTERILIDAD: una visi\u00f3n general - DRA. GIBERT<\/title>\n<meta name=\"robots\" content=\"index, follow, max-snippet:-1, max-image-preview:large, max-video-preview:-1\" \/>\n<link rel=\"canonical\" href=\"https:\/\/www.doctoragibert.com\/es\/pacientes\/reproduccion\/tratamientos-de-la-esterilidiad\/\" \/>\n<meta property=\"og:locale\" content=\"es_ES\" \/>\n<meta property=\"og:type\" content=\"article\" \/>\n<meta property=\"og:title\" content=\"TRATAMIENTOS DE LA ESTERILIDAD: una visi\u00f3n general - DRA. GIBERT\" \/>\n<meta property=\"og:description\" content=\"TRATAMIENTOS DE LA ESTERILIDAD: una visi\u00f3n general El manejo de la esterilidad se hace de forma escalonada, empezando por los m\u00e9todos m\u00e1s sencillos y acabando con los m\u00e1s sofisticados. Si consideramos en conjunto las parejas est\u00e9riles o subf\u00e9rtiles sometidas a terapia, se las puede comparar con un embudo en el que hay muchas parejas al [&hellip;]\" \/>\n<meta property=\"og:url\" content=\"https:\/\/www.doctoragibert.com\/es\/pacientes\/reproduccion\/tratamientos-de-la-esterilidiad\/\" \/>\n<meta property=\"og:site_name\" content=\"DRA. GIBERT\" \/>\n<meta property=\"article:publisher\" content=\"https:\/\/www.facebook.com\/doctoragibert\" \/>\n<meta property=\"article:modified_time\" content=\"2021-08-11T10:53:13+00:00\" \/>\n<meta property=\"og:image\" content=\"https:\/\/www.doctoragibert.com\/wp-content\/uploads\/2015\/09\/c308c4947acb14ec0ddb26f8c477a2dc.jpg\" \/>\n<meta name=\"twitter:label1\" content=\"Tiempo de lectura\" \/>\n\t<meta name=\"twitter:data1\" content=\"6 minutos\" \/>\n<script type=\"application\/ld+json\" class=\"yoast-schema-graph\">{\"@context\":\"https:\/\/schema.org\",\"@graph\":[{\"@type\":\"WebPage\",\"@id\":\"https:\/\/www.doctoragibert.com\/es\/pacientes\/reproduccion\/tratamientos-de-la-esterilidiad\/\",\"url\":\"https:\/\/www.doctoragibert.com\/es\/pacientes\/reproduccion\/tratamientos-de-la-esterilidiad\/\",\"name\":\"TRATAMIENTOS DE LA ESTERILIDAD: una visi\u00f3n general - DRA. GIBERT\",\"isPartOf\":{\"@id\":\"https:\/\/www.doctoragibert.com\/es\/#website\"},\"primaryImageOfPage\":{\"@id\":\"https:\/\/www.doctoragibert.com\/es\/pacientes\/reproduccion\/tratamientos-de-la-esterilidiad\/#primaryimage\"},\"image\":{\"@id\":\"https:\/\/www.doctoragibert.com\/es\/pacientes\/reproduccion\/tratamientos-de-la-esterilidiad\/#primaryimage\"},\"thumbnailUrl\":\"https:\/\/www.doctoragibert.com\/wp-content\/uploads\/2015\/09\/c308c4947acb14ec0ddb26f8c477a2dc.jpg\",\"datePublished\":\"2015-09-29T10:04:50+00:00\",\"dateModified\":\"2021-08-11T10:53:13+00:00\",\"breadcrumb\":{\"@id\":\"https:\/\/www.doctoragibert.com\/es\/pacientes\/reproduccion\/tratamientos-de-la-esterilidiad\/#breadcrumb\"},\"inLanguage\":\"es\",\"potentialAction\":[{\"@type\":\"ReadAction\",\"target\":[\"https:\/\/www.doctoragibert.com\/es\/pacientes\/reproduccion\/tratamientos-de-la-esterilidiad\/\"]}]},{\"@type\":\"ImageObject\",\"inLanguage\":\"es\",\"@id\":\"https:\/\/www.doctoragibert.com\/es\/pacientes\/reproduccion\/tratamientos-de-la-esterilidiad\/#primaryimage\",\"url\":\"https:\/\/www.doctoragibert.com\/wp-content\/uploads\/2015\/09\/c308c4947acb14ec0ddb26f8c477a2dc.jpg\",\"contentUrl\":\"https:\/\/www.doctoragibert.com\/wp-content\/uploads\/2015\/09\/c308c4947acb14ec0ddb26f8c477a2dc.jpg\"},{\"@type\":\"BreadcrumbList\",\"@id\":\"https:\/\/www.doctoragibert.com\/es\/pacientes\/reproduccion\/tratamientos-de-la-esterilidiad\/#breadcrumb\",\"itemListElement\":[{\"@type\":\"ListItem\",\"position\":1,\"name\":\"PACIENTES\",\"item\":\"https:\/\/www.doctoragibert.com\/es\/pacientes\/\"},{\"@type\":\"ListItem\",\"position\":2,\"name\":\"REPRODUCCI\u00d3N\",\"item\":\"https:\/\/www.doctoragibert.com\/es\/pacientes\/reproduccion\/\"},{\"@type\":\"ListItem\",\"position\":3,\"name\":\"TRATAMIENTOS DE LA ESTERILIDAD: una visi\u00f3n general\"}]},{\"@type\":\"WebSite\",\"@id\":\"https:\/\/www.doctoragibert.com\/es\/#website\",\"url\":\"https:\/\/www.doctoragibert.com\/es\/\",\"name\":\"DRA. GIBERT\",\"description\":\"Ginecologia i obstetricia\",\"potentialAction\":[{\"@type\":\"SearchAction\",\"target\":{\"@type\":\"EntryPoint\",\"urlTemplate\":\"https:\/\/www.doctoragibert.com\/es\/?s={search_term_string}\"},\"query-input\":{\"@type\":\"PropertyValueSpecification\",\"valueRequired\":true,\"valueName\":\"search_term_string\"}}],\"inLanguage\":\"es\"}]}<\/script>\n<!-- \/ Yoast SEO plugin. -->","yoast_head_json":{"title":"TRATAMIENTOS DE LA ESTERILIDAD: una visi\u00f3n general - DRA. GIBERT","robots":{"index":"index","follow":"follow","max-snippet":"max-snippet:-1","max-image-preview":"max-image-preview:large","max-video-preview":"max-video-preview:-1"},"canonical":"https:\/\/www.doctoragibert.com\/es\/pacientes\/reproduccion\/tratamientos-de-la-esterilidiad\/","og_locale":"es_ES","og_type":"article","og_title":"TRATAMIENTOS DE LA ESTERILIDAD: una visi\u00f3n general - DRA. GIBERT","og_description":"TRATAMIENTOS DE LA ESTERILIDAD: una visi\u00f3n general El manejo de la esterilidad se hace de forma escalonada, empezando por los m\u00e9todos m\u00e1s sencillos y acabando con los m\u00e1s sofisticados. Si consideramos en conjunto las parejas est\u00e9riles o subf\u00e9rtiles sometidas a terapia, se las puede comparar con un embudo en el que hay muchas parejas al [&hellip;]","og_url":"https:\/\/www.doctoragibert.com\/es\/pacientes\/reproduccion\/tratamientos-de-la-esterilidiad\/","og_site_name":"DRA. GIBERT","article_publisher":"https:\/\/www.facebook.com\/doctoragibert","article_modified_time":"2021-08-11T10:53:13+00:00","og_image":[{"url":"https:\/\/www.doctoragibert.com\/wp-content\/uploads\/2015\/09\/c308c4947acb14ec0ddb26f8c477a2dc.jpg","type":"","width":"","height":""}],"twitter_misc":{"Tiempo de lectura":"6 minutos"},"schema":{"@context":"https:\/\/schema.org","@graph":[{"@type":"WebPage","@id":"https:\/\/www.doctoragibert.com\/es\/pacientes\/reproduccion\/tratamientos-de-la-esterilidiad\/","url":"https:\/\/www.doctoragibert.com\/es\/pacientes\/reproduccion\/tratamientos-de-la-esterilidiad\/","name":"TRATAMIENTOS DE LA ESTERILIDAD: una visi\u00f3n general - DRA. GIBERT","isPartOf":{"@id":"https:\/\/www.doctoragibert.com\/es\/#website"},"primaryImageOfPage":{"@id":"https:\/\/www.doctoragibert.com\/es\/pacientes\/reproduccion\/tratamientos-de-la-esterilidiad\/#primaryimage"},"image":{"@id":"https:\/\/www.doctoragibert.com\/es\/pacientes\/reproduccion\/tratamientos-de-la-esterilidiad\/#primaryimage"},"thumbnailUrl":"https:\/\/www.doctoragibert.com\/wp-content\/uploads\/2015\/09\/c308c4947acb14ec0ddb26f8c477a2dc.jpg","datePublished":"2015-09-29T10:04:50+00:00","dateModified":"2021-08-11T10:53:13+00:00","breadcrumb":{"@id":"https:\/\/www.doctoragibert.com\/es\/pacientes\/reproduccion\/tratamientos-de-la-esterilidiad\/#breadcrumb"},"inLanguage":"es","potentialAction":[{"@type":"ReadAction","target":["https:\/\/www.doctoragibert.com\/es\/pacientes\/reproduccion\/tratamientos-de-la-esterilidiad\/"]}]},{"@type":"ImageObject","inLanguage":"es","@id":"https:\/\/www.doctoragibert.com\/es\/pacientes\/reproduccion\/tratamientos-de-la-esterilidiad\/#primaryimage","url":"https:\/\/www.doctoragibert.com\/wp-content\/uploads\/2015\/09\/c308c4947acb14ec0ddb26f8c477a2dc.jpg","contentUrl":"https:\/\/www.doctoragibert.com\/wp-content\/uploads\/2015\/09\/c308c4947acb14ec0ddb26f8c477a2dc.jpg"},{"@type":"BreadcrumbList","@id":"https:\/\/www.doctoragibert.com\/es\/pacientes\/reproduccion\/tratamientos-de-la-esterilidiad\/#breadcrumb","itemListElement":[{"@type":"ListItem","position":1,"name":"PACIENTES","item":"https:\/\/www.doctoragibert.com\/es\/pacientes\/"},{"@type":"ListItem","position":2,"name":"REPRODUCCI\u00d3N","item":"https:\/\/www.doctoragibert.com\/es\/pacientes\/reproduccion\/"},{"@type":"ListItem","position":3,"name":"TRATAMIENTOS DE LA ESTERILIDAD: una visi\u00f3n general"}]},{"@type":"WebSite","@id":"https:\/\/www.doctoragibert.com\/es\/#website","url":"https:\/\/www.doctoragibert.com\/es\/","name":"DRA. GIBERT","description":"Ginecologia i obstetricia","potentialAction":[{"@type":"SearchAction","target":{"@type":"EntryPoint","urlTemplate":"https:\/\/www.doctoragibert.com\/es\/?s={search_term_string}"},"query-input":{"@type":"PropertyValueSpecification","valueRequired":true,"valueName":"search_term_string"}}],"inLanguage":"es"}]}},"_links":{"self":[{"href":"https:\/\/www.doctoragibert.com\/es\/wp-json\/wp\/v2\/pages\/8901","targetHints":{"allow":["GET"]}}],"collection":[{"href":"https:\/\/www.doctoragibert.com\/es\/wp-json\/wp\/v2\/pages"}],"about":[{"href":"https:\/\/www.doctoragibert.com\/es\/wp-json\/wp\/v2\/types\/page"}],"author":[{"embeddable":true,"href":"https:\/\/www.doctoragibert.com\/es\/wp-json\/wp\/v2\/users\/12"}],"replies":[{"embeddable":true,"href":"https:\/\/www.doctoragibert.com\/es\/wp-json\/wp\/v2\/comments?post=8901"}],"version-history":[{"count":5,"href":"https:\/\/www.doctoragibert.com\/es\/wp-json\/wp\/v2\/pages\/8901\/revisions"}],"predecessor-version":[{"id":16089,"href":"https:\/\/www.doctoragibert.com\/es\/wp-json\/wp\/v2\/pages\/8901\/revisions\/16089"}],"up":[{"embeddable":true,"href":"https:\/\/www.doctoragibert.com\/es\/wp-json\/wp\/v2\/pages\/15317"}],"wp:attachment":[{"href":"https:\/\/www.doctoragibert.com\/es\/wp-json\/wp\/v2\/media?parent=8901"}],"curies":[{"name":"wp","href":"https:\/\/api.w.org\/{rel}","templated":true}]}}