{"id":8962,"date":"2015-09-29T10:46:49","date_gmt":"2015-09-29T10:46:49","guid":{"rendered":"http:\/\/gibert.uxiodigital.com\/cancer-ginecologic\/despres-del-cancer-controls-medics-i-motius-de-consulta\/"},"modified":"2021-08-27T11:06:19","modified_gmt":"2021-08-27T11:06:19","slug":"despues-del-cancer-controles-medicos-y-motivos-de-consulta","status":"publish","type":"page","link":"https:\/\/www.doctoragibert.com\/es\/pacientes\/cancer-ginecologico\/despues-del-cancer-controles-medicos-y-motivos-de-consulta\/","title":{"rendered":"DESPU\u00c9S DEL C\u00c1NCER: controles m\u00e9dicos y motivos de consulta"},"content":{"rendered":"\t\t<div data-elementor-type=\"wp-page\" data-elementor-id=\"8962\" class=\"elementor elementor-8962 elementor-8956\">\n\t\t\t\t\t\t<section class=\"elementor-section elementor-top-section elementor-element elementor-element-24baa36f elementor-section-boxed elementor-section-height-default elementor-section-height-default\" data-id=\"24baa36f\" data-element_type=\"section\" data-settings=\"{&quot;background_background&quot;:&quot;classic&quot;}\">\n\t\t\t\t\t\t<div class=\"elementor-container elementor-column-gap-default\">\n\t\t\t\t\t<div class=\"elementor-column elementor-col-100 elementor-top-column elementor-element elementor-element-10ecc317\" data-id=\"10ecc317\" data-element_type=\"column\">\n\t\t\t<div class=\"elementor-widget-wrap elementor-element-populated\">\n\t\t\t\t\t\t<div class=\"elementor-element elementor-element-5b8e788d elementor-widget elementor-widget-spacer\" data-id=\"5b8e788d\" data-element_type=\"widget\" data-widget_type=\"spacer.default\">\n\t\t\t\t<div class=\"elementor-widget-container\">\n\t\t\t\t\t\t\t<div class=\"elementor-spacer\">\n\t\t\t<div class=\"elementor-spacer-inner\"><\/div>\n\t\t<\/div>\n\t\t\t\t\t\t<\/div>\n\t\t\t\t<\/div>\n\t\t\t\t<div class=\"elementor-element elementor-element-263098d3 elementor-widget elementor-widget-heading\" data-id=\"263098d3\" data-element_type=\"widget\" data-widget_type=\"heading.default\">\n\t\t\t\t<div class=\"elementor-widget-container\">\n\t\t\t\t\t<h2 class=\"elementor-heading-title elementor-size-default\">DESPU\u00c9S DEL C\u00c1NCER: controles m\u00e9dicos y motivos de consulta<\/h2>\t\t\t\t<\/div>\n\t\t\t\t<\/div>\n\t\t\t\t<div class=\"elementor-element elementor-element-28614bde elementor-widget-divider--view-line elementor-widget elementor-widget-divider\" data-id=\"28614bde\" data-element_type=\"widget\" data-widget_type=\"divider.default\">\n\t\t\t\t<div class=\"elementor-widget-container\">\n\t\t\t\t\t\t\t<div class=\"elementor-divider\">\n\t\t\t<span class=\"elementor-divider-separator\">\n\t\t\t\t\t\t<\/span>\n\t\t<\/div>\n\t\t\t\t\t\t<\/div>\n\t\t\t\t<\/div>\n\t\t\t\t<div class=\"elementor-element elementor-element-3b46760c migasdepan elementor-widget elementor-widget-wp-widget-bcn_widget\" data-id=\"3b46760c\" data-element_type=\"widget\" data-widget_type=\"wp-widget-bcn_widget.default\">\n\t\t\t\t<div class=\"elementor-widget-container\">\n\t\t\t\t\t<div class=\"breadcrumbs\" vocab=\"https:\/\/schema.org\/\" typeof=\"BreadcrumbList\"><!-- Breadcrumb NavXT 7.4.1 -->\n<span property=\"itemListElement\" typeof=\"ListItem\"><a property=\"item\" typeof=\"WebPage\" title=\"Ir a DRA. GIBERT.\" href=\"https:\/\/www.doctoragibert.com\/es\/\" class=\"home\" aria-current=\"page\"><span property=\"name\">DRA. GIBERT<\/span><\/a><meta property=\"position\" content=\"1\"><\/span><\/div>\t\t\t\t<\/div>\n\t\t\t\t<\/div>\n\t\t\t\t<div class=\"elementor-element elementor-element-20eab84d elementor-widget elementor-widget-spacer\" data-id=\"20eab84d\" data-element_type=\"widget\" data-widget_type=\"spacer.default\">\n\t\t\t\t<div class=\"elementor-widget-container\">\n\t\t\t\t\t\t\t<div class=\"elementor-spacer\">\n\t\t\t<div class=\"elementor-spacer-inner\"><\/div>\n\t\t<\/div>\n\t\t\t\t\t\t<\/div>\n\t\t\t\t<\/div>\n\t\t\t\t\t<\/div>\n\t\t<\/div>\n\t\t\t\t\t<\/div>\n\t\t<\/section>\n\t\t\t\t<section class=\"elementor-section elementor-top-section elementor-element elementor-element-2463b884 elementor-section-boxed elementor-section-height-default elementor-section-height-default\" data-id=\"2463b884\" data-element_type=\"section\">\n\t\t\t\t\t\t<div class=\"elementor-container elementor-column-gap-default\">\n\t\t\t\t\t<div class=\"elementor-column elementor-col-100 elementor-top-column elementor-element elementor-element-645bfe9b\" data-id=\"645bfe9b\" data-element_type=\"column\">\n\t\t\t<div class=\"elementor-widget-wrap elementor-element-populated\">\n\t\t\t\t\t\t<div class=\"elementor-element elementor-element-3cef5665 elementor-widget elementor-widget-text-editor\" data-id=\"3cef5665\" data-element_type=\"widget\" data-widget_type=\"text-editor.default\">\n\t\t\t\t<div class=\"elementor-widget-container\">\n\t\t\t\t\t\t\t\t\t<p><img fetchpriority=\"high\" decoding=\"async\" class=\"alignleft size-full wp-image-8959\" src=\"https:\/\/www.doctoragibert.com\/wp-content\/uploads\/2015\/09\/2a44dde2e6698f3d5313f625c5b46ba7.png\" alt=\"2a44dde2e6698f3d5313f625c5b46ba7\" width=\"250\" height=\"265\" \/><\/p><p>La batalla ha sido dura: una operaci\u00f3n en muchos casos, en otros han hecho falta quimioterapia y\/o radioterapia, pero al fin todo acab\u00f3, es el momento de celebrarlo y de recuperarse de los efectos secundarios de los tratamientos. En general, tendremos que prepararnos para afrontar algunos cambios irreversibles en nuestro cuerpo: alguna cicatriz, zonas de m\u00e1s pigmentaci\u00f3n de la piel asociadas a la radioterapia, cambios en nuestras funciones urinaria, intestinal o sexual\u2026 La adaptaci\u00f3n puede ser algo ardua durante los primeros meses, pero con la ayuda de familiares, amigos y profesionales, poco a poco saldremos a flote y volveremos a la vida normal, eso s\u00ed, valorando m\u00e1s el d\u00eda a d\u00eda y siendo conscientes de la \u201csegunda oportunidad\u201d que la vida nos ha brindado.<\/p><p>A los pocos meses de concluidos los tratamientos, comenzaremos con los controles que incluyen sobre todo visitas a los diferentes especialistas onc\u00f3logos que nos han llevado y alguna prueba de imagen. Por suerte, <b>la tendencia en los \u00faltimos a\u00f1os es a simplificar estos controles, reduciendo su frecuencia y el recurso a exploraciones complementarias<\/b>.<\/p><p>El <b>mayor riesgo de reca\u00edda<\/b> es, para todos los c\u00e1nceres, m\u00e1s alto <b>durante los 2-3 primeros a\u00f1os<\/b>, y \u00e9ste es el motivo por el que las visitas se programan m\u00e1s a menudo durante este per\u00edodo y se espacian m\u00e1s tarde.<\/p><p>Si ha sufrido un c\u00e1ncer ginecol\u00f3gico (\u00fatero, vagina, ovarios o vulva),\u00a0<b>debe contactar con el m\u00e9dico de cabecera si presenta uno de los siguientes s\u00edntomas o signos<\/b>: dolor (abdominal, p\u00e9lvico, cadera o espalda), distensi\u00f3n abdominal, sangrado vaginal (tambi\u00e9n rectal o urinario), un bulto en las regiones inguinales, p\u00e9rdida de peso injustificada, n\u00e1useas y\/o v\u00f3mitos, tos y\/o fatiga, sue\u00f1o excesivo y\/o cansancio, hinchaz\u00f3n abdominal y de extremidades inferiores, cambios en su sensibilidad o en su funci\u00f3n motora. Si ha superado un c\u00e1ncer de mama, adem\u00e1s, debe consultar si nota un aumento de volumen en el pecho (operado o no) o la aparici\u00f3n de cualquier bulto en axilas o en las zonas cercanas al cuello. Recuerde que <b>el m\u00e9dico de cabecera es el de m\u00e1s f\u00e1cil acceso y el que mejor la puede ayudar<\/b>, ya que puede manejar muchos problemas de salud sin que usted tenga que recurrir al Hospital o a la Cl\u00ednica, lo que es mucho m\u00e1s c\u00f3modo y psicol\u00f3gicamente menos estresante tanto para la paciente como para sus familiares.<\/p><p>Aun as\u00ed, los especialistas onc\u00f3logos (m\u00e9dicos, radioterapeutas y ginec\u00f3logos) la ir\u00e1n citando para hacerle <b>revisiones rutinarias, la frecuencia de las cuales suele ser trimestral o semestral durante los dos primeros a\u00f1os y semestral, o sobre todo anual, a partir del tercer a\u00f1o<\/b>. Cada vez m\u00e1s pacientes, una vez alcanzado el quinto a\u00f1o despu\u00e9s del \u00faltimo tratamiento oncol\u00f3gico, son dados de alta de las consultas de Oncolog\u00eda y se hacen los controles habituales que corresponden a cualquier persona, haya sufrido o no c\u00e1ncer. En cuanto a las mujeres que han sufrido un c\u00e1ncer de mama, se les recomienda una mamograf\u00eda anual hasta que alcance la octava d\u00e9cada de su vida. El momento de detener las mamograf\u00edas anuales se decide de acuerdo con el estado general de la paciente y la opini\u00f3n de la mujer, aun con todo, la exploraci\u00f3n mamaria anual por parte del m\u00e9dico de referencia es un acto sanitario sencillo, poco molesto y de alto\u00a0rendimiento.<\/p><p><b>Fuentes\u00a0de la informaci\u00f3n:<\/b><\/p><ul><li>Lajer H, Jensen MB, Kilsmark J, Alb\u00e6k J, Svane D, Mirza MR, Geertsen PF, Reerman D, Hansen K, Milter MC, Mogensen O. The value of gynecologic cancer follow-up: evidence-based ignorance? Int J Gynecol Cancer. 2010;20:1307-20.<\/li><li>Oncogu\u00eda de Mama. Actualizaci\u00f3n 2008. Gu\u00edas de pr\u00e1ctica cl\u00ednica en c\u00e1ncer de Catalu\u00f1a. [acceso 31-5-15]. Disponible en:\u00a0<a href=\"http:\/\/www.guiasalud.es\/GPC\/GPC_497_oncog_mama_2008_esp.pdf\" target=\"_blank\" rel=\"noopener\">http:\/\/www.guiasalud.es\/GPC\/GPC_497_oncog_mama_2008_esp.pdf<\/a>.<\/li><li>Oncogu\u00eda SEGO: C\u00e1ncer de Cuello Uterino 2013. Gu\u00edas de pr\u00e1ctica cl\u00ednica en c\u00e1ncer ginecol\u00f3gico y mamario. Publicaciones SEGO, Octubre 2013. [acceso 31-5-15]. Disponible en:\u00a0<a href=\"http:\/\/www.sego.es\/Content\/pdf\/Oncoguias\/Cervix_2013.pdf\" target=\"_blank\" rel=\"noopener\">http:\/\/www.sego.es\/Content\/pdf\/Oncoguias\/Cervix_2013.pdf<\/a>.<\/li><li>Oncogu\u00eda SEGO: C\u00e1ncer de Endometrio 2010. Gu\u00edas de pr\u00e1ctica cl\u00ednica en c\u00e1ncer ginecol\u00f3gico y mamario. Publicaciones SEGO, Octubre 2010. [acceso 31-5-15]. Disponible en: <a href=\"http:\/\/www.sego.es\/Content\/pdf\/Endometrio_alta.pdf\" target=\"_blank\" rel=\"noopener\">http:\/\/www.sego.es\/Content\/pdf\/Endometrio_alta.pdf<\/a>.<\/li><li>Oncogu\u00eda SEGO: Cancer epitelial de ovario, trompa y peritoneo 2014. Gu\u00edas de pr\u00e1ctica cl\u00ednica en c\u00e1ncer ginecol\u00f3gico y mamario. Publicaciones SEGO, Octubre 2014.\u201d [acceso 31-5-15]. Disponible en: <a href=\"http:\/\/www.sego.es\/Content\/pdf\/oncoguias\/Ovario_2014.pdf\" target=\"_blank\" rel=\"noopener\">http:\/\/www.sego.es\/Content\/pdf\/oncoguias\/Ovario_2014.pdf<\/a>.<\/li><li>Oncogu\u00eda SEGO: C\u00e1ncer Escamoso Invasor de Vulva 2010. Gu\u00edas de pr\u00e1ctica cl\u00ednica en c\u00e1ncer ginecol\u00f3gico y mamario. Publicaciones SEGO, Octubre 2010. [acceso 31-5-15]. Disponible en: <a href=\"http:\/\/www.sego.es\/Content\/pdf\/Vulva-alta.pdf\" target=\"_blank\" rel=\"noopener\">http:\/\/www.sego.es\/Content\/pdf\/Vulva-alta.pdf<\/a>.<\/li><li>Salani R, Backes FJ, Fung MF, Holschneider CH, Parker LP, Bristow RE, Goff BA. Posttreatment surveillance and diagnosis of recurrence in women with gynecologic malignancies: Society of Gynecologic Oncologists recommendations. Am J Obstet Gynecol. 2011;204:466-78.<\/li><li>Vistad I, Moy BW, Salvesen HB, Liavaag AH. Follow-up routines in gynecological cancer \u2013 time for a change? Acta Obstet Gynecol Scand. 2011;90:707-18.<\/li><\/ul><div class=\"clear\">\u00a0<\/div>\t\t\t\t\t\t\t\t<\/div>\n\t\t\t\t<\/div>\n\t\t\t\t\t<\/div>\n\t\t<\/div>\n\t\t\t\t\t<\/div>\n\t\t<\/section>\n\t\t\t\t<section class=\"elementor-section elementor-top-section elementor-element elementor-element-371b427 elementor-section-boxed elementor-section-height-default elementor-section-height-default\" data-id=\"371b427\" data-element_type=\"section\">\n\t\t\t\t\t\t<div class=\"elementor-container elementor-column-gap-default\">\n\t\t\t\t\t<div class=\"elementor-column elementor-col-100 elementor-top-column elementor-element elementor-element-f9c02ee\" data-id=\"f9c02ee\" data-element_type=\"column\">\n\t\t\t<div class=\"elementor-widget-wrap elementor-element-populated\">\n\t\t\t\t\t\t<div class=\"elementor-element elementor-element-40b54d1 elementor-widget elementor-widget-shortcode\" data-id=\"40b54d1\" data-element_type=\"widget\" data-widget_type=\"shortcode.default\">\n\t\t\t\t<div class=\"elementor-widget-container\">\n\t\t\t\t\t\t\t<div class=\"elementor-shortcode\">[ssba-buttons]<\/div>\n\t\t\t\t\t\t<\/div>\n\t\t\t\t<\/div>\n\t\t\t\t\t<\/div>\n\t\t<\/div>\n\t\t\t\t\t<\/div>\n\t\t<\/section>\n\t\t\t\t<\/div>\n\t\t","protected":false},"excerpt":{"rendered":"<p>DESPU\u00c9S DEL C\u00c1NCER: controles m\u00e9dicos y motivos de consulta La batalla ha sido dura: una operaci\u00f3n en muchos casos, en otros han hecho falta quimioterapia y\/o radioterapia, pero al fin todo acab\u00f3, es el momento de celebrarlo y de recuperarse de los efectos secundarios de los tratamientos. En general, tendremos que prepararnos para afrontar algunos [&hellip;]<\/p>\n","protected":false},"author":12,"featured_media":0,"parent":15334,"menu_order":0,"comment_status":"open","ping_status":"closed","template":"elementor_header_footer","meta":{"footnotes":""},"class_list":["post-8962","page","type-page","status-publish","hentry"],"yoast_head":"<!-- This site is optimized with the Yoast SEO plugin v25.0 - https:\/\/yoast.com\/wordpress\/plugins\/seo\/ -->\n<title>DESPU\u00c9S DEL C\u00c1NCER: controles m\u00e9dicos y motivos de consulta - DRA. GIBERT<\/title>\n<meta name=\"robots\" content=\"index, follow, max-snippet:-1, max-image-preview:large, max-video-preview:-1\" \/>\n<link rel=\"canonical\" href=\"https:\/\/www.doctoragibert.com\/es\/pacientes\/cancer-ginecologico\/despues-del-cancer-controles-medicos-y-motivos-de-consulta\/\" \/>\n<meta property=\"og:locale\" content=\"es_ES\" \/>\n<meta property=\"og:type\" content=\"article\" \/>\n<meta property=\"og:title\" content=\"DESPU\u00c9S DEL C\u00c1NCER: controles m\u00e9dicos y motivos de consulta - DRA. GIBERT\" \/>\n<meta property=\"og:description\" content=\"DESPU\u00c9S DEL C\u00c1NCER: controles m\u00e9dicos y motivos de consulta La batalla ha sido dura: una operaci\u00f3n en muchos casos, en otros han hecho falta quimioterapia y\/o radioterapia, pero al fin todo acab\u00f3, es el momento de celebrarlo y de recuperarse de los efectos secundarios de los tratamientos. En general, tendremos que prepararnos para afrontar algunos [&hellip;]\" \/>\n<meta property=\"og:url\" content=\"https:\/\/www.doctoragibert.com\/es\/pacientes\/cancer-ginecologico\/despues-del-cancer-controles-medicos-y-motivos-de-consulta\/\" \/>\n<meta property=\"og:site_name\" content=\"DRA. GIBERT\" \/>\n<meta property=\"article:publisher\" content=\"https:\/\/www.facebook.com\/doctoragibert\" \/>\n<meta property=\"article:modified_time\" content=\"2021-08-27T11:06:19+00:00\" \/>\n<meta property=\"og:image\" content=\"https:\/\/www.doctoragibert.com\/wp-content\/uploads\/2015\/09\/2a44dde2e6698f3d5313f625c5b46ba7.png\" \/>\n<meta name=\"twitter:label1\" content=\"Tiempo de lectura\" \/>\n\t<meta name=\"twitter:data1\" content=\"5 minutos\" \/>\n<script type=\"application\/ld+json\" class=\"yoast-schema-graph\">{\"@context\":\"https:\/\/schema.org\",\"@graph\":[{\"@type\":\"WebPage\",\"@id\":\"https:\/\/www.doctoragibert.com\/es\/pacientes\/cancer-ginecologico\/despues-del-cancer-controles-medicos-y-motivos-de-consulta\/\",\"url\":\"https:\/\/www.doctoragibert.com\/es\/pacientes\/cancer-ginecologico\/despues-del-cancer-controles-medicos-y-motivos-de-consulta\/\",\"name\":\"DESPU\u00c9S DEL C\u00c1NCER: controles m\u00e9dicos y motivos de consulta - DRA. GIBERT\",\"isPartOf\":{\"@id\":\"https:\/\/www.doctoragibert.com\/es\/#website\"},\"primaryImageOfPage\":{\"@id\":\"https:\/\/www.doctoragibert.com\/es\/pacientes\/cancer-ginecologico\/despues-del-cancer-controles-medicos-y-motivos-de-consulta\/#primaryimage\"},\"image\":{\"@id\":\"https:\/\/www.doctoragibert.com\/es\/pacientes\/cancer-ginecologico\/despues-del-cancer-controles-medicos-y-motivos-de-consulta\/#primaryimage\"},\"thumbnailUrl\":\"https:\/\/www.doctoragibert.com\/wp-content\/uploads\/2015\/09\/2a44dde2e6698f3d5313f625c5b46ba7.png\",\"datePublished\":\"2015-09-29T10:46:49+00:00\",\"dateModified\":\"2021-08-27T11:06:19+00:00\",\"breadcrumb\":{\"@id\":\"https:\/\/www.doctoragibert.com\/es\/pacientes\/cancer-ginecologico\/despues-del-cancer-controles-medicos-y-motivos-de-consulta\/#breadcrumb\"},\"inLanguage\":\"es\",\"potentialAction\":[{\"@type\":\"ReadAction\",\"target\":[\"https:\/\/www.doctoragibert.com\/es\/pacientes\/cancer-ginecologico\/despues-del-cancer-controles-medicos-y-motivos-de-consulta\/\"]}]},{\"@type\":\"ImageObject\",\"inLanguage\":\"es\",\"@id\":\"https:\/\/www.doctoragibert.com\/es\/pacientes\/cancer-ginecologico\/despues-del-cancer-controles-medicos-y-motivos-de-consulta\/#primaryimage\",\"url\":\"https:\/\/www.doctoragibert.com\/wp-content\/uploads\/2015\/09\/2a44dde2e6698f3d5313f625c5b46ba7.png\",\"contentUrl\":\"https:\/\/www.doctoragibert.com\/wp-content\/uploads\/2015\/09\/2a44dde2e6698f3d5313f625c5b46ba7.png\"},{\"@type\":\"BreadcrumbList\",\"@id\":\"https:\/\/www.doctoragibert.com\/es\/pacientes\/cancer-ginecologico\/despues-del-cancer-controles-medicos-y-motivos-de-consulta\/#breadcrumb\",\"itemListElement\":[{\"@type\":\"ListItem\",\"position\":1,\"name\":\"PACIENTES\",\"item\":\"https:\/\/www.doctoragibert.com\/es\/pacientes\/\"},{\"@type\":\"ListItem\",\"position\":2,\"name\":\"C\u00c1NCER GINECOL\u00d3GICO\",\"item\":\"https:\/\/www.doctoragibert.com\/es\/pacientes\/cancer-ginecologico\/\"},{\"@type\":\"ListItem\",\"position\":3,\"name\":\"DESPU\u00c9S DEL C\u00c1NCER: controles m\u00e9dicos y motivos de consulta\"}]},{\"@type\":\"WebSite\",\"@id\":\"https:\/\/www.doctoragibert.com\/es\/#website\",\"url\":\"https:\/\/www.doctoragibert.com\/es\/\",\"name\":\"DRA. GIBERT\",\"description\":\"Ginecologia i obstetricia\",\"potentialAction\":[{\"@type\":\"SearchAction\",\"target\":{\"@type\":\"EntryPoint\",\"urlTemplate\":\"https:\/\/www.doctoragibert.com\/es\/?s={search_term_string}\"},\"query-input\":{\"@type\":\"PropertyValueSpecification\",\"valueRequired\":true,\"valueName\":\"search_term_string\"}}],\"inLanguage\":\"es\"}]}<\/script>\n<!-- \/ Yoast SEO plugin. -->","yoast_head_json":{"title":"DESPU\u00c9S DEL C\u00c1NCER: controles m\u00e9dicos y motivos de consulta - DRA. GIBERT","robots":{"index":"index","follow":"follow","max-snippet":"max-snippet:-1","max-image-preview":"max-image-preview:large","max-video-preview":"max-video-preview:-1"},"canonical":"https:\/\/www.doctoragibert.com\/es\/pacientes\/cancer-ginecologico\/despues-del-cancer-controles-medicos-y-motivos-de-consulta\/","og_locale":"es_ES","og_type":"article","og_title":"DESPU\u00c9S DEL C\u00c1NCER: controles m\u00e9dicos y motivos de consulta - DRA. GIBERT","og_description":"DESPU\u00c9S DEL C\u00c1NCER: controles m\u00e9dicos y motivos de consulta La batalla ha sido dura: una operaci\u00f3n en muchos casos, en otros han hecho falta quimioterapia y\/o radioterapia, pero al fin todo acab\u00f3, es el momento de celebrarlo y de recuperarse de los efectos secundarios de los tratamientos. En general, tendremos que prepararnos para afrontar algunos [&hellip;]","og_url":"https:\/\/www.doctoragibert.com\/es\/pacientes\/cancer-ginecologico\/despues-del-cancer-controles-medicos-y-motivos-de-consulta\/","og_site_name":"DRA. GIBERT","article_publisher":"https:\/\/www.facebook.com\/doctoragibert","article_modified_time":"2021-08-27T11:06:19+00:00","og_image":[{"url":"https:\/\/www.doctoragibert.com\/wp-content\/uploads\/2015\/09\/2a44dde2e6698f3d5313f625c5b46ba7.png","type":"","width":"","height":""}],"twitter_misc":{"Tiempo de lectura":"5 minutos"},"schema":{"@context":"https:\/\/schema.org","@graph":[{"@type":"WebPage","@id":"https:\/\/www.doctoragibert.com\/es\/pacientes\/cancer-ginecologico\/despues-del-cancer-controles-medicos-y-motivos-de-consulta\/","url":"https:\/\/www.doctoragibert.com\/es\/pacientes\/cancer-ginecologico\/despues-del-cancer-controles-medicos-y-motivos-de-consulta\/","name":"DESPU\u00c9S DEL C\u00c1NCER: controles m\u00e9dicos y motivos de consulta - DRA. GIBERT","isPartOf":{"@id":"https:\/\/www.doctoragibert.com\/es\/#website"},"primaryImageOfPage":{"@id":"https:\/\/www.doctoragibert.com\/es\/pacientes\/cancer-ginecologico\/despues-del-cancer-controles-medicos-y-motivos-de-consulta\/#primaryimage"},"image":{"@id":"https:\/\/www.doctoragibert.com\/es\/pacientes\/cancer-ginecologico\/despues-del-cancer-controles-medicos-y-motivos-de-consulta\/#primaryimage"},"thumbnailUrl":"https:\/\/www.doctoragibert.com\/wp-content\/uploads\/2015\/09\/2a44dde2e6698f3d5313f625c5b46ba7.png","datePublished":"2015-09-29T10:46:49+00:00","dateModified":"2021-08-27T11:06:19+00:00","breadcrumb":{"@id":"https:\/\/www.doctoragibert.com\/es\/pacientes\/cancer-ginecologico\/despues-del-cancer-controles-medicos-y-motivos-de-consulta\/#breadcrumb"},"inLanguage":"es","potentialAction":[{"@type":"ReadAction","target":["https:\/\/www.doctoragibert.com\/es\/pacientes\/cancer-ginecologico\/despues-del-cancer-controles-medicos-y-motivos-de-consulta\/"]}]},{"@type":"ImageObject","inLanguage":"es","@id":"https:\/\/www.doctoragibert.com\/es\/pacientes\/cancer-ginecologico\/despues-del-cancer-controles-medicos-y-motivos-de-consulta\/#primaryimage","url":"https:\/\/www.doctoragibert.com\/wp-content\/uploads\/2015\/09\/2a44dde2e6698f3d5313f625c5b46ba7.png","contentUrl":"https:\/\/www.doctoragibert.com\/wp-content\/uploads\/2015\/09\/2a44dde2e6698f3d5313f625c5b46ba7.png"},{"@type":"BreadcrumbList","@id":"https:\/\/www.doctoragibert.com\/es\/pacientes\/cancer-ginecologico\/despues-del-cancer-controles-medicos-y-motivos-de-consulta\/#breadcrumb","itemListElement":[{"@type":"ListItem","position":1,"name":"PACIENTES","item":"https:\/\/www.doctoragibert.com\/es\/pacientes\/"},{"@type":"ListItem","position":2,"name":"C\u00c1NCER GINECOL\u00d3GICO","item":"https:\/\/www.doctoragibert.com\/es\/pacientes\/cancer-ginecologico\/"},{"@type":"ListItem","position":3,"name":"DESPU\u00c9S DEL C\u00c1NCER: controles m\u00e9dicos y motivos de consulta"}]},{"@type":"WebSite","@id":"https:\/\/www.doctoragibert.com\/es\/#website","url":"https:\/\/www.doctoragibert.com\/es\/","name":"DRA. GIBERT","description":"Ginecologia i obstetricia","potentialAction":[{"@type":"SearchAction","target":{"@type":"EntryPoint","urlTemplate":"https:\/\/www.doctoragibert.com\/es\/?s={search_term_string}"},"query-input":{"@type":"PropertyValueSpecification","valueRequired":true,"valueName":"search_term_string"}}],"inLanguage":"es"}]}},"_links":{"self":[{"href":"https:\/\/www.doctoragibert.com\/es\/wp-json\/wp\/v2\/pages\/8962","targetHints":{"allow":["GET"]}}],"collection":[{"href":"https:\/\/www.doctoragibert.com\/es\/wp-json\/wp\/v2\/pages"}],"about":[{"href":"https:\/\/www.doctoragibert.com\/es\/wp-json\/wp\/v2\/types\/page"}],"author":[{"embeddable":true,"href":"https:\/\/www.doctoragibert.com\/es\/wp-json\/wp\/v2\/users\/12"}],"replies":[{"embeddable":true,"href":"https:\/\/www.doctoragibert.com\/es\/wp-json\/wp\/v2\/comments?post=8962"}],"version-history":[{"count":5,"href":"https:\/\/www.doctoragibert.com\/es\/wp-json\/wp\/v2\/pages\/8962\/revisions"}],"predecessor-version":[{"id":16905,"href":"https:\/\/www.doctoragibert.com\/es\/wp-json\/wp\/v2\/pages\/8962\/revisions\/16905"}],"up":[{"embeddable":true,"href":"https:\/\/www.doctoragibert.com\/es\/wp-json\/wp\/v2\/pages\/15334"}],"wp:attachment":[{"href":"https:\/\/www.doctoragibert.com\/es\/wp-json\/wp\/v2\/media?parent=8962"}],"curies":[{"name":"wp","href":"https:\/\/api.w.org\/{rel}","templated":true}]}}