{"id":9015,"date":"2015-09-29T11:27:02","date_gmt":"2015-09-29T11:27:02","guid":{"rendered":"http:\/\/gibert.uxiodigital.com\/altres\/lactancia-materna-problemes-que-poden-sorgir\/"},"modified":"2021-08-26T12:15:06","modified_gmt":"2021-08-26T12:15:06","slug":"lactancia-materna-problemas-que-pueden-surgir","status":"publish","type":"page","link":"https:\/\/www.doctoragibert.com\/es\/pacientes\/otros\/lactancia-materna-problemas-que-pueden-surgir\/","title":{"rendered":"LACTANCIA MATERNA: problemas que pueden surgir"},"content":{"rendered":"\t\t<div data-elementor-type=\"wp-page\" data-elementor-id=\"9015\" class=\"elementor elementor-9015 elementor-9011\">\n\t\t\t\t\t\t<section class=\"elementor-section elementor-top-section elementor-element elementor-element-472a16c elementor-section-boxed elementor-section-height-default elementor-section-height-default\" data-id=\"472a16c\" data-element_type=\"section\" data-settings=\"{&quot;background_background&quot;:&quot;classic&quot;}\">\n\t\t\t\t\t\t<div class=\"elementor-container elementor-column-gap-default\">\n\t\t\t\t\t<div class=\"elementor-column elementor-col-100 elementor-top-column elementor-element elementor-element-f8e2802\" data-id=\"f8e2802\" data-element_type=\"column\">\n\t\t\t<div class=\"elementor-widget-wrap elementor-element-populated\">\n\t\t\t\t\t\t<div class=\"elementor-element elementor-element-aca63e2 elementor-widget elementor-widget-spacer\" data-id=\"aca63e2\" data-element_type=\"widget\" data-widget_type=\"spacer.default\">\n\t\t\t\t<div class=\"elementor-widget-container\">\n\t\t\t\t\t\t\t<div class=\"elementor-spacer\">\n\t\t\t<div class=\"elementor-spacer-inner\"><\/div>\n\t\t<\/div>\n\t\t\t\t\t\t<\/div>\n\t\t\t\t<\/div>\n\t\t\t\t<div class=\"elementor-element elementor-element-ca01493 elementor-widget elementor-widget-heading\" data-id=\"ca01493\" data-element_type=\"widget\" data-widget_type=\"heading.default\">\n\t\t\t\t<div class=\"elementor-widget-container\">\n\t\t\t\t\t<h2 class=\"elementor-heading-title elementor-size-default\">LACTANCIA MATERNA: problemas que pueden surgir<\/h2>\t\t\t\t<\/div>\n\t\t\t\t<\/div>\n\t\t\t\t<div class=\"elementor-element elementor-element-b32d99a elementor-widget-divider--view-line elementor-widget elementor-widget-divider\" data-id=\"b32d99a\" data-element_type=\"widget\" data-widget_type=\"divider.default\">\n\t\t\t\t<div class=\"elementor-widget-container\">\n\t\t\t\t\t\t\t<div class=\"elementor-divider\">\n\t\t\t<span class=\"elementor-divider-separator\">\n\t\t\t\t\t\t<\/span>\n\t\t<\/div>\n\t\t\t\t\t\t<\/div>\n\t\t\t\t<\/div>\n\t\t\t\t<div class=\"elementor-element elementor-element-26e394b migasdepan elementor-widget elementor-widget-wp-widget-bcn_widget\" data-id=\"26e394b\" data-element_type=\"widget\" data-widget_type=\"wp-widget-bcn_widget.default\">\n\t\t\t\t<div class=\"elementor-widget-container\">\n\t\t\t\t\t<div class=\"breadcrumbs\" vocab=\"https:\/\/schema.org\/\" typeof=\"BreadcrumbList\"><!-- Breadcrumb NavXT 7.4.1 -->\n<span property=\"itemListElement\" typeof=\"ListItem\"><a property=\"item\" typeof=\"WebPage\" title=\"Ir a DRA. GIBERT.\" href=\"https:\/\/www.doctoragibert.com\/es\/\" class=\"home\" aria-current=\"page\"><span property=\"name\">DRA. GIBERT<\/span><\/a><meta property=\"position\" content=\"1\"><\/span><\/div>\t\t\t\t<\/div>\n\t\t\t\t<\/div>\n\t\t\t\t<div class=\"elementor-element elementor-element-c05beea elementor-widget elementor-widget-spacer\" data-id=\"c05beea\" data-element_type=\"widget\" data-widget_type=\"spacer.default\">\n\t\t\t\t<div class=\"elementor-widget-container\">\n\t\t\t\t\t\t\t<div class=\"elementor-spacer\">\n\t\t\t<div class=\"elementor-spacer-inner\"><\/div>\n\t\t<\/div>\n\t\t\t\t\t\t<\/div>\n\t\t\t\t<\/div>\n\t\t\t\t\t<\/div>\n\t\t<\/div>\n\t\t\t\t\t<\/div>\n\t\t<\/section>\n\t\t\t\t<section class=\"elementor-section elementor-top-section elementor-element elementor-element-34250807 elementor-section-boxed elementor-section-height-default elementor-section-height-default\" data-id=\"34250807\" data-element_type=\"section\">\n\t\t\t\t\t\t<div class=\"elementor-container elementor-column-gap-default\">\n\t\t\t\t\t<div class=\"elementor-column elementor-col-100 elementor-top-column elementor-element elementor-element-58cd53fc\" data-id=\"58cd53fc\" data-element_type=\"column\">\n\t\t\t<div class=\"elementor-widget-wrap elementor-element-populated\">\n\t\t\t\t\t\t<div class=\"elementor-element elementor-element-59af0ef6 elementor-widget elementor-widget-text-editor\" data-id=\"59af0ef6\" data-element_type=\"widget\" data-widget_type=\"text-editor.default\">\n\t\t\t\t<div class=\"elementor-widget-container\">\n\t\t\t\t\t\t\t\t\t<p><img decoding=\"async\" class=\"alignleft size-full wp-image-9012\" src=\"https:\/\/www.doctoragibert.com\/wp-content\/uploads\/2015\/09\/dcd3e5b3c075a9738a927b40824f2c39.jpg\" alt=\"dcd3e5b3c075a9738a927b40824f2c39\" width=\"250\" height=\"176\" \/><\/p><p>En las l\u00edneas siguientes, os comentamos una serie de problemas frecuentes durante el amamantamiento y las formas de solucionarlos, para que vuestra experiencia sea todo un \u00e9xito:<\/p><ul><li><i>Intervalos muy cortos o muy largos entre tomas:<\/i>\u00a0habr\u00e1 beb\u00e9s que mamen cada hora y media o 2 horas, mientras que otros lo hacen cada 4-6 horas. No hay que preocuparse si nuestro beb\u00e9 no toma con la misma frecuencia que nuestros hijos mayores o que los hijos de nuestras amigas, siempre que su aumento de peso est\u00e9 dentro de la normalidad. Es habitual que cada 3-4 d\u00edas, tengamos una jornada en la que nuestro beb\u00e9 nos pida pecho con m\u00e1s insistencia, de hecho, es el mecanismo que tiene para que la mama aumente su producci\u00f3n, esto es, si se \u201csupervac\u00eda\u201d el pecho, \u00e9ste despu\u00e9s se \u201csuperllena\u201d. Piensa que en su primer d\u00eda de vida s\u00f3lo le has dado unos 8 cc de calostro por toma y cuando est\u00e9s en la plenitud de la lactancia puedes llegar a producir entre litro y litro y medio de leche diario, lo cual se consigue a base de succiones y vaciados efectivos.<\/li><li><i>Las grietas y la inflamaci\u00f3n del pez\u00f3n:<\/i> son muy frecuentes al principio de la lactancia, pues el pez\u00f3n no est\u00e1 acostumbrado a una succi\u00f3n continuada y vigorosa (se podr\u00eda comparar con el efecto irritante que tiene sobre el tal\u00f3n el uso de unos zapatos nuevos). Se maneja mediante la correcci\u00f3n de la posici\u00f3n o el descanso y la expresi\u00f3n del pez\u00f3n afectado. Es importante que el pecho afectado siga produciendo leche y que la limitaci\u00f3n de las tomas directas del pez\u00f3n <b>duren menos de 48 horas<\/b>. Algunas madres pueden beneficiarse del uso juicioso de pezoneras finas. La aplicaci\u00f3n de vaselina, lanolina o aceite de rosa de mosqueta o de almendras puede ser de utilidad hasta que los s\u00edntomas desaparezcan.<\/li><li><i>La ingurgitaci\u00f3n l\u00e1ctea:<\/i> precisa un masaje para ablandar el pecho antes de dar de mamar, lo que es m\u00e1s f\u00e1cil tras una ducha tibia. S\u00f3lo en caso de ingurgitaci\u00f3n en progresi\u00f3n se podr\u00eda recurrir a la extracci\u00f3n de la leche, pero esta medida deber\u00eda ser un \u00faltimo recurso, ya que la extracci\u00f3n l\u00e1ctea aumenta la producci\u00f3n ulterior, agrav\u00e1ndose el problema.<\/li><li><i>Beb\u00e9 que vomita sangre:<\/i> la sangre en la leche materna vomitada o en las heces suele provenir de un pez\u00f3n da\u00f1ado. La lactancia debe continuar y la causa del da\u00f1o debe corregirse. Si el diagn\u00f3stico es incierto, la sangre puede ser analizada determinando la hemoglobina fetal y del adulto.<\/li><li><i>Sangre en leche o calostro:<\/i> esta situaci\u00f3n ocurre raramente y no parece comportar ning\u00fan peligro. La causa es dif\u00edcil de establecer y se suele solucionar espont\u00e1neamente una vez que se ha establecido la lactancia.<\/li><li><i>Palidez del pez\u00f3n (pez\u00f3n blanco):<\/i> este doloroso problema podr\u00eda deberse a problemas circulatorios. Los remedios posibles incluyen: dar pecho en una habitaci\u00f3n templada, y beber t\u00e9 (que contiene teofilina y es vasodilatador) antes de la toma.<\/li><li><i>Candidiasis en el pez\u00f3n:<\/i> se inicia tras un periodo de alimentaci\u00f3n sin dolor. Hay inflamaci\u00f3n y dolor del pez\u00f3n y de la areola durante y entre las comidas. Puede haber dolor irradiado hacia el pecho tras la toma. El beb\u00e9 puede tener candidiasis oral o anal, aunque que la tenga no significa que la madre tenga candidiasis del pez\u00f3n. Hay que tratar la madre y al beb\u00e9 con una preparaci\u00f3n fungicida.<\/li><li><i>Dermatitis de contacto:<\/i> causada por pomadas de lanolina y de otros tipos, atomizadores con clorhexidina y por detergentes en los sujetadores. Todas las aplicaciones de pomadas y similares deben interrumpirse. Si parece que el sujetador es causa de la dermatitis, la madre deber\u00eda utilizar protectores de pecho sin plastificar y lavar su ropa con jab\u00f3n suave.<\/li><li><i>Mastitis:<\/i> en ocasiones, la presi\u00f3n dentro de los conductos que dirigen la leche desde los l\u00f3bulos mamarios (las \u201cf\u00e1bricas\u201d de leche) al pez\u00f3n es tan alta, que \u00e9stos se rompen y la leche se deposita dentro del tejido mamario, ello activa el sistema inmunitario produciendo un enrojecimiento de la zona, aumento de la frecuencia card\u00edaca, fiebre, malestar general, escalofr\u00edos y un estado gripal. Estos son los s\u00edntomas cl\u00e1sicos de la <b>mastitis no infecciosa<\/b>, que sin tratamiento se puede sobreinfectar <b>(mastitis infecciosa<\/b>) pudiendo formarse un absceso. Estos cuadros se presentan en la <b>tercera-cuarta semana del puerperio<\/b> y raramente ocurren en la primera. El agente causal es el Staphylococcus aureus en la mayor\u00eda de las ocasiones. Como medida inicial, hay que tratar cualquier engrosamiento localizado en el pecho mediante una mejor postura y haciendo un suave masaje con la mano en direcci\u00f3n al pez\u00f3n. Los antiinflamatorios (metamizol, diclofenaco, ibuprofeno, dexketoprofeno\u2026) tambi\u00e9n son muy \u00fatiles. En cualquier caso, <b>no hay raz\u00f3n para que una mujer lactante con mastitis deje de lactar ya que un destete brusco aumenta las posibilidades de un absceso.<\/b> Otro factor que favorece las mastitis son las lesiones cut\u00e1neas. Una vez se ha lesionado la piel, la humedad en el pez\u00f3n producida por pezoneras o discos absorbeleches que se cambian demasiado mojados favorece la multiplicaci\u00f3n bacteriana. Tambi\u00e9n predisponen a la mastitis: la falta de hierro, el uso de cremas, lociones o sprays que irriten la piel y posiblemente el fumar, que puede alterar la respuesta inmune. En el caso de que su m\u00e9dico le prescriba antibi\u00f3ticos, debe saber que la mayor\u00eda de ellos no pasan en una cantidad suficiente a la leche como para afectar al lactante, aunque se han observado algunas reacciones adversas en el ni\u00f1o: sarpullidos, diarrea y candidiasis.<\/li><li><i>Alergias: <\/i> las prote\u00ednas de la leche de vaca, al igual que otras sustancias que ingerimos, pueden pasar a la leche materna y de ah\u00ed al beb\u00e9. Algunos lactantes amamantados desarrollan alergia o intolerancia a dichas prote\u00ednas, que son las que m\u00e1s problemas causan. La <b>intolerancia<\/b> se manifiesta en forma de eccemas, diarreas, fisuras anales, llanto, c\u00f3licos y dolor abdominal. La <b>alergia<\/b> es un cuadro m\u00e1s grave que puede producir desde urticaria a reacciones m\u00e1s importantes como ahogo o sangrado digestivo. Los beb\u00e9s m\u00e1s predispuestos son los que tienen antecedentes familiares y a los que se les ha administrado leche artificial alternando con leche materna. La alergia y la intolerancia pueden aparecer cuando el beb\u00e9 amamantado toma f\u00f3rmula artificial y\/o la madre toma leche de vaca. Cuando el pediatra sospecha alergia, suele solicitar la realizaci\u00f3n de pruebas, pero si los s\u00edntomas son graves indica a la madre que retire la leche de vaca y sus derivados de su dieta (incluso la carne de vacuno), sin esperar al resultado de las pruebas. Si se ha acertado en el diagn\u00f3stico se produce una mejor\u00eda importante del beb\u00e9 en poco tiempo y la alergia cede espont\u00e1neamente a los 18 meses-2 a\u00f1os de vida. Sin embargo, hasta que se produzca esta curaci\u00f3n espont\u00e1nea, hay que ser escrupulosos con la dieta materna, pues los s\u00edntomas se suelen repetir a la menor introducci\u00f3n de l\u00e1cteos vacunos. Otros alimentos que puede tener que retirar la madre de su dieta, siempre seg\u00fan indicaci\u00f3n del pediatra, pueden ser: nueces, huevos y pescado. De cualquier modo, si ten\u00e9is alto riesgo de que vuestro hijo sea al\u00e9rgico a la leche (antecedentes familiares), no hace falta que en principio adopt\u00e9is restricciones alimentarias excesivas, en todo caso no com\u00e1is nueces. En general, <b>para prevenir alergias tanto a las prote\u00ednas de la leche de vaca como a otros alimentos, lo mejor es mantener la lactancia materna exclusiva durante 6 meses y evitar la introducci\u00f3n de la leche de vaca y sus derivados en la dieta del lactante antes del primer a\u00f1o de vida<\/b> (sobre todo si uno de los padres o hermanos ha tenido alergia).<\/li><\/ul><div class=\"clear\">\u00a0<\/div><p><b>Fuentes de la informaci\u00f3n:<\/b> <i><\/i><\/p><ul><li>Royal College of Midwives. Lactancia materna, manual para profesionales. Barcelona, ACPAM, 1994.<\/li><li>American Academy of Pediatrics. Committee on Nutrition. Hypoallergenic Infant Formulas. Pediatrics. 2000;106;346-9. [acceso 26-4-14]. Disponible en: <a href=\"http:\/\/pediatrics.aappublications.org\/content\/106\/2\/346.full.pdf\" target=\"_blank\" rel=\"noopener\">http:\/\/pediatrics.aappublications.org\/content\/106\/2\/346.full.pdf<\/a><\/li><li>Comit\u00e9 de Lactancia Materna de la Asociaci\u00f3n Espa\u00f1ola de Pediatr\u00eda. Manual de lactancia materna. De la teor\u00eda a la pr\u00e1ctica. Ed. M\u00e9dica Panamericana, 2008.<\/li><li>Govern de les Illes Balears. Conselleria de Salut i Consum. Guia de lact\u00e0ncia materna. [acceso 26-4-14].\u00a0 Disponible en: <a href=\"http:\/\/portaldesalut.caib.es\/sacmicrofront\/contenido.do?lang=ca&amp;mkey=M0903171159555312889&amp;cont=36645\" target=\"_blank\" rel=\"noopener\">http:\/\/portaldesalut.caib.es\/sacmicrofront\/contenido.do?lang=ca&amp;mkey=M0903171159555312889&amp;cont=36645<\/a><\/li><\/ul><div class=\"clear\">\u00a0<\/div>\t\t\t\t\t\t\t\t<\/div>\n\t\t\t\t<\/div>\n\t\t\t\t\t<\/div>\n\t\t<\/div>\n\t\t\t\t\t<\/div>\n\t\t<\/section>\n\t\t\t\t<section class=\"elementor-section elementor-top-section elementor-element elementor-element-b6370a5 elementor-section-boxed elementor-section-height-default elementor-section-height-default\" data-id=\"b6370a5\" data-element_type=\"section\">\n\t\t\t\t\t\t<div class=\"elementor-container elementor-column-gap-default\">\n\t\t\t\t\t<div class=\"elementor-column elementor-col-100 elementor-top-column elementor-element elementor-element-63faffc\" data-id=\"63faffc\" data-element_type=\"column\">\n\t\t\t<div class=\"elementor-widget-wrap elementor-element-populated\">\n\t\t\t\t\t\t<div class=\"elementor-element elementor-element-f4092a4 elementor-widget elementor-widget-shortcode\" data-id=\"f4092a4\" data-element_type=\"widget\" data-widget_type=\"shortcode.default\">\n\t\t\t\t<div class=\"elementor-widget-container\">\n\t\t\t\t\t\t\t<div class=\"elementor-shortcode\">[ssba-buttons]<\/div>\n\t\t\t\t\t\t<\/div>\n\t\t\t\t<\/div>\n\t\t\t\t\t<\/div>\n\t\t<\/div>\n\t\t\t\t\t<\/div>\n\t\t<\/section>\n\t\t\t\t<\/div>\n\t\t","protected":false},"excerpt":{"rendered":"<p>LACTANCIA MATERNA: problemas que pueden surgir En las l\u00edneas siguientes, os comentamos una serie de problemas frecuentes durante el amamantamiento y las formas de solucionarlos, para que vuestra experiencia sea todo un \u00e9xito: Intervalos muy cortos o muy largos entre tomas:\u00a0habr\u00e1 beb\u00e9s que mamen cada hora y media o 2 horas, mientras que otros lo [&hellip;]<\/p>\n","protected":false},"author":12,"featured_media":0,"parent":15353,"menu_order":0,"comment_status":"open","ping_status":"closed","template":"elementor_header_footer","meta":{"footnotes":""},"class_list":["post-9015","page","type-page","status-publish","hentry"],"yoast_head":"<!-- This site is optimized with the Yoast SEO plugin v25.0 - https:\/\/yoast.com\/wordpress\/plugins\/seo\/ -->\n<title>LACTANCIA MATERNA: problemas que pueden surgir - DRA. GIBERT<\/title>\n<meta name=\"robots\" content=\"index, follow, max-snippet:-1, max-image-preview:large, max-video-preview:-1\" \/>\n<link rel=\"canonical\" href=\"https:\/\/www.doctoragibert.com\/es\/pacientes\/otros\/lactancia-materna-problemas-que-pueden-surgir\/\" \/>\n<meta property=\"og:locale\" content=\"es_ES\" \/>\n<meta property=\"og:type\" content=\"article\" \/>\n<meta property=\"og:title\" content=\"LACTANCIA MATERNA: problemas que pueden surgir - DRA. GIBERT\" \/>\n<meta property=\"og:description\" content=\"LACTANCIA MATERNA: problemas que pueden surgir En las l\u00edneas siguientes, os comentamos una serie de problemas frecuentes durante el amamantamiento y las formas de solucionarlos, para que vuestra experiencia sea todo un \u00e9xito: Intervalos muy cortos o muy largos entre tomas:\u00a0habr\u00e1 beb\u00e9s que mamen cada hora y media o 2 horas, mientras que otros lo [&hellip;]\" \/>\n<meta property=\"og:url\" content=\"https:\/\/www.doctoragibert.com\/es\/pacientes\/otros\/lactancia-materna-problemas-que-pueden-surgir\/\" \/>\n<meta property=\"og:site_name\" content=\"DRA. GIBERT\" \/>\n<meta property=\"article:publisher\" content=\"https:\/\/www.facebook.com\/doctoragibert\" \/>\n<meta property=\"article:modified_time\" content=\"2021-08-26T12:15:06+00:00\" \/>\n<meta property=\"og:image\" content=\"https:\/\/www.doctoragibert.com\/wp-content\/uploads\/2015\/09\/dcd3e5b3c075a9738a927b40824f2c39.jpg\" \/>\n<meta name=\"twitter:label1\" content=\"Tiempo de lectura\" \/>\n\t<meta name=\"twitter:data1\" content=\"7 minutos\" \/>\n<script type=\"application\/ld+json\" class=\"yoast-schema-graph\">{\"@context\":\"https:\/\/schema.org\",\"@graph\":[{\"@type\":\"WebPage\",\"@id\":\"https:\/\/www.doctoragibert.com\/es\/pacientes\/otros\/lactancia-materna-problemas-que-pueden-surgir\/\",\"url\":\"https:\/\/www.doctoragibert.com\/es\/pacientes\/otros\/lactancia-materna-problemas-que-pueden-surgir\/\",\"name\":\"LACTANCIA MATERNA: problemas que pueden surgir - DRA. GIBERT\",\"isPartOf\":{\"@id\":\"https:\/\/www.doctoragibert.com\/es\/#website\"},\"primaryImageOfPage\":{\"@id\":\"https:\/\/www.doctoragibert.com\/es\/pacientes\/otros\/lactancia-materna-problemas-que-pueden-surgir\/#primaryimage\"},\"image\":{\"@id\":\"https:\/\/www.doctoragibert.com\/es\/pacientes\/otros\/lactancia-materna-problemas-que-pueden-surgir\/#primaryimage\"},\"thumbnailUrl\":\"https:\/\/www.doctoragibert.com\/wp-content\/uploads\/2015\/09\/dcd3e5b3c075a9738a927b40824f2c39.jpg\",\"datePublished\":\"2015-09-29T11:27:02+00:00\",\"dateModified\":\"2021-08-26T12:15:06+00:00\",\"breadcrumb\":{\"@id\":\"https:\/\/www.doctoragibert.com\/es\/pacientes\/otros\/lactancia-materna-problemas-que-pueden-surgir\/#breadcrumb\"},\"inLanguage\":\"es\",\"potentialAction\":[{\"@type\":\"ReadAction\",\"target\":[\"https:\/\/www.doctoragibert.com\/es\/pacientes\/otros\/lactancia-materna-problemas-que-pueden-surgir\/\"]}]},{\"@type\":\"ImageObject\",\"inLanguage\":\"es\",\"@id\":\"https:\/\/www.doctoragibert.com\/es\/pacientes\/otros\/lactancia-materna-problemas-que-pueden-surgir\/#primaryimage\",\"url\":\"https:\/\/www.doctoragibert.com\/wp-content\/uploads\/2015\/09\/dcd3e5b3c075a9738a927b40824f2c39.jpg\",\"contentUrl\":\"https:\/\/www.doctoragibert.com\/wp-content\/uploads\/2015\/09\/dcd3e5b3c075a9738a927b40824f2c39.jpg\"},{\"@type\":\"BreadcrumbList\",\"@id\":\"https:\/\/www.doctoragibert.com\/es\/pacientes\/otros\/lactancia-materna-problemas-que-pueden-surgir\/#breadcrumb\",\"itemListElement\":[{\"@type\":\"ListItem\",\"position\":1,\"name\":\"PACIENTES\",\"item\":\"https:\/\/www.doctoragibert.com\/es\/pacientes\/\"},{\"@type\":\"ListItem\",\"position\":2,\"name\":\"OTROS\",\"item\":\"https:\/\/www.doctoragibert.com\/es\/pacientes\/otros\/\"},{\"@type\":\"ListItem\",\"position\":3,\"name\":\"LACTANCIA MATERNA: problemas que pueden surgir\"}]},{\"@type\":\"WebSite\",\"@id\":\"https:\/\/www.doctoragibert.com\/es\/#website\",\"url\":\"https:\/\/www.doctoragibert.com\/es\/\",\"name\":\"DRA. GIBERT\",\"description\":\"Ginecologia i obstetricia\",\"potentialAction\":[{\"@type\":\"SearchAction\",\"target\":{\"@type\":\"EntryPoint\",\"urlTemplate\":\"https:\/\/www.doctoragibert.com\/es\/?s={search_term_string}\"},\"query-input\":{\"@type\":\"PropertyValueSpecification\",\"valueRequired\":true,\"valueName\":\"search_term_string\"}}],\"inLanguage\":\"es\"}]}<\/script>\n<!-- \/ Yoast SEO plugin. -->","yoast_head_json":{"title":"LACTANCIA MATERNA: problemas que pueden surgir - DRA. GIBERT","robots":{"index":"index","follow":"follow","max-snippet":"max-snippet:-1","max-image-preview":"max-image-preview:large","max-video-preview":"max-video-preview:-1"},"canonical":"https:\/\/www.doctoragibert.com\/es\/pacientes\/otros\/lactancia-materna-problemas-que-pueden-surgir\/","og_locale":"es_ES","og_type":"article","og_title":"LACTANCIA MATERNA: problemas que pueden surgir - DRA. GIBERT","og_description":"LACTANCIA MATERNA: problemas que pueden surgir En las l\u00edneas siguientes, os comentamos una serie de problemas frecuentes durante el amamantamiento y las formas de solucionarlos, para que vuestra experiencia sea todo un \u00e9xito: Intervalos muy cortos o muy largos entre tomas:\u00a0habr\u00e1 beb\u00e9s que mamen cada hora y media o 2 horas, mientras que otros lo [&hellip;]","og_url":"https:\/\/www.doctoragibert.com\/es\/pacientes\/otros\/lactancia-materna-problemas-que-pueden-surgir\/","og_site_name":"DRA. GIBERT","article_publisher":"https:\/\/www.facebook.com\/doctoragibert","article_modified_time":"2021-08-26T12:15:06+00:00","og_image":[{"url":"https:\/\/www.doctoragibert.com\/wp-content\/uploads\/2015\/09\/dcd3e5b3c075a9738a927b40824f2c39.jpg","type":"","width":"","height":""}],"twitter_misc":{"Tiempo de lectura":"7 minutos"},"schema":{"@context":"https:\/\/schema.org","@graph":[{"@type":"WebPage","@id":"https:\/\/www.doctoragibert.com\/es\/pacientes\/otros\/lactancia-materna-problemas-que-pueden-surgir\/","url":"https:\/\/www.doctoragibert.com\/es\/pacientes\/otros\/lactancia-materna-problemas-que-pueden-surgir\/","name":"LACTANCIA MATERNA: problemas que pueden surgir - DRA. GIBERT","isPartOf":{"@id":"https:\/\/www.doctoragibert.com\/es\/#website"},"primaryImageOfPage":{"@id":"https:\/\/www.doctoragibert.com\/es\/pacientes\/otros\/lactancia-materna-problemas-que-pueden-surgir\/#primaryimage"},"image":{"@id":"https:\/\/www.doctoragibert.com\/es\/pacientes\/otros\/lactancia-materna-problemas-que-pueden-surgir\/#primaryimage"},"thumbnailUrl":"https:\/\/www.doctoragibert.com\/wp-content\/uploads\/2015\/09\/dcd3e5b3c075a9738a927b40824f2c39.jpg","datePublished":"2015-09-29T11:27:02+00:00","dateModified":"2021-08-26T12:15:06+00:00","breadcrumb":{"@id":"https:\/\/www.doctoragibert.com\/es\/pacientes\/otros\/lactancia-materna-problemas-que-pueden-surgir\/#breadcrumb"},"inLanguage":"es","potentialAction":[{"@type":"ReadAction","target":["https:\/\/www.doctoragibert.com\/es\/pacientes\/otros\/lactancia-materna-problemas-que-pueden-surgir\/"]}]},{"@type":"ImageObject","inLanguage":"es","@id":"https:\/\/www.doctoragibert.com\/es\/pacientes\/otros\/lactancia-materna-problemas-que-pueden-surgir\/#primaryimage","url":"https:\/\/www.doctoragibert.com\/wp-content\/uploads\/2015\/09\/dcd3e5b3c075a9738a927b40824f2c39.jpg","contentUrl":"https:\/\/www.doctoragibert.com\/wp-content\/uploads\/2015\/09\/dcd3e5b3c075a9738a927b40824f2c39.jpg"},{"@type":"BreadcrumbList","@id":"https:\/\/www.doctoragibert.com\/es\/pacientes\/otros\/lactancia-materna-problemas-que-pueden-surgir\/#breadcrumb","itemListElement":[{"@type":"ListItem","position":1,"name":"PACIENTES","item":"https:\/\/www.doctoragibert.com\/es\/pacientes\/"},{"@type":"ListItem","position":2,"name":"OTROS","item":"https:\/\/www.doctoragibert.com\/es\/pacientes\/otros\/"},{"@type":"ListItem","position":3,"name":"LACTANCIA MATERNA: problemas que pueden surgir"}]},{"@type":"WebSite","@id":"https:\/\/www.doctoragibert.com\/es\/#website","url":"https:\/\/www.doctoragibert.com\/es\/","name":"DRA. GIBERT","description":"Ginecologia i obstetricia","potentialAction":[{"@type":"SearchAction","target":{"@type":"EntryPoint","urlTemplate":"https:\/\/www.doctoragibert.com\/es\/?s={search_term_string}"},"query-input":{"@type":"PropertyValueSpecification","valueRequired":true,"valueName":"search_term_string"}}],"inLanguage":"es"}]}},"_links":{"self":[{"href":"https:\/\/www.doctoragibert.com\/es\/wp-json\/wp\/v2\/pages\/9015","targetHints":{"allow":["GET"]}}],"collection":[{"href":"https:\/\/www.doctoragibert.com\/es\/wp-json\/wp\/v2\/pages"}],"about":[{"href":"https:\/\/www.doctoragibert.com\/es\/wp-json\/wp\/v2\/types\/page"}],"author":[{"embeddable":true,"href":"https:\/\/www.doctoragibert.com\/es\/wp-json\/wp\/v2\/users\/12"}],"replies":[{"embeddable":true,"href":"https:\/\/www.doctoragibert.com\/es\/wp-json\/wp\/v2\/comments?post=9015"}],"version-history":[{"count":5,"href":"https:\/\/www.doctoragibert.com\/es\/wp-json\/wp\/v2\/pages\/9015\/revisions"}],"predecessor-version":[{"id":16712,"href":"https:\/\/www.doctoragibert.com\/es\/wp-json\/wp\/v2\/pages\/9015\/revisions\/16712"}],"up":[{"embeddable":true,"href":"https:\/\/www.doctoragibert.com\/es\/wp-json\/wp\/v2\/pages\/15353"}],"wp:attachment":[{"href":"https:\/\/www.doctoragibert.com\/es\/wp-json\/wp\/v2\/media?parent=9015"}],"curies":[{"name":"wp","href":"https:\/\/api.w.org\/{rel}","templated":true}]}}