{"id":9228,"date":"2015-11-03T14:44:30","date_gmt":"2015-11-03T14:44:30","guid":{"rendered":"https:\/\/www.doctoragibert.com\/lingres-a-la-clinica\/ingressar-per-a-una-operacio\/"},"modified":"2021-08-27T08:22:05","modified_gmt":"2021-08-27T08:22:05","slug":"ingresar-para-una-operacion","status":"publish","type":"page","link":"https:\/\/www.doctoragibert.com\/es\/pacientes\/el-ingreso-en-la-clinica\/ingresar-para-una-operacion\/","title":{"rendered":"INGRESAR PARA UNA OPERACI\u00d3N"},"content":{"rendered":"\t\t<div data-elementor-type=\"wp-page\" data-elementor-id=\"9228\" class=\"elementor elementor-9228 elementor-9226\">\n\t\t\t\t\t\t<section class=\"elementor-section elementor-top-section elementor-element elementor-element-0ce08cd elementor-section-boxed elementor-section-height-default elementor-section-height-default\" data-id=\"0ce08cd\" data-element_type=\"section\" data-settings=\"{&quot;background_background&quot;:&quot;classic&quot;}\">\n\t\t\t\t\t\t<div class=\"elementor-container elementor-column-gap-default\">\n\t\t\t\t\t<div class=\"elementor-column elementor-col-100 elementor-top-column elementor-element elementor-element-426a522\" data-id=\"426a522\" data-element_type=\"column\">\n\t\t\t<div class=\"elementor-widget-wrap elementor-element-populated\">\n\t\t\t\t\t\t<div class=\"elementor-element elementor-element-7c11846 elementor-widget elementor-widget-spacer\" data-id=\"7c11846\" data-element_type=\"widget\" data-widget_type=\"spacer.default\">\n\t\t\t\t<div class=\"elementor-widget-container\">\n\t\t\t\t\t\t\t<div class=\"elementor-spacer\">\n\t\t\t<div class=\"elementor-spacer-inner\"><\/div>\n\t\t<\/div>\n\t\t\t\t\t\t<\/div>\n\t\t\t\t<\/div>\n\t\t\t\t<div class=\"elementor-element elementor-element-c01411f elementor-widget elementor-widget-heading\" data-id=\"c01411f\" data-element_type=\"widget\" data-widget_type=\"heading.default\">\n\t\t\t\t<div class=\"elementor-widget-container\">\n\t\t\t\t\t<h2 class=\"elementor-heading-title elementor-size-default\">INGRESAR PARA UNA OPERACI\u00d3N<\/h2>\t\t\t\t<\/div>\n\t\t\t\t<\/div>\n\t\t\t\t<div class=\"elementor-element elementor-element-bff4860 elementor-widget-divider--view-line elementor-widget elementor-widget-divider\" data-id=\"bff4860\" data-element_type=\"widget\" data-widget_type=\"divider.default\">\n\t\t\t\t<div class=\"elementor-widget-container\">\n\t\t\t\t\t\t\t<div class=\"elementor-divider\">\n\t\t\t<span class=\"elementor-divider-separator\">\n\t\t\t\t\t\t<\/span>\n\t\t<\/div>\n\t\t\t\t\t\t<\/div>\n\t\t\t\t<\/div>\n\t\t\t\t<div class=\"elementor-element elementor-element-04f664f migasdepan elementor-widget elementor-widget-wp-widget-bcn_widget\" data-id=\"04f664f\" data-element_type=\"widget\" data-widget_type=\"wp-widget-bcn_widget.default\">\n\t\t\t\t<div class=\"elementor-widget-container\">\n\t\t\t\t\t<div class=\"breadcrumbs\" vocab=\"https:\/\/schema.org\/\" typeof=\"BreadcrumbList\"><!-- Breadcrumb NavXT 7.4.1 -->\n<span property=\"itemListElement\" typeof=\"ListItem\"><a property=\"item\" typeof=\"WebPage\" title=\"Ir a DRA. GIBERT.\" href=\"https:\/\/www.doctoragibert.com\/es\/\" class=\"home\" aria-current=\"page\"><span property=\"name\">DRA. GIBERT<\/span><\/a><meta property=\"position\" content=\"1\"><\/span><\/div>\t\t\t\t<\/div>\n\t\t\t\t<\/div>\n\t\t\t\t<div class=\"elementor-element elementor-element-c63beef elementor-widget elementor-widget-spacer\" data-id=\"c63beef\" data-element_type=\"widget\" data-widget_type=\"spacer.default\">\n\t\t\t\t<div class=\"elementor-widget-container\">\n\t\t\t\t\t\t\t<div class=\"elementor-spacer\">\n\t\t\t<div class=\"elementor-spacer-inner\"><\/div>\n\t\t<\/div>\n\t\t\t\t\t\t<\/div>\n\t\t\t\t<\/div>\n\t\t\t\t\t<\/div>\n\t\t<\/div>\n\t\t\t\t\t<\/div>\n\t\t<\/section>\n\t\t\t\t<section class=\"elementor-section elementor-top-section elementor-element elementor-element-486ff57c elementor-section-boxed elementor-section-height-default elementor-section-height-default\" data-id=\"486ff57c\" data-element_type=\"section\">\n\t\t\t\t\t\t<div class=\"elementor-container elementor-column-gap-default\">\n\t\t\t\t\t<div class=\"elementor-column elementor-col-100 elementor-top-column elementor-element elementor-element-7875afce\" data-id=\"7875afce\" data-element_type=\"column\">\n\t\t\t<div class=\"elementor-widget-wrap elementor-element-populated\">\n\t\t\t\t\t\t<div class=\"elementor-element elementor-element-614d7866 elementor-widget elementor-widget-text-editor\" data-id=\"614d7866\" data-element_type=\"widget\" data-widget_type=\"text-editor.default\">\n\t\t\t\t<div class=\"elementor-widget-container\">\n\t\t\t\t\t\t\t\t\t<p>Cuando tenga que ingresar para una operaci\u00f3n programada debe preparar los siguientes <b>documentos<\/b>:<\/p><ol><li>Documento nacional de identidad o pasaporte.<\/li><li>Copia del consentimiento informado de Anestesia y de Ginecolog\u00eda.<\/li><li>Pruebas complementarias que se le hayan realizado y sus informes (an\u00e1lisis y pruebas de imagen).<\/li><li>Autorizaciones de la compa\u00f1\u00eda aseguradora.<\/li><\/ol><p>Adem\u00e1s debe prepararse siguiendo estas <b>instrucciones<\/b>:<\/p><ul><li>Dejar de fumar, o reducir el consumo de tabaco en lo posible, <b>dos semanas<\/b> antes de su operaci\u00f3n.<\/li><li>Ayuno al menos <b>6 horas<\/b> antes de la cirug\u00eda. Como solemos intervenir por la tarde, no ha de comer ni beber nada a partir de las 9 horas de la ma\u00f1ana. El desayuno de aquella ma\u00f1ana ha de ser ligero.<\/li><li>Si va a ser operada de un <b>problema ginecol\u00f3gico<\/b>, es conveniente que se administre a las 12 h del mediod\u00eda un enema que puede comprar en cualquier farmacia (enema Casen\u00ae de 250 mL). Si va a ser intervenida <b>del pecho<\/b>, no hace falta que utilice enema alguno. En unos <b>pocos casos<\/b> necesitar\u00e1 una preparaci\u00f3n intestinal especial que le comunicar\u00e1 la doctora oportunamente.<\/li><li>Debe <b>ducharse y lavarse el pelo<\/b> pocas horas antes de salir para la Cl\u00ednica.<\/li><li>Debe retirarse las <b>pr\u00f3tesis dentales<\/b> antes de bajar al quir\u00f3fano. No puede llevar objetos de adorno, ni maquillaje, ni esmalte de u\u00f1as.<\/li><li>Ha de tomar su <b>medicaci\u00f3n habitual<\/b> la ma\u00f1ana de la intervenci\u00f3n, antes de iniciar el ayuno.<\/li><\/ul><p>Debe presentarse <b>en Admisi\u00f3n<\/b> de la Cl\u00ednica (entrada principal) unas 3 horas antes de la hora programada de su cirug\u00eda. Salvo indicaciones de su ginec\u00f3loga en otro sentido, es suficiente con que llegue a Admisi\u00f3n sobre las 12:30 horas.<\/p><p>Aunque se le entregar\u00e1 un <b>camis\u00f3n<\/b> para la ma\u00f1ana de la intervenci\u00f3n, es conveniente que traiga camis\u00f3n o pijama, zapatillas, ropa interior y bata para su estancia. Si toma <b>medicaci\u00f3n<\/b> de forma habitual, le recomendamos que la traiga para no interrumpirla en los d\u00edas posteriores a la operaci\u00f3n.<\/p><p><b>Fuentes de la informaci\u00f3n:<\/b> <i>Opini\u00f3 personal\/Opini\u00f3n personal.<\/i><\/p>\t\t\t\t\t\t\t\t<\/div>\n\t\t\t\t<\/div>\n\t\t\t\t\t<\/div>\n\t\t<\/div>\n\t\t\t\t\t<\/div>\n\t\t<\/section>\n\t\t\t\t<section class=\"elementor-section elementor-top-section elementor-element elementor-element-415477e elementor-section-boxed elementor-section-height-default elementor-section-height-default\" data-id=\"415477e\" data-element_type=\"section\">\n\t\t\t\t\t\t<div class=\"elementor-container elementor-column-gap-default\">\n\t\t\t\t\t<div class=\"elementor-column elementor-col-100 elementor-top-column elementor-element elementor-element-fb42737\" data-id=\"fb42737\" data-element_type=\"column\">\n\t\t\t<div class=\"elementor-widget-wrap elementor-element-populated\">\n\t\t\t\t\t\t<div class=\"elementor-element elementor-element-4fa523e elementor-widget elementor-widget-shortcode\" data-id=\"4fa523e\" data-element_type=\"widget\" data-widget_type=\"shortcode.default\">\n\t\t\t\t<div class=\"elementor-widget-container\">\n\t\t\t\t\t\t\t<div class=\"elementor-shortcode\">[ssba-buttons]<\/div>\n\t\t\t\t\t\t<\/div>\n\t\t\t\t<\/div>\n\t\t\t\t\t<\/div>\n\t\t<\/div>\n\t\t\t\t\t<\/div>\n\t\t<\/section>\n\t\t\t\t<\/div>\n\t\t","protected":false},"excerpt":{"rendered":"<p>INGRESAR PARA UNA OPERACI\u00d3N Cuando tenga que ingresar para una operaci\u00f3n programada debe preparar los siguientes documentos: Documento nacional de identidad o pasaporte. Copia del consentimiento informado de Anestesia y de Ginecolog\u00eda. Pruebas complementarias que se le hayan realizado y sus informes (an\u00e1lisis y pruebas de imagen). Autorizaciones de la compa\u00f1\u00eda aseguradora. Adem\u00e1s debe prepararse [&hellip;]<\/p>\n","protected":false},"author":12,"featured_media":0,"parent":15344,"menu_order":0,"comment_status":"open","ping_status":"open","template":"elementor_header_footer","meta":{"footnotes":""},"class_list":["post-9228","page","type-page","status-publish","hentry"],"yoast_head":"<!-- This site is optimized with the Yoast SEO plugin v25.0 - https:\/\/yoast.com\/wordpress\/plugins\/seo\/ -->\n<title>INGRESAR PARA UNA OPERACI\u00d3N - DRA. GIBERT<\/title>\n<meta name=\"robots\" content=\"index, follow, max-snippet:-1, max-image-preview:large, max-video-preview:-1\" \/>\n<link rel=\"canonical\" href=\"https:\/\/www.doctoragibert.com\/es\/pacientes\/el-ingreso-en-la-clinica\/ingresar-para-una-operacion\/\" \/>\n<meta property=\"og:locale\" content=\"es_ES\" \/>\n<meta property=\"og:type\" content=\"article\" \/>\n<meta property=\"og:title\" content=\"INGRESAR PARA UNA OPERACI\u00d3N - DRA. GIBERT\" \/>\n<meta property=\"og:description\" content=\"INGRESAR PARA UNA OPERACI\u00d3N Cuando tenga que ingresar para una operaci\u00f3n programada debe preparar los siguientes documentos: Documento nacional de identidad o pasaporte. Copia del consentimiento informado de Anestesia y de Ginecolog\u00eda. Pruebas complementarias que se le hayan realizado y sus informes (an\u00e1lisis y pruebas de imagen). Autorizaciones de la compa\u00f1\u00eda aseguradora. Adem\u00e1s debe prepararse [&hellip;]\" \/>\n<meta property=\"og:url\" content=\"https:\/\/www.doctoragibert.com\/es\/pacientes\/el-ingreso-en-la-clinica\/ingresar-para-una-operacion\/\" \/>\n<meta property=\"og:site_name\" content=\"DRA. GIBERT\" \/>\n<meta property=\"article:publisher\" content=\"https:\/\/www.facebook.com\/doctoragibert\" \/>\n<meta property=\"article:modified_time\" content=\"2021-08-27T08:22:05+00:00\" \/>\n<meta name=\"twitter:label1\" content=\"Tiempo de lectura\" \/>\n\t<meta name=\"twitter:data1\" content=\"3 minutos\" \/>\n<script type=\"application\/ld+json\" class=\"yoast-schema-graph\">{\"@context\":\"https:\/\/schema.org\",\"@graph\":[{\"@type\":\"WebPage\",\"@id\":\"https:\/\/www.doctoragibert.com\/es\/pacientes\/el-ingreso-en-la-clinica\/ingresar-para-una-operacion\/\",\"url\":\"https:\/\/www.doctoragibert.com\/es\/pacientes\/el-ingreso-en-la-clinica\/ingresar-para-una-operacion\/\",\"name\":\"INGRESAR PARA UNA OPERACI\u00d3N - DRA. GIBERT\",\"isPartOf\":{\"@id\":\"https:\/\/www.doctoragibert.com\/es\/#website\"},\"datePublished\":\"2015-11-03T14:44:30+00:00\",\"dateModified\":\"2021-08-27T08:22:05+00:00\",\"breadcrumb\":{\"@id\":\"https:\/\/www.doctoragibert.com\/es\/pacientes\/el-ingreso-en-la-clinica\/ingresar-para-una-operacion\/#breadcrumb\"},\"inLanguage\":\"es\",\"potentialAction\":[{\"@type\":\"ReadAction\",\"target\":[\"https:\/\/www.doctoragibert.com\/es\/pacientes\/el-ingreso-en-la-clinica\/ingresar-para-una-operacion\/\"]}]},{\"@type\":\"BreadcrumbList\",\"@id\":\"https:\/\/www.doctoragibert.com\/es\/pacientes\/el-ingreso-en-la-clinica\/ingresar-para-una-operacion\/#breadcrumb\",\"itemListElement\":[{\"@type\":\"ListItem\",\"position\":1,\"name\":\"PACIENTES\",\"item\":\"https:\/\/www.doctoragibert.com\/es\/pacientes\/\"},{\"@type\":\"ListItem\",\"position\":2,\"name\":\"EL INGRESO EN LA CL\u00cdNICA\",\"item\":\"https:\/\/www.doctoragibert.com\/es\/pacientes\/el-ingreso-en-la-clinica\/\"},{\"@type\":\"ListItem\",\"position\":3,\"name\":\"INGRESAR PARA UNA OPERACI\u00d3N\"}]},{\"@type\":\"WebSite\",\"@id\":\"https:\/\/www.doctoragibert.com\/es\/#website\",\"url\":\"https:\/\/www.doctoragibert.com\/es\/\",\"name\":\"DRA. GIBERT\",\"description\":\"Ginecologia i obstetricia\",\"potentialAction\":[{\"@type\":\"SearchAction\",\"target\":{\"@type\":\"EntryPoint\",\"urlTemplate\":\"https:\/\/www.doctoragibert.com\/es\/?s={search_term_string}\"},\"query-input\":{\"@type\":\"PropertyValueSpecification\",\"valueRequired\":true,\"valueName\":\"search_term_string\"}}],\"inLanguage\":\"es\"}]}<\/script>\n<!-- \/ Yoast SEO plugin. -->","yoast_head_json":{"title":"INGRESAR PARA UNA OPERACI\u00d3N - DRA. GIBERT","robots":{"index":"index","follow":"follow","max-snippet":"max-snippet:-1","max-image-preview":"max-image-preview:large","max-video-preview":"max-video-preview:-1"},"canonical":"https:\/\/www.doctoragibert.com\/es\/pacientes\/el-ingreso-en-la-clinica\/ingresar-para-una-operacion\/","og_locale":"es_ES","og_type":"article","og_title":"INGRESAR PARA UNA OPERACI\u00d3N - DRA. GIBERT","og_description":"INGRESAR PARA UNA OPERACI\u00d3N Cuando tenga que ingresar para una operaci\u00f3n programada debe preparar los siguientes documentos: Documento nacional de identidad o pasaporte. Copia del consentimiento informado de Anestesia y de Ginecolog\u00eda. Pruebas complementarias que se le hayan realizado y sus informes (an\u00e1lisis y pruebas de imagen). Autorizaciones de la compa\u00f1\u00eda aseguradora. Adem\u00e1s debe prepararse [&hellip;]","og_url":"https:\/\/www.doctoragibert.com\/es\/pacientes\/el-ingreso-en-la-clinica\/ingresar-para-una-operacion\/","og_site_name":"DRA. GIBERT","article_publisher":"https:\/\/www.facebook.com\/doctoragibert","article_modified_time":"2021-08-27T08:22:05+00:00","twitter_misc":{"Tiempo de lectura":"3 minutos"},"schema":{"@context":"https:\/\/schema.org","@graph":[{"@type":"WebPage","@id":"https:\/\/www.doctoragibert.com\/es\/pacientes\/el-ingreso-en-la-clinica\/ingresar-para-una-operacion\/","url":"https:\/\/www.doctoragibert.com\/es\/pacientes\/el-ingreso-en-la-clinica\/ingresar-para-una-operacion\/","name":"INGRESAR PARA UNA OPERACI\u00d3N - DRA. GIBERT","isPartOf":{"@id":"https:\/\/www.doctoragibert.com\/es\/#website"},"datePublished":"2015-11-03T14:44:30+00:00","dateModified":"2021-08-27T08:22:05+00:00","breadcrumb":{"@id":"https:\/\/www.doctoragibert.com\/es\/pacientes\/el-ingreso-en-la-clinica\/ingresar-para-una-operacion\/#breadcrumb"},"inLanguage":"es","potentialAction":[{"@type":"ReadAction","target":["https:\/\/www.doctoragibert.com\/es\/pacientes\/el-ingreso-en-la-clinica\/ingresar-para-una-operacion\/"]}]},{"@type":"BreadcrumbList","@id":"https:\/\/www.doctoragibert.com\/es\/pacientes\/el-ingreso-en-la-clinica\/ingresar-para-una-operacion\/#breadcrumb","itemListElement":[{"@type":"ListItem","position":1,"name":"PACIENTES","item":"https:\/\/www.doctoragibert.com\/es\/pacientes\/"},{"@type":"ListItem","position":2,"name":"EL INGRESO EN LA CL\u00cdNICA","item":"https:\/\/www.doctoragibert.com\/es\/pacientes\/el-ingreso-en-la-clinica\/"},{"@type":"ListItem","position":3,"name":"INGRESAR PARA UNA OPERACI\u00d3N"}]},{"@type":"WebSite","@id":"https:\/\/www.doctoragibert.com\/es\/#website","url":"https:\/\/www.doctoragibert.com\/es\/","name":"DRA. GIBERT","description":"Ginecologia i obstetricia","potentialAction":[{"@type":"SearchAction","target":{"@type":"EntryPoint","urlTemplate":"https:\/\/www.doctoragibert.com\/es\/?s={search_term_string}"},"query-input":{"@type":"PropertyValueSpecification","valueRequired":true,"valueName":"search_term_string"}}],"inLanguage":"es"}]}},"_links":{"self":[{"href":"https:\/\/www.doctoragibert.com\/es\/wp-json\/wp\/v2\/pages\/9228","targetHints":{"allow":["GET"]}}],"collection":[{"href":"https:\/\/www.doctoragibert.com\/es\/wp-json\/wp\/v2\/pages"}],"about":[{"href":"https:\/\/www.doctoragibert.com\/es\/wp-json\/wp\/v2\/types\/page"}],"author":[{"embeddable":true,"href":"https:\/\/www.doctoragibert.com\/es\/wp-json\/wp\/v2\/users\/12"}],"replies":[{"embeddable":true,"href":"https:\/\/www.doctoragibert.com\/es\/wp-json\/wp\/v2\/comments?post=9228"}],"version-history":[{"count":5,"href":"https:\/\/www.doctoragibert.com\/es\/wp-json\/wp\/v2\/pages\/9228\/revisions"}],"predecessor-version":[{"id":16784,"href":"https:\/\/www.doctoragibert.com\/es\/wp-json\/wp\/v2\/pages\/9228\/revisions\/16784"}],"up":[{"embeddable":true,"href":"https:\/\/www.doctoragibert.com\/es\/wp-json\/wp\/v2\/pages\/15344"}],"wp:attachment":[{"href":"https:\/\/www.doctoragibert.com\/es\/wp-json\/wp\/v2\/media?parent=9228"}],"curies":[{"name":"wp","href":"https:\/\/api.w.org\/{rel}","templated":true}]}}