{"id":9234,"date":"2015-11-03T14:52:22","date_gmt":"2015-11-03T14:52:22","guid":{"rendered":"https:\/\/www.doctoragibert.com\/lingres-a-la-clinica\/preparacio-intestinal\/"},"modified":"2021-09-12T14:40:05","modified_gmt":"2021-09-12T14:40:05","slug":"preparacion-intestinal","status":"publish","type":"page","link":"https:\/\/www.doctoragibert.com\/es\/pacientes\/el-ingreso-en-la-clinica\/preparacion-intestinal\/","title":{"rendered":"PREPARACI\u00d3N INTESTINAL"},"content":{"rendered":"\t\t<div data-elementor-type=\"wp-page\" data-elementor-id=\"9234\" class=\"elementor elementor-9234 elementor-9231\">\n\t\t\t\t\t\t<section class=\"elementor-section elementor-top-section elementor-element elementor-element-6b1fc3b elementor-section-boxed elementor-section-height-default elementor-section-height-default\" data-id=\"6b1fc3b\" data-element_type=\"section\" data-settings=\"{&quot;background_background&quot;:&quot;classic&quot;}\">\n\t\t\t\t\t\t<div class=\"elementor-container elementor-column-gap-default\">\n\t\t\t\t\t<div class=\"elementor-column elementor-col-100 elementor-top-column elementor-element elementor-element-deb462d\" data-id=\"deb462d\" data-element_type=\"column\">\n\t\t\t<div class=\"elementor-widget-wrap elementor-element-populated\">\n\t\t\t\t\t\t<div class=\"elementor-element elementor-element-af410c3 elementor-widget elementor-widget-spacer\" data-id=\"af410c3\" data-element_type=\"widget\" data-widget_type=\"spacer.default\">\n\t\t\t\t<div class=\"elementor-widget-container\">\n\t\t\t\t\t\t\t<div class=\"elementor-spacer\">\n\t\t\t<div class=\"elementor-spacer-inner\"><\/div>\n\t\t<\/div>\n\t\t\t\t\t\t<\/div>\n\t\t\t\t<\/div>\n\t\t\t\t<div class=\"elementor-element elementor-element-98b1c3d elementor-widget elementor-widget-heading\" data-id=\"98b1c3d\" data-element_type=\"widget\" data-widget_type=\"heading.default\">\n\t\t\t\t<div class=\"elementor-widget-container\">\n\t\t\t\t\t<h2 class=\"elementor-heading-title elementor-size-default\">PREPARACI\u00d3N INTESTINAL<\/h2>\t\t\t\t<\/div>\n\t\t\t\t<\/div>\n\t\t\t\t<div class=\"elementor-element elementor-element-1c36405 elementor-widget-divider--view-line elementor-widget elementor-widget-divider\" data-id=\"1c36405\" data-element_type=\"widget\" data-widget_type=\"divider.default\">\n\t\t\t\t<div class=\"elementor-widget-container\">\n\t\t\t\t\t\t\t<div class=\"elementor-divider\">\n\t\t\t<span class=\"elementor-divider-separator\">\n\t\t\t\t\t\t<\/span>\n\t\t<\/div>\n\t\t\t\t\t\t<\/div>\n\t\t\t\t<\/div>\n\t\t\t\t<div class=\"elementor-element elementor-element-9a43b83 migasdepan elementor-widget elementor-widget-wp-widget-bcn_widget\" data-id=\"9a43b83\" data-element_type=\"widget\" data-widget_type=\"wp-widget-bcn_widget.default\">\n\t\t\t\t<div class=\"elementor-widget-container\">\n\t\t\t\t\t<div class=\"breadcrumbs\" vocab=\"https:\/\/schema.org\/\" typeof=\"BreadcrumbList\"><!-- Breadcrumb NavXT 7.4.1 -->\n<span property=\"itemListElement\" typeof=\"ListItem\"><a property=\"item\" typeof=\"WebPage\" title=\"Ir a DRA. GIBERT.\" href=\"https:\/\/www.doctoragibert.com\/es\/\" class=\"home\" aria-current=\"page\"><span property=\"name\">DRA. GIBERT<\/span><\/a><meta property=\"position\" content=\"1\"><\/span><\/div>\t\t\t\t<\/div>\n\t\t\t\t<\/div>\n\t\t\t\t<div class=\"elementor-element elementor-element-bee3bc7 elementor-widget elementor-widget-spacer\" data-id=\"bee3bc7\" data-element_type=\"widget\" data-widget_type=\"spacer.default\">\n\t\t\t\t<div class=\"elementor-widget-container\">\n\t\t\t\t\t\t\t<div class=\"elementor-spacer\">\n\t\t\t<div class=\"elementor-spacer-inner\"><\/div>\n\t\t<\/div>\n\t\t\t\t\t\t<\/div>\n\t\t\t\t<\/div>\n\t\t\t\t\t<\/div>\n\t\t<\/div>\n\t\t\t\t\t<\/div>\n\t\t<\/section>\n\t\t\t\t<section class=\"elementor-section elementor-top-section elementor-element elementor-element-21fc4a56 elementor-section-boxed elementor-section-height-default elementor-section-height-default\" data-id=\"21fc4a56\" data-element_type=\"section\">\n\t\t\t\t\t\t<div class=\"elementor-container elementor-column-gap-default\">\n\t\t\t\t\t<div class=\"elementor-column elementor-col-100 elementor-top-column elementor-element elementor-element-63825219\" data-id=\"63825219\" data-element_type=\"column\">\n\t\t\t<div class=\"elementor-widget-wrap elementor-element-populated\">\n\t\t\t\t\t\t<div class=\"elementor-element elementor-element-69cdd3d0 elementor-widget elementor-widget-text-editor\" data-id=\"69cdd3d0\" data-element_type=\"widget\" data-widget_type=\"text-editor.default\">\n\t\t\t\t<div class=\"elementor-widget-container\">\n\t\t\t\t\t\t\t\t\t<p><b>3 D\u00cdAS ANTES DE LA INTERVENCI\u00d3N:<\/b><\/p><p>Ha de seguir una dieta sin residuos, esto es:<\/p><ul><li>PUEDE TOMAR: caldos de verduras filtrados; tapioca, arroz y pastas; carnes magras (a la plancha y cocinadas sin grasas), h\u00edgado; quesos duros; pescado blanco (a la plancha y cocinado sin grasa); zumo de naranja filtrado; biscotes y galletas; miel y jalea; mantequilla cruda en poca cantidad; caf\u00e9s, t\u00e9s y tisanas ligeros; agua sin gas.<\/li><li><b>NO<\/b> PUEDE TOMAR: leche o derivados; sopas; huevos fritos y tortillas; verduras y patatas; carnes grasas en salsa, fritas, ahumadas o guisadas; carne de caza; v\u00edsceras y embutidos; pescado azul (caballa, at\u00fan, salm\u00f3n, anguilas, arenques, etc.), cualquier pescado en salsa o mariscos; quesos fermentados o blandos; frutas y zumos no filtrados; pan, chocolate, pasteles y dulces; grasas, aceites y salsas; especias (pimienta, mostaza, ajo, pepinillos, pimiento, etc.); caf\u00e9s y t\u00e9s fuertes; bebidas alcoh\u00f3licas (vino, cerveza, co\u00f1ac, etc.); agua con gas.<\/li><\/ul><p>Ha de reservar en su farmacia dos sobres de CitraFleet\u00ae (C.N.660393.2).<\/p><p><b>DESDE LAS 16 H DEL D\u00cdA PREVIO A LA INTERVENCI\u00d3N:<\/b><\/p><ul><li>Dieta sin residuos, S\u00d3LO L\u00cdQUIDOS (agua sin gas, caldos filtrados, zumos colados, infusiones, t\u00e9 y caf\u00e9).<\/li><li>2 sobres de CitraFleet\u00ae, uno a las 15 h del d\u00eda antes de la operaci\u00f3n y otro a las 21 horas. Reconstituir un sobre en 150 mililitros de agua y agitar durante 2-3 minutos, beberlo una vez se haya enfriado lo suficiente.<\/li><li>Tomar al menos 2 litros de agua o l\u00edquido claro o Aquarius\u00ae\/Gatorade\u00ae\/Nestea\u00ae a continuaci\u00f3n de cada sobre. En general, deber\u00e1 tratar de tomar un vaso de l\u00edquido cada hora hasta que los efectos de CitraFleet\u00ae hayan pasado. Despu\u00e9s de esto, tome l\u00edquidos claros, preferentemente agua, para satisfacer su sed hasta despu\u00e9s de la operaci\u00f3n.<\/li><li>Ayunas desde las 9:00 h de la ma\u00f1ana de la intervenci\u00f3n (ni comer ni beber).<\/li><\/ul><p>Debe seguir tambi\u00e9n las indicaciones del apartado <a href=\"https:\/\/www.doctoragibert.com\/es\/pacientes\/el-ingreso-en-la-clinica\/preparacion-intestinal\/\" target=\"_blank\" rel=\"noopener\">Ingresar para una operaci\u00f3n<\/a>, pero <b>NO<\/b> debe utilizar ning\u00fan enema adicional, pues con CitraFleet\u00ae es m\u00e1s que suficiente.<\/p><div class=\"clear\">\u00a0<\/div><p><b>Fuentes de la informaci\u00f3n:<\/b> <i>Prospecto: informaci\u00f3n para el usuario. CitraFleet, Polvo para soluci\u00f3n oral [acceso 23-3-14]. Disponible en: <a href=\"http:\/\/www.aemps.gob.es\/cima\/pdfs\/es\/p\/69539\/P_69539.pdf\" target=\"_blank\" rel=\"noopener\">http:\/\/www.aemps.gob.es\/cima\/pdfs\/es\/p\/69539\/P_69539.pdf<\/a><\/i><\/p>\t\t\t\t\t\t\t\t<\/div>\n\t\t\t\t<\/div>\n\t\t\t\t\t<\/div>\n\t\t<\/div>\n\t\t\t\t\t<\/div>\n\t\t<\/section>\n\t\t\t\t<section class=\"elementor-section elementor-top-section elementor-element elementor-element-b796a07 elementor-section-boxed elementor-section-height-default elementor-section-height-default\" data-id=\"b796a07\" data-element_type=\"section\">\n\t\t\t\t\t\t<div class=\"elementor-container elementor-column-gap-default\">\n\t\t\t\t\t<div class=\"elementor-column elementor-col-100 elementor-top-column elementor-element elementor-element-21764c0\" data-id=\"21764c0\" data-element_type=\"column\">\n\t\t\t<div class=\"elementor-widget-wrap elementor-element-populated\">\n\t\t\t\t\t\t<div class=\"elementor-element elementor-element-ccc1a4b elementor-widget elementor-widget-shortcode\" data-id=\"ccc1a4b\" data-element_type=\"widget\" data-widget_type=\"shortcode.default\">\n\t\t\t\t<div class=\"elementor-widget-container\">\n\t\t\t\t\t\t\t<div class=\"elementor-shortcode\">[ssba-buttons]<\/div>\n\t\t\t\t\t\t<\/div>\n\t\t\t\t<\/div>\n\t\t\t\t\t<\/div>\n\t\t<\/div>\n\t\t\t\t\t<\/div>\n\t\t<\/section>\n\t\t\t\t<\/div>\n\t\t","protected":false},"excerpt":{"rendered":"<p>PREPARACI\u00d3N INTESTINAL 3 D\u00cdAS ANTES DE LA INTERVENCI\u00d3N: Ha de seguir una dieta sin residuos, esto es: PUEDE TOMAR: caldos de verduras filtrados; tapioca, arroz y pastas; carnes magras (a la plancha y cocinadas sin grasas), h\u00edgado; quesos duros; pescado blanco (a la plancha y cocinado sin grasa); zumo de naranja filtrado; biscotes y galletas; [&hellip;]<\/p>\n","protected":false},"author":12,"featured_media":0,"parent":15344,"menu_order":0,"comment_status":"open","ping_status":"open","template":"elementor_header_footer","meta":{"footnotes":""},"class_list":["post-9234","page","type-page","status-publish","hentry"],"yoast_head":"<!-- This site is optimized with the Yoast SEO plugin v25.0 - https:\/\/yoast.com\/wordpress\/plugins\/seo\/ -->\n<title>PREPARACI\u00d3N INTESTINAL - DRA. GIBERT<\/title>\n<meta name=\"robots\" content=\"index, follow, max-snippet:-1, max-image-preview:large, max-video-preview:-1\" \/>\n<link rel=\"canonical\" href=\"https:\/\/www.doctoragibert.com\/es\/pacientes\/el-ingreso-en-la-clinica\/preparacion-intestinal\/\" \/>\n<meta property=\"og:locale\" content=\"es_ES\" \/>\n<meta property=\"og:type\" content=\"article\" \/>\n<meta property=\"og:title\" content=\"PREPARACI\u00d3N INTESTINAL - DRA. GIBERT\" \/>\n<meta property=\"og:description\" content=\"PREPARACI\u00d3N INTESTINAL 3 D\u00cdAS ANTES DE LA INTERVENCI\u00d3N: Ha de seguir una dieta sin residuos, esto es: PUEDE TOMAR: caldos de verduras filtrados; tapioca, arroz y pastas; carnes magras (a la plancha y cocinadas sin grasas), h\u00edgado; quesos duros; pescado blanco (a la plancha y cocinado sin grasa); zumo de naranja filtrado; biscotes y galletas; [&hellip;]\" \/>\n<meta property=\"og:url\" content=\"https:\/\/www.doctoragibert.com\/es\/pacientes\/el-ingreso-en-la-clinica\/preparacion-intestinal\/\" \/>\n<meta property=\"og:site_name\" content=\"DRA. GIBERT\" \/>\n<meta property=\"article:publisher\" content=\"https:\/\/www.facebook.com\/doctoragibert\" \/>\n<meta property=\"article:modified_time\" content=\"2021-09-12T14:40:05+00:00\" \/>\n<meta name=\"twitter:label1\" content=\"Tiempo de lectura\" \/>\n\t<meta name=\"twitter:data1\" content=\"3 minutos\" \/>\n<script type=\"application\/ld+json\" class=\"yoast-schema-graph\">{\"@context\":\"https:\/\/schema.org\",\"@graph\":[{\"@type\":\"WebPage\",\"@id\":\"https:\/\/www.doctoragibert.com\/es\/pacientes\/el-ingreso-en-la-clinica\/preparacion-intestinal\/\",\"url\":\"https:\/\/www.doctoragibert.com\/es\/pacientes\/el-ingreso-en-la-clinica\/preparacion-intestinal\/\",\"name\":\"PREPARACI\u00d3N INTESTINAL - DRA. GIBERT\",\"isPartOf\":{\"@id\":\"https:\/\/www.doctoragibert.com\/es\/#website\"},\"datePublished\":\"2015-11-03T14:52:22+00:00\",\"dateModified\":\"2021-09-12T14:40:05+00:00\",\"breadcrumb\":{\"@id\":\"https:\/\/www.doctoragibert.com\/es\/pacientes\/el-ingreso-en-la-clinica\/preparacion-intestinal\/#breadcrumb\"},\"inLanguage\":\"es\",\"potentialAction\":[{\"@type\":\"ReadAction\",\"target\":[\"https:\/\/www.doctoragibert.com\/es\/pacientes\/el-ingreso-en-la-clinica\/preparacion-intestinal\/\"]}]},{\"@type\":\"BreadcrumbList\",\"@id\":\"https:\/\/www.doctoragibert.com\/es\/pacientes\/el-ingreso-en-la-clinica\/preparacion-intestinal\/#breadcrumb\",\"itemListElement\":[{\"@type\":\"ListItem\",\"position\":1,\"name\":\"PACIENTES\",\"item\":\"https:\/\/www.doctoragibert.com\/es\/pacientes\/\"},{\"@type\":\"ListItem\",\"position\":2,\"name\":\"EL INGRESO EN LA CL\u00cdNICA\",\"item\":\"https:\/\/www.doctoragibert.com\/es\/pacientes\/el-ingreso-en-la-clinica\/\"},{\"@type\":\"ListItem\",\"position\":3,\"name\":\"PREPARACI\u00d3N INTESTINAL\"}]},{\"@type\":\"WebSite\",\"@id\":\"https:\/\/www.doctoragibert.com\/es\/#website\",\"url\":\"https:\/\/www.doctoragibert.com\/es\/\",\"name\":\"DRA. GIBERT\",\"description\":\"Ginecologia i obstetricia\",\"potentialAction\":[{\"@type\":\"SearchAction\",\"target\":{\"@type\":\"EntryPoint\",\"urlTemplate\":\"https:\/\/www.doctoragibert.com\/es\/?s={search_term_string}\"},\"query-input\":{\"@type\":\"PropertyValueSpecification\",\"valueRequired\":true,\"valueName\":\"search_term_string\"}}],\"inLanguage\":\"es\"}]}<\/script>\n<!-- \/ Yoast SEO plugin. -->","yoast_head_json":{"title":"PREPARACI\u00d3N INTESTINAL - DRA. GIBERT","robots":{"index":"index","follow":"follow","max-snippet":"max-snippet:-1","max-image-preview":"max-image-preview:large","max-video-preview":"max-video-preview:-1"},"canonical":"https:\/\/www.doctoragibert.com\/es\/pacientes\/el-ingreso-en-la-clinica\/preparacion-intestinal\/","og_locale":"es_ES","og_type":"article","og_title":"PREPARACI\u00d3N INTESTINAL - DRA. GIBERT","og_description":"PREPARACI\u00d3N INTESTINAL 3 D\u00cdAS ANTES DE LA INTERVENCI\u00d3N: Ha de seguir una dieta sin residuos, esto es: PUEDE TOMAR: caldos de verduras filtrados; tapioca, arroz y pastas; carnes magras (a la plancha y cocinadas sin grasas), h\u00edgado; quesos duros; pescado blanco (a la plancha y cocinado sin grasa); zumo de naranja filtrado; biscotes y galletas; [&hellip;]","og_url":"https:\/\/www.doctoragibert.com\/es\/pacientes\/el-ingreso-en-la-clinica\/preparacion-intestinal\/","og_site_name":"DRA. GIBERT","article_publisher":"https:\/\/www.facebook.com\/doctoragibert","article_modified_time":"2021-09-12T14:40:05+00:00","twitter_misc":{"Tiempo de lectura":"3 minutos"},"schema":{"@context":"https:\/\/schema.org","@graph":[{"@type":"WebPage","@id":"https:\/\/www.doctoragibert.com\/es\/pacientes\/el-ingreso-en-la-clinica\/preparacion-intestinal\/","url":"https:\/\/www.doctoragibert.com\/es\/pacientes\/el-ingreso-en-la-clinica\/preparacion-intestinal\/","name":"PREPARACI\u00d3N INTESTINAL - DRA. GIBERT","isPartOf":{"@id":"https:\/\/www.doctoragibert.com\/es\/#website"},"datePublished":"2015-11-03T14:52:22+00:00","dateModified":"2021-09-12T14:40:05+00:00","breadcrumb":{"@id":"https:\/\/www.doctoragibert.com\/es\/pacientes\/el-ingreso-en-la-clinica\/preparacion-intestinal\/#breadcrumb"},"inLanguage":"es","potentialAction":[{"@type":"ReadAction","target":["https:\/\/www.doctoragibert.com\/es\/pacientes\/el-ingreso-en-la-clinica\/preparacion-intestinal\/"]}]},{"@type":"BreadcrumbList","@id":"https:\/\/www.doctoragibert.com\/es\/pacientes\/el-ingreso-en-la-clinica\/preparacion-intestinal\/#breadcrumb","itemListElement":[{"@type":"ListItem","position":1,"name":"PACIENTES","item":"https:\/\/www.doctoragibert.com\/es\/pacientes\/"},{"@type":"ListItem","position":2,"name":"EL INGRESO EN LA CL\u00cdNICA","item":"https:\/\/www.doctoragibert.com\/es\/pacientes\/el-ingreso-en-la-clinica\/"},{"@type":"ListItem","position":3,"name":"PREPARACI\u00d3N INTESTINAL"}]},{"@type":"WebSite","@id":"https:\/\/www.doctoragibert.com\/es\/#website","url":"https:\/\/www.doctoragibert.com\/es\/","name":"DRA. GIBERT","description":"Ginecologia i obstetricia","potentialAction":[{"@type":"SearchAction","target":{"@type":"EntryPoint","urlTemplate":"https:\/\/www.doctoragibert.com\/es\/?s={search_term_string}"},"query-input":{"@type":"PropertyValueSpecification","valueRequired":true,"valueName":"search_term_string"}}],"inLanguage":"es"}]}},"_links":{"self":[{"href":"https:\/\/www.doctoragibert.com\/es\/wp-json\/wp\/v2\/pages\/9234","targetHints":{"allow":["GET"]}}],"collection":[{"href":"https:\/\/www.doctoragibert.com\/es\/wp-json\/wp\/v2\/pages"}],"about":[{"href":"https:\/\/www.doctoragibert.com\/es\/wp-json\/wp\/v2\/types\/page"}],"author":[{"embeddable":true,"href":"https:\/\/www.doctoragibert.com\/es\/wp-json\/wp\/v2\/users\/12"}],"replies":[{"embeddable":true,"href":"https:\/\/www.doctoragibert.com\/es\/wp-json\/wp\/v2\/comments?post=9234"}],"version-history":[{"count":5,"href":"https:\/\/www.doctoragibert.com\/es\/wp-json\/wp\/v2\/pages\/9234\/revisions"}],"predecessor-version":[{"id":17882,"href":"https:\/\/www.doctoragibert.com\/es\/wp-json\/wp\/v2\/pages\/9234\/revisions\/17882"}],"up":[{"embeddable":true,"href":"https:\/\/www.doctoragibert.com\/es\/wp-json\/wp\/v2\/pages\/15344"}],"wp:attachment":[{"href":"https:\/\/www.doctoragibert.com\/es\/wp-json\/wp\/v2\/media?parent=9234"}],"curies":[{"name":"wp","href":"https:\/\/api.w.org\/{rel}","templated":true}]}}