{"id":9259,"date":"2015-11-03T15:26:40","date_gmt":"2015-11-03T15:26:40","guid":{"rendered":"https:\/\/www.doctoragibert.com\/reproduccio\/omifin-claus-per-fer-be-el-tractament\/"},"modified":"2021-09-12T15:18:09","modified_gmt":"2021-09-12T15:18:09","slug":"omifin-claves-para-hacer-bien-el-tratamiento","status":"publish","type":"page","link":"https:\/\/www.doctoragibert.com\/es\/pacientes\/reproduccion\/omifin-claves-para-hacer-bien-el-tratamiento\/","title":{"rendered":"OMIF\u00cdN\u00ae: CLAVES PARA HACER BIEN EL TRATAMIENTO"},"content":{"rendered":"\t\t<div data-elementor-type=\"wp-page\" data-elementor-id=\"9259\" class=\"elementor elementor-9259 elementor-9254\">\n\t\t\t\t\t\t<section class=\"elementor-section elementor-top-section elementor-element elementor-element-a1b5923 elementor-section-boxed elementor-section-height-default elementor-section-height-default\" data-id=\"a1b5923\" data-element_type=\"section\" data-settings=\"{&quot;background_background&quot;:&quot;classic&quot;}\">\n\t\t\t\t\t\t<div class=\"elementor-container elementor-column-gap-default\">\n\t\t\t\t\t<div class=\"elementor-column elementor-col-100 elementor-top-column elementor-element elementor-element-0e1faaf\" data-id=\"0e1faaf\" data-element_type=\"column\">\n\t\t\t<div class=\"elementor-widget-wrap elementor-element-populated\">\n\t\t\t\t\t\t<div class=\"elementor-element elementor-element-158cd37 elementor-widget elementor-widget-spacer\" data-id=\"158cd37\" data-element_type=\"widget\" data-widget_type=\"spacer.default\">\n\t\t\t\t<div class=\"elementor-widget-container\">\n\t\t\t\t\t\t\t<div class=\"elementor-spacer\">\n\t\t\t<div class=\"elementor-spacer-inner\"><\/div>\n\t\t<\/div>\n\t\t\t\t\t\t<\/div>\n\t\t\t\t<\/div>\n\t\t\t\t<div class=\"elementor-element elementor-element-6bda90e elementor-widget elementor-widget-heading\" data-id=\"6bda90e\" data-element_type=\"widget\" data-widget_type=\"heading.default\">\n\t\t\t\t<div class=\"elementor-widget-container\">\n\t\t\t\t\t<h2 class=\"elementor-heading-title elementor-size-default\">OMIF\u00cdN\u00ae: CLAVES PARA HACER BIEN EL TRATAMIENTO<\/h2>\t\t\t\t<\/div>\n\t\t\t\t<\/div>\n\t\t\t\t<div class=\"elementor-element elementor-element-e1e3df3 elementor-widget-divider--view-line elementor-widget elementor-widget-divider\" data-id=\"e1e3df3\" data-element_type=\"widget\" data-widget_type=\"divider.default\">\n\t\t\t\t<div class=\"elementor-widget-container\">\n\t\t\t\t\t\t\t<div class=\"elementor-divider\">\n\t\t\t<span class=\"elementor-divider-separator\">\n\t\t\t\t\t\t<\/span>\n\t\t<\/div>\n\t\t\t\t\t\t<\/div>\n\t\t\t\t<\/div>\n\t\t\t\t<div class=\"elementor-element elementor-element-fb95c8e migasdepan elementor-widget elementor-widget-wp-widget-bcn_widget\" data-id=\"fb95c8e\" data-element_type=\"widget\" data-widget_type=\"wp-widget-bcn_widget.default\">\n\t\t\t\t<div class=\"elementor-widget-container\">\n\t\t\t\t\t<div class=\"breadcrumbs\" vocab=\"https:\/\/schema.org\/\" typeof=\"BreadcrumbList\"><!-- Breadcrumb NavXT 7.4.1 -->\n<span property=\"itemListElement\" typeof=\"ListItem\"><a property=\"item\" typeof=\"WebPage\" title=\"Ir a DRA. GIBERT.\" href=\"https:\/\/www.doctoragibert.com\/es\/\" class=\"home\" aria-current=\"page\"><span property=\"name\">DRA. GIBERT<\/span><\/a><meta property=\"position\" content=\"1\"><\/span><\/div>\t\t\t\t<\/div>\n\t\t\t\t<\/div>\n\t\t\t\t<div class=\"elementor-element elementor-element-02e5b43 elementor-widget elementor-widget-spacer\" data-id=\"02e5b43\" data-element_type=\"widget\" data-widget_type=\"spacer.default\">\n\t\t\t\t<div class=\"elementor-widget-container\">\n\t\t\t\t\t\t\t<div class=\"elementor-spacer\">\n\t\t\t<div class=\"elementor-spacer-inner\"><\/div>\n\t\t<\/div>\n\t\t\t\t\t\t<\/div>\n\t\t\t\t<\/div>\n\t\t\t\t\t<\/div>\n\t\t<\/div>\n\t\t\t\t\t<\/div>\n\t\t<\/section>\n\t\t\t\t<section class=\"elementor-section elementor-top-section elementor-element elementor-element-6180aad5 elementor-section-boxed elementor-section-height-default elementor-section-height-default\" data-id=\"6180aad5\" data-element_type=\"section\">\n\t\t\t\t\t\t<div class=\"elementor-container elementor-column-gap-default\">\n\t\t\t\t\t<div class=\"elementor-column elementor-col-100 elementor-top-column elementor-element elementor-element-566ab10e\" data-id=\"566ab10e\" data-element_type=\"column\">\n\t\t\t<div class=\"elementor-widget-wrap elementor-element-populated\">\n\t\t\t\t\t\t<div class=\"elementor-element elementor-element-304a6dcf elementor-widget elementor-widget-text-editor\" data-id=\"304a6dcf\" data-element_type=\"widget\" data-widget_type=\"text-editor.default\">\n\t\t\t\t<div class=\"elementor-widget-container\">\n\t\t\t\t\t\t\t\t\t<p>Una vez indicado el tratamiento con Omif\u00edn\u00ae (clomifeno), la Dra. Gibert le dar\u00e1 los siguientes <b>documentos<\/b>:<\/p><ol><li>Receta de \u00e1cido f\u00f3lico y yodo (Yodocefol\u00ae, Yoduk complex\u00ae, Yofolvit\u00ae, etc.), pues debe tomar una pastilla diaria por boca, preferentemente a la misma hora, puede tomarse antes, durante o despu\u00e9s de las comidas, desde antes de empezar el tratamiento y hasta nueva orden.<\/li><li>Receta de Omif\u00edn\u00ae (recuerde que este tratamiento no est\u00e1 financiado por la Seguridad Social y que el envase contiene 10 comprimidos de 50 mg). Al menos el primer ciclo, deber\u00e1 tomar un comprimido diario a la\u00a0 misma hora, durante 5 d\u00edas seguidos, seg\u00fan fecha de \u00faltima regla e instrucciones que detallaremos m\u00e1s adelante. Seg\u00fan la respuesta del primer ciclo, se puede aumentar la dosis para ciclos sucesivos, pero s\u00f3lo si la ginec\u00f3loga se lo indica.<\/li><li>Receta de progesterona natural micronizada (Progeffik\u00ae o Utrogest\u00e1n\u00ae), 200 mg nocturnos por v\u00eda vaginal. Si la Seguridad Social le financia la medicaci\u00f3n, s\u00f3lo le cubrir\u00e1 los comprimidos de 100 mg, en cuyo caso deber\u00e1 insertarse 2 comprimidos cada noche. Si lo paga por su cuenta, puede adquirir los comprimidos de 200 mg, por tanto bastar\u00e1 que se inserte uno cada noche. La progesterona se empezar\u00e1 a usar una vez realizado el an\u00e1lisis de la progesterona y <u>nunca antes<\/u>.<\/li><li>Tres volantes para la determinaci\u00f3n de progesterona en sangre (elija el\u00a0 Laboratorio que estime oportuno, no hace falta que acuda en ayunas para la extracci\u00f3n, que puede ser por la ma\u00f1ana o por la tarde).<\/li><li>Un volante para un test de embarazo en orina (beta-hCG). Aunque en teor\u00eda es mejor traer una peque\u00f1a cantidad de la primera orina de la ma\u00f1ana, en la pr\u00e1ctica el test es suficientemente sensible para detectar la beta-hCG en cualquier micci\u00f3n realizada a lo largo del d\u00eda.<\/li><\/ol><p>Antes de empezar con el tratamiento, ha de disponer de la <a href=\"https:\/\/www.doctoragibert.com\/wp-content\/uploads\/2015\/06\/13_06_1323_32_36Clomife_esp.pdf\" target=\"_blank\" rel=\"noopener\">hoja de instrucciones y registro del tratamiento con Omif\u00edn\u00ae<\/a>. Su uso es muy f\u00e1cil, pues s\u00f3lo debe anotar el primer d\u00eda de regla roja y sumar entre 2 y 5 d\u00edas a esta fecha, tal y como puede ver en el ejemplo, que utiliza como primer d\u00eda de regla el 8 de noviembre. Como es indiferente que empiece el segundo, el tercero, el cuarto o el quinto d\u00eda desde que comenz\u00f3 su regla, mejor que anote las diferentes opciones, al menos en el primer ciclo y <u>escoja s\u00f3lo una<\/u>, la que mejor se adapte a su ritmo de vida y al de su pareja. As\u00ed, como durante la semana de relaciones, deber\u00e1n tenerlas cada dos d\u00edas (e incluso diariamente si el semen es de calidad alta, circunstancia que ya les indicar\u00eda la Dra. Gibert), es importante que escoja la semana en la que van a estar menos atareados. Como pueden ver en el ejemplo siguiente, la semana de relaciones puede moverse entre \u00a0el 19 y el 26 de noviembre o el 22 y el 29 de noviembre.<\/p><p><img fetchpriority=\"high\" decoding=\"async\" class=\" size-full wp-image-9255 aligncenter\" src=\"https:\/\/www.doctoragibert.com\/wp-content\/uploads\/2015\/11\/omifin.png\" alt=\"omifin\" width=\"800\" height=\"221\" srcset=\"https:\/\/www.doctoragibert.com\/wp-content\/uploads\/2015\/11\/omifin.png 800w, https:\/\/www.doctoragibert.com\/wp-content\/uploads\/2015\/11\/omifin-300x83.png 300w\" sizes=\"(max-width: 800px) 100vw, 800px\" \/><\/p><p>Es conveniente que solicite cita con la ginec\u00f3loga para ser visitada entre el final de los d\u00edas de toma de Omif\u00edn\u00ae y el inicio de las relaciones. Le recomendamos que utilice la <a href=\"https:\/\/www.doctoragibert.com\/es\/solicitud-de-cita\/\" target=\"_blank\" rel=\"noopener\">cita online<\/a>\u00a0e indique en el apartado comentarios que es para control de Omif\u00edn\u00ae. En esta visita se le realizar\u00e1 una ecograf\u00eda para valorar su respuesta al tratamiento y el riesgo de embarazo m\u00faltiple. Esta ecograf\u00eda debe realizarse al menos durante el primer ciclo y puede ser aconsejable en ciclos posteriores, siempre seg\u00fan recomendaci\u00f3n de la ginec\u00f3loga.<\/p><p>El an\u00e1lisis de progesterona se puede hacer en cualquiera de los tres d\u00edas tras el fin de la semana de relaciones. La noche inmediatamente posterior al an\u00e1lisis debe iniciar la administraci\u00f3n vaginal de progesterona. Una vez tenga los resultados del an\u00e1lisis, los mande a la Dra. Gibert mediante el mail\u00a0<a href=\"mailto:consulta@doctoragibert.com\">consulta@doctoragibert.com<\/a>\u00a0como elemento adjunto y en forma de documento con la extensi\u00f3n .pdf\u00a0 o bien en forma de foto que usted misma puede realizar con su m\u00f3vil. Si la ginec\u00f3loga ha recibido su correo, le responder\u00e1 en un lapso m\u00e1ximo de 48 horas.<\/p><p>Si <strong>no tiene la regla<\/strong> el d\u00eda que le corresponde puede ocurrir o bien que est\u00e9 embarazada, o bien que la progesterona no le deje bajar la menstruaci\u00f3n. En este caso, lo mejor es hacerse el test de embarazo en orina y si el resultado es positivo, siga con la progesterona vaginal y cumplimente el <a href=\"https:\/\/www.doctoragibert.com\/es\/solicitud-de-cita\/\" target=\"_blank\" rel=\"noopener\">formulario para pedirnos cita<\/a>. En el caso de que fuera negativo, deje la progesterona vaginal, anote el primer d\u00eda de regla roja y vuelva a empezar con otro ciclo de Omif\u00edn\u00ae. Si<strong> la regla empieza <\/strong>a pesar del uso de progesterona vaginal, d\u00e9jela, anote tambi\u00e9n el primer d\u00eda de regla roja y reinicie otro ciclo de tratamiento.<\/p><p><strong>Fuentes de la informaci\u00f3n:<br \/><\/strong>Opini\u00f3n personal.<\/p>\t\t\t\t\t\t\t\t<\/div>\n\t\t\t\t<\/div>\n\t\t\t\t\t<\/div>\n\t\t<\/div>\n\t\t\t\t\t<\/div>\n\t\t<\/section>\n\t\t\t\t<section class=\"elementor-section elementor-top-section elementor-element elementor-element-0493c81 elementor-section-boxed elementor-section-height-default elementor-section-height-default\" data-id=\"0493c81\" data-element_type=\"section\">\n\t\t\t\t\t\t<div class=\"elementor-container elementor-column-gap-default\">\n\t\t\t\t\t<div class=\"elementor-column elementor-col-100 elementor-top-column elementor-element elementor-element-2b60150\" data-id=\"2b60150\" data-element_type=\"column\">\n\t\t\t<div class=\"elementor-widget-wrap elementor-element-populated\">\n\t\t\t\t\t\t<div class=\"elementor-element elementor-element-b2cf5d3 elementor-widget elementor-widget-shortcode\" data-id=\"b2cf5d3\" data-element_type=\"widget\" data-widget_type=\"shortcode.default\">\n\t\t\t\t<div class=\"elementor-widget-container\">\n\t\t\t\t\t\t\t<div class=\"elementor-shortcode\">[ssba-buttons]<\/div>\n\t\t\t\t\t\t<\/div>\n\t\t\t\t<\/div>\n\t\t\t\t\t<\/div>\n\t\t<\/div>\n\t\t\t\t\t<\/div>\n\t\t<\/section>\n\t\t\t\t<\/div>\n\t\t","protected":false},"excerpt":{"rendered":"<p>OMIF\u00cdN\u00ae: CLAVES PARA HACER BIEN EL TRATAMIENTO Una vez indicado el tratamiento con Omif\u00edn\u00ae (clomifeno), la Dra. Gibert le dar\u00e1 los siguientes documentos: Receta de \u00e1cido f\u00f3lico y yodo (Yodocefol\u00ae, Yoduk complex\u00ae, Yofolvit\u00ae, etc.), pues debe tomar una pastilla diaria por boca, preferentemente a la misma hora, puede tomarse antes, durante o despu\u00e9s de las [&hellip;]<\/p>\n","protected":false},"author":12,"featured_media":0,"parent":15317,"menu_order":0,"comment_status":"open","ping_status":"open","template":"elementor_header_footer","meta":{"footnotes":""},"class_list":["post-9259","page","type-page","status-publish","hentry"],"yoast_head":"<!-- This site is optimized with the Yoast SEO plugin v25.0 - https:\/\/yoast.com\/wordpress\/plugins\/seo\/ -->\n<title>OMIF\u00cdN\u00ae: CLAVES PARA HACER BIEN EL TRATAMIENTO - DRA. GIBERT<\/title>\n<meta name=\"robots\" content=\"index, follow, max-snippet:-1, max-image-preview:large, max-video-preview:-1\" \/>\n<link rel=\"canonical\" href=\"https:\/\/www.doctoragibert.com\/es\/pacientes\/reproduccion\/omifin-claves-para-hacer-bien-el-tratamiento\/\" \/>\n<meta property=\"og:locale\" content=\"es_ES\" \/>\n<meta property=\"og:type\" content=\"article\" \/>\n<meta property=\"og:title\" content=\"OMIF\u00cdN\u00ae: CLAVES PARA HACER BIEN EL TRATAMIENTO - DRA. GIBERT\" \/>\n<meta property=\"og:description\" content=\"OMIF\u00cdN\u00ae: CLAVES PARA HACER BIEN EL TRATAMIENTO Una vez indicado el tratamiento con Omif\u00edn\u00ae (clomifeno), la Dra. Gibert le dar\u00e1 los siguientes documentos: Receta de \u00e1cido f\u00f3lico y yodo (Yodocefol\u00ae, Yoduk complex\u00ae, Yofolvit\u00ae, etc.), pues debe tomar una pastilla diaria por boca, preferentemente a la misma hora, puede tomarse antes, durante o despu\u00e9s de las [&hellip;]\" \/>\n<meta property=\"og:url\" content=\"https:\/\/www.doctoragibert.com\/es\/pacientes\/reproduccion\/omifin-claves-para-hacer-bien-el-tratamiento\/\" \/>\n<meta property=\"og:site_name\" content=\"DRA. GIBERT\" \/>\n<meta property=\"article:publisher\" content=\"https:\/\/www.facebook.com\/doctoragibert\" \/>\n<meta property=\"article:modified_time\" content=\"2021-09-12T15:18:09+00:00\" \/>\n<meta property=\"og:image\" content=\"https:\/\/www.doctoragibert.com\/wp-content\/uploads\/2015\/11\/omifin.png\" \/>\n<meta name=\"twitter:label1\" content=\"Tiempo de lectura\" \/>\n\t<meta name=\"twitter:data1\" content=\"5 minutos\" \/>\n<script type=\"application\/ld+json\" class=\"yoast-schema-graph\">{\"@context\":\"https:\/\/schema.org\",\"@graph\":[{\"@type\":\"WebPage\",\"@id\":\"https:\/\/www.doctoragibert.com\/es\/pacientes\/reproduccion\/omifin-claves-para-hacer-bien-el-tratamiento\/\",\"url\":\"https:\/\/www.doctoragibert.com\/es\/pacientes\/reproduccion\/omifin-claves-para-hacer-bien-el-tratamiento\/\",\"name\":\"OMIF\u00cdN\u00ae: CLAVES PARA HACER BIEN EL TRATAMIENTO - DRA. GIBERT\",\"isPartOf\":{\"@id\":\"https:\/\/www.doctoragibert.com\/es\/#website\"},\"primaryImageOfPage\":{\"@id\":\"https:\/\/www.doctoragibert.com\/es\/pacientes\/reproduccion\/omifin-claves-para-hacer-bien-el-tratamiento\/#primaryimage\"},\"image\":{\"@id\":\"https:\/\/www.doctoragibert.com\/es\/pacientes\/reproduccion\/omifin-claves-para-hacer-bien-el-tratamiento\/#primaryimage\"},\"thumbnailUrl\":\"https:\/\/www.doctoragibert.com\/wp-content\/uploads\/2015\/11\/omifin.png\",\"datePublished\":\"2015-11-03T15:26:40+00:00\",\"dateModified\":\"2021-09-12T15:18:09+00:00\",\"breadcrumb\":{\"@id\":\"https:\/\/www.doctoragibert.com\/es\/pacientes\/reproduccion\/omifin-claves-para-hacer-bien-el-tratamiento\/#breadcrumb\"},\"inLanguage\":\"es\",\"potentialAction\":[{\"@type\":\"ReadAction\",\"target\":[\"https:\/\/www.doctoragibert.com\/es\/pacientes\/reproduccion\/omifin-claves-para-hacer-bien-el-tratamiento\/\"]}]},{\"@type\":\"ImageObject\",\"inLanguage\":\"es\",\"@id\":\"https:\/\/www.doctoragibert.com\/es\/pacientes\/reproduccion\/omifin-claves-para-hacer-bien-el-tratamiento\/#primaryimage\",\"url\":\"https:\/\/www.doctoragibert.com\/wp-content\/uploads\/2015\/11\/omifin.png\",\"contentUrl\":\"https:\/\/www.doctoragibert.com\/wp-content\/uploads\/2015\/11\/omifin.png\"},{\"@type\":\"BreadcrumbList\",\"@id\":\"https:\/\/www.doctoragibert.com\/es\/pacientes\/reproduccion\/omifin-claves-para-hacer-bien-el-tratamiento\/#breadcrumb\",\"itemListElement\":[{\"@type\":\"ListItem\",\"position\":1,\"name\":\"PACIENTES\",\"item\":\"https:\/\/www.doctoragibert.com\/es\/pacientes\/\"},{\"@type\":\"ListItem\",\"position\":2,\"name\":\"REPRODUCCI\u00d3N\",\"item\":\"https:\/\/www.doctoragibert.com\/es\/pacientes\/reproduccion\/\"},{\"@type\":\"ListItem\",\"position\":3,\"name\":\"OMIF\u00cdN\u00ae: CLAVES PARA HACER BIEN EL TRATAMIENTO\"}]},{\"@type\":\"WebSite\",\"@id\":\"https:\/\/www.doctoragibert.com\/es\/#website\",\"url\":\"https:\/\/www.doctoragibert.com\/es\/\",\"name\":\"DRA. GIBERT\",\"description\":\"Ginecologia i obstetricia\",\"potentialAction\":[{\"@type\":\"SearchAction\",\"target\":{\"@type\":\"EntryPoint\",\"urlTemplate\":\"https:\/\/www.doctoragibert.com\/es\/?s={search_term_string}\"},\"query-input\":{\"@type\":\"PropertyValueSpecification\",\"valueRequired\":true,\"valueName\":\"search_term_string\"}}],\"inLanguage\":\"es\"}]}<\/script>\n<!-- \/ Yoast SEO plugin. -->","yoast_head_json":{"title":"OMIF\u00cdN\u00ae: CLAVES PARA HACER BIEN EL TRATAMIENTO - DRA. GIBERT","robots":{"index":"index","follow":"follow","max-snippet":"max-snippet:-1","max-image-preview":"max-image-preview:large","max-video-preview":"max-video-preview:-1"},"canonical":"https:\/\/www.doctoragibert.com\/es\/pacientes\/reproduccion\/omifin-claves-para-hacer-bien-el-tratamiento\/","og_locale":"es_ES","og_type":"article","og_title":"OMIF\u00cdN\u00ae: CLAVES PARA HACER BIEN EL TRATAMIENTO - DRA. GIBERT","og_description":"OMIF\u00cdN\u00ae: CLAVES PARA HACER BIEN EL TRATAMIENTO Una vez indicado el tratamiento con Omif\u00edn\u00ae (clomifeno), la Dra. Gibert le dar\u00e1 los siguientes documentos: Receta de \u00e1cido f\u00f3lico y yodo (Yodocefol\u00ae, Yoduk complex\u00ae, Yofolvit\u00ae, etc.), pues debe tomar una pastilla diaria por boca, preferentemente a la misma hora, puede tomarse antes, durante o despu\u00e9s de las [&hellip;]","og_url":"https:\/\/www.doctoragibert.com\/es\/pacientes\/reproduccion\/omifin-claves-para-hacer-bien-el-tratamiento\/","og_site_name":"DRA. GIBERT","article_publisher":"https:\/\/www.facebook.com\/doctoragibert","article_modified_time":"2021-09-12T15:18:09+00:00","og_image":[{"url":"https:\/\/www.doctoragibert.com\/wp-content\/uploads\/2015\/11\/omifin.png","type":"","width":"","height":""}],"twitter_misc":{"Tiempo de lectura":"5 minutos"},"schema":{"@context":"https:\/\/schema.org","@graph":[{"@type":"WebPage","@id":"https:\/\/www.doctoragibert.com\/es\/pacientes\/reproduccion\/omifin-claves-para-hacer-bien-el-tratamiento\/","url":"https:\/\/www.doctoragibert.com\/es\/pacientes\/reproduccion\/omifin-claves-para-hacer-bien-el-tratamiento\/","name":"OMIF\u00cdN\u00ae: CLAVES PARA HACER BIEN EL TRATAMIENTO - DRA. GIBERT","isPartOf":{"@id":"https:\/\/www.doctoragibert.com\/es\/#website"},"primaryImageOfPage":{"@id":"https:\/\/www.doctoragibert.com\/es\/pacientes\/reproduccion\/omifin-claves-para-hacer-bien-el-tratamiento\/#primaryimage"},"image":{"@id":"https:\/\/www.doctoragibert.com\/es\/pacientes\/reproduccion\/omifin-claves-para-hacer-bien-el-tratamiento\/#primaryimage"},"thumbnailUrl":"https:\/\/www.doctoragibert.com\/wp-content\/uploads\/2015\/11\/omifin.png","datePublished":"2015-11-03T15:26:40+00:00","dateModified":"2021-09-12T15:18:09+00:00","breadcrumb":{"@id":"https:\/\/www.doctoragibert.com\/es\/pacientes\/reproduccion\/omifin-claves-para-hacer-bien-el-tratamiento\/#breadcrumb"},"inLanguage":"es","potentialAction":[{"@type":"ReadAction","target":["https:\/\/www.doctoragibert.com\/es\/pacientes\/reproduccion\/omifin-claves-para-hacer-bien-el-tratamiento\/"]}]},{"@type":"ImageObject","inLanguage":"es","@id":"https:\/\/www.doctoragibert.com\/es\/pacientes\/reproduccion\/omifin-claves-para-hacer-bien-el-tratamiento\/#primaryimage","url":"https:\/\/www.doctoragibert.com\/wp-content\/uploads\/2015\/11\/omifin.png","contentUrl":"https:\/\/www.doctoragibert.com\/wp-content\/uploads\/2015\/11\/omifin.png"},{"@type":"BreadcrumbList","@id":"https:\/\/www.doctoragibert.com\/es\/pacientes\/reproduccion\/omifin-claves-para-hacer-bien-el-tratamiento\/#breadcrumb","itemListElement":[{"@type":"ListItem","position":1,"name":"PACIENTES","item":"https:\/\/www.doctoragibert.com\/es\/pacientes\/"},{"@type":"ListItem","position":2,"name":"REPRODUCCI\u00d3N","item":"https:\/\/www.doctoragibert.com\/es\/pacientes\/reproduccion\/"},{"@type":"ListItem","position":3,"name":"OMIF\u00cdN\u00ae: CLAVES PARA HACER BIEN EL TRATAMIENTO"}]},{"@type":"WebSite","@id":"https:\/\/www.doctoragibert.com\/es\/#website","url":"https:\/\/www.doctoragibert.com\/es\/","name":"DRA. GIBERT","description":"Ginecologia i obstetricia","potentialAction":[{"@type":"SearchAction","target":{"@type":"EntryPoint","urlTemplate":"https:\/\/www.doctoragibert.com\/es\/?s={search_term_string}"},"query-input":{"@type":"PropertyValueSpecification","valueRequired":true,"valueName":"search_term_string"}}],"inLanguage":"es"}]}},"_links":{"self":[{"href":"https:\/\/www.doctoragibert.com\/es\/wp-json\/wp\/v2\/pages\/9259","targetHints":{"allow":["GET"]}}],"collection":[{"href":"https:\/\/www.doctoragibert.com\/es\/wp-json\/wp\/v2\/pages"}],"about":[{"href":"https:\/\/www.doctoragibert.com\/es\/wp-json\/wp\/v2\/types\/page"}],"author":[{"embeddable":true,"href":"https:\/\/www.doctoragibert.com\/es\/wp-json\/wp\/v2\/users\/12"}],"replies":[{"embeddable":true,"href":"https:\/\/www.doctoragibert.com\/es\/wp-json\/wp\/v2\/comments?post=9259"}],"version-history":[{"count":5,"href":"https:\/\/www.doctoragibert.com\/es\/wp-json\/wp\/v2\/pages\/9259\/revisions"}],"predecessor-version":[{"id":17924,"href":"https:\/\/www.doctoragibert.com\/es\/wp-json\/wp\/v2\/pages\/9259\/revisions\/17924"}],"up":[{"embeddable":true,"href":"https:\/\/www.doctoragibert.com\/es\/wp-json\/wp\/v2\/pages\/15317"}],"wp:attachment":[{"href":"https:\/\/www.doctoragibert.com\/es\/wp-json\/wp\/v2\/media?parent=9259"}],"curies":[{"name":"wp","href":"https:\/\/api.w.org\/{rel}","templated":true}]}}