{"id":9273,"date":"2015-11-03T15:50:56","date_gmt":"2015-11-03T15:50:56","guid":{"rendered":"https:\/\/www.doctoragibert.com\/reproduccio\/tecniques-de-reproduccio-assistida-on-ens-tractarem\/"},"modified":"2021-09-13T07:02:31","modified_gmt":"2021-09-13T07:02:31","slug":"tecnicas-de-reproduccion-asistida-donde-nos-vamos-a-tratar","status":"publish","type":"page","link":"https:\/\/www.doctoragibert.com\/es\/pacientes\/reproduccion\/tecnicas-de-reproduccion-asistida-donde-nos-vamos-a-tratar\/","title":{"rendered":"T\u00c9CNICAS DE REPRODUCCI\u00d3N ASISTIDA: \u00bfd\u00f3nde nos vamos a tratar?"},"content":{"rendered":"\t\t<div data-elementor-type=\"wp-page\" data-elementor-id=\"9273\" class=\"elementor elementor-9273 elementor-9269\">\n\t\t\t\t\t\t<section class=\"elementor-section elementor-top-section elementor-element elementor-element-00ed7ef elementor-section-boxed elementor-section-height-default elementor-section-height-default\" data-id=\"00ed7ef\" data-element_type=\"section\" data-settings=\"{&quot;background_background&quot;:&quot;classic&quot;}\">\n\t\t\t\t\t\t<div class=\"elementor-container elementor-column-gap-default\">\n\t\t\t\t\t<div class=\"elementor-column elementor-col-100 elementor-top-column elementor-element elementor-element-5d05875\" data-id=\"5d05875\" data-element_type=\"column\">\n\t\t\t<div class=\"elementor-widget-wrap elementor-element-populated\">\n\t\t\t\t\t\t<div class=\"elementor-element elementor-element-acd41fe elementor-widget elementor-widget-spacer\" data-id=\"acd41fe\" data-element_type=\"widget\" data-widget_type=\"spacer.default\">\n\t\t\t\t<div class=\"elementor-widget-container\">\n\t\t\t\t\t\t\t<div class=\"elementor-spacer\">\n\t\t\t<div class=\"elementor-spacer-inner\"><\/div>\n\t\t<\/div>\n\t\t\t\t\t\t<\/div>\n\t\t\t\t<\/div>\n\t\t\t\t<div class=\"elementor-element elementor-element-b0b1148 elementor-widget elementor-widget-heading\" data-id=\"b0b1148\" data-element_type=\"widget\" data-widget_type=\"heading.default\">\n\t\t\t\t<div class=\"elementor-widget-container\">\n\t\t\t\t\t<h2 class=\"elementor-heading-title elementor-size-default\">T\u00c9CNICAS DE REPRODUCCI\u00d3N ASISTIDA: \u00bfd\u00f3nde nos vamos a tratar?<\/h2>\t\t\t\t<\/div>\n\t\t\t\t<\/div>\n\t\t\t\t<div class=\"elementor-element elementor-element-074f443 elementor-widget-divider--view-line elementor-widget elementor-widget-divider\" data-id=\"074f443\" data-element_type=\"widget\" data-widget_type=\"divider.default\">\n\t\t\t\t<div class=\"elementor-widget-container\">\n\t\t\t\t\t\t\t<div class=\"elementor-divider\">\n\t\t\t<span class=\"elementor-divider-separator\">\n\t\t\t\t\t\t<\/span>\n\t\t<\/div>\n\t\t\t\t\t\t<\/div>\n\t\t\t\t<\/div>\n\t\t\t\t<div class=\"elementor-element elementor-element-c46784e migasdepan elementor-widget elementor-widget-wp-widget-bcn_widget\" data-id=\"c46784e\" data-element_type=\"widget\" data-widget_type=\"wp-widget-bcn_widget.default\">\n\t\t\t\t<div class=\"elementor-widget-container\">\n\t\t\t\t\t<div class=\"breadcrumbs\" vocab=\"https:\/\/schema.org\/\" typeof=\"BreadcrumbList\"><!-- Breadcrumb NavXT 7.4.1 -->\n<span property=\"itemListElement\" typeof=\"ListItem\"><a property=\"item\" typeof=\"WebPage\" title=\"Ir a DRA. GIBERT.\" href=\"https:\/\/www.doctoragibert.com\/es\/\" class=\"home\" aria-current=\"page\"><span property=\"name\">DRA. GIBERT<\/span><\/a><meta property=\"position\" content=\"1\"><\/span><\/div>\t\t\t\t<\/div>\n\t\t\t\t<\/div>\n\t\t\t\t<div class=\"elementor-element elementor-element-c00d020 elementor-widget elementor-widget-spacer\" data-id=\"c00d020\" data-element_type=\"widget\" data-widget_type=\"spacer.default\">\n\t\t\t\t<div class=\"elementor-widget-container\">\n\t\t\t\t\t\t\t<div class=\"elementor-spacer\">\n\t\t\t<div class=\"elementor-spacer-inner\"><\/div>\n\t\t<\/div>\n\t\t\t\t\t\t<\/div>\n\t\t\t\t<\/div>\n\t\t\t\t\t<\/div>\n\t\t<\/div>\n\t\t\t\t\t<\/div>\n\t\t<\/section>\n\t\t\t\t<section class=\"elementor-section elementor-top-section elementor-element elementor-element-1e786571 elementor-section-boxed elementor-section-height-default elementor-section-height-default\" data-id=\"1e786571\" data-element_type=\"section\">\n\t\t\t\t\t\t<div class=\"elementor-container elementor-column-gap-default\">\n\t\t\t\t\t<div class=\"elementor-column elementor-col-100 elementor-top-column elementor-element elementor-element-7252b484\" data-id=\"7252b484\" data-element_type=\"column\">\n\t\t\t<div class=\"elementor-widget-wrap elementor-element-populated\">\n\t\t\t\t\t\t<div class=\"elementor-element elementor-element-3b885e0a elementor-widget elementor-widget-text-editor\" data-id=\"3b885e0a\" data-element_type=\"widget\" data-widget_type=\"text-editor.default\">\n\t\t\t\t<div class=\"elementor-widget-container\">\n\t\t\t\t\t\t\t\t\t<p><img decoding=\"async\" class=\"alignleft size-full wp-image-9270\" src=\"https:\/\/www.doctoragibert.com\/wp-content\/uploads\/2015\/11\/repro.jpg\" alt=\"repro\" width=\"250\" height=\"169\" \/><\/p><p>Una vez realizados los tratamientos m\u00e1s simples explicados <a href=\"https:\/\/www.doctoragibert.com\/es\/pacientes\/reproduccion\/tratamientos-de-la-esterilidiad\/\" target=\"_blank\" rel=\"noopener\">en otra parte de la web<\/a> sin haber obtenido resultado, hay que <b>recurrir a una cl\u00ednica especializada en tratamientos de esterilidad<\/b> que, preceptivamente, tiene un laboratorio en sus instalaciones e incluso un quir\u00f3fano para realizar punciones ov\u00e1ricas y transferencias de embriones.<\/p><p>Como ya os hemos explicado, es importante disponer de un <b>presupuesto adecuado<\/b> para no tener que interrumpir el tratamiento a medio camino, cuando estamos a punto de conseguir nuestro objetivo. Hay que considerar <b>recurrir a la Seguridad Social<\/b> en aquellos casos en los que nuestro presupuesto sea muy ajustado, pero lamentablemente, debido a las restricciones econ\u00f3micas, la cartera p\u00fablica de servicios no es lo amplia que desear\u00edamos. No obstante, son todav\u00eda muchas las mujeres que se podr\u00e1n beneficiar de varios tratamientos en la sanidad p\u00fablica, lo que supone, aparte de un ahorro y un probable embarazo, poder probar una serie de opciones que, si no funcionan, mejor no volver a recurrir a ellas en la sanidad privada. Ello permite destinar vuestro presupuesto a aquellas t\u00e9cnicas que no entren en cartera de servicios de la sanidad p\u00fablica y que sean adecuadas para vuestro caso concreto.\u00a0Por otra parte, es de justicia destacar que la sanidad p\u00fablica no s\u00f3lo cubre los actos sanitarios sino que tambi\u00e9n financia la medicaci\u00f3n.<\/p><p>En cualquier caso, tanto en sanidad p\u00fablica como en privada, hay que cumplir la <b><a href=\"https:\/\/www.boe.es\/diario_boe\/txt.php?id=BOE-A-2006-9292\" target=\"_blank\" rel=\"noopener\">Ley 14\/2006, de 26 de mayo, sobre t\u00e9cnicas de reproducci\u00f3n humana asistida<\/a><\/b>. Esta normativa permite realizar las mencionadas t\u00e9cnicas s\u00f3lo cuando haya posibilidades razonables de \u00e9xito y, adem\u00e1s, no supongan riesgo grave para la salud, f\u00edsica o ps\u00edquica, ni de la mujer ni de la posible descendencia. Ello implica que en el caso de:<\/p><ul><li>Enfermedad cr\u00f3nica, debe aportarse un informe al especialista correspondiente que dictamine que no hay contraindicaci\u00f3n de aplicaci\u00f3n de t\u00e9cnicas de reproducci\u00f3n asistida, ni de gestaci\u00f3n, ni riesgo superior al habitual para la descendencia.<\/li><li>Enfermedades hereditarias (herencia mendeliana), si el portador es el var\u00f3n, indicaremos tratamientos con semen de donante; si la portadora es la mujer, se podr\u00e1 optar por la donaci\u00f3n de \u00f3vulos o el diagn\u00f3stico gen\u00e9tico preimplantacional, procedimientos que a d\u00eda de hoy s\u00f3lo se pueden realizar en la sanidad privada.<\/li><\/ul><p>A continuaci\u00f3n, os detallamos las condiciones para acceder a la <b>sanidad p\u00fablica en la Comunitat Aut\u00f2noma Illes Balears<\/b> (<b><a href=\"https:\/\/www.doctoragibert.com\/wp-content\/uploads\/2021\/09\/Circular_03_09_Ib-salut_v2013.pdf\">circular 03\/09 del Ib-salut<\/a><\/b>):<\/p><ol><li>Esterilidad primaria de los dos miembros de la pareja (se excluyen los casos con esterilizaci\u00f3n voluntaria de alguno de los miembros).<\/li><li>Mujeres solas u homosexuales sin hijos.<\/li><li>Poseedores de tarjeta sanitaria en vigor y con derecho a prestaciones.<\/li><li>No deben estar en lista de espera de otro centro sanitario p\u00fablico.<\/li><li>Ning\u00fan miembro de la pareja debe tener hijos vivos con ninguna otra pareja.<\/li><li>Deben ser matrimonio o pareja (han de aportar a la Unidad de Reproducci\u00f3n Humana correspondiente, un documento firmado por ambos declarando tal situaci\u00f3n).<\/li><li>Deben llegar con un volante motivado de derivaci\u00f3n del ginec\u00f3logo de su Centro de Salud, o de cualquier especialista en el ejercicio de sus funciones en otro centro sanitario p\u00fablico de Illes Balears.<\/li><\/ol><p><b>Inseminaciones artificiales:<\/b><\/p><ul><li>No se har\u00e1n nunca m\u00e1s de 4 ciclos (incluyendo los ciclos que se haya podido haber realizado en otros centros p\u00fablicos o privados).<\/li><li>S\u00f3lo se har\u00e1n <b>hasta los 37 a\u00f1os y 364 d\u00edas<\/b> de edad de la mujer.<\/li><\/ul><p><b>Fecundaci\u00f3n in vitro:<\/b><\/p><ul><li>No se har\u00e1n nunca m\u00e1s de 3 ciclos (no se cuentan los que se hayan podido hacer en otros centros privados).<\/li><li>Baja reserva ov\u00e1rica: a la mujer sospechosa de estar en este grupo, se le realizar\u00e1 un ciclo con gonadotropinas a dosis m\u00e1ximas, y si se le cancela la punci\u00f3n o la transferencia saldr\u00e1 del programa.<\/li><li>S\u00f3lo las mujeres <b>con edad m\u00e1xima de 38 a\u00f1os y 364 d\u00edas<\/b> podr\u00e1n empezar el primer ciclo. Como la lista de espera ordinaria de fecundaci\u00f3n in vitro suele oscilar entre 8 y 12 meses, a las mujeres de edades m\u00e1s avanzadas se les explicar\u00e1 que ser\u00e1n excluidas del tratamiento si su primer ciclo se les programa cuando hayan cumplido los 39 a\u00f1os (esto es, una vez se haya hecho el primer ciclo, la edad se deja de tener en cuenta para realizar el resto de los ciclos).<\/li><\/ul><p><b>ATENCI\u00d3N:<\/b> como consecuencia de la\u00a0<a href=\"https:\/\/www.boe.es\/boe\/dias\/2014\/11\/06\/pdfs\/BOE-A-2014-11444.pdf\" target=\"_blank\" rel=\"noopener\">Orden SSI\/2065\/2014, de 31 de octubre<\/a>, las condiciones para acceder a las prestaciones de la sanidad p\u00fablica han mejorado sustancialmente, por lo que les aconsejamos que accedan <a href=\"https:\/\/www.doctoragibert.com\/es\/ampliacion-de-la-cartera-de-servicios-de-reproduccion-asistida-en-la-seguridad-repercusion-para-los-administrados-de-las-illes-balears\" target=\"_blank\" rel=\"noopener\">a la noticia que da cuenta de ello<\/a>. Una vez sepamos c\u00f3mo se concretan en la pr\u00e1ctica las nuevas directrices, las detallaremos en este texto.<\/p><p>La fecundaci\u00f3n in vitro se realiza en el <a href=\"http:\/\/www.hospitalsonespases.es\/?lang=es\" target=\"_blank\" rel=\"noopener\">Hospital Universitari Son Espases<\/a> y en el <a href=\"http:\/\/www.hsll.es\/es\" target=\"_blank\" rel=\"noopener\">Hospital Son Ll\u00e0tzer<\/a>, mientras que las inseminaciones artificiales se realizan en todos los hospitales p\u00fablicos. Asimismo, si pertenec\u00e9is al \u00e1rea de referencia de los hospitales comarcales (<a href=\"http:\/\/www.ibsalut.es\/hcin\/index.php?lang=es\" target=\"_blank\" rel=\"noopener\">Inca<\/a> y <a href=\"http:\/\/fundacion.hospitalmanacor.org\/\" target=\"_blank\" rel=\"noopener\">Manacor<\/a>), en caso de precisar fecundaci\u00f3n in vitro os derivar\u00e1n a Son Espases. Los profesionales que trabajan en todos estos centros brindan unos servicios de calidad contrastada.<\/p><p>Si hab\u00e9is decidido recurrir al <b>sector privado<\/b>, la oferta en Mallorca es tambi\u00e9n extensa y de calidad, pues contamos con cuatro centros:<\/p><ul><li><a href=\"http:\/\/www.institutodefertilidad.es\/\" target=\"_blank\" rel=\"noopener\">Instituto de Fertilidad<\/a>.<\/li><li><a href=\"http:\/\/www.fertility-center-mallorca.com\/es\/Bienvenidos.aspx\" target=\"_blank\" rel=\"noopener\">Fertility Center<\/a>.<\/li><li><a href=\"http:\/\/www.ibi-es.com\/\" target=\"_blank\" rel=\"noopener\">IBIlab<\/a>.<\/li><li><a href=\"http:\/\/www.cefivba.com\/web\/es\" target=\"_blank\" rel=\"noopener\">CEFIVBA<\/a>.<\/li><\/ul><p>Como las t\u00e9cnicas de reproducci\u00f3n asistida ya llevan varias d\u00e9cadas de recorrido y los profesionales que las aplican en nuestra isla son experimentados, considero que ten\u00e9is las mismas oportunidades de gestaci\u00f3n tanto en Mallorca como fuera de ella. Sin embargo, es importante considerar:<\/p><ul><li>Si el centro elegido manda sus resultados peri\u00f3dicamente al <a href=\"http:\/\/nuevo.sefertilidad.com\/registro2.php\" target=\"_blank\" rel=\"noopener\">Registro<\/a> de la <a href=\"http:\/\/nuevo.sefertilidad.com\/index.php\" target=\"_blank\" rel=\"noopener\">Sociedad Espa\u00f1ola de Fertilidad<\/a>. Aunque algunas veces las estad\u00edsticas pueden no reflejar la realidad exacta, entiendo que pertenecer al registro es un compromiso de transparencia y de autoevaluaci\u00f3n de la actividad y de los resultados, pues dar los datos al Registro no es obligatorio.<\/li><li>Los resultados del centro para casos similares al vuestro, esto es, teniendo en cuenta la edad de las mujeres y la causa o causas concretas de esterilidad. Recordad que nos interesa poco el porcentaje de mujeres tratadas con resultado de presencia de hormona del embarazo en la sangre, lo que realmente nos interesa es el porcentaje de mujeres que llega al parto y se lleva a su hijo a casa.<\/li><li>Los horarios del centro y la accesibilidad tanto a las consultas como a los lugares de extracci\u00f3n de sangre para los an\u00e1lisis, pues los tratamientos se pueden alargar y cuando menos interfieran en nuestra rutina diaria, menos estr\u00e9s y mejores resultados.<\/li><li>Los precios, pues aunque no hay grandes diferencias entre los centros, algunos los ajustan m\u00e1s, ofrecen mejores opciones de financiaci\u00f3n o brindan m\u00e1s servicios.<\/li><\/ul><div class=\"clear\">\u00a0<\/div><p><b>Fuentes de la informaci\u00f3n:<\/b> <i><\/i><\/p><ul><li>Ley 14\/2006, de 26 de mayo, sobre t\u00e9cnicas de reproducci\u00f3n humana asistida. [acceso 27-4-14]. Disponible en:\u00a0<a href=\"https:\/\/www.boe.es\/diario_boe\/txt.php?id=BOE-A-2006-9292\">https:\/\/www.boe.es\/diario_boe\/txt.php?id=BOE-A-2006-9292<\/a><\/li><li>Ib-salut. Criteris d\u2019aplicaci\u00f3 de la circular 03\/09 sobre FIV. 15-4-13.<\/li><\/ul><div class=\"clear\">\u00a0<\/div>\t\t\t\t\t\t\t\t<\/div>\n\t\t\t\t<\/div>\n\t\t\t\t\t<\/div>\n\t\t<\/div>\n\t\t\t\t\t<\/div>\n\t\t<\/section>\n\t\t\t\t<section class=\"elementor-section elementor-top-section elementor-element elementor-element-3b702fc elementor-section-boxed elementor-section-height-default elementor-section-height-default\" data-id=\"3b702fc\" data-element_type=\"section\">\n\t\t\t\t\t\t<div class=\"elementor-container elementor-column-gap-default\">\n\t\t\t\t\t<div class=\"elementor-column elementor-col-100 elementor-top-column elementor-element elementor-element-36ad453\" data-id=\"36ad453\" data-element_type=\"column\">\n\t\t\t<div class=\"elementor-widget-wrap elementor-element-populated\">\n\t\t\t\t\t\t<div class=\"elementor-element elementor-element-1aeb162 elementor-widget elementor-widget-shortcode\" data-id=\"1aeb162\" data-element_type=\"widget\" data-widget_type=\"shortcode.default\">\n\t\t\t\t<div class=\"elementor-widget-container\">\n\t\t\t\t\t\t\t<div class=\"elementor-shortcode\">[ssba-buttons]<\/div>\n\t\t\t\t\t\t<\/div>\n\t\t\t\t<\/div>\n\t\t\t\t\t<\/div>\n\t\t<\/div>\n\t\t\t\t\t<\/div>\n\t\t<\/section>\n\t\t\t\t<\/div>\n\t\t","protected":false},"excerpt":{"rendered":"<p>T\u00c9CNICAS DE REPRODUCCI\u00d3N ASISTIDA: \u00bfd\u00f3nde nos vamos a tratar? Una vez realizados los tratamientos m\u00e1s simples explicados en otra parte de la web sin haber obtenido resultado, hay que recurrir a una cl\u00ednica especializada en tratamientos de esterilidad que, preceptivamente, tiene un laboratorio en sus instalaciones e incluso un quir\u00f3fano para realizar punciones ov\u00e1ricas y [&hellip;]<\/p>\n","protected":false},"author":12,"featured_media":0,"parent":15317,"menu_order":0,"comment_status":"open","ping_status":"open","template":"elementor_header_footer","meta":{"footnotes":""},"class_list":["post-9273","page","type-page","status-publish","hentry"],"yoast_head":"<!-- This site is optimized with the Yoast SEO plugin v25.0 - https:\/\/yoast.com\/wordpress\/plugins\/seo\/ -->\n<title>T\u00c9CNICAS DE REPRODUCCI\u00d3N ASISTIDA: \u00bfd\u00f3nde nos vamos a tratar? - DRA. GIBERT<\/title>\n<meta name=\"robots\" content=\"index, follow, max-snippet:-1, max-image-preview:large, max-video-preview:-1\" \/>\n<link rel=\"canonical\" href=\"https:\/\/www.doctoragibert.com\/es\/pacientes\/reproduccion\/tecnicas-de-reproduccion-asistida-donde-nos-vamos-a-tratar\/\" \/>\n<meta property=\"og:locale\" content=\"es_ES\" \/>\n<meta property=\"og:type\" content=\"article\" \/>\n<meta property=\"og:title\" content=\"T\u00c9CNICAS DE REPRODUCCI\u00d3N ASISTIDA: \u00bfd\u00f3nde nos vamos a tratar? - DRA. GIBERT\" \/>\n<meta property=\"og:description\" content=\"T\u00c9CNICAS DE REPRODUCCI\u00d3N ASISTIDA: \u00bfd\u00f3nde nos vamos a tratar? Una vez realizados los tratamientos m\u00e1s simples explicados en otra parte de la web sin haber obtenido resultado, hay que recurrir a una cl\u00ednica especializada en tratamientos de esterilidad que, preceptivamente, tiene un laboratorio en sus instalaciones e incluso un quir\u00f3fano para realizar punciones ov\u00e1ricas y [&hellip;]\" \/>\n<meta property=\"og:url\" content=\"https:\/\/www.doctoragibert.com\/es\/pacientes\/reproduccion\/tecnicas-de-reproduccion-asistida-donde-nos-vamos-a-tratar\/\" \/>\n<meta property=\"og:site_name\" content=\"DRA. GIBERT\" \/>\n<meta property=\"article:publisher\" content=\"https:\/\/www.facebook.com\/doctoragibert\" \/>\n<meta property=\"article:modified_time\" content=\"2021-09-13T07:02:31+00:00\" \/>\n<meta property=\"og:image\" content=\"https:\/\/www.doctoragibert.com\/wp-content\/uploads\/2015\/11\/repro.jpg\" \/>\n<meta name=\"twitter:label1\" content=\"Tiempo de lectura\" \/>\n\t<meta name=\"twitter:data1\" content=\"7 minutos\" \/>\n<script type=\"application\/ld+json\" class=\"yoast-schema-graph\">{\"@context\":\"https:\/\/schema.org\",\"@graph\":[{\"@type\":\"WebPage\",\"@id\":\"https:\/\/www.doctoragibert.com\/es\/pacientes\/reproduccion\/tecnicas-de-reproduccion-asistida-donde-nos-vamos-a-tratar\/\",\"url\":\"https:\/\/www.doctoragibert.com\/es\/pacientes\/reproduccion\/tecnicas-de-reproduccion-asistida-donde-nos-vamos-a-tratar\/\",\"name\":\"T\u00c9CNICAS DE REPRODUCCI\u00d3N ASISTIDA: \u00bfd\u00f3nde nos vamos a tratar? - DRA. GIBERT\",\"isPartOf\":{\"@id\":\"https:\/\/www.doctoragibert.com\/es\/#website\"},\"primaryImageOfPage\":{\"@id\":\"https:\/\/www.doctoragibert.com\/es\/pacientes\/reproduccion\/tecnicas-de-reproduccion-asistida-donde-nos-vamos-a-tratar\/#primaryimage\"},\"image\":{\"@id\":\"https:\/\/www.doctoragibert.com\/es\/pacientes\/reproduccion\/tecnicas-de-reproduccion-asistida-donde-nos-vamos-a-tratar\/#primaryimage\"},\"thumbnailUrl\":\"https:\/\/www.doctoragibert.com\/wp-content\/uploads\/2015\/11\/repro.jpg\",\"datePublished\":\"2015-11-03T15:50:56+00:00\",\"dateModified\":\"2021-09-13T07:02:31+00:00\",\"breadcrumb\":{\"@id\":\"https:\/\/www.doctoragibert.com\/es\/pacientes\/reproduccion\/tecnicas-de-reproduccion-asistida-donde-nos-vamos-a-tratar\/#breadcrumb\"},\"inLanguage\":\"es\",\"potentialAction\":[{\"@type\":\"ReadAction\",\"target\":[\"https:\/\/www.doctoragibert.com\/es\/pacientes\/reproduccion\/tecnicas-de-reproduccion-asistida-donde-nos-vamos-a-tratar\/\"]}]},{\"@type\":\"ImageObject\",\"inLanguage\":\"es\",\"@id\":\"https:\/\/www.doctoragibert.com\/es\/pacientes\/reproduccion\/tecnicas-de-reproduccion-asistida-donde-nos-vamos-a-tratar\/#primaryimage\",\"url\":\"https:\/\/www.doctoragibert.com\/wp-content\/uploads\/2015\/11\/repro.jpg\",\"contentUrl\":\"https:\/\/www.doctoragibert.com\/wp-content\/uploads\/2015\/11\/repro.jpg\"},{\"@type\":\"BreadcrumbList\",\"@id\":\"https:\/\/www.doctoragibert.com\/es\/pacientes\/reproduccion\/tecnicas-de-reproduccion-asistida-donde-nos-vamos-a-tratar\/#breadcrumb\",\"itemListElement\":[{\"@type\":\"ListItem\",\"position\":1,\"name\":\"PACIENTES\",\"item\":\"https:\/\/www.doctoragibert.com\/es\/pacientes\/\"},{\"@type\":\"ListItem\",\"position\":2,\"name\":\"REPRODUCCI\u00d3N\",\"item\":\"https:\/\/www.doctoragibert.com\/es\/pacientes\/reproduccion\/\"},{\"@type\":\"ListItem\",\"position\":3,\"name\":\"T\u00c9CNICAS DE REPRODUCCI\u00d3N ASISTIDA: \u00bfd\u00f3nde nos vamos a tratar?\"}]},{\"@type\":\"WebSite\",\"@id\":\"https:\/\/www.doctoragibert.com\/es\/#website\",\"url\":\"https:\/\/www.doctoragibert.com\/es\/\",\"name\":\"DRA. GIBERT\",\"description\":\"Ginecologia i obstetricia\",\"potentialAction\":[{\"@type\":\"SearchAction\",\"target\":{\"@type\":\"EntryPoint\",\"urlTemplate\":\"https:\/\/www.doctoragibert.com\/es\/?s={search_term_string}\"},\"query-input\":{\"@type\":\"PropertyValueSpecification\",\"valueRequired\":true,\"valueName\":\"search_term_string\"}}],\"inLanguage\":\"es\"}]}<\/script>\n<!-- \/ Yoast SEO plugin. -->","yoast_head_json":{"title":"T\u00c9CNICAS DE REPRODUCCI\u00d3N ASISTIDA: \u00bfd\u00f3nde nos vamos a tratar? - DRA. GIBERT","robots":{"index":"index","follow":"follow","max-snippet":"max-snippet:-1","max-image-preview":"max-image-preview:large","max-video-preview":"max-video-preview:-1"},"canonical":"https:\/\/www.doctoragibert.com\/es\/pacientes\/reproduccion\/tecnicas-de-reproduccion-asistida-donde-nos-vamos-a-tratar\/","og_locale":"es_ES","og_type":"article","og_title":"T\u00c9CNICAS DE REPRODUCCI\u00d3N ASISTIDA: \u00bfd\u00f3nde nos vamos a tratar? - DRA. GIBERT","og_description":"T\u00c9CNICAS DE REPRODUCCI\u00d3N ASISTIDA: \u00bfd\u00f3nde nos vamos a tratar? Una vez realizados los tratamientos m\u00e1s simples explicados en otra parte de la web sin haber obtenido resultado, hay que recurrir a una cl\u00ednica especializada en tratamientos de esterilidad que, preceptivamente, tiene un laboratorio en sus instalaciones e incluso un quir\u00f3fano para realizar punciones ov\u00e1ricas y [&hellip;]","og_url":"https:\/\/www.doctoragibert.com\/es\/pacientes\/reproduccion\/tecnicas-de-reproduccion-asistida-donde-nos-vamos-a-tratar\/","og_site_name":"DRA. GIBERT","article_publisher":"https:\/\/www.facebook.com\/doctoragibert","article_modified_time":"2021-09-13T07:02:31+00:00","og_image":[{"url":"https:\/\/www.doctoragibert.com\/wp-content\/uploads\/2015\/11\/repro.jpg","type":"","width":"","height":""}],"twitter_misc":{"Tiempo de lectura":"7 minutos"},"schema":{"@context":"https:\/\/schema.org","@graph":[{"@type":"WebPage","@id":"https:\/\/www.doctoragibert.com\/es\/pacientes\/reproduccion\/tecnicas-de-reproduccion-asistida-donde-nos-vamos-a-tratar\/","url":"https:\/\/www.doctoragibert.com\/es\/pacientes\/reproduccion\/tecnicas-de-reproduccion-asistida-donde-nos-vamos-a-tratar\/","name":"T\u00c9CNICAS DE REPRODUCCI\u00d3N ASISTIDA: \u00bfd\u00f3nde nos vamos a tratar? - DRA. GIBERT","isPartOf":{"@id":"https:\/\/www.doctoragibert.com\/es\/#website"},"primaryImageOfPage":{"@id":"https:\/\/www.doctoragibert.com\/es\/pacientes\/reproduccion\/tecnicas-de-reproduccion-asistida-donde-nos-vamos-a-tratar\/#primaryimage"},"image":{"@id":"https:\/\/www.doctoragibert.com\/es\/pacientes\/reproduccion\/tecnicas-de-reproduccion-asistida-donde-nos-vamos-a-tratar\/#primaryimage"},"thumbnailUrl":"https:\/\/www.doctoragibert.com\/wp-content\/uploads\/2015\/11\/repro.jpg","datePublished":"2015-11-03T15:50:56+00:00","dateModified":"2021-09-13T07:02:31+00:00","breadcrumb":{"@id":"https:\/\/www.doctoragibert.com\/es\/pacientes\/reproduccion\/tecnicas-de-reproduccion-asistida-donde-nos-vamos-a-tratar\/#breadcrumb"},"inLanguage":"es","potentialAction":[{"@type":"ReadAction","target":["https:\/\/www.doctoragibert.com\/es\/pacientes\/reproduccion\/tecnicas-de-reproduccion-asistida-donde-nos-vamos-a-tratar\/"]}]},{"@type":"ImageObject","inLanguage":"es","@id":"https:\/\/www.doctoragibert.com\/es\/pacientes\/reproduccion\/tecnicas-de-reproduccion-asistida-donde-nos-vamos-a-tratar\/#primaryimage","url":"https:\/\/www.doctoragibert.com\/wp-content\/uploads\/2015\/11\/repro.jpg","contentUrl":"https:\/\/www.doctoragibert.com\/wp-content\/uploads\/2015\/11\/repro.jpg"},{"@type":"BreadcrumbList","@id":"https:\/\/www.doctoragibert.com\/es\/pacientes\/reproduccion\/tecnicas-de-reproduccion-asistida-donde-nos-vamos-a-tratar\/#breadcrumb","itemListElement":[{"@type":"ListItem","position":1,"name":"PACIENTES","item":"https:\/\/www.doctoragibert.com\/es\/pacientes\/"},{"@type":"ListItem","position":2,"name":"REPRODUCCI\u00d3N","item":"https:\/\/www.doctoragibert.com\/es\/pacientes\/reproduccion\/"},{"@type":"ListItem","position":3,"name":"T\u00c9CNICAS DE REPRODUCCI\u00d3N ASISTIDA: \u00bfd\u00f3nde nos vamos a tratar?"}]},{"@type":"WebSite","@id":"https:\/\/www.doctoragibert.com\/es\/#website","url":"https:\/\/www.doctoragibert.com\/es\/","name":"DRA. GIBERT","description":"Ginecologia i obstetricia","potentialAction":[{"@type":"SearchAction","target":{"@type":"EntryPoint","urlTemplate":"https:\/\/www.doctoragibert.com\/es\/?s={search_term_string}"},"query-input":{"@type":"PropertyValueSpecification","valueRequired":true,"valueName":"search_term_string"}}],"inLanguage":"es"}]}},"_links":{"self":[{"href":"https:\/\/www.doctoragibert.com\/es\/wp-json\/wp\/v2\/pages\/9273","targetHints":{"allow":["GET"]}}],"collection":[{"href":"https:\/\/www.doctoragibert.com\/es\/wp-json\/wp\/v2\/pages"}],"about":[{"href":"https:\/\/www.doctoragibert.com\/es\/wp-json\/wp\/v2\/types\/page"}],"author":[{"embeddable":true,"href":"https:\/\/www.doctoragibert.com\/es\/wp-json\/wp\/v2\/users\/12"}],"replies":[{"embeddable":true,"href":"https:\/\/www.doctoragibert.com\/es\/wp-json\/wp\/v2\/comments?post=9273"}],"version-history":[{"count":5,"href":"https:\/\/www.doctoragibert.com\/es\/wp-json\/wp\/v2\/pages\/9273\/revisions"}],"predecessor-version":[{"id":18069,"href":"https:\/\/www.doctoragibert.com\/es\/wp-json\/wp\/v2\/pages\/9273\/revisions\/18069"}],"up":[{"embeddable":true,"href":"https:\/\/www.doctoragibert.com\/es\/wp-json\/wp\/v2\/pages\/15317"}],"wp:attachment":[{"href":"https:\/\/www.doctoragibert.com\/es\/wp-json\/wp\/v2\/media?parent=9273"}],"curies":[{"name":"wp","href":"https:\/\/api.w.org\/{rel}","templated":true}]}}