{"id":9309,"date":"2015-11-03T16:34:39","date_gmt":"2015-11-03T16:34:39","guid":{"rendered":"https:\/\/www.doctoragibert.com\/altres\/prova-de-sang-oculta-fecal\/"},"modified":"2021-09-13T06:46:09","modified_gmt":"2021-09-13T06:46:09","slug":"prueba-sangre-oculta-heces","status":"publish","type":"page","link":"https:\/\/www.doctoragibert.com\/es\/pacientes\/otros\/prueba-sangre-oculta-heces\/","title":{"rendered":"PRUEBA DE SANGRE OCULTA EN HECES"},"content":{"rendered":"\t\t<div data-elementor-type=\"wp-page\" data-elementor-id=\"9309\" class=\"elementor elementor-9309 elementor-9307\">\n\t\t\t\t\t\t<section class=\"elementor-section elementor-top-section elementor-element elementor-element-68fb8ab elementor-section-boxed elementor-section-height-default elementor-section-height-default\" data-id=\"68fb8ab\" data-element_type=\"section\" data-settings=\"{&quot;background_background&quot;:&quot;classic&quot;}\">\n\t\t\t\t\t\t<div class=\"elementor-container elementor-column-gap-default\">\n\t\t\t\t\t<div class=\"elementor-column elementor-col-100 elementor-top-column elementor-element elementor-element-87c052e\" data-id=\"87c052e\" data-element_type=\"column\">\n\t\t\t<div class=\"elementor-widget-wrap elementor-element-populated\">\n\t\t\t\t\t\t<div class=\"elementor-element elementor-element-82dc08d elementor-widget elementor-widget-spacer\" data-id=\"82dc08d\" data-element_type=\"widget\" data-widget_type=\"spacer.default\">\n\t\t\t\t<div class=\"elementor-widget-container\">\n\t\t\t\t\t\t\t<div class=\"elementor-spacer\">\n\t\t\t<div class=\"elementor-spacer-inner\"><\/div>\n\t\t<\/div>\n\t\t\t\t\t\t<\/div>\n\t\t\t\t<\/div>\n\t\t\t\t<div class=\"elementor-element elementor-element-4db2da9 elementor-widget elementor-widget-heading\" data-id=\"4db2da9\" data-element_type=\"widget\" data-widget_type=\"heading.default\">\n\t\t\t\t<div class=\"elementor-widget-container\">\n\t\t\t\t\t<h2 class=\"elementor-heading-title elementor-size-default\">PRUEBA DE SANGRE OCULTA EN HECES<\/h2>\t\t\t\t<\/div>\n\t\t\t\t<\/div>\n\t\t\t\t<div class=\"elementor-element elementor-element-dc37702 elementor-widget-divider--view-line elementor-widget elementor-widget-divider\" data-id=\"dc37702\" data-element_type=\"widget\" data-widget_type=\"divider.default\">\n\t\t\t\t<div class=\"elementor-widget-container\">\n\t\t\t\t\t\t\t<div class=\"elementor-divider\">\n\t\t\t<span class=\"elementor-divider-separator\">\n\t\t\t\t\t\t<\/span>\n\t\t<\/div>\n\t\t\t\t\t\t<\/div>\n\t\t\t\t<\/div>\n\t\t\t\t<div class=\"elementor-element elementor-element-14339b0 migasdepan elementor-widget elementor-widget-wp-widget-bcn_widget\" data-id=\"14339b0\" data-element_type=\"widget\" data-widget_type=\"wp-widget-bcn_widget.default\">\n\t\t\t\t<div class=\"elementor-widget-container\">\n\t\t\t\t\t<div class=\"breadcrumbs\" vocab=\"https:\/\/schema.org\/\" typeof=\"BreadcrumbList\"><!-- Breadcrumb NavXT 7.4.1 -->\n<span property=\"itemListElement\" typeof=\"ListItem\"><a property=\"item\" typeof=\"WebPage\" title=\"Ir a DRA. GIBERT.\" href=\"https:\/\/www.doctoragibert.com\/es\/\" class=\"home\" aria-current=\"page\"><span property=\"name\">DRA. GIBERT<\/span><\/a><meta property=\"position\" content=\"1\"><\/span><\/div>\t\t\t\t<\/div>\n\t\t\t\t<\/div>\n\t\t\t\t<div class=\"elementor-element elementor-element-ffcd8a6 elementor-widget elementor-widget-spacer\" data-id=\"ffcd8a6\" data-element_type=\"widget\" data-widget_type=\"spacer.default\">\n\t\t\t\t<div class=\"elementor-widget-container\">\n\t\t\t\t\t\t\t<div class=\"elementor-spacer\">\n\t\t\t<div class=\"elementor-spacer-inner\"><\/div>\n\t\t<\/div>\n\t\t\t\t\t\t<\/div>\n\t\t\t\t<\/div>\n\t\t\t\t\t<\/div>\n\t\t<\/div>\n\t\t\t\t\t<\/div>\n\t\t<\/section>\n\t\t\t\t<section class=\"elementor-section elementor-top-section elementor-element elementor-element-5347470d elementor-section-boxed elementor-section-height-default elementor-section-height-default\" data-id=\"5347470d\" data-element_type=\"section\">\n\t\t\t\t\t\t<div class=\"elementor-container elementor-column-gap-default\">\n\t\t\t\t\t<div class=\"elementor-column elementor-col-100 elementor-top-column elementor-element elementor-element-66e8d740\" data-id=\"66e8d740\" data-element_type=\"column\">\n\t\t\t<div class=\"elementor-widget-wrap elementor-element-populated\">\n\t\t\t\t\t\t<div class=\"elementor-element elementor-element-6e8780ca elementor-widget elementor-widget-text-editor\" data-id=\"6e8780ca\" data-element_type=\"widget\" data-widget_type=\"text-editor.default\">\n\t\t\t\t<div class=\"elementor-widget-container\">\n\t\t\t\t\t\t\t\t\t<p>Es un procedimiento para encontrar m\u00ednimas cantidades de sangre, no visibles, en las heces. Se utiliza para el <a href=\"https:\/\/www.doctoragibert.com\/es\/pacientes\/prevencion-en-ginecologia\/cancer-colorectal-su-deteccion-precoz-es-sencilla\/\" target=\"_blank\" rel=\"noopener\">diagn\u00f3stico precoz (cribado) del c\u00e1ncer colorrectal<\/a>.<\/p><p>En la actualidad, se suelen usar tests inmunol\u00f3gicos que, a diferencia de los m\u00e1s antiguos, no precisan de restricciones diet\u00e9ticas los d\u00edas previos a la recogida de la muestra.<\/p><p>Una vez tenga el volante para este estudio, debe acudir <b>al Laboratorio de la Cl\u00ednica (horario de atenci\u00f3n al p\u00fablico de 7:30 a 15 y de 16 a 20 h, de lunes a viernes)<\/b>, donde le entregar\u00e1n un <b>tubo recolector<\/b> en el que debe depositar una peque\u00f1a cantidad de heces. Las <b>condiciones<\/b> que debe observar para una <b>buena recogida de la muestra<\/b> son:<\/p><ul><li>Que <b>en los 3 d\u00edas previos<\/b> no haya tenido la menstruaci\u00f3n, ni haya perdido sangre por orina, ni por recto (fisuras o hemorroides).<\/li><li>Que <b>en los 2 d\u00edas previos<\/b> no haya tomado alcohol, ni aspirina, ni hierro.<\/li><li>Evitar el contacto de las heces con orina y con agua.<\/li><li>Entregar la muestra al poco tiempo de haberla recogido y a temperatura ambiente; s\u00f3lo en el caso de que ello fuera imposible, tendr\u00eda la opci\u00f3n de guardar la muestra en la nevera y entregarla al d\u00eda siguiente.<\/li><\/ul><div class=\"clear\">\u00a0<\/div><p><b>Fuentes de la informaci\u00f3n:<\/b> <i><\/i><\/p><ul><li>Blebea J, McPherson RA. False-positive guaiac testing with iodine. Arch Pathol Lab Med. 1985;109:437-40.<\/li><li>Simon JB. Occult blood screening for colorectal carcinoma: a critical review. Gastroenterology. 1985;88:820-37.<\/li><\/ul>\t\t\t\t\t\t\t\t<\/div>\n\t\t\t\t<\/div>\n\t\t\t\t\t<\/div>\n\t\t<\/div>\n\t\t\t\t\t<\/div>\n\t\t<\/section>\n\t\t\t\t<section class=\"elementor-section elementor-top-section elementor-element elementor-element-847ad29 elementor-section-boxed elementor-section-height-default elementor-section-height-default\" data-id=\"847ad29\" data-element_type=\"section\">\n\t\t\t\t\t\t<div class=\"elementor-container elementor-column-gap-default\">\n\t\t\t\t\t<div class=\"elementor-column elementor-col-100 elementor-top-column elementor-element elementor-element-735ae12\" data-id=\"735ae12\" data-element_type=\"column\">\n\t\t\t<div class=\"elementor-widget-wrap elementor-element-populated\">\n\t\t\t\t\t\t<div class=\"elementor-element elementor-element-425f776 elementor-widget elementor-widget-shortcode\" data-id=\"425f776\" data-element_type=\"widget\" data-widget_type=\"shortcode.default\">\n\t\t\t\t<div class=\"elementor-widget-container\">\n\t\t\t\t\t\t\t<div class=\"elementor-shortcode\">[ssba-buttons]<\/div>\n\t\t\t\t\t\t<\/div>\n\t\t\t\t<\/div>\n\t\t\t\t\t<\/div>\n\t\t<\/div>\n\t\t\t\t\t<\/div>\n\t\t<\/section>\n\t\t\t\t<\/div>\n\t\t","protected":false},"excerpt":{"rendered":"<p>PRUEBA DE SANGRE OCULTA EN HECES Es un procedimiento para encontrar m\u00ednimas cantidades de sangre, no visibles, en las heces. Se utiliza para el diagn\u00f3stico precoz (cribado) del c\u00e1ncer colorrectal. En la actualidad, se suelen usar tests inmunol\u00f3gicos que, a diferencia de los m\u00e1s antiguos, no precisan de restricciones diet\u00e9ticas los d\u00edas previos a la [&hellip;]<\/p>\n","protected":false},"author":12,"featured_media":0,"parent":15353,"menu_order":0,"comment_status":"open","ping_status":"closed","template":"elementor_header_footer","meta":{"footnotes":""},"class_list":["post-9309","page","type-page","status-publish","hentry"],"yoast_head":"<!-- This site is optimized with the Yoast SEO plugin v25.0 - https:\/\/yoast.com\/wordpress\/plugins\/seo\/ -->\n<title>PRUEBA DE SANGRE OCULTA EN HECES - DRA. GIBERT<\/title>\n<meta name=\"robots\" content=\"index, follow, max-snippet:-1, max-image-preview:large, max-video-preview:-1\" \/>\n<link rel=\"canonical\" href=\"https:\/\/www.doctoragibert.com\/es\/pacientes\/otros\/prueba-sangre-oculta-heces\/\" \/>\n<meta property=\"og:locale\" content=\"es_ES\" \/>\n<meta property=\"og:type\" content=\"article\" \/>\n<meta property=\"og:title\" content=\"PRUEBA DE SANGRE OCULTA EN HECES - DRA. GIBERT\" \/>\n<meta property=\"og:description\" content=\"PRUEBA DE SANGRE OCULTA EN HECES Es un procedimiento para encontrar m\u00ednimas cantidades de sangre, no visibles, en las heces. Se utiliza para el diagn\u00f3stico precoz (cribado) del c\u00e1ncer colorrectal. En la actualidad, se suelen usar tests inmunol\u00f3gicos que, a diferencia de los m\u00e1s antiguos, no precisan de restricciones diet\u00e9ticas los d\u00edas previos a la [&hellip;]\" \/>\n<meta property=\"og:url\" content=\"https:\/\/www.doctoragibert.com\/es\/pacientes\/otros\/prueba-sangre-oculta-heces\/\" \/>\n<meta property=\"og:site_name\" content=\"DRA. GIBERT\" \/>\n<meta property=\"article:publisher\" content=\"https:\/\/www.facebook.com\/doctoragibert\" \/>\n<meta property=\"article:modified_time\" content=\"2021-09-13T06:46:09+00:00\" \/>\n<meta name=\"twitter:label1\" content=\"Tiempo de lectura\" \/>\n\t<meta name=\"twitter:data1\" content=\"2 minutos\" \/>\n<script type=\"application\/ld+json\" class=\"yoast-schema-graph\">{\"@context\":\"https:\/\/schema.org\",\"@graph\":[{\"@type\":\"WebPage\",\"@id\":\"https:\/\/www.doctoragibert.com\/es\/pacientes\/otros\/prueba-sangre-oculta-heces\/\",\"url\":\"https:\/\/www.doctoragibert.com\/es\/pacientes\/otros\/prueba-sangre-oculta-heces\/\",\"name\":\"PRUEBA DE SANGRE OCULTA EN HECES - DRA. GIBERT\",\"isPartOf\":{\"@id\":\"https:\/\/www.doctoragibert.com\/es\/#website\"},\"datePublished\":\"2015-11-03T16:34:39+00:00\",\"dateModified\":\"2021-09-13T06:46:09+00:00\",\"breadcrumb\":{\"@id\":\"https:\/\/www.doctoragibert.com\/es\/pacientes\/otros\/prueba-sangre-oculta-heces\/#breadcrumb\"},\"inLanguage\":\"es\",\"potentialAction\":[{\"@type\":\"ReadAction\",\"target\":[\"https:\/\/www.doctoragibert.com\/es\/pacientes\/otros\/prueba-sangre-oculta-heces\/\"]}]},{\"@type\":\"BreadcrumbList\",\"@id\":\"https:\/\/www.doctoragibert.com\/es\/pacientes\/otros\/prueba-sangre-oculta-heces\/#breadcrumb\",\"itemListElement\":[{\"@type\":\"ListItem\",\"position\":1,\"name\":\"PACIENTES\",\"item\":\"https:\/\/www.doctoragibert.com\/es\/pacientes\/\"},{\"@type\":\"ListItem\",\"position\":2,\"name\":\"OTROS\",\"item\":\"https:\/\/www.doctoragibert.com\/es\/pacientes\/otros\/\"},{\"@type\":\"ListItem\",\"position\":3,\"name\":\"PRUEBA DE SANGRE OCULTA EN HECES\"}]},{\"@type\":\"WebSite\",\"@id\":\"https:\/\/www.doctoragibert.com\/es\/#website\",\"url\":\"https:\/\/www.doctoragibert.com\/es\/\",\"name\":\"DRA. GIBERT\",\"description\":\"Ginecologia i obstetricia\",\"potentialAction\":[{\"@type\":\"SearchAction\",\"target\":{\"@type\":\"EntryPoint\",\"urlTemplate\":\"https:\/\/www.doctoragibert.com\/es\/?s={search_term_string}\"},\"query-input\":{\"@type\":\"PropertyValueSpecification\",\"valueRequired\":true,\"valueName\":\"search_term_string\"}}],\"inLanguage\":\"es\"}]}<\/script>\n<!-- \/ Yoast SEO plugin. -->","yoast_head_json":{"title":"PRUEBA DE SANGRE OCULTA EN HECES - DRA. GIBERT","robots":{"index":"index","follow":"follow","max-snippet":"max-snippet:-1","max-image-preview":"max-image-preview:large","max-video-preview":"max-video-preview:-1"},"canonical":"https:\/\/www.doctoragibert.com\/es\/pacientes\/otros\/prueba-sangre-oculta-heces\/","og_locale":"es_ES","og_type":"article","og_title":"PRUEBA DE SANGRE OCULTA EN HECES - DRA. GIBERT","og_description":"PRUEBA DE SANGRE OCULTA EN HECES Es un procedimiento para encontrar m\u00ednimas cantidades de sangre, no visibles, en las heces. Se utiliza para el diagn\u00f3stico precoz (cribado) del c\u00e1ncer colorrectal. En la actualidad, se suelen usar tests inmunol\u00f3gicos que, a diferencia de los m\u00e1s antiguos, no precisan de restricciones diet\u00e9ticas los d\u00edas previos a la [&hellip;]","og_url":"https:\/\/www.doctoragibert.com\/es\/pacientes\/otros\/prueba-sangre-oculta-heces\/","og_site_name":"DRA. GIBERT","article_publisher":"https:\/\/www.facebook.com\/doctoragibert","article_modified_time":"2021-09-13T06:46:09+00:00","twitter_misc":{"Tiempo de lectura":"2 minutos"},"schema":{"@context":"https:\/\/schema.org","@graph":[{"@type":"WebPage","@id":"https:\/\/www.doctoragibert.com\/es\/pacientes\/otros\/prueba-sangre-oculta-heces\/","url":"https:\/\/www.doctoragibert.com\/es\/pacientes\/otros\/prueba-sangre-oculta-heces\/","name":"PRUEBA DE SANGRE OCULTA EN HECES - DRA. GIBERT","isPartOf":{"@id":"https:\/\/www.doctoragibert.com\/es\/#website"},"datePublished":"2015-11-03T16:34:39+00:00","dateModified":"2021-09-13T06:46:09+00:00","breadcrumb":{"@id":"https:\/\/www.doctoragibert.com\/es\/pacientes\/otros\/prueba-sangre-oculta-heces\/#breadcrumb"},"inLanguage":"es","potentialAction":[{"@type":"ReadAction","target":["https:\/\/www.doctoragibert.com\/es\/pacientes\/otros\/prueba-sangre-oculta-heces\/"]}]},{"@type":"BreadcrumbList","@id":"https:\/\/www.doctoragibert.com\/es\/pacientes\/otros\/prueba-sangre-oculta-heces\/#breadcrumb","itemListElement":[{"@type":"ListItem","position":1,"name":"PACIENTES","item":"https:\/\/www.doctoragibert.com\/es\/pacientes\/"},{"@type":"ListItem","position":2,"name":"OTROS","item":"https:\/\/www.doctoragibert.com\/es\/pacientes\/otros\/"},{"@type":"ListItem","position":3,"name":"PRUEBA DE SANGRE OCULTA EN HECES"}]},{"@type":"WebSite","@id":"https:\/\/www.doctoragibert.com\/es\/#website","url":"https:\/\/www.doctoragibert.com\/es\/","name":"DRA. GIBERT","description":"Ginecologia i obstetricia","potentialAction":[{"@type":"SearchAction","target":{"@type":"EntryPoint","urlTemplate":"https:\/\/www.doctoragibert.com\/es\/?s={search_term_string}"},"query-input":{"@type":"PropertyValueSpecification","valueRequired":true,"valueName":"search_term_string"}}],"inLanguage":"es"}]}},"_links":{"self":[{"href":"https:\/\/www.doctoragibert.com\/es\/wp-json\/wp\/v2\/pages\/9309","targetHints":{"allow":["GET"]}}],"collection":[{"href":"https:\/\/www.doctoragibert.com\/es\/wp-json\/wp\/v2\/pages"}],"about":[{"href":"https:\/\/www.doctoragibert.com\/es\/wp-json\/wp\/v2\/types\/page"}],"author":[{"embeddable":true,"href":"https:\/\/www.doctoragibert.com\/es\/wp-json\/wp\/v2\/users\/12"}],"replies":[{"embeddable":true,"href":"https:\/\/www.doctoragibert.com\/es\/wp-json\/wp\/v2\/comments?post=9309"}],"version-history":[{"count":5,"href":"https:\/\/www.doctoragibert.com\/es\/wp-json\/wp\/v2\/pages\/9309\/revisions"}],"predecessor-version":[{"id":18024,"href":"https:\/\/www.doctoragibert.com\/es\/wp-json\/wp\/v2\/pages\/9309\/revisions\/18024"}],"up":[{"embeddable":true,"href":"https:\/\/www.doctoragibert.com\/es\/wp-json\/wp\/v2\/pages\/15353"}],"wp:attachment":[{"href":"https:\/\/www.doctoragibert.com\/es\/wp-json\/wp\/v2\/media?parent=9309"}],"curies":[{"name":"wp","href":"https:\/\/api.w.org\/{rel}","templated":true}]}}