{"id":9638,"date":"2016-02-07T23:15:34","date_gmt":"2016-02-07T23:15:34","guid":{"rendered":"https:\/\/www.doctoragibert.com\/?page_id=9638"},"modified":"2021-08-27T11:09:25","modified_gmt":"2021-08-27T11:09:25","slug":"enfermos-de-cancer-por-que-hay-tantos","status":"publish","type":"page","link":"https:\/\/www.doctoragibert.com\/es\/pacientes\/cancer-ginecologico\/enfermos-de-cancer-por-que-hay-tantos\/","title":{"rendered":"ENFERMOS DE C\u00c1NCER: \u00bfpor qu\u00e9 hay tantos?"},"content":{"rendered":"\t\t<div data-elementor-type=\"wp-page\" data-elementor-id=\"9638\" class=\"elementor elementor-9638\">\n\t\t\t\t\t\t<section class=\"elementor-section elementor-top-section elementor-element elementor-element-ab494b9 elementor-section-boxed elementor-section-height-default elementor-section-height-default\" data-id=\"ab494b9\" data-element_type=\"section\" data-settings=\"{&quot;background_background&quot;:&quot;classic&quot;}\">\n\t\t\t\t\t\t<div class=\"elementor-container elementor-column-gap-default\">\n\t\t\t\t\t<div class=\"elementor-column elementor-col-100 elementor-top-column elementor-element elementor-element-369033a\" data-id=\"369033a\" data-element_type=\"column\">\n\t\t\t<div class=\"elementor-widget-wrap elementor-element-populated\">\n\t\t\t\t\t\t<div class=\"elementor-element elementor-element-031bbb3 elementor-widget elementor-widget-spacer\" data-id=\"031bbb3\" data-element_type=\"widget\" data-widget_type=\"spacer.default\">\n\t\t\t\t<div class=\"elementor-widget-container\">\n\t\t\t\t\t\t\t<div class=\"elementor-spacer\">\n\t\t\t<div class=\"elementor-spacer-inner\"><\/div>\n\t\t<\/div>\n\t\t\t\t\t\t<\/div>\n\t\t\t\t<\/div>\n\t\t\t\t<div class=\"elementor-element elementor-element-a1d15b2 elementor-widget elementor-widget-heading\" data-id=\"a1d15b2\" data-element_type=\"widget\" data-widget_type=\"heading.default\">\n\t\t\t\t<div class=\"elementor-widget-container\">\n\t\t\t\t\t<h2 class=\"elementor-heading-title elementor-size-default\">ENFERMOS DE C\u00c1NCER: \u00bfpor qu\u00e9 hay tantos?<\/h2>\t\t\t\t<\/div>\n\t\t\t\t<\/div>\n\t\t\t\t<div class=\"elementor-element elementor-element-f0f188a elementor-widget-divider--view-line elementor-widget elementor-widget-divider\" data-id=\"f0f188a\" data-element_type=\"widget\" data-widget_type=\"divider.default\">\n\t\t\t\t<div class=\"elementor-widget-container\">\n\t\t\t\t\t\t\t<div class=\"elementor-divider\">\n\t\t\t<span class=\"elementor-divider-separator\">\n\t\t\t\t\t\t<\/span>\n\t\t<\/div>\n\t\t\t\t\t\t<\/div>\n\t\t\t\t<\/div>\n\t\t\t\t<div class=\"elementor-element elementor-element-1bc2729 migasdepan elementor-widget elementor-widget-wp-widget-bcn_widget\" data-id=\"1bc2729\" data-element_type=\"widget\" data-widget_type=\"wp-widget-bcn_widget.default\">\n\t\t\t\t<div class=\"elementor-widget-container\">\n\t\t\t\t\t<div class=\"breadcrumbs\" vocab=\"https:\/\/schema.org\/\" typeof=\"BreadcrumbList\"><!-- Breadcrumb NavXT 7.4.1 -->\n<span property=\"itemListElement\" typeof=\"ListItem\"><a property=\"item\" typeof=\"WebPage\" title=\"Ir a DRA. GIBERT.\" href=\"https:\/\/www.doctoragibert.com\/es\/\" class=\"home\" aria-current=\"page\"><span property=\"name\">DRA. GIBERT<\/span><\/a><meta property=\"position\" content=\"1\"><\/span><\/div>\t\t\t\t<\/div>\n\t\t\t\t<\/div>\n\t\t\t\t<div class=\"elementor-element elementor-element-e13e1a1 elementor-widget elementor-widget-spacer\" data-id=\"e13e1a1\" data-element_type=\"widget\" data-widget_type=\"spacer.default\">\n\t\t\t\t<div class=\"elementor-widget-container\">\n\t\t\t\t\t\t\t<div class=\"elementor-spacer\">\n\t\t\t<div class=\"elementor-spacer-inner\"><\/div>\n\t\t<\/div>\n\t\t\t\t\t\t<\/div>\n\t\t\t\t<\/div>\n\t\t\t\t\t<\/div>\n\t\t<\/div>\n\t\t\t\t\t<\/div>\n\t\t<\/section>\n\t\t\t\t<section class=\"elementor-section elementor-top-section elementor-element elementor-element-2adb8449 elementor-section-boxed elementor-section-height-default elementor-section-height-default\" data-id=\"2adb8449\" data-element_type=\"section\">\n\t\t\t\t\t\t<div class=\"elementor-container elementor-column-gap-default\">\n\t\t\t\t\t<div class=\"elementor-column elementor-col-100 elementor-top-column elementor-element elementor-element-80ebce1\" data-id=\"80ebce1\" data-element_type=\"column\">\n\t\t\t<div class=\"elementor-widget-wrap elementor-element-populated\">\n\t\t\t\t\t\t<div class=\"elementor-element elementor-element-527f2bdc elementor-widget elementor-widget-text-editor\" data-id=\"527f2bdc\" data-element_type=\"widget\" data-widget_type=\"text-editor.default\">\n\t\t\t\t<div class=\"elementor-widget-container\">\n\t\t\t\t\t\t\t\t\t<p><em>Autora:<\/em> Dra. MJ Gibert.<br \/><em>Fecha de la \u00faltima actualizaci\u00f3n:<\/em> 8\/2\/16.<\/p><p><a href=\"https:\/\/www.doctoragibert.com\/wp-content\/uploads\/2016\/02\/Malalts_c\u00e0ncer.jpg\" rel=\"attachment wp-att-9631\"><img fetchpriority=\"high\" decoding=\"async\" class=\"alignright size-full wp-image-8960\" src=\"https:\/\/www.doctoragibert.com\/wp-content\/uploads\/2015\/09\/2a44dde2e6698f3d5313f625c5b46ba7.png\" alt=\"2a44dde2e6698f3d5313f625c5b46ba7\" width=\"250\" height=\"265\" \/><\/a>Mis pacientes, sobre todo las que llegan o sobrepasan a la cincuentena me dicen: \u00abno s\u00e9 qu\u00e9 pasa, todo el mundo tiene c\u00e1ncer.\u00bb Y es cierto que ahora hay m\u00e1s gente enferma de c\u00e1ncer que hace pocas d\u00e9cadas, pero no es menos cierto que la gente hoy en d\u00eda vive m\u00e1s, bastante m\u00e1s.<\/p><p><strong>La esperanza de vida al nacimiento en Espa\u00f1a<\/strong>, seg\u00fan datos del Instituto Nacional de Estad\u00edstica de 2012, <strong>es de 85 a\u00f1os para las mujeres y de 2 a\u00f1os menos para los hombres<\/strong>. Nada que ver con lo descrito por nuestro conocidol Archiduque Luis Salvador en su obra \u00abDie Balearen geschildert in Wort und Bild\u00bb (Las Baleares descritas en palabras e im\u00e1genes) sobre la poblaci\u00f3n mallorquina hacia el 1860: \u00abLa esperanza media de vida de ambos sexos es de 30 a\u00f1os y medio y el promedio de personas que sobrepasan los 60 a\u00f1os es del 8,33%.\u00bb Como que<strong> la edad es el factor que se asocia de forma m\u00e1s constante a todos los c\u00e1nceres (2 de cada 3 personas con diagn\u00f3stico reciente de c\u00e1ncer tienen 65 a\u00f1os o m\u00e1s)<\/strong> y los tratamientos oncol\u00f3gicos curan cada vez a m\u00e1s personas, no es de extra\u00f1ar que cada vez conozcamos m\u00e1s gente que padece o ha padecido c\u00e1ncer.<\/p><p>El c\u00e1ncer se origina muy probablemente a una sola c\u00e9lula que se multiplica de forma descontrolada, ya que ha acumulado varias mutaciones y\/o se ha expuesto a agentes nocivos que favorecen el c\u00e1ncer (carcin\u00f3genos). Tambi\u00e9n vemos que hay familias en las que muchos de sus miembros tienen c\u00e1ncer y otras en las que hay uno o ning\u00fan afectado, esta diferencia probablemente reside en que los individuos de estas familias nacen con genes ya mutados y, por tanto, necesitan acumular menos mutaciones durante su vida para generar un c\u00e1ncer. Aun as\u00ed, s\u00f3lo 1\/3 parte de los c\u00e1nceres se asocian a factores ambientales adversos y\/o a mutaciones heredadas o familiares, mientras que <strong>los 2\/3 restantes se deben a una acumulaci\u00f3n de mutaciones nocivas que se producen al azar<\/strong>. En la foto que acompa\u00f1a este art\u00edculo tenemos un c\u00e1ncer de ovario, un \u00f3rgano que en condiciones normales tiene un di\u00e1metro m\u00e1ximo de 3 cm en edad f\u00e9rtil y de 2 cm despu\u00e9s de la menopausia.<\/p><p>Seg\u00fan datos de Globocan de 2008, <strong>hay unos 200 casos nuevos anuales de c\u00e1ncer en Espa\u00f1a por cada 100.000 mujeres, y de estos 60 son de mama y 25 son genitales<\/strong>. Si ordenamos los tumores seg\u00fan frecuencia decreciente encontramos que el primero del ranking es el c\u00e1ncer de mama, seguido por el de colon, cuerpo uterino, ovario, pulm\u00f3n y linfoma no Hodgkin. Por ello, es importante centrarnos en el diagn\u00f3stico precoz de los tumores m\u00e1s frecuentes, lo que se puede lograr mediante revisiones peri\u00f3dicas, citolog\u00edas vaginales, autoexploraci\u00f3n mamaria, mamograf\u00edas, colonoscopias o estudios de sangre oculta fecal seg\u00fan los casos.<\/p><p><strong>Fuentes de la informaci\u00f3n:<\/strong><\/p><ul><li>Instituto Nacional de Estad\u00edstica. Esperanza de Vida. [Internet]. [acceso 23-3-14]. Disponible en: <a href=\"http:\/\/www.ine.es\/ss\/Satellite?L=es_ES&amp;c=INESeccion_C&amp;cid=1259926380048&amp;p=1254735110672&amp;pagename=ProductosYServicios\/PYSLayout\" target=\"_blank\" rel=\"noopener\">http:\/\/www.ine.es\/ss\/Satellite?L=es_ES&amp;c=INESeccion_C&amp;cid=1259926380048&amp;p=1254735110672&amp;pagename=ProductosYServicios\/PYSLayout<\/a><\/li><li>Sociedad Espa\u00f1ola de Oncolog\u00eda M\u00e9dica (SEOM). El C\u00e1ncer en Cifras &#8211; Espa\u00f1a 2013 [Internet]. [acceso 18-5-14]. Disponible en: <a href=\"http:\/\/www.seom.org\/seomcms\/images\/stories\/recursos\/CIFRAS_DE_CANCER_2013.doc\">http:\/\/www.seom.org\/seomcms\/images\/stories\/recursos\/CIFRAS_DE_CANCER_2013.doc<\/a>.<\/li><\/ul>\t\t\t\t\t\t\t\t<\/div>\n\t\t\t\t<\/div>\n\t\t\t\t\t<\/div>\n\t\t<\/div>\n\t\t\t\t\t<\/div>\n\t\t<\/section>\n\t\t\t\t<section class=\"elementor-section elementor-top-section elementor-element elementor-element-5832233 elementor-section-boxed elementor-section-height-default elementor-section-height-default\" data-id=\"5832233\" data-element_type=\"section\">\n\t\t\t\t\t\t<div class=\"elementor-container elementor-column-gap-default\">\n\t\t\t\t\t<div class=\"elementor-column elementor-col-100 elementor-top-column elementor-element elementor-element-21133d5\" data-id=\"21133d5\" data-element_type=\"column\">\n\t\t\t<div class=\"elementor-widget-wrap elementor-element-populated\">\n\t\t\t\t\t\t<div class=\"elementor-element elementor-element-296ecea elementor-widget elementor-widget-shortcode\" data-id=\"296ecea\" data-element_type=\"widget\" data-widget_type=\"shortcode.default\">\n\t\t\t\t<div class=\"elementor-widget-container\">\n\t\t\t\t\t\t\t<div class=\"elementor-shortcode\">[ssba-buttons]<\/div>\n\t\t\t\t\t\t<\/div>\n\t\t\t\t<\/div>\n\t\t\t\t\t<\/div>\n\t\t<\/div>\n\t\t\t\t\t<\/div>\n\t\t<\/section>\n\t\t\t\t<\/div>\n\t\t","protected":false},"excerpt":{"rendered":"<p>ENFERMOS DE C\u00c1NCER: \u00bfpor qu\u00e9 hay tantos? Autora: Dra. MJ Gibert.Fecha de la \u00faltima actualizaci\u00f3n: 8\/2\/16. Mis pacientes, sobre todo las que llegan o sobrepasan a la cincuentena me dicen: \u00abno s\u00e9 qu\u00e9 pasa, todo el mundo tiene c\u00e1ncer.\u00bb Y es cierto que ahora hay m\u00e1s gente enferma de c\u00e1ncer que hace pocas d\u00e9cadas, pero [&hellip;]<\/p>\n","protected":false},"author":12,"featured_media":0,"parent":15334,"menu_order":0,"comment_status":"closed","ping_status":"closed","template":"elementor_header_footer","meta":{"footnotes":""},"class_list":["post-9638","page","type-page","status-publish","hentry"],"yoast_head":"<!-- This site is optimized with the Yoast SEO plugin v25.0 - https:\/\/yoast.com\/wordpress\/plugins\/seo\/ -->\n<title>ENFERMOS DE C\u00c1NCER: \u00bfpor qu\u00e9 hay tantos? - DRA. GIBERT<\/title>\n<meta name=\"robots\" content=\"index, follow, max-snippet:-1, max-image-preview:large, max-video-preview:-1\" \/>\n<link rel=\"canonical\" href=\"https:\/\/www.doctoragibert.com\/es\/pacientes\/cancer-ginecologico\/enfermos-de-cancer-por-que-hay-tantos\/\" \/>\n<meta property=\"og:locale\" content=\"es_ES\" \/>\n<meta property=\"og:type\" content=\"article\" \/>\n<meta property=\"og:title\" content=\"ENFERMOS DE C\u00c1NCER: \u00bfpor qu\u00e9 hay tantos? - DRA. GIBERT\" \/>\n<meta property=\"og:description\" content=\"ENFERMOS DE C\u00c1NCER: \u00bfpor qu\u00e9 hay tantos? Autora: Dra. MJ Gibert.Fecha de la \u00faltima actualizaci\u00f3n: 8\/2\/16. Mis pacientes, sobre todo las que llegan o sobrepasan a la cincuentena me dicen: \u00abno s\u00e9 qu\u00e9 pasa, todo el mundo tiene c\u00e1ncer.\u00bb Y es cierto que ahora hay m\u00e1s gente enferma de c\u00e1ncer que hace pocas d\u00e9cadas, pero [&hellip;]\" \/>\n<meta property=\"og:url\" content=\"https:\/\/www.doctoragibert.com\/es\/pacientes\/cancer-ginecologico\/enfermos-de-cancer-por-que-hay-tantos\/\" \/>\n<meta property=\"og:site_name\" content=\"DRA. GIBERT\" \/>\n<meta property=\"article:publisher\" content=\"https:\/\/www.facebook.com\/doctoragibert\" \/>\n<meta property=\"article:modified_time\" content=\"2021-08-27T11:09:25+00:00\" \/>\n<meta property=\"og:image\" content=\"https:\/\/www.doctoragibert.com\/wp-content\/uploads\/2015\/09\/2a44dde2e6698f3d5313f625c5b46ba7.png\" \/>\n<meta name=\"twitter:label1\" content=\"Tiempo de lectura\" \/>\n\t<meta name=\"twitter:data1\" content=\"4 minutos\" \/>\n<script type=\"application\/ld+json\" class=\"yoast-schema-graph\">{\"@context\":\"https:\/\/schema.org\",\"@graph\":[{\"@type\":\"WebPage\",\"@id\":\"https:\/\/www.doctoragibert.com\/es\/pacientes\/cancer-ginecologico\/enfermos-de-cancer-por-que-hay-tantos\/\",\"url\":\"https:\/\/www.doctoragibert.com\/es\/pacientes\/cancer-ginecologico\/enfermos-de-cancer-por-que-hay-tantos\/\",\"name\":\"ENFERMOS DE C\u00c1NCER: \u00bfpor qu\u00e9 hay tantos? - DRA. GIBERT\",\"isPartOf\":{\"@id\":\"https:\/\/www.doctoragibert.com\/es\/#website\"},\"primaryImageOfPage\":{\"@id\":\"https:\/\/www.doctoragibert.com\/es\/pacientes\/cancer-ginecologico\/enfermos-de-cancer-por-que-hay-tantos\/#primaryimage\"},\"image\":{\"@id\":\"https:\/\/www.doctoragibert.com\/es\/pacientes\/cancer-ginecologico\/enfermos-de-cancer-por-que-hay-tantos\/#primaryimage\"},\"thumbnailUrl\":\"https:\/\/www.doctoragibert.com\/wp-content\/uploads\/2015\/09\/2a44dde2e6698f3d5313f625c5b46ba7.png\",\"datePublished\":\"2016-02-07T23:15:34+00:00\",\"dateModified\":\"2021-08-27T11:09:25+00:00\",\"breadcrumb\":{\"@id\":\"https:\/\/www.doctoragibert.com\/es\/pacientes\/cancer-ginecologico\/enfermos-de-cancer-por-que-hay-tantos\/#breadcrumb\"},\"inLanguage\":\"es\",\"potentialAction\":[{\"@type\":\"ReadAction\",\"target\":[\"https:\/\/www.doctoragibert.com\/es\/pacientes\/cancer-ginecologico\/enfermos-de-cancer-por-que-hay-tantos\/\"]}]},{\"@type\":\"ImageObject\",\"inLanguage\":\"es\",\"@id\":\"https:\/\/www.doctoragibert.com\/es\/pacientes\/cancer-ginecologico\/enfermos-de-cancer-por-que-hay-tantos\/#primaryimage\",\"url\":\"https:\/\/www.doctoragibert.com\/wp-content\/uploads\/2015\/09\/2a44dde2e6698f3d5313f625c5b46ba7.png\",\"contentUrl\":\"https:\/\/www.doctoragibert.com\/wp-content\/uploads\/2015\/09\/2a44dde2e6698f3d5313f625c5b46ba7.png\"},{\"@type\":\"BreadcrumbList\",\"@id\":\"https:\/\/www.doctoragibert.com\/es\/pacientes\/cancer-ginecologico\/enfermos-de-cancer-por-que-hay-tantos\/#breadcrumb\",\"itemListElement\":[{\"@type\":\"ListItem\",\"position\":1,\"name\":\"PACIENTES\",\"item\":\"https:\/\/www.doctoragibert.com\/es\/pacientes\/\"},{\"@type\":\"ListItem\",\"position\":2,\"name\":\"C\u00c1NCER GINECOL\u00d3GICO\",\"item\":\"https:\/\/www.doctoragibert.com\/es\/pacientes\/cancer-ginecologico\/\"},{\"@type\":\"ListItem\",\"position\":3,\"name\":\"ENFERMOS DE C\u00c1NCER: \u00bfpor qu\u00e9 hay tantos?\"}]},{\"@type\":\"WebSite\",\"@id\":\"https:\/\/www.doctoragibert.com\/es\/#website\",\"url\":\"https:\/\/www.doctoragibert.com\/es\/\",\"name\":\"DRA. GIBERT\",\"description\":\"Ginecologia i obstetricia\",\"potentialAction\":[{\"@type\":\"SearchAction\",\"target\":{\"@type\":\"EntryPoint\",\"urlTemplate\":\"https:\/\/www.doctoragibert.com\/es\/?s={search_term_string}\"},\"query-input\":{\"@type\":\"PropertyValueSpecification\",\"valueRequired\":true,\"valueName\":\"search_term_string\"}}],\"inLanguage\":\"es\"}]}<\/script>\n<!-- \/ Yoast SEO plugin. -->","yoast_head_json":{"title":"ENFERMOS DE C\u00c1NCER: \u00bfpor qu\u00e9 hay tantos? - DRA. GIBERT","robots":{"index":"index","follow":"follow","max-snippet":"max-snippet:-1","max-image-preview":"max-image-preview:large","max-video-preview":"max-video-preview:-1"},"canonical":"https:\/\/www.doctoragibert.com\/es\/pacientes\/cancer-ginecologico\/enfermos-de-cancer-por-que-hay-tantos\/","og_locale":"es_ES","og_type":"article","og_title":"ENFERMOS DE C\u00c1NCER: \u00bfpor qu\u00e9 hay tantos? - DRA. GIBERT","og_description":"ENFERMOS DE C\u00c1NCER: \u00bfpor qu\u00e9 hay tantos? Autora: Dra. MJ Gibert.Fecha de la \u00faltima actualizaci\u00f3n: 8\/2\/16. Mis pacientes, sobre todo las que llegan o sobrepasan a la cincuentena me dicen: \u00abno s\u00e9 qu\u00e9 pasa, todo el mundo tiene c\u00e1ncer.\u00bb Y es cierto que ahora hay m\u00e1s gente enferma de c\u00e1ncer que hace pocas d\u00e9cadas, pero [&hellip;]","og_url":"https:\/\/www.doctoragibert.com\/es\/pacientes\/cancer-ginecologico\/enfermos-de-cancer-por-que-hay-tantos\/","og_site_name":"DRA. GIBERT","article_publisher":"https:\/\/www.facebook.com\/doctoragibert","article_modified_time":"2021-08-27T11:09:25+00:00","og_image":[{"url":"https:\/\/www.doctoragibert.com\/wp-content\/uploads\/2015\/09\/2a44dde2e6698f3d5313f625c5b46ba7.png","type":"","width":"","height":""}],"twitter_misc":{"Tiempo de lectura":"4 minutos"},"schema":{"@context":"https:\/\/schema.org","@graph":[{"@type":"WebPage","@id":"https:\/\/www.doctoragibert.com\/es\/pacientes\/cancer-ginecologico\/enfermos-de-cancer-por-que-hay-tantos\/","url":"https:\/\/www.doctoragibert.com\/es\/pacientes\/cancer-ginecologico\/enfermos-de-cancer-por-que-hay-tantos\/","name":"ENFERMOS DE C\u00c1NCER: \u00bfpor qu\u00e9 hay tantos? - DRA. GIBERT","isPartOf":{"@id":"https:\/\/www.doctoragibert.com\/es\/#website"},"primaryImageOfPage":{"@id":"https:\/\/www.doctoragibert.com\/es\/pacientes\/cancer-ginecologico\/enfermos-de-cancer-por-que-hay-tantos\/#primaryimage"},"image":{"@id":"https:\/\/www.doctoragibert.com\/es\/pacientes\/cancer-ginecologico\/enfermos-de-cancer-por-que-hay-tantos\/#primaryimage"},"thumbnailUrl":"https:\/\/www.doctoragibert.com\/wp-content\/uploads\/2015\/09\/2a44dde2e6698f3d5313f625c5b46ba7.png","datePublished":"2016-02-07T23:15:34+00:00","dateModified":"2021-08-27T11:09:25+00:00","breadcrumb":{"@id":"https:\/\/www.doctoragibert.com\/es\/pacientes\/cancer-ginecologico\/enfermos-de-cancer-por-que-hay-tantos\/#breadcrumb"},"inLanguage":"es","potentialAction":[{"@type":"ReadAction","target":["https:\/\/www.doctoragibert.com\/es\/pacientes\/cancer-ginecologico\/enfermos-de-cancer-por-que-hay-tantos\/"]}]},{"@type":"ImageObject","inLanguage":"es","@id":"https:\/\/www.doctoragibert.com\/es\/pacientes\/cancer-ginecologico\/enfermos-de-cancer-por-que-hay-tantos\/#primaryimage","url":"https:\/\/www.doctoragibert.com\/wp-content\/uploads\/2015\/09\/2a44dde2e6698f3d5313f625c5b46ba7.png","contentUrl":"https:\/\/www.doctoragibert.com\/wp-content\/uploads\/2015\/09\/2a44dde2e6698f3d5313f625c5b46ba7.png"},{"@type":"BreadcrumbList","@id":"https:\/\/www.doctoragibert.com\/es\/pacientes\/cancer-ginecologico\/enfermos-de-cancer-por-que-hay-tantos\/#breadcrumb","itemListElement":[{"@type":"ListItem","position":1,"name":"PACIENTES","item":"https:\/\/www.doctoragibert.com\/es\/pacientes\/"},{"@type":"ListItem","position":2,"name":"C\u00c1NCER GINECOL\u00d3GICO","item":"https:\/\/www.doctoragibert.com\/es\/pacientes\/cancer-ginecologico\/"},{"@type":"ListItem","position":3,"name":"ENFERMOS DE C\u00c1NCER: \u00bfpor qu\u00e9 hay tantos?"}]},{"@type":"WebSite","@id":"https:\/\/www.doctoragibert.com\/es\/#website","url":"https:\/\/www.doctoragibert.com\/es\/","name":"DRA. GIBERT","description":"Ginecologia i obstetricia","potentialAction":[{"@type":"SearchAction","target":{"@type":"EntryPoint","urlTemplate":"https:\/\/www.doctoragibert.com\/es\/?s={search_term_string}"},"query-input":{"@type":"PropertyValueSpecification","valueRequired":true,"valueName":"search_term_string"}}],"inLanguage":"es"}]}},"_links":{"self":[{"href":"https:\/\/www.doctoragibert.com\/es\/wp-json\/wp\/v2\/pages\/9638","targetHints":{"allow":["GET"]}}],"collection":[{"href":"https:\/\/www.doctoragibert.com\/es\/wp-json\/wp\/v2\/pages"}],"about":[{"href":"https:\/\/www.doctoragibert.com\/es\/wp-json\/wp\/v2\/types\/page"}],"author":[{"embeddable":true,"href":"https:\/\/www.doctoragibert.com\/es\/wp-json\/wp\/v2\/users\/12"}],"replies":[{"embeddable":true,"href":"https:\/\/www.doctoragibert.com\/es\/wp-json\/wp\/v2\/comments?post=9638"}],"version-history":[{"count":5,"href":"https:\/\/www.doctoragibert.com\/es\/wp-json\/wp\/v2\/pages\/9638\/revisions"}],"predecessor-version":[{"id":16914,"href":"https:\/\/www.doctoragibert.com\/es\/wp-json\/wp\/v2\/pages\/9638\/revisions\/16914"}],"up":[{"embeddable":true,"href":"https:\/\/www.doctoragibert.com\/es\/wp-json\/wp\/v2\/pages\/15334"}],"wp:attachment":[{"href":"https:\/\/www.doctoragibert.com\/es\/wp-json\/wp\/v2\/media?parent=9638"}],"curies":[{"name":"wp","href":"https:\/\/api.w.org\/{rel}","templated":true}]}}